{"id":35481,"date":"2025-11-14T20:14:39","date_gmt":"2025-11-14T23:14:39","guid":{"rendered":"https:\/\/tienda.rigelec.com.ar\/?product=kit-de-caja-driver-para-floddligh-max-900w-floodlight-495x345x215"},"modified":"2026-05-01T03:21:49","modified_gmt":"2026-05-01T06:21:49","slug":"kit-de-caja-driver-para-floddligh-max-900w-floodlight-495x345x215","status":"publish","type":"product","link":"https:\/\/tienda.rigelec.com.ar\/?product=kit-de-caja-driver-para-floddligh-max-900w-floodlight-495x345x215","title":{"rendered":"KIT DE CAJA + DRIVER PARA FLODDLIGH MAX 900W FLOODLIGHT 495x345x215"},"content":{"rendered":"<p>KIT DE CAJA + DRIVER PARA FLODDLIGH MAX 900W<\/p>\n","protected":false},"excerpt":{"rendered":"<p>Potencia 600 W \/ 900 W \/ 1200 W<br \/>\nTensi\u00f3n de Entrada 200-277 V~<br \/>\nTensi\u00f3n de Salida 180 V<br \/>\nFactor de Potencia &gt;0.95<br \/>\n\u00cdndice de Protecci\u00f3n IP67<br \/>\nProtecci\u00f3n contra Impactos Mec\u00e1nicos IK08<br \/>\nAtenuable 0-10V<br \/>\nVida \u00datil 50 000 h (L70B50@25\u00b0C)<br \/>\nTemperatura de Operaci\u00f3n -40\u00b0C ~ 85\u00b0C<br \/>\nProtecci\u00f3n contra Sobretensiones 10kV<br \/>\nMaterial Aluminio<\/p>\n","protected":false},"featured_media":35482,"comment_status":"open","ping_status":"closed","template":"","meta":{"_monsterinsights_skip_tracking":false,"_monsterinsights_sitenote_active":false,"_monsterinsights_sitenote_note":"","_monsterinsights_sitenote_category":0},"product_brand":[],"product_cat":[193],"product_tag":[497],"class_list":{"0":"post-35481","1":"product","2":"type-product","3":"status-publish","4":"has-post-thumbnail","6":"product_cat-1-led","7":"product_tag-ledvance","9":"first","10":"outofstock","11":"shipping-taxable","12":"purchasable","13":"product-type-simple"},"yoast_head":"<!-- This site is optimized with the Yoast SEO plugin v25.3.1 - https:\/\/yoast.com\/wordpress\/plugins\/seo\/ -->\n<title>KIT DE CAJA + DRIVER PARA FLODDLIGH MAX 900W FLOODLIGHT 495x345x215 - Tienda Rigelec<\/title>\n<meta name=\"robots\" content=\"index, follow, max-snippet:-1, max-image-preview:large, max-video-preview:-1\" \/>\n<link rel=\"canonical\" href=\"https:\/\/tienda.rigelec.com.ar\/?product=kit-de-caja-driver-para-floddligh-max-900w-floodlight-495x345x215\" \/>\n<meta property=\"og:locale\" content=\"es_ES\" \/>\n<meta property=\"og:type\" content=\"article\" \/>\n<meta property=\"og:title\" content=\"KIT DE CAJA + DRIVER PARA FLODDLIGH MAX 900W FLOODLIGHT 495x345x215 - Tienda Rigelec\" \/>\n<meta property=\"og:description\" content=\"Potencia 600 W \/ 900 W \/ 1200 W Tensi\u00f3n de Entrada 200-277 V~ Tensi\u00f3n de Salida 180 V Factor de Potencia &gt;0.95 \u00cdndice de Protecci\u00f3n IP67 Protecci\u00f3n contra Impactos Mec\u00e1nicos IK08 Atenuable 0-10V Vida \u00datil 50 000 h (L70B50@25\u00b0C) Temperatura de Operaci\u00f3n -40\u00b0C ~ 85\u00b0C Protecci\u00f3n contra Sobretensiones 10kV Material Aluminio\" \/>\n<meta property=\"og:url\" content=\"https:\/\/tienda.rigelec.com.ar\/?product=kit-de-caja-driver-para-floddligh-max-900w-floodlight-495x345x215\" \/>\n<meta property=\"og:site_name\" content=\"Tienda Rigelec\" \/>\n<meta property=\"article:modified_time\" content=\"2026-05-01T06:21:49+00:00\" \/>\n<meta name=\"twitter:card\" content=\"summary_large_image\" \/>\n<script type=\"application\/ld+json\" class=\"yoast-schema-graph\">{\"@context\":\"https:\/\/schema.org\",\"@graph\":[{\"@type\":\"WebPage\",\"@id\":\"https:\/\/tienda.rigelec.com.ar\/?product=kit-de-caja-driver-para-floddligh-max-900w-floodlight-495x345x215\",\"url\":\"https:\/\/tienda.rigelec.com.ar\/?product=kit-de-caja-driver-para-floddligh-max-900w-floodlight-495x345x215\",\"name\":\"KIT DE CAJA + DRIVER PARA FLODDLIGH MAX 900W FLOODLIGHT 495x345x215 - Tienda Rigelec\",\"isPartOf\":{\"@id\":\"https:\/\/tienda.rigelec.com.ar\/#website\"},\"primaryImageOfPage\":{\"@id\":\"https:\/\/tienda.rigelec.com.ar\/?product=kit-de-caja-driver-para-floddligh-max-900w-floodlight-495x345x215#primaryimage\"},\"image\":{\"@id\":\"https:\/\/tienda.rigelec.com.ar\/?product=kit-de-caja-driver-para-floddligh-max-900w-floodlight-495x345x215#primaryimage\"},\"thumbnailUrl\":\"https:\/\/tienda.rigelec.com.ar\/wp-content\/uploads\/2025\/11\/KITDECAJADRIVERPARAFLODDLIGHMAX900W.jpg\",\"datePublished\":\"2025-11-14T23:14:39+00:00\",\"dateModified\":\"2026-05-01T06:21:49+00:00\",\"breadcrumb\":{\"@id\":\"https:\/\/tienda.rigelec.com.ar\/?product=kit-de-caja-driver-para-floddligh-max-900w-floodlight-495x345x215#breadcrumb\"},\"inLanguage\":\"es-AR\",\"potentialAction\":[{\"@type\":\"ReadAction\",\"target\":[\"https:\/\/tienda.rigelec.com.ar\/?product=kit-de-caja-driver-para-floddligh-max-900w-floodlight-495x345x215\"]}]},{\"@type\":\"ImageObject\",\"inLanguage\":\"es-AR\",\"@id\":\"https:\/\/tienda.rigelec.com.ar\/?product=kit-de-caja-driver-para-floddligh-max-900w-floodlight-495x345x215#primaryimage\",\"url\":\"https:\/\/tienda.rigelec.com.ar\/wp-content\/uploads\/2025\/11\/KITDECAJADRIVERPARAFLODDLIGHMAX900W.jpg\",\"contentUrl\":\"https:\/\/tienda.rigelec.com.ar\/wp-content\/uploads\/2025\/11\/KITDECAJADRIVERPARAFLODDLIGHMAX900W.jpg\",\"width\":900,\"height\":900},{\"@type\":\"BreadcrumbList\",\"@id\":\"https:\/\/tienda.rigelec.com.ar\/?product=kit-de-caja-driver-para-floddligh-max-900w-floodlight-495x345x215#breadcrumb\",\"itemListElement\":[{\"@type\":\"ListItem\",\"position\":1,\"name\":\"Inicio\",\"item\":\"https:\/\/tienda.rigelec.com.ar\/\"},{\"@type\":\"ListItem\",\"position\":2,\"name\":\"Shop\",\"item\":\"https:\/\/tienda.rigelec.com.ar\/?page_id=12\"},{\"@type\":\"ListItem\",\"position\":3,\"name\":\"KIT DE CAJA + DRIVER PARA FLODDLIGH MAX 900W FLOODLIGHT 495x345x215\"}]},{\"@type\":\"WebSite\",\"@id\":\"https:\/\/tienda.rigelec.com.ar\/#website\",\"url\":\"https:\/\/tienda.rigelec.com.ar\/\",\"name\":\"Tienda Rigelec\",\"description\":\"Energia en movimiento\",\"publisher\":{\"@id\":\"https:\/\/tienda.rigelec.com.ar\/#organization\"},\"potentialAction\":[{\"@type\":\"SearchAction\",\"target\":{\"@type\":\"EntryPoint\",\"urlTemplate\":\"https:\/\/tienda.rigelec.com.ar\/?s={search_term_string}\"},\"query-input\":{\"@type\":\"PropertyValueSpecification\",\"valueRequired\":true,\"valueName\":\"search_term_string\"}}],\"inLanguage\":\"es-AR\"},{\"@type\":\"Organization\",\"@id\":\"https:\/\/tienda.rigelec.com.ar\/#organization\",\"name\":\"Tienda Rigelec\",\"url\":\"https:\/\/tienda.rigelec.com.ar\/\",\"logo\":{\"@type\":\"ImageObject\",\"inLanguage\":\"es-AR\",\"@id\":\"https:\/\/tienda.rigelec.com.ar\/#\/schema\/logo\/image\/\",\"url\":\"https:\/\/tienda.rigelec.com.ar\/wp-content\/uploads\/2024\/09\/isologo-blanco-rigelec.png\",\"contentUrl\":\"https:\/\/tienda.rigelec.com.ar\/wp-content\/uploads\/2024\/09\/isologo-blanco-rigelec.png\",\"width\":94,\"height\":97,\"caption\":\"Tienda Rigelec\"},\"image\":{\"@id\":\"https:\/\/tienda.rigelec.com.ar\/#\/schema\/logo\/image\/\"}}]}<\/script>\n<!-- \/ Yoast SEO plugin. -->","yoast_head_json":{"title":"KIT DE CAJA + DRIVER PARA FLODDLIGH MAX 900W FLOODLIGHT 495x345x215 - Tienda Rigelec","robots":{"index":"index","follow":"follow","max-snippet":"max-snippet:-1","max-image-preview":"max-image-preview:large","max-video-preview":"max-video-preview:-1"},"canonical":"https:\/\/tienda.rigelec.com.ar\/?product=kit-de-caja-driver-para-floddligh-max-900w-floodlight-495x345x215","og_locale":"es_ES","og_type":"article","og_title":"KIT DE CAJA + DRIVER PARA FLODDLIGH MAX 900W FLOODLIGHT 495x345x215 - Tienda Rigelec","og_description":"Potencia 600 W \/ 900 W \/ 1200 W Tensi\u00f3n de Entrada 200-277 V~ Tensi\u00f3n de Salida 180 V Factor de Potencia &gt;0.95 \u00cdndice de Protecci\u00f3n IP67 Protecci\u00f3n contra Impactos Mec\u00e1nicos IK08 Atenuable 0-10V Vida \u00datil 50 000 h (L70B50@25\u00b0C) Temperatura de Operaci\u00f3n -40\u00b0C ~ 85\u00b0C Protecci\u00f3n contra Sobretensiones 10kV Material Aluminio","og_url":"https:\/\/tienda.rigelec.com.ar\/?product=kit-de-caja-driver-para-floddligh-max-900w-floodlight-495x345x215","og_site_name":"Tienda Rigelec","article_modified_time":"2026-05-01T06:21:49+00:00","twitter_card":"summary_large_image","schema":{"@context":"https:\/\/schema.org","@graph":[{"@type":"WebPage","@id":"https:\/\/tienda.rigelec.com.ar\/?product=kit-de-caja-driver-para-floddligh-max-900w-floodlight-495x345x215","url":"https:\/\/tienda.rigelec.com.ar\/?product=kit-de-caja-driver-para-floddligh-max-900w-floodlight-495x345x215","name":"KIT DE CAJA + DRIVER PARA FLODDLIGH MAX 900W FLOODLIGHT 495x345x215 - Tienda Rigelec","isPartOf":{"@id":"https:\/\/tienda.rigelec.com.ar\/#website"},"primaryImageOfPage":{"@id":"https:\/\/tienda.rigelec.com.ar\/?product=kit-de-caja-driver-para-floddligh-max-900w-floodlight-495x345x215#primaryimage"},"image":{"@id":"https:\/\/tienda.rigelec.com.ar\/?product=kit-de-caja-driver-para-floddligh-max-900w-floodlight-495x345x215#primaryimage"},"thumbnailUrl":"https:\/\/tienda.rigelec.com.ar\/wp-content\/uploads\/2025\/11\/KITDECAJADRIVERPARAFLODDLIGHMAX900W.jpg","datePublished":"2025-11-14T23:14:39+00:00","dateModified":"2026-05-01T06:21:49+00:00","breadcrumb":{"@id":"https:\/\/tienda.rigelec.com.ar\/?product=kit-de-caja-driver-para-floddligh-max-900w-floodlight-495x345x215#breadcrumb"},"inLanguage":"es-AR","potentialAction":[{"@type":"ReadAction","target":["https:\/\/tienda.rigelec.com.ar\/?product=kit-de-caja-driver-para-floddligh-max-900w-floodlight-495x345x215"]}]},{"@type":"ImageObject","inLanguage":"es-AR","@id":"https:\/\/tienda.rigelec.com.ar\/?product=kit-de-caja-driver-para-floddligh-max-900w-floodlight-495x345x215#primaryimage","url":"https:\/\/tienda.rigelec.com.ar\/wp-content\/uploads\/2025\/11\/KITDECAJADRIVERPARAFLODDLIGHMAX900W.jpg","contentUrl":"https:\/\/tienda.rigelec.com.ar\/wp-content\/uploads\/2025\/11\/KITDECAJADRIVERPARAFLODDLIGHMAX900W.jpg","width":900,"height":900},{"@type":"BreadcrumbList","@id":"https:\/\/tienda.rigelec.com.ar\/?product=kit-de-caja-driver-para-floddligh-max-900w-floodlight-495x345x215#breadcrumb","itemListElement":[{"@type":"ListItem","position":1,"name":"Inicio","item":"https:\/\/tienda.rigelec.com.ar\/"},{"@type":"ListItem","position":2,"name":"Shop","item":"https:\/\/tienda.rigelec.com.ar\/?page_id=12"},{"@type":"ListItem","position":3,"name":"KIT DE CAJA + DRIVER PARA FLODDLIGH MAX 900W FLOODLIGHT 495x345x215"}]},{"@type":"WebSite","@id":"https:\/\/tienda.rigelec.com.ar\/#website","url":"https:\/\/tienda.rigelec.com.ar\/","name":"Tienda Rigelec","description":"Energia en movimiento","publisher":{"@id":"https:\/\/tienda.rigelec.com.ar\/#organization"},"potentialAction":[{"@type":"SearchAction","target":{"@type":"EntryPoint","urlTemplate":"https:\/\/tienda.rigelec.com.ar\/?s={search_term_string}"},"query-input":{"@type":"PropertyValueSpecification","valueRequired":true,"valueName":"search_term_string"}}],"inLanguage":"es-AR"},{"@type":"Organization","@id":"https:\/\/tienda.rigelec.com.ar\/#organization","name":"Tienda Rigelec","url":"https:\/\/tienda.rigelec.com.ar\/","logo":{"@type":"ImageObject","inLanguage":"es-AR","@id":"https:\/\/tienda.rigelec.com.ar\/#\/schema\/logo\/image\/","url":"https:\/\/tienda.rigelec.com.ar\/wp-content\/uploads\/2024\/09\/isologo-blanco-rigelec.png","contentUrl":"https:\/\/tienda.rigelec.com.ar\/wp-content\/uploads\/2024\/09\/isologo-blanco-rigelec.png","width":94,"height":97,"caption":"Tienda Rigelec"},"image":{"@id":"https:\/\/tienda.rigelec.com.ar\/#\/schema\/logo\/image\/"}}]}},"jetpack_sharing_enabled":true,"_links":{"self":[{"href":"https:\/\/tienda.rigelec.com.ar\/index.php?rest_route=\/wp\/v2\/product\/35481","targetHints":{"allow":["GET"]}}],"collection":[{"href":"https:\/\/tienda.rigelec.com.ar\/index.php?rest_route=\/wp\/v2\/product"}],"about":[{"href":"https:\/\/tienda.rigelec.com.ar\/index.php?rest_route=\/wp\/v2\/types\/product"}],"replies":[{"embeddable":true,"href":"https:\/\/tienda.rigelec.com.ar\/index.php?rest_route=%2Fwp%2Fv2%2Fcomments&post=35481"}],"wp:featuredmedia":[{"embeddable":true,"href":"https:\/\/tienda.rigelec.com.ar\/index.php?rest_route=\/wp\/v2\/media\/35482"}],"wp:attachment":[{"href":"https:\/\/tienda.rigelec.com.ar\/index.php?rest_route=%2Fwp%2Fv2%2Fmedia&parent=35481"}],"wp:term":[{"taxonomy":"product_brand","embeddable":true,"href":"https:\/\/tienda.rigelec.com.ar\/index.php?rest_route=%2Fwp%2Fv2%2Fproduct_brand&post=35481"},{"taxonomy":"product_cat","embeddable":true,"href":"https:\/\/tienda.rigelec.com.ar\/index.php?rest_route=%2Fwp%2Fv2%2Fproduct_cat&post=35481"},{"taxonomy":"product_tag","embeddable":true,"href":"https:\/\/tienda.rigelec.com.ar\/index.php?rest_route=%2Fwp%2Fv2%2Fproduct_tag&post=35481"}],"curies":[{"name":"wp","href":"https:\/\/api.w.org\/{rel}","templated":true}]}}