{"id":35521,"date":"2025-11-17T22:28:18","date_gmt":"2025-11-18T01:28:18","guid":{"rendered":"https:\/\/tienda.rigelec.com.ar\/?product=variador-de-frecuencia-para-motor-atv310hu15n4e-1-5kw-3x380-vca"},"modified":"2026-05-02T06:32:17","modified_gmt":"2026-05-02T09:32:17","slug":"variador-de-frecuencia-para-motor-atv310hu15n4e-1-5kw-3x380-vca","status":"publish","type":"product","link":"https:\/\/tienda.rigelec.com.ar\/?product=variador-de-frecuencia-para-motor-atv310hu15n4e-1-5kw-3x380-vca","title":{"rendered":"VARIADOR DE FRECUENCIA PARA MOTOR ATV310HU15N4E 1.5KW- 3X380 VCA"},"content":{"rendered":"<p>VARIADOR DE FRECUENCIA PARA MOTOR<\/p>\n","protected":false},"excerpt":{"rendered":"<p>Este variador Easy Altivar 31 es un inversor de frecuencia para motores as\u00edncronos trif\u00e1sicos. Su \u00edndice de protecci\u00f3n es IP2. Funciona con una potencia nominal de hasta 1,5 kW\/2 HP, y una tensi\u00f3n nominal de 38 V a 46 V CA. Su tama\u00f1o compacto, dise\u00f1o robusto y facilidad de instalaci\u00f3n, basado en el principio de plug and play y sus funciones integradas, lo hacen mas que adecuado para aplicaciones con m\u00e1quinas industriales y determinadas m\u00e1quinas de consumo. Ofrece una gran legibilidad de los par\u00e1metros clave gracias a la pantalla LED de 4 d\u00edgitos. La detecci\u00f3n de subcarga y sobrecarga ayuda a proteger la instalaci\u00f3n. Pesa 1,1 kg y sus dimensiones son: 15 mm de ancho, 143 mm de alto, 151 mm de profundidad. Este variador incorpora funciones adecuadas para las aplicaciones m\u00e1s comunes, como m\u00e1quinas textiles, m\u00e1quinas herramienta, m\u00e1quinas madereras, m\u00e1quinas de manipulaci\u00f3n de materiales, m\u00e1quinas de envasado e impresi\u00f3n, m\u00e1quinas de cer\u00e1mica.<\/p>\n","protected":false},"featured_media":35522,"comment_status":"open","ping_status":"closed","template":"","meta":{"_monsterinsights_skip_tracking":false,"_monsterinsights_sitenote_active":false,"_monsterinsights_sitenote_note":"","_monsterinsights_sitenote_category":0},"product_brand":[],"product_cat":[321],"product_tag":[450],"class_list":{"0":"post-35521","1":"product","2":"type-product","3":"status-publish","4":"has-post-thumbnail","6":"product_cat-e-motores","7":"product_tag-schneider","9":"first","10":"instock","11":"shipping-taxable","12":"purchasable","13":"product-type-simple"},"yoast_head":"<!-- This site is optimized with the Yoast SEO plugin v25.3.1 - https:\/\/yoast.com\/wordpress\/plugins\/seo\/ -->\n<title>VARIADOR DE FRECUENCIA PARA MOTOR ATV310HU15N4E 1.5KW- 3X380 VCA - Tienda Rigelec<\/title>\n<meta name=\"robots\" content=\"index, follow, max-snippet:-1, max-image-preview:large, max-video-preview:-1\" \/>\n<link rel=\"canonical\" href=\"https:\/\/tienda.rigelec.com.ar\/?product=variador-de-frecuencia-para-motor-atv310hu15n4e-1-5kw-3x380-vca\" \/>\n<meta property=\"og:locale\" content=\"es_ES\" \/>\n<meta property=\"og:type\" content=\"article\" \/>\n<meta property=\"og:title\" content=\"VARIADOR DE FRECUENCIA PARA MOTOR ATV310HU15N4E 1.5KW- 3X380 VCA - Tienda Rigelec\" \/>\n<meta property=\"og:description\" content=\"Este variador Easy Altivar 31 es un inversor de frecuencia para motores as\u00edncronos trif\u00e1sicos. Su \u00edndice de protecci\u00f3n es IP2. Funciona con una potencia nominal de hasta 1,5 kW\/2 HP, y una tensi\u00f3n nominal de 38 V a 46 V CA. Su tama\u00f1o compacto, dise\u00f1o robusto y facilidad de instalaci\u00f3n, basado en el principio de plug and play y sus funciones integradas, lo hacen mas que adecuado para aplicaciones con m\u00e1quinas industriales y determinadas m\u00e1quinas de consumo. Ofrece una gran legibilidad de los par\u00e1metros clave gracias a la pantalla LED de 4 d\u00edgitos. La detecci\u00f3n de subcarga y sobrecarga ayuda a proteger la instalaci\u00f3n. Pesa 1,1 kg y sus dimensiones son: 15 mm de ancho, 143 mm de alto, 151 mm de profundidad. Este variador incorpora funciones adecuadas para las aplicaciones m\u00e1s comunes, como m\u00e1quinas textiles, m\u00e1quinas herramienta, m\u00e1quinas madereras, m\u00e1quinas de manipulaci\u00f3n de materiales, m\u00e1quinas de envasado e impresi\u00f3n, m\u00e1quinas de cer\u00e1mica.\" \/>\n<meta property=\"og:url\" content=\"https:\/\/tienda.rigelec.com.ar\/?product=variador-de-frecuencia-para-motor-atv310hu15n4e-1-5kw-3x380-vca\" \/>\n<meta property=\"og:site_name\" content=\"Tienda Rigelec\" \/>\n<meta property=\"article:modified_time\" content=\"2026-05-02T09:32:17+00:00\" \/>\n<meta name=\"twitter:card\" content=\"summary_large_image\" \/>\n<script type=\"application\/ld+json\" class=\"yoast-schema-graph\">{\"@context\":\"https:\/\/schema.org\",\"@graph\":[{\"@type\":\"WebPage\",\"@id\":\"https:\/\/tienda.rigelec.com.ar\/?product=variador-de-frecuencia-para-motor-atv310hu15n4e-1-5kw-3x380-vca\",\"url\":\"https:\/\/tienda.rigelec.com.ar\/?product=variador-de-frecuencia-para-motor-atv310hu15n4e-1-5kw-3x380-vca\",\"name\":\"VARIADOR DE FRECUENCIA PARA MOTOR ATV310HU15N4E 1.5KW- 3X380 VCA - Tienda Rigelec\",\"isPartOf\":{\"@id\":\"https:\/\/tienda.rigelec.com.ar\/#website\"},\"primaryImageOfPage\":{\"@id\":\"https:\/\/tienda.rigelec.com.ar\/?product=variador-de-frecuencia-para-motor-atv310hu15n4e-1-5kw-3x380-vca#primaryimage\"},\"image\":{\"@id\":\"https:\/\/tienda.rigelec.com.ar\/?product=variador-de-frecuencia-para-motor-atv310hu15n4e-1-5kw-3x380-vca#primaryimage\"},\"thumbnailUrl\":\"https:\/\/tienda.rigelec.com.ar\/wp-content\/uploads\/2025\/11\/VARIADORDEFRECUENCIAPARAMOTOR.jpg\",\"datePublished\":\"2025-11-18T01:28:18+00:00\",\"dateModified\":\"2026-05-02T09:32:17+00:00\",\"breadcrumb\":{\"@id\":\"https:\/\/tienda.rigelec.com.ar\/?product=variador-de-frecuencia-para-motor-atv310hu15n4e-1-5kw-3x380-vca#breadcrumb\"},\"inLanguage\":\"es-AR\",\"potentialAction\":[{\"@type\":\"ReadAction\",\"target\":[\"https:\/\/tienda.rigelec.com.ar\/?product=variador-de-frecuencia-para-motor-atv310hu15n4e-1-5kw-3x380-vca\"]}]},{\"@type\":\"ImageObject\",\"inLanguage\":\"es-AR\",\"@id\":\"https:\/\/tienda.rigelec.com.ar\/?product=variador-de-frecuencia-para-motor-atv310hu15n4e-1-5kw-3x380-vca#primaryimage\",\"url\":\"https:\/\/tienda.rigelec.com.ar\/wp-content\/uploads\/2025\/11\/VARIADORDEFRECUENCIAPARAMOTOR.jpg\",\"contentUrl\":\"https:\/\/tienda.rigelec.com.ar\/wp-content\/uploads\/2025\/11\/VARIADORDEFRECUENCIAPARAMOTOR.jpg\",\"width\":1500,\"height\":1500},{\"@type\":\"BreadcrumbList\",\"@id\":\"https:\/\/tienda.rigelec.com.ar\/?product=variador-de-frecuencia-para-motor-atv310hu15n4e-1-5kw-3x380-vca#breadcrumb\",\"itemListElement\":[{\"@type\":\"ListItem\",\"position\":1,\"name\":\"Inicio\",\"item\":\"https:\/\/tienda.rigelec.com.ar\/\"},{\"@type\":\"ListItem\",\"position\":2,\"name\":\"Shop\",\"item\":\"https:\/\/tienda.rigelec.com.ar\/?page_id=12\"},{\"@type\":\"ListItem\",\"position\":3,\"name\":\"VARIADOR DE FRECUENCIA PARA MOTOR ATV310HU15N4E 1.5KW- 3X380 VCA\"}]},{\"@type\":\"WebSite\",\"@id\":\"https:\/\/tienda.rigelec.com.ar\/#website\",\"url\":\"https:\/\/tienda.rigelec.com.ar\/\",\"name\":\"Tienda Rigelec\",\"description\":\"Energia en movimiento\",\"publisher\":{\"@id\":\"https:\/\/tienda.rigelec.com.ar\/#organization\"},\"potentialAction\":[{\"@type\":\"SearchAction\",\"target\":{\"@type\":\"EntryPoint\",\"urlTemplate\":\"https:\/\/tienda.rigelec.com.ar\/?s={search_term_string}\"},\"query-input\":{\"@type\":\"PropertyValueSpecification\",\"valueRequired\":true,\"valueName\":\"search_term_string\"}}],\"inLanguage\":\"es-AR\"},{\"@type\":\"Organization\",\"@id\":\"https:\/\/tienda.rigelec.com.ar\/#organization\",\"name\":\"Tienda Rigelec\",\"url\":\"https:\/\/tienda.rigelec.com.ar\/\",\"logo\":{\"@type\":\"ImageObject\",\"inLanguage\":\"es-AR\",\"@id\":\"https:\/\/tienda.rigelec.com.ar\/#\/schema\/logo\/image\/\",\"url\":\"https:\/\/tienda.rigelec.com.ar\/wp-content\/uploads\/2024\/09\/isologo-blanco-rigelec.png\",\"contentUrl\":\"https:\/\/tienda.rigelec.com.ar\/wp-content\/uploads\/2024\/09\/isologo-blanco-rigelec.png\",\"width\":94,\"height\":97,\"caption\":\"Tienda Rigelec\"},\"image\":{\"@id\":\"https:\/\/tienda.rigelec.com.ar\/#\/schema\/logo\/image\/\"}}]}<\/script>\n<!-- \/ Yoast SEO plugin. -->","yoast_head_json":{"title":"VARIADOR DE FRECUENCIA PARA MOTOR ATV310HU15N4E 1.5KW- 3X380 VCA - Tienda Rigelec","robots":{"index":"index","follow":"follow","max-snippet":"max-snippet:-1","max-image-preview":"max-image-preview:large","max-video-preview":"max-video-preview:-1"},"canonical":"https:\/\/tienda.rigelec.com.ar\/?product=variador-de-frecuencia-para-motor-atv310hu15n4e-1-5kw-3x380-vca","og_locale":"es_ES","og_type":"article","og_title":"VARIADOR DE FRECUENCIA PARA MOTOR ATV310HU15N4E 1.5KW- 3X380 VCA - Tienda Rigelec","og_description":"Este variador Easy Altivar 31 es un inversor de frecuencia para motores as\u00edncronos trif\u00e1sicos. Su \u00edndice de protecci\u00f3n es IP2. Funciona con una potencia nominal de hasta 1,5 kW\/2 HP, y una tensi\u00f3n nominal de 38 V a 46 V CA. Su tama\u00f1o compacto, dise\u00f1o robusto y facilidad de instalaci\u00f3n, basado en el principio de plug and play y sus funciones integradas, lo hacen mas que adecuado para aplicaciones con m\u00e1quinas industriales y determinadas m\u00e1quinas de consumo. Ofrece una gran legibilidad de los par\u00e1metros clave gracias a la pantalla LED de 4 d\u00edgitos. La detecci\u00f3n de subcarga y sobrecarga ayuda a proteger la instalaci\u00f3n. Pesa 1,1 kg y sus dimensiones son: 15 mm de ancho, 143 mm de alto, 151 mm de profundidad. Este variador incorpora funciones adecuadas para las aplicaciones m\u00e1s comunes, como m\u00e1quinas textiles, m\u00e1quinas herramienta, m\u00e1quinas madereras, m\u00e1quinas de manipulaci\u00f3n de materiales, m\u00e1quinas de envasado e impresi\u00f3n, m\u00e1quinas de cer\u00e1mica.","og_url":"https:\/\/tienda.rigelec.com.ar\/?product=variador-de-frecuencia-para-motor-atv310hu15n4e-1-5kw-3x380-vca","og_site_name":"Tienda Rigelec","article_modified_time":"2026-05-02T09:32:17+00:00","twitter_card":"summary_large_image","schema":{"@context":"https:\/\/schema.org","@graph":[{"@type":"WebPage","@id":"https:\/\/tienda.rigelec.com.ar\/?product=variador-de-frecuencia-para-motor-atv310hu15n4e-1-5kw-3x380-vca","url":"https:\/\/tienda.rigelec.com.ar\/?product=variador-de-frecuencia-para-motor-atv310hu15n4e-1-5kw-3x380-vca","name":"VARIADOR DE FRECUENCIA PARA MOTOR ATV310HU15N4E 1.5KW- 3X380 VCA - Tienda Rigelec","isPartOf":{"@id":"https:\/\/tienda.rigelec.com.ar\/#website"},"primaryImageOfPage":{"@id":"https:\/\/tienda.rigelec.com.ar\/?product=variador-de-frecuencia-para-motor-atv310hu15n4e-1-5kw-3x380-vca#primaryimage"},"image":{"@id":"https:\/\/tienda.rigelec.com.ar\/?product=variador-de-frecuencia-para-motor-atv310hu15n4e-1-5kw-3x380-vca#primaryimage"},"thumbnailUrl":"https:\/\/tienda.rigelec.com.ar\/wp-content\/uploads\/2025\/11\/VARIADORDEFRECUENCIAPARAMOTOR.jpg","datePublished":"2025-11-18T01:28:18+00:00","dateModified":"2026-05-02T09:32:17+00:00","breadcrumb":{"@id":"https:\/\/tienda.rigelec.com.ar\/?product=variador-de-frecuencia-para-motor-atv310hu15n4e-1-5kw-3x380-vca#breadcrumb"},"inLanguage":"es-AR","potentialAction":[{"@type":"ReadAction","target":["https:\/\/tienda.rigelec.com.ar\/?product=variador-de-frecuencia-para-motor-atv310hu15n4e-1-5kw-3x380-vca"]}]},{"@type":"ImageObject","inLanguage":"es-AR","@id":"https:\/\/tienda.rigelec.com.ar\/?product=variador-de-frecuencia-para-motor-atv310hu15n4e-1-5kw-3x380-vca#primaryimage","url":"https:\/\/tienda.rigelec.com.ar\/wp-content\/uploads\/2025\/11\/VARIADORDEFRECUENCIAPARAMOTOR.jpg","contentUrl":"https:\/\/tienda.rigelec.com.ar\/wp-content\/uploads\/2025\/11\/VARIADORDEFRECUENCIAPARAMOTOR.jpg","width":1500,"height":1500},{"@type":"BreadcrumbList","@id":"https:\/\/tienda.rigelec.com.ar\/?product=variador-de-frecuencia-para-motor-atv310hu15n4e-1-5kw-3x380-vca#breadcrumb","itemListElement":[{"@type":"ListItem","position":1,"name":"Inicio","item":"https:\/\/tienda.rigelec.com.ar\/"},{"@type":"ListItem","position":2,"name":"Shop","item":"https:\/\/tienda.rigelec.com.ar\/?page_id=12"},{"@type":"ListItem","position":3,"name":"VARIADOR DE FRECUENCIA PARA MOTOR ATV310HU15N4E 1.5KW- 3X380 VCA"}]},{"@type":"WebSite","@id":"https:\/\/tienda.rigelec.com.ar\/#website","url":"https:\/\/tienda.rigelec.com.ar\/","name":"Tienda Rigelec","description":"Energia en movimiento","publisher":{"@id":"https:\/\/tienda.rigelec.com.ar\/#organization"},"potentialAction":[{"@type":"SearchAction","target":{"@type":"EntryPoint","urlTemplate":"https:\/\/tienda.rigelec.com.ar\/?s={search_term_string}"},"query-input":{"@type":"PropertyValueSpecification","valueRequired":true,"valueName":"search_term_string"}}],"inLanguage":"es-AR"},{"@type":"Organization","@id":"https:\/\/tienda.rigelec.com.ar\/#organization","name":"Tienda Rigelec","url":"https:\/\/tienda.rigelec.com.ar\/","logo":{"@type":"ImageObject","inLanguage":"es-AR","@id":"https:\/\/tienda.rigelec.com.ar\/#\/schema\/logo\/image\/","url":"https:\/\/tienda.rigelec.com.ar\/wp-content\/uploads\/2024\/09\/isologo-blanco-rigelec.png","contentUrl":"https:\/\/tienda.rigelec.com.ar\/wp-content\/uploads\/2024\/09\/isologo-blanco-rigelec.png","width":94,"height":97,"caption":"Tienda Rigelec"},"image":{"@id":"https:\/\/tienda.rigelec.com.ar\/#\/schema\/logo\/image\/"}}]}},"jetpack_sharing_enabled":true,"_links":{"self":[{"href":"https:\/\/tienda.rigelec.com.ar\/index.php?rest_route=\/wp\/v2\/product\/35521","targetHints":{"allow":["GET"]}}],"collection":[{"href":"https:\/\/tienda.rigelec.com.ar\/index.php?rest_route=\/wp\/v2\/product"}],"about":[{"href":"https:\/\/tienda.rigelec.com.ar\/index.php?rest_route=\/wp\/v2\/types\/product"}],"replies":[{"embeddable":true,"href":"https:\/\/tienda.rigelec.com.ar\/index.php?rest_route=%2Fwp%2Fv2%2Fcomments&post=35521"}],"wp:featuredmedia":[{"embeddable":true,"href":"https:\/\/tienda.rigelec.com.ar\/index.php?rest_route=\/wp\/v2\/media\/35522"}],"wp:attachment":[{"href":"https:\/\/tienda.rigelec.com.ar\/index.php?rest_route=%2Fwp%2Fv2%2Fmedia&parent=35521"}],"wp:term":[{"taxonomy":"product_brand","embeddable":true,"href":"https:\/\/tienda.rigelec.com.ar\/index.php?rest_route=%2Fwp%2Fv2%2Fproduct_brand&post=35521"},{"taxonomy":"product_cat","embeddable":true,"href":"https:\/\/tienda.rigelec.com.ar\/index.php?rest_route=%2Fwp%2Fv2%2Fproduct_cat&post=35521"},{"taxonomy":"product_tag","embeddable":true,"href":"https:\/\/tienda.rigelec.com.ar\/index.php?rest_route=%2Fwp%2Fv2%2Fproduct_tag&post=35521"}],"curies":[{"name":"wp","href":"https:\/\/api.w.org\/{rel}","templated":true}]}}