{"id":35754,"date":"2025-11-27T19:08:48","date_gmt":"2025-11-27T22:08:48","guid":{"rendered":"https:\/\/tienda.rigelec.com.ar\/?product=contactor-37kw-nxc-50-220v-ip00-120a-bobina-220v-2na2nc"},"modified":"2026-05-01T03:33:09","modified_gmt":"2026-05-01T06:33:09","slug":"contactor-37kw-nxc-50-220v-ip00-120a-bobina-220v-2na2nc","status":"publish","type":"product","link":"https:\/\/tienda.rigelec.com.ar\/?product=contactor-37kw-nxc-50-220v-ip00-120a-bobina-220v-2na2nc","title":{"rendered":"CONTACTOR 37KW NXC-50 220V &#8211; IP00 120A &#8211; BOBINA 220V &#8211; 2NA+2NC"},"content":{"rendered":"<p>CONTACTOR 37KW<\/p>\n","protected":false},"excerpt":{"rendered":"<p>Los nuevos contactores NCX AC ofrecen un aspecto novedoso y una estructura compacta. Se emplean fundamentalmente para el arranque y control de los motores de CA, as\u00ed como para el corte\/conexi\u00f3n a distancia del circuito. Tambi\u00e9n pueden combinarse con los rel\u00e9s t\u00e9rmicos de sobrecarga adecuados para crear arrancadores electromagn\u00e9ticos. <\/p>\n<p>3X380VCA<br \/>\nPolos: 3<br \/>\nIntensidad Nominal In (A): 120<br \/>\nNorma: IEC 60947-4-1 \/ IEC 60947- 1<br \/>\nContactos Auxiliares\t: 1NA+1NC<br \/>\nPotencia (kW) @ 400VCA: 4<br \/>\nTensi\u00f3n de Bobina (VCA): 380<br \/>\nRango de Tensi\u00f3n de la Bobina: (70%~120%)<\/p>\n","protected":false},"featured_media":35755,"comment_status":"open","ping_status":"closed","template":"","meta":{"_monsterinsights_skip_tracking":false,"_monsterinsights_sitenote_active":false,"_monsterinsights_sitenote_note":"","_monsterinsights_sitenote_category":0},"product_brand":[],"product_cat":[332],"product_tag":[430],"class_list":{"0":"post-35754","1":"product","2":"type-product","3":"status-publish","4":"has-post-thumbnail","6":"product_cat-a-contactores","7":"product_tag-chint","9":"first","10":"instock","11":"shipping-taxable","12":"purchasable","13":"product-type-simple"},"yoast_head":"<!-- This site is optimized with the Yoast SEO plugin v25.3.1 - https:\/\/yoast.com\/wordpress\/plugins\/seo\/ -->\n<title>CONTACTOR 37KW NXC-50 220V - IP00 120A - BOBINA 220V - 2NA+2NC - Tienda Rigelec<\/title>\n<meta name=\"robots\" content=\"index, follow, max-snippet:-1, max-image-preview:large, max-video-preview:-1\" \/>\n<link rel=\"canonical\" href=\"https:\/\/tienda.rigelec.com.ar\/?product=contactor-37kw-nxc-50-220v-ip00-120a-bobina-220v-2na2nc\" \/>\n<meta property=\"og:locale\" content=\"es_ES\" \/>\n<meta property=\"og:type\" content=\"article\" \/>\n<meta property=\"og:title\" content=\"CONTACTOR 37KW NXC-50 220V - IP00 120A - BOBINA 220V - 2NA+2NC - Tienda Rigelec\" \/>\n<meta property=\"og:description\" content=\"Los nuevos contactores NCX AC ofrecen un aspecto novedoso y una estructura compacta. Se emplean fundamentalmente para el arranque y control de los motores de CA, as\u00ed como para el corte\/conexi\u00f3n a distancia del circuito. Tambi\u00e9n pueden combinarse con los rel\u00e9s t\u00e9rmicos de sobrecarga adecuados para crear arrancadores electromagn\u00e9ticos.   3X380VCA Polos: 3 Intensidad Nominal In (A): 120 Norma: IEC 60947-4-1 \/ IEC 60947- 1 Contactos Auxiliares : 1NA+1NC Potencia (kW) @ 400VCA: 4 Tensi\u00f3n de Bobina (VCA): 380 Rango de Tensi\u00f3n de la Bobina: (70%~120%)\" \/>\n<meta property=\"og:url\" content=\"https:\/\/tienda.rigelec.com.ar\/?product=contactor-37kw-nxc-50-220v-ip00-120a-bobina-220v-2na2nc\" \/>\n<meta property=\"og:site_name\" content=\"Tienda Rigelec\" \/>\n<meta property=\"article:modified_time\" content=\"2026-05-01T06:33:09+00:00\" \/>\n<meta name=\"twitter:card\" content=\"summary_large_image\" \/>\n<script type=\"application\/ld+json\" class=\"yoast-schema-graph\">{\"@context\":\"https:\/\/schema.org\",\"@graph\":[{\"@type\":\"WebPage\",\"@id\":\"https:\/\/tienda.rigelec.com.ar\/?product=contactor-37kw-nxc-50-220v-ip00-120a-bobina-220v-2na2nc\",\"url\":\"https:\/\/tienda.rigelec.com.ar\/?product=contactor-37kw-nxc-50-220v-ip00-120a-bobina-220v-2na2nc\",\"name\":\"CONTACTOR 37KW NXC-50 220V - IP00 120A - BOBINA 220V - 2NA+2NC - Tienda Rigelec\",\"isPartOf\":{\"@id\":\"https:\/\/tienda.rigelec.com.ar\/#website\"},\"primaryImageOfPage\":{\"@id\":\"https:\/\/tienda.rigelec.com.ar\/?product=contactor-37kw-nxc-50-220v-ip00-120a-bobina-220v-2na2nc#primaryimage\"},\"image\":{\"@id\":\"https:\/\/tienda.rigelec.com.ar\/?product=contactor-37kw-nxc-50-220v-ip00-120a-bobina-220v-2na2nc#primaryimage\"},\"thumbnailUrl\":\"https:\/\/tienda.rigelec.com.ar\/wp-content\/uploads\/2025\/11\/CONTACTOR37KW.jpg\",\"datePublished\":\"2025-11-27T22:08:48+00:00\",\"dateModified\":\"2026-05-01T06:33:09+00:00\",\"breadcrumb\":{\"@id\":\"https:\/\/tienda.rigelec.com.ar\/?product=contactor-37kw-nxc-50-220v-ip00-120a-bobina-220v-2na2nc#breadcrumb\"},\"inLanguage\":\"es-AR\",\"potentialAction\":[{\"@type\":\"ReadAction\",\"target\":[\"https:\/\/tienda.rigelec.com.ar\/?product=contactor-37kw-nxc-50-220v-ip00-120a-bobina-220v-2na2nc\"]}]},{\"@type\":\"ImageObject\",\"inLanguage\":\"es-AR\",\"@id\":\"https:\/\/tienda.rigelec.com.ar\/?product=contactor-37kw-nxc-50-220v-ip00-120a-bobina-220v-2na2nc#primaryimage\",\"url\":\"https:\/\/tienda.rigelec.com.ar\/wp-content\/uploads\/2025\/11\/CONTACTOR37KW.jpg\",\"contentUrl\":\"https:\/\/tienda.rigelec.com.ar\/wp-content\/uploads\/2025\/11\/CONTACTOR37KW.jpg\",\"width\":1080,\"height\":1080},{\"@type\":\"BreadcrumbList\",\"@id\":\"https:\/\/tienda.rigelec.com.ar\/?product=contactor-37kw-nxc-50-220v-ip00-120a-bobina-220v-2na2nc#breadcrumb\",\"itemListElement\":[{\"@type\":\"ListItem\",\"position\":1,\"name\":\"Inicio\",\"item\":\"https:\/\/tienda.rigelec.com.ar\/\"},{\"@type\":\"ListItem\",\"position\":2,\"name\":\"Shop\",\"item\":\"https:\/\/tienda.rigelec.com.ar\/?page_id=12\"},{\"@type\":\"ListItem\",\"position\":3,\"name\":\"CONTACTOR 37KW NXC-50 220V &#8211; IP00 120A &#8211; BOBINA 220V &#8211; 2NA+2NC\"}]},{\"@type\":\"WebSite\",\"@id\":\"https:\/\/tienda.rigelec.com.ar\/#website\",\"url\":\"https:\/\/tienda.rigelec.com.ar\/\",\"name\":\"Tienda Rigelec\",\"description\":\"Energia en movimiento\",\"publisher\":{\"@id\":\"https:\/\/tienda.rigelec.com.ar\/#organization\"},\"potentialAction\":[{\"@type\":\"SearchAction\",\"target\":{\"@type\":\"EntryPoint\",\"urlTemplate\":\"https:\/\/tienda.rigelec.com.ar\/?s={search_term_string}\"},\"query-input\":{\"@type\":\"PropertyValueSpecification\",\"valueRequired\":true,\"valueName\":\"search_term_string\"}}],\"inLanguage\":\"es-AR\"},{\"@type\":\"Organization\",\"@id\":\"https:\/\/tienda.rigelec.com.ar\/#organization\",\"name\":\"Tienda Rigelec\",\"url\":\"https:\/\/tienda.rigelec.com.ar\/\",\"logo\":{\"@type\":\"ImageObject\",\"inLanguage\":\"es-AR\",\"@id\":\"https:\/\/tienda.rigelec.com.ar\/#\/schema\/logo\/image\/\",\"url\":\"https:\/\/tienda.rigelec.com.ar\/wp-content\/uploads\/2024\/09\/isologo-blanco-rigelec.png\",\"contentUrl\":\"https:\/\/tienda.rigelec.com.ar\/wp-content\/uploads\/2024\/09\/isologo-blanco-rigelec.png\",\"width\":94,\"height\":97,\"caption\":\"Tienda Rigelec\"},\"image\":{\"@id\":\"https:\/\/tienda.rigelec.com.ar\/#\/schema\/logo\/image\/\"}}]}<\/script>\n<!-- \/ Yoast SEO plugin. -->","yoast_head_json":{"title":"CONTACTOR 37KW NXC-50 220V - IP00 120A - BOBINA 220V - 2NA+2NC - Tienda Rigelec","robots":{"index":"index","follow":"follow","max-snippet":"max-snippet:-1","max-image-preview":"max-image-preview:large","max-video-preview":"max-video-preview:-1"},"canonical":"https:\/\/tienda.rigelec.com.ar\/?product=contactor-37kw-nxc-50-220v-ip00-120a-bobina-220v-2na2nc","og_locale":"es_ES","og_type":"article","og_title":"CONTACTOR 37KW NXC-50 220V - IP00 120A - BOBINA 220V - 2NA+2NC - Tienda Rigelec","og_description":"Los nuevos contactores NCX AC ofrecen un aspecto novedoso y una estructura compacta. Se emplean fundamentalmente para el arranque y control de los motores de CA, as\u00ed como para el corte\/conexi\u00f3n a distancia del circuito. Tambi\u00e9n pueden combinarse con los rel\u00e9s t\u00e9rmicos de sobrecarga adecuados para crear arrancadores electromagn\u00e9ticos.   3X380VCA Polos: 3 Intensidad Nominal In (A): 120 Norma: IEC 60947-4-1 \/ IEC 60947- 1 Contactos Auxiliares : 1NA+1NC Potencia (kW) @ 400VCA: 4 Tensi\u00f3n de Bobina (VCA): 380 Rango de Tensi\u00f3n de la Bobina: (70%~120%)","og_url":"https:\/\/tienda.rigelec.com.ar\/?product=contactor-37kw-nxc-50-220v-ip00-120a-bobina-220v-2na2nc","og_site_name":"Tienda Rigelec","article_modified_time":"2026-05-01T06:33:09+00:00","twitter_card":"summary_large_image","schema":{"@context":"https:\/\/schema.org","@graph":[{"@type":"WebPage","@id":"https:\/\/tienda.rigelec.com.ar\/?product=contactor-37kw-nxc-50-220v-ip00-120a-bobina-220v-2na2nc","url":"https:\/\/tienda.rigelec.com.ar\/?product=contactor-37kw-nxc-50-220v-ip00-120a-bobina-220v-2na2nc","name":"CONTACTOR 37KW NXC-50 220V - IP00 120A - BOBINA 220V - 2NA+2NC - Tienda Rigelec","isPartOf":{"@id":"https:\/\/tienda.rigelec.com.ar\/#website"},"primaryImageOfPage":{"@id":"https:\/\/tienda.rigelec.com.ar\/?product=contactor-37kw-nxc-50-220v-ip00-120a-bobina-220v-2na2nc#primaryimage"},"image":{"@id":"https:\/\/tienda.rigelec.com.ar\/?product=contactor-37kw-nxc-50-220v-ip00-120a-bobina-220v-2na2nc#primaryimage"},"thumbnailUrl":"https:\/\/tienda.rigelec.com.ar\/wp-content\/uploads\/2025\/11\/CONTACTOR37KW.jpg","datePublished":"2025-11-27T22:08:48+00:00","dateModified":"2026-05-01T06:33:09+00:00","breadcrumb":{"@id":"https:\/\/tienda.rigelec.com.ar\/?product=contactor-37kw-nxc-50-220v-ip00-120a-bobina-220v-2na2nc#breadcrumb"},"inLanguage":"es-AR","potentialAction":[{"@type":"ReadAction","target":["https:\/\/tienda.rigelec.com.ar\/?product=contactor-37kw-nxc-50-220v-ip00-120a-bobina-220v-2na2nc"]}]},{"@type":"ImageObject","inLanguage":"es-AR","@id":"https:\/\/tienda.rigelec.com.ar\/?product=contactor-37kw-nxc-50-220v-ip00-120a-bobina-220v-2na2nc#primaryimage","url":"https:\/\/tienda.rigelec.com.ar\/wp-content\/uploads\/2025\/11\/CONTACTOR37KW.jpg","contentUrl":"https:\/\/tienda.rigelec.com.ar\/wp-content\/uploads\/2025\/11\/CONTACTOR37KW.jpg","width":1080,"height":1080},{"@type":"BreadcrumbList","@id":"https:\/\/tienda.rigelec.com.ar\/?product=contactor-37kw-nxc-50-220v-ip00-120a-bobina-220v-2na2nc#breadcrumb","itemListElement":[{"@type":"ListItem","position":1,"name":"Inicio","item":"https:\/\/tienda.rigelec.com.ar\/"},{"@type":"ListItem","position":2,"name":"Shop","item":"https:\/\/tienda.rigelec.com.ar\/?page_id=12"},{"@type":"ListItem","position":3,"name":"CONTACTOR 37KW NXC-50 220V &#8211; IP00 120A &#8211; BOBINA 220V &#8211; 2NA+2NC"}]},{"@type":"WebSite","@id":"https:\/\/tienda.rigelec.com.ar\/#website","url":"https:\/\/tienda.rigelec.com.ar\/","name":"Tienda Rigelec","description":"Energia en movimiento","publisher":{"@id":"https:\/\/tienda.rigelec.com.ar\/#organization"},"potentialAction":[{"@type":"SearchAction","target":{"@type":"EntryPoint","urlTemplate":"https:\/\/tienda.rigelec.com.ar\/?s={search_term_string}"},"query-input":{"@type":"PropertyValueSpecification","valueRequired":true,"valueName":"search_term_string"}}],"inLanguage":"es-AR"},{"@type":"Organization","@id":"https:\/\/tienda.rigelec.com.ar\/#organization","name":"Tienda Rigelec","url":"https:\/\/tienda.rigelec.com.ar\/","logo":{"@type":"ImageObject","inLanguage":"es-AR","@id":"https:\/\/tienda.rigelec.com.ar\/#\/schema\/logo\/image\/","url":"https:\/\/tienda.rigelec.com.ar\/wp-content\/uploads\/2024\/09\/isologo-blanco-rigelec.png","contentUrl":"https:\/\/tienda.rigelec.com.ar\/wp-content\/uploads\/2024\/09\/isologo-blanco-rigelec.png","width":94,"height":97,"caption":"Tienda Rigelec"},"image":{"@id":"https:\/\/tienda.rigelec.com.ar\/#\/schema\/logo\/image\/"}}]}},"jetpack_sharing_enabled":true,"_links":{"self":[{"href":"https:\/\/tienda.rigelec.com.ar\/index.php?rest_route=\/wp\/v2\/product\/35754","targetHints":{"allow":["GET"]}}],"collection":[{"href":"https:\/\/tienda.rigelec.com.ar\/index.php?rest_route=\/wp\/v2\/product"}],"about":[{"href":"https:\/\/tienda.rigelec.com.ar\/index.php?rest_route=\/wp\/v2\/types\/product"}],"replies":[{"embeddable":true,"href":"https:\/\/tienda.rigelec.com.ar\/index.php?rest_route=%2Fwp%2Fv2%2Fcomments&post=35754"}],"wp:featuredmedia":[{"embeddable":true,"href":"https:\/\/tienda.rigelec.com.ar\/index.php?rest_route=\/wp\/v2\/media\/35755"}],"wp:attachment":[{"href":"https:\/\/tienda.rigelec.com.ar\/index.php?rest_route=%2Fwp%2Fv2%2Fmedia&parent=35754"}],"wp:term":[{"taxonomy":"product_brand","embeddable":true,"href":"https:\/\/tienda.rigelec.com.ar\/index.php?rest_route=%2Fwp%2Fv2%2Fproduct_brand&post=35754"},{"taxonomy":"product_cat","embeddable":true,"href":"https:\/\/tienda.rigelec.com.ar\/index.php?rest_route=%2Fwp%2Fv2%2Fproduct_cat&post=35754"},{"taxonomy":"product_tag","embeddable":true,"href":"https:\/\/tienda.rigelec.com.ar\/index.php?rest_route=%2Fwp%2Fv2%2Fproduct_tag&post=35754"}],"curies":[{"name":"wp","href":"https:\/\/api.w.org\/{rel}","templated":true}]}}