{"id":35791,"date":"2025-12-02T13:44:39","date_gmt":"2025-12-02T16:44:39","guid":{"rendered":"https:\/\/tienda.rigelec.com.ar\/?product=interruptor-compacto-en-caja-moldeada-compact-nsx-4x36ka-415vca"},"modified":"2026-05-01T03:33:44","modified_gmt":"2026-05-01T06:33:44","slug":"interruptor-compacto-en-caja-moldeada-compact-nsx-4x36ka-415vca","status":"publish","type":"product","link":"https:\/\/tienda.rigelec.com.ar\/?product=interruptor-compacto-en-caja-moldeada-compact-nsx-4x36ka-415vca","title":{"rendered":"INTERRUPTOR COMPACTO EN CAJA MOLDEADA COMPACT NSX 4X36KA &#8211; 415VCA"},"content":{"rendered":"<p>INTERRUPTOR COMPACTO EN CAJA MOLDEADA<\/p>\n","protected":false},"excerpt":{"rendered":"<p>Este ComPacT NSX250F es un disyuntor fijo 3d 4P dise\u00f1ado para optimizar el espacio y la capacidad de ruptura. Es una opci\u00f3n \u00f3ptima para todas las aplicaciones est\u00e1ndar y espec\u00edficas. La capacidad de apertura (Icu) es de 36 kA rms a 415 V CA 50\/60 Hz. El voltaje de funcionamiento es de 690VCA 50\/60Hz. Este producto incorpora una unidad de desconexi\u00f3n termomagn\u00e9tica (TMD) de 200A. La unidad de desconexi\u00f3n TMD proporciona una protecci\u00f3n t\u00e9rmica ajustable contra la sobrecarga y una protecci\u00f3n magn\u00e9tica fija. Esta versi\u00f3n de 4 polos (140mm x 161mm x 86mm) incluye una variedad de funciones y accesorios opcionales. Cumple con est\u00e1ndares internacionales (IEC 60947), CCC, EAC y especificaciones marinas. ComPacT NSX250F es parte de la arquitectura EcoStruxure Power de Schneider Electric.<\/p>\n<p>[In] corriente nominal:: 250A<\/p>\n","protected":false},"featured_media":35792,"comment_status":"open","ping_status":"closed","template":"","meta":{"_monsterinsights_skip_tracking":false,"_monsterinsights_sitenote_active":false,"_monsterinsights_sitenote_note":"","_monsterinsights_sitenote_category":0},"product_brand":[],"product_cat":[151],"product_tag":[450],"class_list":{"0":"post-35791","1":"product","2":"type-product","3":"status-publish","4":"has-post-thumbnail","6":"product_cat-k-interruptor-compacto","7":"product_tag-schneider","9":"first","10":"outofstock","11":"shipping-taxable","12":"purchasable","13":"product-type-simple"},"yoast_head":"<!-- This site is optimized with the Yoast SEO plugin v25.3.1 - https:\/\/yoast.com\/wordpress\/plugins\/seo\/ -->\n<title>INTERRUPTOR COMPACTO EN CAJA MOLDEADA COMPACT NSX 4X36KA - 415VCA - Tienda Rigelec<\/title>\n<meta name=\"robots\" content=\"index, follow, max-snippet:-1, max-image-preview:large, max-video-preview:-1\" \/>\n<link rel=\"canonical\" href=\"https:\/\/tienda.rigelec.com.ar\/?product=interruptor-compacto-en-caja-moldeada-compact-nsx-4x36ka-415vca\" \/>\n<meta property=\"og:locale\" content=\"es_ES\" \/>\n<meta property=\"og:type\" content=\"article\" \/>\n<meta property=\"og:title\" content=\"INTERRUPTOR COMPACTO EN CAJA MOLDEADA COMPACT NSX 4X36KA - 415VCA - Tienda Rigelec\" \/>\n<meta property=\"og:description\" content=\"Este ComPacT NSX250F es un disyuntor fijo 3d 4P dise\u00f1ado para optimizar el espacio y la capacidad de ruptura. Es una opci\u00f3n \u00f3ptima para todas las aplicaciones est\u00e1ndar y espec\u00edficas. La capacidad de apertura (Icu) es de 36 kA rms a 415 V CA 50\/60 Hz. El voltaje de funcionamiento es de 690VCA 50\/60Hz. Este producto incorpora una unidad de desconexi\u00f3n termomagn\u00e9tica (TMD) de 200A. La unidad de desconexi\u00f3n TMD proporciona una protecci\u00f3n t\u00e9rmica ajustable contra la sobrecarga y una protecci\u00f3n magn\u00e9tica fija. Esta versi\u00f3n de 4 polos (140mm x 161mm x 86mm) incluye una variedad de funciones y accesorios opcionales. Cumple con est\u00e1ndares internacionales (IEC 60947), CCC, EAC y especificaciones marinas. ComPacT NSX250F es parte de la arquitectura EcoStruxure Power de Schneider Electric.  [In] corriente nominal:: 250A\" \/>\n<meta property=\"og:url\" content=\"https:\/\/tienda.rigelec.com.ar\/?product=interruptor-compacto-en-caja-moldeada-compact-nsx-4x36ka-415vca\" \/>\n<meta property=\"og:site_name\" content=\"Tienda Rigelec\" \/>\n<meta property=\"article:modified_time\" content=\"2026-05-01T06:33:44+00:00\" \/>\n<meta name=\"twitter:card\" content=\"summary_large_image\" \/>\n<script type=\"application\/ld+json\" class=\"yoast-schema-graph\">{\"@context\":\"https:\/\/schema.org\",\"@graph\":[{\"@type\":\"WebPage\",\"@id\":\"https:\/\/tienda.rigelec.com.ar\/?product=interruptor-compacto-en-caja-moldeada-compact-nsx-4x36ka-415vca\",\"url\":\"https:\/\/tienda.rigelec.com.ar\/?product=interruptor-compacto-en-caja-moldeada-compact-nsx-4x36ka-415vca\",\"name\":\"INTERRUPTOR COMPACTO EN CAJA MOLDEADA COMPACT NSX 4X36KA - 415VCA - Tienda Rigelec\",\"isPartOf\":{\"@id\":\"https:\/\/tienda.rigelec.com.ar\/#website\"},\"primaryImageOfPage\":{\"@id\":\"https:\/\/tienda.rigelec.com.ar\/?product=interruptor-compacto-en-caja-moldeada-compact-nsx-4x36ka-415vca#primaryimage\"},\"image\":{\"@id\":\"https:\/\/tienda.rigelec.com.ar\/?product=interruptor-compacto-en-caja-moldeada-compact-nsx-4x36ka-415vca#primaryimage\"},\"thumbnailUrl\":\"https:\/\/tienda.rigelec.com.ar\/wp-content\/uploads\/2025\/12\/INTERRUPTORCOMPACTOENCAJAMOLDEADA.jpg\",\"datePublished\":\"2025-12-02T16:44:39+00:00\",\"dateModified\":\"2026-05-01T06:33:44+00:00\",\"breadcrumb\":{\"@id\":\"https:\/\/tienda.rigelec.com.ar\/?product=interruptor-compacto-en-caja-moldeada-compact-nsx-4x36ka-415vca#breadcrumb\"},\"inLanguage\":\"es-AR\",\"potentialAction\":[{\"@type\":\"ReadAction\",\"target\":[\"https:\/\/tienda.rigelec.com.ar\/?product=interruptor-compacto-en-caja-moldeada-compact-nsx-4x36ka-415vca\"]}]},{\"@type\":\"ImageObject\",\"inLanguage\":\"es-AR\",\"@id\":\"https:\/\/tienda.rigelec.com.ar\/?product=interruptor-compacto-en-caja-moldeada-compact-nsx-4x36ka-415vca#primaryimage\",\"url\":\"https:\/\/tienda.rigelec.com.ar\/wp-content\/uploads\/2025\/12\/INTERRUPTORCOMPACTOENCAJAMOLDEADA.jpg\",\"contentUrl\":\"https:\/\/tienda.rigelec.com.ar\/wp-content\/uploads\/2025\/12\/INTERRUPTORCOMPACTOENCAJAMOLDEADA.jpg\",\"width\":1080,\"height\":1080},{\"@type\":\"BreadcrumbList\",\"@id\":\"https:\/\/tienda.rigelec.com.ar\/?product=interruptor-compacto-en-caja-moldeada-compact-nsx-4x36ka-415vca#breadcrumb\",\"itemListElement\":[{\"@type\":\"ListItem\",\"position\":1,\"name\":\"Inicio\",\"item\":\"https:\/\/tienda.rigelec.com.ar\/\"},{\"@type\":\"ListItem\",\"position\":2,\"name\":\"Shop\",\"item\":\"https:\/\/tienda.rigelec.com.ar\/?page_id=12\"},{\"@type\":\"ListItem\",\"position\":3,\"name\":\"INTERRUPTOR COMPACTO EN CAJA MOLDEADA COMPACT NSX 4X36KA &#8211; 415VCA\"}]},{\"@type\":\"WebSite\",\"@id\":\"https:\/\/tienda.rigelec.com.ar\/#website\",\"url\":\"https:\/\/tienda.rigelec.com.ar\/\",\"name\":\"Tienda Rigelec\",\"description\":\"Energia en movimiento\",\"publisher\":{\"@id\":\"https:\/\/tienda.rigelec.com.ar\/#organization\"},\"potentialAction\":[{\"@type\":\"SearchAction\",\"target\":{\"@type\":\"EntryPoint\",\"urlTemplate\":\"https:\/\/tienda.rigelec.com.ar\/?s={search_term_string}\"},\"query-input\":{\"@type\":\"PropertyValueSpecification\",\"valueRequired\":true,\"valueName\":\"search_term_string\"}}],\"inLanguage\":\"es-AR\"},{\"@type\":\"Organization\",\"@id\":\"https:\/\/tienda.rigelec.com.ar\/#organization\",\"name\":\"Tienda Rigelec\",\"url\":\"https:\/\/tienda.rigelec.com.ar\/\",\"logo\":{\"@type\":\"ImageObject\",\"inLanguage\":\"es-AR\",\"@id\":\"https:\/\/tienda.rigelec.com.ar\/#\/schema\/logo\/image\/\",\"url\":\"https:\/\/tienda.rigelec.com.ar\/wp-content\/uploads\/2024\/09\/isologo-blanco-rigelec.png\",\"contentUrl\":\"https:\/\/tienda.rigelec.com.ar\/wp-content\/uploads\/2024\/09\/isologo-blanco-rigelec.png\",\"width\":94,\"height\":97,\"caption\":\"Tienda Rigelec\"},\"image\":{\"@id\":\"https:\/\/tienda.rigelec.com.ar\/#\/schema\/logo\/image\/\"}}]}<\/script>\n<!-- \/ Yoast SEO plugin. -->","yoast_head_json":{"title":"INTERRUPTOR COMPACTO EN CAJA MOLDEADA COMPACT NSX 4X36KA - 415VCA - Tienda Rigelec","robots":{"index":"index","follow":"follow","max-snippet":"max-snippet:-1","max-image-preview":"max-image-preview:large","max-video-preview":"max-video-preview:-1"},"canonical":"https:\/\/tienda.rigelec.com.ar\/?product=interruptor-compacto-en-caja-moldeada-compact-nsx-4x36ka-415vca","og_locale":"es_ES","og_type":"article","og_title":"INTERRUPTOR COMPACTO EN CAJA MOLDEADA COMPACT NSX 4X36KA - 415VCA - Tienda Rigelec","og_description":"Este ComPacT NSX250F es un disyuntor fijo 3d 4P dise\u00f1ado para optimizar el espacio y la capacidad de ruptura. Es una opci\u00f3n \u00f3ptima para todas las aplicaciones est\u00e1ndar y espec\u00edficas. La capacidad de apertura (Icu) es de 36 kA rms a 415 V CA 50\/60 Hz. El voltaje de funcionamiento es de 690VCA 50\/60Hz. Este producto incorpora una unidad de desconexi\u00f3n termomagn\u00e9tica (TMD) de 200A. La unidad de desconexi\u00f3n TMD proporciona una protecci\u00f3n t\u00e9rmica ajustable contra la sobrecarga y una protecci\u00f3n magn\u00e9tica fija. Esta versi\u00f3n de 4 polos (140mm x 161mm x 86mm) incluye una variedad de funciones y accesorios opcionales. Cumple con est\u00e1ndares internacionales (IEC 60947), CCC, EAC y especificaciones marinas. ComPacT NSX250F es parte de la arquitectura EcoStruxure Power de Schneider Electric.  [In] corriente nominal:: 250A","og_url":"https:\/\/tienda.rigelec.com.ar\/?product=interruptor-compacto-en-caja-moldeada-compact-nsx-4x36ka-415vca","og_site_name":"Tienda Rigelec","article_modified_time":"2026-05-01T06:33:44+00:00","twitter_card":"summary_large_image","schema":{"@context":"https:\/\/schema.org","@graph":[{"@type":"WebPage","@id":"https:\/\/tienda.rigelec.com.ar\/?product=interruptor-compacto-en-caja-moldeada-compact-nsx-4x36ka-415vca","url":"https:\/\/tienda.rigelec.com.ar\/?product=interruptor-compacto-en-caja-moldeada-compact-nsx-4x36ka-415vca","name":"INTERRUPTOR COMPACTO EN CAJA MOLDEADA COMPACT NSX 4X36KA - 415VCA - Tienda Rigelec","isPartOf":{"@id":"https:\/\/tienda.rigelec.com.ar\/#website"},"primaryImageOfPage":{"@id":"https:\/\/tienda.rigelec.com.ar\/?product=interruptor-compacto-en-caja-moldeada-compact-nsx-4x36ka-415vca#primaryimage"},"image":{"@id":"https:\/\/tienda.rigelec.com.ar\/?product=interruptor-compacto-en-caja-moldeada-compact-nsx-4x36ka-415vca#primaryimage"},"thumbnailUrl":"https:\/\/tienda.rigelec.com.ar\/wp-content\/uploads\/2025\/12\/INTERRUPTORCOMPACTOENCAJAMOLDEADA.jpg","datePublished":"2025-12-02T16:44:39+00:00","dateModified":"2026-05-01T06:33:44+00:00","breadcrumb":{"@id":"https:\/\/tienda.rigelec.com.ar\/?product=interruptor-compacto-en-caja-moldeada-compact-nsx-4x36ka-415vca#breadcrumb"},"inLanguage":"es-AR","potentialAction":[{"@type":"ReadAction","target":["https:\/\/tienda.rigelec.com.ar\/?product=interruptor-compacto-en-caja-moldeada-compact-nsx-4x36ka-415vca"]}]},{"@type":"ImageObject","inLanguage":"es-AR","@id":"https:\/\/tienda.rigelec.com.ar\/?product=interruptor-compacto-en-caja-moldeada-compact-nsx-4x36ka-415vca#primaryimage","url":"https:\/\/tienda.rigelec.com.ar\/wp-content\/uploads\/2025\/12\/INTERRUPTORCOMPACTOENCAJAMOLDEADA.jpg","contentUrl":"https:\/\/tienda.rigelec.com.ar\/wp-content\/uploads\/2025\/12\/INTERRUPTORCOMPACTOENCAJAMOLDEADA.jpg","width":1080,"height":1080},{"@type":"BreadcrumbList","@id":"https:\/\/tienda.rigelec.com.ar\/?product=interruptor-compacto-en-caja-moldeada-compact-nsx-4x36ka-415vca#breadcrumb","itemListElement":[{"@type":"ListItem","position":1,"name":"Inicio","item":"https:\/\/tienda.rigelec.com.ar\/"},{"@type":"ListItem","position":2,"name":"Shop","item":"https:\/\/tienda.rigelec.com.ar\/?page_id=12"},{"@type":"ListItem","position":3,"name":"INTERRUPTOR COMPACTO EN CAJA MOLDEADA COMPACT NSX 4X36KA &#8211; 415VCA"}]},{"@type":"WebSite","@id":"https:\/\/tienda.rigelec.com.ar\/#website","url":"https:\/\/tienda.rigelec.com.ar\/","name":"Tienda Rigelec","description":"Energia en movimiento","publisher":{"@id":"https:\/\/tienda.rigelec.com.ar\/#organization"},"potentialAction":[{"@type":"SearchAction","target":{"@type":"EntryPoint","urlTemplate":"https:\/\/tienda.rigelec.com.ar\/?s={search_term_string}"},"query-input":{"@type":"PropertyValueSpecification","valueRequired":true,"valueName":"search_term_string"}}],"inLanguage":"es-AR"},{"@type":"Organization","@id":"https:\/\/tienda.rigelec.com.ar\/#organization","name":"Tienda Rigelec","url":"https:\/\/tienda.rigelec.com.ar\/","logo":{"@type":"ImageObject","inLanguage":"es-AR","@id":"https:\/\/tienda.rigelec.com.ar\/#\/schema\/logo\/image\/","url":"https:\/\/tienda.rigelec.com.ar\/wp-content\/uploads\/2024\/09\/isologo-blanco-rigelec.png","contentUrl":"https:\/\/tienda.rigelec.com.ar\/wp-content\/uploads\/2024\/09\/isologo-blanco-rigelec.png","width":94,"height":97,"caption":"Tienda Rigelec"},"image":{"@id":"https:\/\/tienda.rigelec.com.ar\/#\/schema\/logo\/image\/"}}]}},"jetpack_sharing_enabled":true,"_links":{"self":[{"href":"https:\/\/tienda.rigelec.com.ar\/index.php?rest_route=\/wp\/v2\/product\/35791","targetHints":{"allow":["GET"]}}],"collection":[{"href":"https:\/\/tienda.rigelec.com.ar\/index.php?rest_route=\/wp\/v2\/product"}],"about":[{"href":"https:\/\/tienda.rigelec.com.ar\/index.php?rest_route=\/wp\/v2\/types\/product"}],"replies":[{"embeddable":true,"href":"https:\/\/tienda.rigelec.com.ar\/index.php?rest_route=%2Fwp%2Fv2%2Fcomments&post=35791"}],"wp:featuredmedia":[{"embeddable":true,"href":"https:\/\/tienda.rigelec.com.ar\/index.php?rest_route=\/wp\/v2\/media\/35792"}],"wp:attachment":[{"href":"https:\/\/tienda.rigelec.com.ar\/index.php?rest_route=%2Fwp%2Fv2%2Fmedia&parent=35791"}],"wp:term":[{"taxonomy":"product_brand","embeddable":true,"href":"https:\/\/tienda.rigelec.com.ar\/index.php?rest_route=%2Fwp%2Fv2%2Fproduct_brand&post=35791"},{"taxonomy":"product_cat","embeddable":true,"href":"https:\/\/tienda.rigelec.com.ar\/index.php?rest_route=%2Fwp%2Fv2%2Fproduct_cat&post=35791"},{"taxonomy":"product_tag","embeddable":true,"href":"https:\/\/tienda.rigelec.com.ar\/index.php?rest_route=%2Fwp%2Fv2%2Fproduct_tag&post=35791"}],"curies":[{"name":"wp","href":"https:\/\/api.w.org\/{rel}","templated":true}]}}