{"id":35803,"date":"2025-12-04T16:25:07","date_gmt":"2025-12-04T19:25:07","guid":{"rendered":"https:\/\/tienda.rigelec.com.ar\/?product=rele-controlador-logico-programable-zelio-logic-100-240v-i6-q4"},"modified":"2026-05-01T03:34:48","modified_gmt":"2026-05-01T06:34:48","slug":"rele-controlador-logico-programable-zelio-logic-100-240v-i6-q4","status":"publish","type":"product","link":"https:\/\/tienda.rigelec.com.ar\/?product=rele-controlador-logico-programable-zelio-logic-100-240v-i6-q4","title":{"rendered":"RELE CONTROLADOR LOGICO PROGRAMABLE ZELIO LOGIC 100 &#8211; 240V I6-Q4"},"content":{"rendered":"<p>RELE CONTROLADOR LOGICO PROGRAMABLE<\/p>\n","protected":false},"excerpt":{"rendered":"<p>N\u00famero de l\u00edneas esquema control: 0..500 con FBD programaci\u00f3n. 0&#8230;240 con Ladder programaci\u00f3n<br \/>\nTiempo de ciclo: 6&#8230;90 ms<br \/>\nTiempo de backup: 10 a\u00f1os a 25 \u00b0C<br \/>\nDeriv. relo: 12 min\/a\u00f1o a 0..55 \u00b0C. 6 s\/mes a 25 \u00b0C<br \/>\nComprobaciones: Memoria de programa en cada arranque<br \/>\nTensi\u00f3n de alimentaci\u00f3n: 100&#8230;240 V<br \/>\nL\u00edmites tensi\u00f3n alimentaci\u00f3n: 85&#8230;264 V<br \/>\nFrecuencia de alimentaci\u00f3n: 50\/60 Hz<br \/>\nCorriente de alimentaci\u00f3n: 30 mA a 240 V (sin extensi\u00f3n). 40 mA a 240 V (con extensiones). 80 mA a 100 V (con extensiones). 80 mA a 100 V (sin extensi\u00f3n)<br \/>\nConsumo: 12 VA con extensiones &#8211; 7 VA sin extensi\u00f3n<br \/>\nTensi\u00f3n de aislamiento: 1780 V<br \/>\nTipo de protecci\u00f3n: Contra la inversi\u00f3n de terminales (instrucciones de control no ejecutadas)<br \/>\nN\u00famero de entrada digital: I6<br \/>\nTensi\u00f3n de entrada digital: 100&#8230;240 V AC<br \/>\nCorriente de entrada discreta: 0,6 mA<br \/>\nFrecuencia de entrada discreta: 57&#8230;63 Hz &#8211; 47&#8230;53 Hz<br \/>\nEstado de tensi\u00f3n 1 garantizado &gt;= 79 V para entrada digital<br \/>\nEstado de tensi\u00f3n 0 garantizado: = 0,17 mA (entrada digital)<br \/>\nEstado actual 0 garantizado: = 10 mA a 12 V (salida de rel\u00e9)<br \/>\nR\u00e9gimen en Hz: 0,1 Hz (en Ie) para salida de rel\u00e9 . 10 Hz (sin carga) para salida de rel\u00e9<br \/>\nEndurancia mec\u00e1nica: 10000000 Ciclos para salida de rel\u00e9<br \/>\n[Uimp] Tensi\u00f3n asignada de resistencia a los choques: 4 kV conforme a EN\/IEC 60947-1 y EN\/IEC 60664-1<br \/>\nReloj donde:<br \/>\nTiempo respuesta: 50 ms con Ladder programaci\u00f3n (de estado 0 a estado 1) para entrada digital. 50 ms con Ladder programaci\u00f3n (de estado 1 a estado 0) para entrada digital. 50&#8230;255 ms con FBD programaci\u00f3n (de estado 0 a estado 1) para entrada digital<br \/>\n50&#8230;255 ms con FBD programaci\u00f3n (de estado 1 a estado 0) para entrada digital<br \/>\n10 ms (de estado 0 a estado 1) para salida de rel\u00e9. 5 ms (de estado 1 a estado 0) para Salida de rel\u00e9<br \/>\nConexiones &#8211; terminales:<br \/>\n-Termin. tornillo, 1 x 0,2&#8230;1 x 2,5 mm\u00b2 (AWG 25 &#8230; AWG 14) semi-s\u00f3lido<br \/>\n-Termin. tornillo, 1 x 0,2&#8230;1 x 2,5 mm\u00b2 (AWG 25 &#8230; AWG 14) s\u00f3lido<br \/>\n-Termin. tornillo, 1 x 0,25&#8230;1 x 2.5 mm\u00b2 (AWG 24 &#8230; AWG 14) flexible con extr. cable<br \/>\n-Termin. tornillo, 2 x 0,2&#8230;2 x 1,5 mm\u00b2 (AWG 24 &#8230; AWG 16) s\u00f3lido<br \/>\n-Termin. tornillo, de 2 x 0,25 a 2 x 0,75 mm\u00b2 (AWG 24 &#8230; AWG 18) flexible con extr. cable<br \/>\nPar de apriete: 0,5 N.m<\/p>\n<p>Rel\u00e9 inteligente modular expandible, ideal para automatizaci\u00f3n industrial. Ofrece flexibilidad, f\u00e1cil integraci\u00f3n y control eficiente, mejorando la productividad y reduciendo costos operativos.<\/p>\n","protected":false},"featured_media":35804,"comment_status":"open","ping_status":"closed","template":"","meta":{"_monsterinsights_skip_tracking":false,"_monsterinsights_sitenote_active":false,"_monsterinsights_sitenote_note":"","_monsterinsights_sitenote_category":0},"product_brand":[],"product_cat":[335],"product_tag":[450],"class_list":{"0":"post-35803","1":"product","2":"type-product","3":"status-publish","4":"has-post-thumbnail","6":"product_cat-i-relevo","7":"product_tag-schneider","9":"first","10":"outofstock","11":"shipping-taxable","12":"purchasable","13":"product-type-simple"},"yoast_head":"<!-- This site is optimized with the Yoast SEO plugin v25.3.1 - https:\/\/yoast.com\/wordpress\/plugins\/seo\/ -->\n<title>RELE CONTROLADOR LOGICO PROGRAMABLE ZELIO LOGIC 100 - 240V I6-Q4 - Tienda Rigelec<\/title>\n<meta name=\"robots\" content=\"index, follow, max-snippet:-1, max-image-preview:large, max-video-preview:-1\" \/>\n<link rel=\"canonical\" href=\"https:\/\/tienda.rigelec.com.ar\/?product=rele-controlador-logico-programable-zelio-logic-100-240v-i6-q4\" \/>\n<meta property=\"og:locale\" content=\"es_ES\" \/>\n<meta property=\"og:type\" content=\"article\" \/>\n<meta property=\"og:title\" content=\"RELE CONTROLADOR LOGICO PROGRAMABLE ZELIO LOGIC 100 - 240V I6-Q4 - Tienda Rigelec\" \/>\n<meta property=\"og:description\" content=\"N\u00famero de l\u00edneas esquema control: 0..500 con FBD programaci\u00f3n. 0...240 con Ladder programaci\u00f3n Tiempo de ciclo: 6...90 ms Tiempo de backup: 10 a\u00f1os a 25 \u00b0C Deriv. relo: 12 min\/a\u00f1o a 0..55 \u00b0C. 6 s\/mes a 25 \u00b0C Comprobaciones: Memoria de programa en cada arranque Tensi\u00f3n de alimentaci\u00f3n: 100...240 V L\u00edmites tensi\u00f3n alimentaci\u00f3n: 85...264 V Frecuencia de alimentaci\u00f3n: 50\/60 Hz Corriente de alimentaci\u00f3n: 30 mA a 240 V (sin extensi\u00f3n). 40 mA a 240 V (con extensiones). 80 mA a 100 V (con extensiones). 80 mA a 100 V (sin extensi\u00f3n) Consumo: 12 VA con extensiones - 7 VA sin extensi\u00f3n Tensi\u00f3n de aislamiento: 1780 V Tipo de protecci\u00f3n: Contra la inversi\u00f3n de terminales (instrucciones de control no ejecutadas) N\u00famero de entrada digital: I6 Tensi\u00f3n de entrada digital: 100...240 V AC Corriente de entrada discreta: 0,6 mA Frecuencia de entrada discreta: 57...63 Hz - 47...53 Hz Estado de tensi\u00f3n 1 garantizado &gt;= 79 V para entrada digital Estado de tensi\u00f3n 0 garantizado: = 0,17 mA (entrada digital) Estado actual 0 garantizado: = 10 mA a 12 V (salida de rel\u00e9) R\u00e9gimen en Hz: 0,1 Hz (en Ie) para salida de rel\u00e9 . 10 Hz (sin carga) para salida de rel\u00e9 Endurancia mec\u00e1nica: 10000000 Ciclos para salida de rel\u00e9 [Uimp] Tensi\u00f3n asignada de resistencia a los choques: 4 kV conforme a EN\/IEC 60947-1 y EN\/IEC 60664-1 Reloj donde: Tiempo respuesta: 50 ms con Ladder programaci\u00f3n (de estado 0 a estado 1) para entrada digital. 50 ms con Ladder programaci\u00f3n (de estado 1 a estado 0) para entrada digital. 50...255 ms con FBD programaci\u00f3n (de estado 0 a estado 1) para entrada digital 50...255 ms con FBD programaci\u00f3n (de estado 1 a estado 0) para entrada digital 10 ms (de estado 0 a estado 1) para salida de rel\u00e9. 5 ms (de estado 1 a estado 0) para Salida de rel\u00e9 Conexiones - terminales: -Termin. tornillo, 1 x 0,2...1 x 2,5 mm\u00b2 (AWG 25 ... AWG 14) semi-s\u00f3lido -Termin. tornillo, 1 x 0,2...1 x 2,5 mm\u00b2 (AWG 25 ... AWG 14) s\u00f3lido -Termin. tornillo, 1 x 0,25...1 x 2.5 mm\u00b2 (AWG 24 ... AWG 14) flexible con extr. cable -Termin. tornillo, 2 x 0,2...2 x 1,5 mm\u00b2 (AWG 24 ... AWG 16) s\u00f3lido -Termin. tornillo, de 2 x 0,25 a 2 x 0,75 mm\u00b2 (AWG 24 ... AWG 18) flexible con extr. cable Par de apriete: 0,5 N.m  Rel\u00e9 inteligente modular expandible, ideal para automatizaci\u00f3n industrial. Ofrece flexibilidad, f\u00e1cil integraci\u00f3n y control eficiente, mejorando la productividad y reduciendo costos operativos.\" \/>\n<meta property=\"og:url\" content=\"https:\/\/tienda.rigelec.com.ar\/?product=rele-controlador-logico-programable-zelio-logic-100-240v-i6-q4\" \/>\n<meta property=\"og:site_name\" content=\"Tienda Rigelec\" \/>\n<meta property=\"article:modified_time\" content=\"2026-05-01T06:34:48+00:00\" \/>\n<meta name=\"twitter:card\" content=\"summary_large_image\" \/>\n<script type=\"application\/ld+json\" class=\"yoast-schema-graph\">{\"@context\":\"https:\/\/schema.org\",\"@graph\":[{\"@type\":\"WebPage\",\"@id\":\"https:\/\/tienda.rigelec.com.ar\/?product=rele-controlador-logico-programable-zelio-logic-100-240v-i6-q4\",\"url\":\"https:\/\/tienda.rigelec.com.ar\/?product=rele-controlador-logico-programable-zelio-logic-100-240v-i6-q4\",\"name\":\"RELE CONTROLADOR LOGICO PROGRAMABLE ZELIO LOGIC 100 - 240V I6-Q4 - Tienda Rigelec\",\"isPartOf\":{\"@id\":\"https:\/\/tienda.rigelec.com.ar\/#website\"},\"primaryImageOfPage\":{\"@id\":\"https:\/\/tienda.rigelec.com.ar\/?product=rele-controlador-logico-programable-zelio-logic-100-240v-i6-q4#primaryimage\"},\"image\":{\"@id\":\"https:\/\/tienda.rigelec.com.ar\/?product=rele-controlador-logico-programable-zelio-logic-100-240v-i6-q4#primaryimage\"},\"thumbnailUrl\":\"https:\/\/tienda.rigelec.com.ar\/wp-content\/uploads\/2025\/12\/RELECONTROLADORLOGICOPROGRAMABLE.jpg\",\"datePublished\":\"2025-12-04T19:25:07+00:00\",\"dateModified\":\"2026-05-01T06:34:48+00:00\",\"breadcrumb\":{\"@id\":\"https:\/\/tienda.rigelec.com.ar\/?product=rele-controlador-logico-programable-zelio-logic-100-240v-i6-q4#breadcrumb\"},\"inLanguage\":\"es-AR\",\"potentialAction\":[{\"@type\":\"ReadAction\",\"target\":[\"https:\/\/tienda.rigelec.com.ar\/?product=rele-controlador-logico-programable-zelio-logic-100-240v-i6-q4\"]}]},{\"@type\":\"ImageObject\",\"inLanguage\":\"es-AR\",\"@id\":\"https:\/\/tienda.rigelec.com.ar\/?product=rele-controlador-logico-programable-zelio-logic-100-240v-i6-q4#primaryimage\",\"url\":\"https:\/\/tienda.rigelec.com.ar\/wp-content\/uploads\/2025\/12\/RELECONTROLADORLOGICOPROGRAMABLE.jpg\",\"contentUrl\":\"https:\/\/tienda.rigelec.com.ar\/wp-content\/uploads\/2025\/12\/RELECONTROLADORLOGICOPROGRAMABLE.jpg\",\"width\":600,\"height\":600},{\"@type\":\"BreadcrumbList\",\"@id\":\"https:\/\/tienda.rigelec.com.ar\/?product=rele-controlador-logico-programable-zelio-logic-100-240v-i6-q4#breadcrumb\",\"itemListElement\":[{\"@type\":\"ListItem\",\"position\":1,\"name\":\"Inicio\",\"item\":\"https:\/\/tienda.rigelec.com.ar\/\"},{\"@type\":\"ListItem\",\"position\":2,\"name\":\"Shop\",\"item\":\"https:\/\/tienda.rigelec.com.ar\/?page_id=12\"},{\"@type\":\"ListItem\",\"position\":3,\"name\":\"RELE CONTROLADOR LOGICO PROGRAMABLE ZELIO LOGIC 100 &#8211; 240V I6-Q4\"}]},{\"@type\":\"WebSite\",\"@id\":\"https:\/\/tienda.rigelec.com.ar\/#website\",\"url\":\"https:\/\/tienda.rigelec.com.ar\/\",\"name\":\"Tienda Rigelec\",\"description\":\"Energia en movimiento\",\"publisher\":{\"@id\":\"https:\/\/tienda.rigelec.com.ar\/#organization\"},\"potentialAction\":[{\"@type\":\"SearchAction\",\"target\":{\"@type\":\"EntryPoint\",\"urlTemplate\":\"https:\/\/tienda.rigelec.com.ar\/?s={search_term_string}\"},\"query-input\":{\"@type\":\"PropertyValueSpecification\",\"valueRequired\":true,\"valueName\":\"search_term_string\"}}],\"inLanguage\":\"es-AR\"},{\"@type\":\"Organization\",\"@id\":\"https:\/\/tienda.rigelec.com.ar\/#organization\",\"name\":\"Tienda Rigelec\",\"url\":\"https:\/\/tienda.rigelec.com.ar\/\",\"logo\":{\"@type\":\"ImageObject\",\"inLanguage\":\"es-AR\",\"@id\":\"https:\/\/tienda.rigelec.com.ar\/#\/schema\/logo\/image\/\",\"url\":\"https:\/\/tienda.rigelec.com.ar\/wp-content\/uploads\/2024\/09\/isologo-blanco-rigelec.png\",\"contentUrl\":\"https:\/\/tienda.rigelec.com.ar\/wp-content\/uploads\/2024\/09\/isologo-blanco-rigelec.png\",\"width\":94,\"height\":97,\"caption\":\"Tienda Rigelec\"},\"image\":{\"@id\":\"https:\/\/tienda.rigelec.com.ar\/#\/schema\/logo\/image\/\"}}]}<\/script>\n<!-- \/ Yoast SEO plugin. -->","yoast_head_json":{"title":"RELE CONTROLADOR LOGICO PROGRAMABLE ZELIO LOGIC 100 - 240V I6-Q4 - Tienda Rigelec","robots":{"index":"index","follow":"follow","max-snippet":"max-snippet:-1","max-image-preview":"max-image-preview:large","max-video-preview":"max-video-preview:-1"},"canonical":"https:\/\/tienda.rigelec.com.ar\/?product=rele-controlador-logico-programable-zelio-logic-100-240v-i6-q4","og_locale":"es_ES","og_type":"article","og_title":"RELE CONTROLADOR LOGICO PROGRAMABLE ZELIO LOGIC 100 - 240V I6-Q4 - Tienda Rigelec","og_description":"N\u00famero de l\u00edneas esquema control: 0..500 con FBD programaci\u00f3n. 0...240 con Ladder programaci\u00f3n Tiempo de ciclo: 6...90 ms Tiempo de backup: 10 a\u00f1os a 25 \u00b0C Deriv. relo: 12 min\/a\u00f1o a 0..55 \u00b0C. 6 s\/mes a 25 \u00b0C Comprobaciones: Memoria de programa en cada arranque Tensi\u00f3n de alimentaci\u00f3n: 100...240 V L\u00edmites tensi\u00f3n alimentaci\u00f3n: 85...264 V Frecuencia de alimentaci\u00f3n: 50\/60 Hz Corriente de alimentaci\u00f3n: 30 mA a 240 V (sin extensi\u00f3n). 40 mA a 240 V (con extensiones). 80 mA a 100 V (con extensiones). 80 mA a 100 V (sin extensi\u00f3n) Consumo: 12 VA con extensiones - 7 VA sin extensi\u00f3n Tensi\u00f3n de aislamiento: 1780 V Tipo de protecci\u00f3n: Contra la inversi\u00f3n de terminales (instrucciones de control no ejecutadas) N\u00famero de entrada digital: I6 Tensi\u00f3n de entrada digital: 100...240 V AC Corriente de entrada discreta: 0,6 mA Frecuencia de entrada discreta: 57...63 Hz - 47...53 Hz Estado de tensi\u00f3n 1 garantizado &gt;= 79 V para entrada digital Estado de tensi\u00f3n 0 garantizado: = 0,17 mA (entrada digital) Estado actual 0 garantizado: = 10 mA a 12 V (salida de rel\u00e9) R\u00e9gimen en Hz: 0,1 Hz (en Ie) para salida de rel\u00e9 . 10 Hz (sin carga) para salida de rel\u00e9 Endurancia mec\u00e1nica: 10000000 Ciclos para salida de rel\u00e9 [Uimp] Tensi\u00f3n asignada de resistencia a los choques: 4 kV conforme a EN\/IEC 60947-1 y EN\/IEC 60664-1 Reloj donde: Tiempo respuesta: 50 ms con Ladder programaci\u00f3n (de estado 0 a estado 1) para entrada digital. 50 ms con Ladder programaci\u00f3n (de estado 1 a estado 0) para entrada digital. 50...255 ms con FBD programaci\u00f3n (de estado 0 a estado 1) para entrada digital 50...255 ms con FBD programaci\u00f3n (de estado 1 a estado 0) para entrada digital 10 ms (de estado 0 a estado 1) para salida de rel\u00e9. 5 ms (de estado 1 a estado 0) para Salida de rel\u00e9 Conexiones - terminales: -Termin. tornillo, 1 x 0,2...1 x 2,5 mm\u00b2 (AWG 25 ... AWG 14) semi-s\u00f3lido -Termin. tornillo, 1 x 0,2...1 x 2,5 mm\u00b2 (AWG 25 ... AWG 14) s\u00f3lido -Termin. tornillo, 1 x 0,25...1 x 2.5 mm\u00b2 (AWG 24 ... AWG 14) flexible con extr. cable -Termin. tornillo, 2 x 0,2...2 x 1,5 mm\u00b2 (AWG 24 ... AWG 16) s\u00f3lido -Termin. tornillo, de 2 x 0,25 a 2 x 0,75 mm\u00b2 (AWG 24 ... AWG 18) flexible con extr. cable Par de apriete: 0,5 N.m  Rel\u00e9 inteligente modular expandible, ideal para automatizaci\u00f3n industrial. Ofrece flexibilidad, f\u00e1cil integraci\u00f3n y control eficiente, mejorando la productividad y reduciendo costos operativos.","og_url":"https:\/\/tienda.rigelec.com.ar\/?product=rele-controlador-logico-programable-zelio-logic-100-240v-i6-q4","og_site_name":"Tienda Rigelec","article_modified_time":"2026-05-01T06:34:48+00:00","twitter_card":"summary_large_image","schema":{"@context":"https:\/\/schema.org","@graph":[{"@type":"WebPage","@id":"https:\/\/tienda.rigelec.com.ar\/?product=rele-controlador-logico-programable-zelio-logic-100-240v-i6-q4","url":"https:\/\/tienda.rigelec.com.ar\/?product=rele-controlador-logico-programable-zelio-logic-100-240v-i6-q4","name":"RELE CONTROLADOR LOGICO PROGRAMABLE ZELIO LOGIC 100 - 240V I6-Q4 - Tienda Rigelec","isPartOf":{"@id":"https:\/\/tienda.rigelec.com.ar\/#website"},"primaryImageOfPage":{"@id":"https:\/\/tienda.rigelec.com.ar\/?product=rele-controlador-logico-programable-zelio-logic-100-240v-i6-q4#primaryimage"},"image":{"@id":"https:\/\/tienda.rigelec.com.ar\/?product=rele-controlador-logico-programable-zelio-logic-100-240v-i6-q4#primaryimage"},"thumbnailUrl":"https:\/\/tienda.rigelec.com.ar\/wp-content\/uploads\/2025\/12\/RELECONTROLADORLOGICOPROGRAMABLE.jpg","datePublished":"2025-12-04T19:25:07+00:00","dateModified":"2026-05-01T06:34:48+00:00","breadcrumb":{"@id":"https:\/\/tienda.rigelec.com.ar\/?product=rele-controlador-logico-programable-zelio-logic-100-240v-i6-q4#breadcrumb"},"inLanguage":"es-AR","potentialAction":[{"@type":"ReadAction","target":["https:\/\/tienda.rigelec.com.ar\/?product=rele-controlador-logico-programable-zelio-logic-100-240v-i6-q4"]}]},{"@type":"ImageObject","inLanguage":"es-AR","@id":"https:\/\/tienda.rigelec.com.ar\/?product=rele-controlador-logico-programable-zelio-logic-100-240v-i6-q4#primaryimage","url":"https:\/\/tienda.rigelec.com.ar\/wp-content\/uploads\/2025\/12\/RELECONTROLADORLOGICOPROGRAMABLE.jpg","contentUrl":"https:\/\/tienda.rigelec.com.ar\/wp-content\/uploads\/2025\/12\/RELECONTROLADORLOGICOPROGRAMABLE.jpg","width":600,"height":600},{"@type":"BreadcrumbList","@id":"https:\/\/tienda.rigelec.com.ar\/?product=rele-controlador-logico-programable-zelio-logic-100-240v-i6-q4#breadcrumb","itemListElement":[{"@type":"ListItem","position":1,"name":"Inicio","item":"https:\/\/tienda.rigelec.com.ar\/"},{"@type":"ListItem","position":2,"name":"Shop","item":"https:\/\/tienda.rigelec.com.ar\/?page_id=12"},{"@type":"ListItem","position":3,"name":"RELE CONTROLADOR LOGICO PROGRAMABLE ZELIO LOGIC 100 &#8211; 240V I6-Q4"}]},{"@type":"WebSite","@id":"https:\/\/tienda.rigelec.com.ar\/#website","url":"https:\/\/tienda.rigelec.com.ar\/","name":"Tienda Rigelec","description":"Energia en movimiento","publisher":{"@id":"https:\/\/tienda.rigelec.com.ar\/#organization"},"potentialAction":[{"@type":"SearchAction","target":{"@type":"EntryPoint","urlTemplate":"https:\/\/tienda.rigelec.com.ar\/?s={search_term_string}"},"query-input":{"@type":"PropertyValueSpecification","valueRequired":true,"valueName":"search_term_string"}}],"inLanguage":"es-AR"},{"@type":"Organization","@id":"https:\/\/tienda.rigelec.com.ar\/#organization","name":"Tienda Rigelec","url":"https:\/\/tienda.rigelec.com.ar\/","logo":{"@type":"ImageObject","inLanguage":"es-AR","@id":"https:\/\/tienda.rigelec.com.ar\/#\/schema\/logo\/image\/","url":"https:\/\/tienda.rigelec.com.ar\/wp-content\/uploads\/2024\/09\/isologo-blanco-rigelec.png","contentUrl":"https:\/\/tienda.rigelec.com.ar\/wp-content\/uploads\/2024\/09\/isologo-blanco-rigelec.png","width":94,"height":97,"caption":"Tienda Rigelec"},"image":{"@id":"https:\/\/tienda.rigelec.com.ar\/#\/schema\/logo\/image\/"}}]}},"jetpack_sharing_enabled":true,"_links":{"self":[{"href":"https:\/\/tienda.rigelec.com.ar\/index.php?rest_route=\/wp\/v2\/product\/35803","targetHints":{"allow":["GET"]}}],"collection":[{"href":"https:\/\/tienda.rigelec.com.ar\/index.php?rest_route=\/wp\/v2\/product"}],"about":[{"href":"https:\/\/tienda.rigelec.com.ar\/index.php?rest_route=\/wp\/v2\/types\/product"}],"replies":[{"embeddable":true,"href":"https:\/\/tienda.rigelec.com.ar\/index.php?rest_route=%2Fwp%2Fv2%2Fcomments&post=35803"}],"wp:featuredmedia":[{"embeddable":true,"href":"https:\/\/tienda.rigelec.com.ar\/index.php?rest_route=\/wp\/v2\/media\/35804"}],"wp:attachment":[{"href":"https:\/\/tienda.rigelec.com.ar\/index.php?rest_route=%2Fwp%2Fv2%2Fmedia&parent=35803"}],"wp:term":[{"taxonomy":"product_brand","embeddable":true,"href":"https:\/\/tienda.rigelec.com.ar\/index.php?rest_route=%2Fwp%2Fv2%2Fproduct_brand&post=35803"},{"taxonomy":"product_cat","embeddable":true,"href":"https:\/\/tienda.rigelec.com.ar\/index.php?rest_route=%2Fwp%2Fv2%2Fproduct_cat&post=35803"},{"taxonomy":"product_tag","embeddable":true,"href":"https:\/\/tienda.rigelec.com.ar\/index.php?rest_route=%2Fwp%2Fv2%2Fproduct_tag&post=35803"}],"curies":[{"name":"wp","href":"https:\/\/api.w.org\/{rel}","templated":true}]}}