{"id":35844,"date":"2025-12-10T20:20:58","date_gmt":"2025-12-10T23:20:58","guid":{"rendered":"https:\/\/tienda.rigelec.com.ar\/?product=ventilador-de-techo-4-palas-metalico-410-blanco-1200mm"},"modified":"2026-05-01T00:30:41","modified_gmt":"2026-05-01T03:30:41","slug":"ventilador-de-techo-4-palas-metalico-410-blanco-1200mm","status":"publish","type":"product","link":"https:\/\/tienda.rigelec.com.ar\/?product=ventilador-de-techo-4-palas-metalico-410-blanco-1200mm","title":{"rendered":"VENTILADOR DE TECHO 4 PALAS METALICO 410 BLANCO 1200MM"},"content":{"rendered":"<p>VENTILADOR DE TECHO 4 PALAS METALICO<\/p>\n","protected":false},"excerpt":{"rendered":"<p>Monof\u00e1sico 220v, 50 Hertz, potencia 90Watts, a inducci\u00f3n con capacitor permanente de 2,5 uF.<br \/>\nInyectado de aluminio. Bobinado sobre estator de 17mm, rotor externo de 17mm.<br \/>\nMontado sobre 2 rodamientos blindados especialmente dise\u00f1ados para ventiladores de techo<\/p>\n<p>REGULADOR DE VELOCIDAD :<br \/>\n5 velocidades de giro. MAX:250 RPM, M\u00cdN: 80 RPM<br \/>\nCon interruptor para iluminaci\u00f3n y adaptable para embutir en caja de luz.<\/p>\n<p>CUERPO:<br \/>\nCarcaza motor de metal pintado con pintura termoconvertible.<br \/>\nCono y flor\u00f3n pl\u00e1stico.<br \/>\nBarral de sujeci\u00f3n de ca\u00f1o pintado. Longitud est\u00e1ndar: 25cm. Opcional 50cm &#8211; 100cm.<br \/>\nOpciones de color: Blanco &#8211; Marr\u00f3n &#8211; Negro.<br \/>\nDiametro de giro: 1.20m<br \/>\nAdapdatable para luminaria.<\/p>\n<p>ASPAS:<br \/>\n4 aspas met\u00e1licas pintadas con pintura termoconvertible<br \/>\nMontadas al motor con portapalas met\u00e1licos Pintados.<\/p>\n<p>DIAMETRO DE GIRO:<\/p>\n<p>1.20m adaptable para cualquier tipo de luminaria.<\/p>\n","protected":false},"featured_media":35845,"comment_status":"open","ping_status":"closed","template":"","meta":{"_monsterinsights_skip_tracking":false,"_monsterinsights_sitenote_active":false,"_monsterinsights_sitenote_note":"","_monsterinsights_sitenote_category":0},"product_brand":[],"product_cat":[330],"product_tag":[513],"class_list":{"0":"post-35844","1":"product","2":"type-product","3":"status-publish","4":"has-post-thumbnail","6":"product_cat-a-techo","7":"product_tag-emilux","9":"first","10":"instock","11":"shipping-taxable","12":"purchasable","13":"product-type-simple"},"yoast_head":"<!-- This site is optimized with the Yoast SEO plugin v25.3.1 - https:\/\/yoast.com\/wordpress\/plugins\/seo\/ -->\n<title>VENTILADOR DE TECHO 4 PALAS METALICO 410 BLANCO 1200MM - Tienda Rigelec<\/title>\n<meta name=\"robots\" content=\"index, follow, max-snippet:-1, max-image-preview:large, max-video-preview:-1\" \/>\n<link rel=\"canonical\" href=\"https:\/\/tienda.rigelec.com.ar\/?product=ventilador-de-techo-4-palas-metalico-410-blanco-1200mm\" \/>\n<meta property=\"og:locale\" content=\"es_ES\" \/>\n<meta property=\"og:type\" content=\"article\" \/>\n<meta property=\"og:title\" content=\"VENTILADOR DE TECHO 4 PALAS METALICO 410 BLANCO 1200MM - Tienda Rigelec\" \/>\n<meta property=\"og:description\" content=\"Monof\u00e1sico 220v, 50 Hertz, potencia 90Watts, a inducci\u00f3n con capacitor permanente de 2,5 uF. Inyectado de aluminio. Bobinado sobre estator de 17mm, rotor externo de 17mm. Montado sobre 2 rodamientos blindados especialmente dise\u00f1ados para ventiladores de techo  REGULADOR DE VELOCIDAD : 5 velocidades de giro. MAX:250 RPM, M\u00cdN: 80 RPM Con interruptor para iluminaci\u00f3n y adaptable para embutir en caja de luz.  CUERPO: Carcaza motor de metal pintado con pintura termoconvertible. Cono y flor\u00f3n pl\u00e1stico. Barral de sujeci\u00f3n de ca\u00f1o pintado. Longitud est\u00e1ndar: 25cm. Opcional 50cm - 100cm. Opciones de color: Blanco - Marr\u00f3n - Negro. Diametro de giro: 1.20m Adapdatable para luminaria.  ASPAS: 4 aspas met\u00e1licas pintadas con pintura termoconvertible Montadas al motor con portapalas met\u00e1licos Pintados.  DIAMETRO DE GIRO:  1.20m adaptable para cualquier tipo de luminaria.\" \/>\n<meta property=\"og:url\" content=\"https:\/\/tienda.rigelec.com.ar\/?product=ventilador-de-techo-4-palas-metalico-410-blanco-1200mm\" \/>\n<meta property=\"og:site_name\" content=\"Tienda Rigelec\" \/>\n<meta property=\"article:modified_time\" content=\"2026-05-01T03:30:41+00:00\" \/>\n<meta name=\"twitter:card\" content=\"summary_large_image\" \/>\n<script type=\"application\/ld+json\" class=\"yoast-schema-graph\">{\"@context\":\"https:\/\/schema.org\",\"@graph\":[{\"@type\":\"WebPage\",\"@id\":\"https:\/\/tienda.rigelec.com.ar\/?product=ventilador-de-techo-4-palas-metalico-410-blanco-1200mm\",\"url\":\"https:\/\/tienda.rigelec.com.ar\/?product=ventilador-de-techo-4-palas-metalico-410-blanco-1200mm\",\"name\":\"VENTILADOR DE TECHO 4 PALAS METALICO 410 BLANCO 1200MM - Tienda Rigelec\",\"isPartOf\":{\"@id\":\"https:\/\/tienda.rigelec.com.ar\/#website\"},\"primaryImageOfPage\":{\"@id\":\"https:\/\/tienda.rigelec.com.ar\/?product=ventilador-de-techo-4-palas-metalico-410-blanco-1200mm#primaryimage\"},\"image\":{\"@id\":\"https:\/\/tienda.rigelec.com.ar\/?product=ventilador-de-techo-4-palas-metalico-410-blanco-1200mm#primaryimage\"},\"thumbnailUrl\":\"https:\/\/tienda.rigelec.com.ar\/wp-content\/uploads\/2025\/12\/VENTILADORDETECHO4PALASMETALICO.jpg\",\"datePublished\":\"2025-12-10T23:20:58+00:00\",\"dateModified\":\"2026-05-01T03:30:41+00:00\",\"breadcrumb\":{\"@id\":\"https:\/\/tienda.rigelec.com.ar\/?product=ventilador-de-techo-4-palas-metalico-410-blanco-1200mm#breadcrumb\"},\"inLanguage\":\"es-AR\",\"potentialAction\":[{\"@type\":\"ReadAction\",\"target\":[\"https:\/\/tienda.rigelec.com.ar\/?product=ventilador-de-techo-4-palas-metalico-410-blanco-1200mm\"]}]},{\"@type\":\"ImageObject\",\"inLanguage\":\"es-AR\",\"@id\":\"https:\/\/tienda.rigelec.com.ar\/?product=ventilador-de-techo-4-palas-metalico-410-blanco-1200mm#primaryimage\",\"url\":\"https:\/\/tienda.rigelec.com.ar\/wp-content\/uploads\/2025\/12\/VENTILADORDETECHO4PALASMETALICO.jpg\",\"contentUrl\":\"https:\/\/tienda.rigelec.com.ar\/wp-content\/uploads\/2025\/12\/VENTILADORDETECHO4PALASMETALICO.jpg\",\"width\":1600,\"height\":1600},{\"@type\":\"BreadcrumbList\",\"@id\":\"https:\/\/tienda.rigelec.com.ar\/?product=ventilador-de-techo-4-palas-metalico-410-blanco-1200mm#breadcrumb\",\"itemListElement\":[{\"@type\":\"ListItem\",\"position\":1,\"name\":\"Inicio\",\"item\":\"https:\/\/tienda.rigelec.com.ar\/\"},{\"@type\":\"ListItem\",\"position\":2,\"name\":\"Shop\",\"item\":\"https:\/\/tienda.rigelec.com.ar\/?page_id=12\"},{\"@type\":\"ListItem\",\"position\":3,\"name\":\"VENTILADOR DE TECHO 4 PALAS METALICO 410 BLANCO 1200MM\"}]},{\"@type\":\"WebSite\",\"@id\":\"https:\/\/tienda.rigelec.com.ar\/#website\",\"url\":\"https:\/\/tienda.rigelec.com.ar\/\",\"name\":\"Tienda Rigelec\",\"description\":\"Energia en movimiento\",\"publisher\":{\"@id\":\"https:\/\/tienda.rigelec.com.ar\/#organization\"},\"potentialAction\":[{\"@type\":\"SearchAction\",\"target\":{\"@type\":\"EntryPoint\",\"urlTemplate\":\"https:\/\/tienda.rigelec.com.ar\/?s={search_term_string}\"},\"query-input\":{\"@type\":\"PropertyValueSpecification\",\"valueRequired\":true,\"valueName\":\"search_term_string\"}}],\"inLanguage\":\"es-AR\"},{\"@type\":\"Organization\",\"@id\":\"https:\/\/tienda.rigelec.com.ar\/#organization\",\"name\":\"Tienda Rigelec\",\"url\":\"https:\/\/tienda.rigelec.com.ar\/\",\"logo\":{\"@type\":\"ImageObject\",\"inLanguage\":\"es-AR\",\"@id\":\"https:\/\/tienda.rigelec.com.ar\/#\/schema\/logo\/image\/\",\"url\":\"https:\/\/tienda.rigelec.com.ar\/wp-content\/uploads\/2024\/09\/isologo-blanco-rigelec.png\",\"contentUrl\":\"https:\/\/tienda.rigelec.com.ar\/wp-content\/uploads\/2024\/09\/isologo-blanco-rigelec.png\",\"width\":94,\"height\":97,\"caption\":\"Tienda Rigelec\"},\"image\":{\"@id\":\"https:\/\/tienda.rigelec.com.ar\/#\/schema\/logo\/image\/\"}}]}<\/script>\n<!-- \/ Yoast SEO plugin. -->","yoast_head_json":{"title":"VENTILADOR DE TECHO 4 PALAS METALICO 410 BLANCO 1200MM - Tienda Rigelec","robots":{"index":"index","follow":"follow","max-snippet":"max-snippet:-1","max-image-preview":"max-image-preview:large","max-video-preview":"max-video-preview:-1"},"canonical":"https:\/\/tienda.rigelec.com.ar\/?product=ventilador-de-techo-4-palas-metalico-410-blanco-1200mm","og_locale":"es_ES","og_type":"article","og_title":"VENTILADOR DE TECHO 4 PALAS METALICO 410 BLANCO 1200MM - Tienda Rigelec","og_description":"Monof\u00e1sico 220v, 50 Hertz, potencia 90Watts, a inducci\u00f3n con capacitor permanente de 2,5 uF. Inyectado de aluminio. Bobinado sobre estator de 17mm, rotor externo de 17mm. Montado sobre 2 rodamientos blindados especialmente dise\u00f1ados para ventiladores de techo  REGULADOR DE VELOCIDAD : 5 velocidades de giro. MAX:250 RPM, M\u00cdN: 80 RPM Con interruptor para iluminaci\u00f3n y adaptable para embutir en caja de luz.  CUERPO: Carcaza motor de metal pintado con pintura termoconvertible. Cono y flor\u00f3n pl\u00e1stico. Barral de sujeci\u00f3n de ca\u00f1o pintado. Longitud est\u00e1ndar: 25cm. Opcional 50cm - 100cm. Opciones de color: Blanco - Marr\u00f3n - Negro. Diametro de giro: 1.20m Adapdatable para luminaria.  ASPAS: 4 aspas met\u00e1licas pintadas con pintura termoconvertible Montadas al motor con portapalas met\u00e1licos Pintados.  DIAMETRO DE GIRO:  1.20m adaptable para cualquier tipo de luminaria.","og_url":"https:\/\/tienda.rigelec.com.ar\/?product=ventilador-de-techo-4-palas-metalico-410-blanco-1200mm","og_site_name":"Tienda Rigelec","article_modified_time":"2026-05-01T03:30:41+00:00","twitter_card":"summary_large_image","schema":{"@context":"https:\/\/schema.org","@graph":[{"@type":"WebPage","@id":"https:\/\/tienda.rigelec.com.ar\/?product=ventilador-de-techo-4-palas-metalico-410-blanco-1200mm","url":"https:\/\/tienda.rigelec.com.ar\/?product=ventilador-de-techo-4-palas-metalico-410-blanco-1200mm","name":"VENTILADOR DE TECHO 4 PALAS METALICO 410 BLANCO 1200MM - Tienda Rigelec","isPartOf":{"@id":"https:\/\/tienda.rigelec.com.ar\/#website"},"primaryImageOfPage":{"@id":"https:\/\/tienda.rigelec.com.ar\/?product=ventilador-de-techo-4-palas-metalico-410-blanco-1200mm#primaryimage"},"image":{"@id":"https:\/\/tienda.rigelec.com.ar\/?product=ventilador-de-techo-4-palas-metalico-410-blanco-1200mm#primaryimage"},"thumbnailUrl":"https:\/\/tienda.rigelec.com.ar\/wp-content\/uploads\/2025\/12\/VENTILADORDETECHO4PALASMETALICO.jpg","datePublished":"2025-12-10T23:20:58+00:00","dateModified":"2026-05-01T03:30:41+00:00","breadcrumb":{"@id":"https:\/\/tienda.rigelec.com.ar\/?product=ventilador-de-techo-4-palas-metalico-410-blanco-1200mm#breadcrumb"},"inLanguage":"es-AR","potentialAction":[{"@type":"ReadAction","target":["https:\/\/tienda.rigelec.com.ar\/?product=ventilador-de-techo-4-palas-metalico-410-blanco-1200mm"]}]},{"@type":"ImageObject","inLanguage":"es-AR","@id":"https:\/\/tienda.rigelec.com.ar\/?product=ventilador-de-techo-4-palas-metalico-410-blanco-1200mm#primaryimage","url":"https:\/\/tienda.rigelec.com.ar\/wp-content\/uploads\/2025\/12\/VENTILADORDETECHO4PALASMETALICO.jpg","contentUrl":"https:\/\/tienda.rigelec.com.ar\/wp-content\/uploads\/2025\/12\/VENTILADORDETECHO4PALASMETALICO.jpg","width":1600,"height":1600},{"@type":"BreadcrumbList","@id":"https:\/\/tienda.rigelec.com.ar\/?product=ventilador-de-techo-4-palas-metalico-410-blanco-1200mm#breadcrumb","itemListElement":[{"@type":"ListItem","position":1,"name":"Inicio","item":"https:\/\/tienda.rigelec.com.ar\/"},{"@type":"ListItem","position":2,"name":"Shop","item":"https:\/\/tienda.rigelec.com.ar\/?page_id=12"},{"@type":"ListItem","position":3,"name":"VENTILADOR DE TECHO 4 PALAS METALICO 410 BLANCO 1200MM"}]},{"@type":"WebSite","@id":"https:\/\/tienda.rigelec.com.ar\/#website","url":"https:\/\/tienda.rigelec.com.ar\/","name":"Tienda Rigelec","description":"Energia en movimiento","publisher":{"@id":"https:\/\/tienda.rigelec.com.ar\/#organization"},"potentialAction":[{"@type":"SearchAction","target":{"@type":"EntryPoint","urlTemplate":"https:\/\/tienda.rigelec.com.ar\/?s={search_term_string}"},"query-input":{"@type":"PropertyValueSpecification","valueRequired":true,"valueName":"search_term_string"}}],"inLanguage":"es-AR"},{"@type":"Organization","@id":"https:\/\/tienda.rigelec.com.ar\/#organization","name":"Tienda Rigelec","url":"https:\/\/tienda.rigelec.com.ar\/","logo":{"@type":"ImageObject","inLanguage":"es-AR","@id":"https:\/\/tienda.rigelec.com.ar\/#\/schema\/logo\/image\/","url":"https:\/\/tienda.rigelec.com.ar\/wp-content\/uploads\/2024\/09\/isologo-blanco-rigelec.png","contentUrl":"https:\/\/tienda.rigelec.com.ar\/wp-content\/uploads\/2024\/09\/isologo-blanco-rigelec.png","width":94,"height":97,"caption":"Tienda Rigelec"},"image":{"@id":"https:\/\/tienda.rigelec.com.ar\/#\/schema\/logo\/image\/"}}]}},"jetpack_sharing_enabled":true,"_links":{"self":[{"href":"https:\/\/tienda.rigelec.com.ar\/index.php?rest_route=\/wp\/v2\/product\/35844","targetHints":{"allow":["GET"]}}],"collection":[{"href":"https:\/\/tienda.rigelec.com.ar\/index.php?rest_route=\/wp\/v2\/product"}],"about":[{"href":"https:\/\/tienda.rigelec.com.ar\/index.php?rest_route=\/wp\/v2\/types\/product"}],"replies":[{"embeddable":true,"href":"https:\/\/tienda.rigelec.com.ar\/index.php?rest_route=%2Fwp%2Fv2%2Fcomments&post=35844"}],"wp:featuredmedia":[{"embeddable":true,"href":"https:\/\/tienda.rigelec.com.ar\/index.php?rest_route=\/wp\/v2\/media\/35845"}],"wp:attachment":[{"href":"https:\/\/tienda.rigelec.com.ar\/index.php?rest_route=%2Fwp%2Fv2%2Fmedia&parent=35844"}],"wp:term":[{"taxonomy":"product_brand","embeddable":true,"href":"https:\/\/tienda.rigelec.com.ar\/index.php?rest_route=%2Fwp%2Fv2%2Fproduct_brand&post=35844"},{"taxonomy":"product_cat","embeddable":true,"href":"https:\/\/tienda.rigelec.com.ar\/index.php?rest_route=%2Fwp%2Fv2%2Fproduct_cat&post=35844"},{"taxonomy":"product_tag","embeddable":true,"href":"https:\/\/tienda.rigelec.com.ar\/index.php?rest_route=%2Fwp%2Fv2%2Fproduct_tag&post=35844"}],"curies":[{"name":"wp","href":"https:\/\/api.w.org\/{rel}","templated":true}]}}