{"id":35870,"date":"2025-12-11T12:09:02","date_gmt":"2025-12-11T15:09:02","guid":{"rendered":"https:\/\/tienda.rigelec.com.ar\/?product=bloque-contactos-auxiliares-harmony-xb4-1-nc"},"modified":"2026-05-01T03:37:09","modified_gmt":"2026-05-01T06:37:09","slug":"bloque-contactos-auxiliares-harmony-xb4-1-nc","status":"publish","type":"product","link":"https:\/\/tienda.rigelec.com.ar\/?product=bloque-contactos-auxiliares-harmony-xb4-1-nc","title":{"rendered":"BLOQUE CONTACTOS AUXILIARES HARMONY XB4 1 NC"},"content":{"rendered":"<p>BLOQUE CONTACTOS AUXILIARES<\/p>\n","protected":false},"excerpt":{"rendered":"<p>Este bloque de contacto de Harmony ZB utiliza terminales de abrazadera de tornillo. Este bloque de contactos permite reemplazar y configurar sus pulsadores y selectores de forma r\u00e1pida y sencilla. Se instala y sustituye f\u00e1cilmente en unidades de pulsador completas XB4 o XB5 e interruptores de selecci\u00f3n mediante un conjunto de clips y se conecta a circuitos de control con sencillas conexiones de abrazadera de tornillo. Protege a los operadores de contactos inesperados con circuitos en directo gracias a su \u00edndice de protecci\u00f3n IP2. Un mill\u00f3n de ciclos de alta resistencia por debajo de la carga 6A permite menos mantenimiento y da\u00f1os en su instalaci\u00f3n. Dispone de una clara combinaci\u00f3n de colores. Los terminales de conexi\u00f3n de la abrazadera de tornillo resistentes a la vibraci\u00f3n garantizan una alta resistencia a las vibraciones, por lo que el producto resulta adecuado para su instalaci\u00f3n en m\u00e1quinas de alto impacto.<\/p>\n","protected":false},"featured_media":35871,"comment_status":"open","ping_status":"closed","template":"","meta":{"_monsterinsights_skip_tracking":false,"_monsterinsights_sitenote_active":false,"_monsterinsights_sitenote_note":"","_monsterinsights_sitenote_category":0},"product_brand":[],"product_cat":[332],"product_tag":[450],"class_list":{"0":"post-35870","1":"product","2":"type-product","3":"status-publish","4":"has-post-thumbnail","6":"product_cat-a-contactores","7":"product_tag-schneider","9":"first","10":"outofstock","11":"shipping-taxable","12":"purchasable","13":"product-type-simple"},"yoast_head":"<!-- This site is optimized with the Yoast SEO plugin v25.3.1 - https:\/\/yoast.com\/wordpress\/plugins\/seo\/ -->\n<title>BLOQUE CONTACTOS AUXILIARES HARMONY XB4 1 NC - Tienda Rigelec<\/title>\n<meta name=\"robots\" content=\"index, follow, max-snippet:-1, max-image-preview:large, max-video-preview:-1\" \/>\n<link rel=\"canonical\" href=\"https:\/\/tienda.rigelec.com.ar\/?product=bloque-contactos-auxiliares-harmony-xb4-1-nc\" \/>\n<meta property=\"og:locale\" content=\"es_ES\" \/>\n<meta property=\"og:type\" content=\"article\" \/>\n<meta property=\"og:title\" content=\"BLOQUE CONTACTOS AUXILIARES HARMONY XB4 1 NC - Tienda Rigelec\" \/>\n<meta property=\"og:description\" content=\"Este bloque de contacto de Harmony ZB utiliza terminales de abrazadera de tornillo. Este bloque de contactos permite reemplazar y configurar sus pulsadores y selectores de forma r\u00e1pida y sencilla. Se instala y sustituye f\u00e1cilmente en unidades de pulsador completas XB4 o XB5 e interruptores de selecci\u00f3n mediante un conjunto de clips y se conecta a circuitos de control con sencillas conexiones de abrazadera de tornillo. Protege a los operadores de contactos inesperados con circuitos en directo gracias a su \u00edndice de protecci\u00f3n IP2. Un mill\u00f3n de ciclos de alta resistencia por debajo de la carga 6A permite menos mantenimiento y da\u00f1os en su instalaci\u00f3n. Dispone de una clara combinaci\u00f3n de colores. Los terminales de conexi\u00f3n de la abrazadera de tornillo resistentes a la vibraci\u00f3n garantizan una alta resistencia a las vibraciones, por lo que el producto resulta adecuado para su instalaci\u00f3n en m\u00e1quinas de alto impacto.\" \/>\n<meta property=\"og:url\" content=\"https:\/\/tienda.rigelec.com.ar\/?product=bloque-contactos-auxiliares-harmony-xb4-1-nc\" \/>\n<meta property=\"og:site_name\" content=\"Tienda Rigelec\" \/>\n<meta property=\"article:modified_time\" content=\"2026-05-01T06:37:09+00:00\" \/>\n<meta name=\"twitter:card\" content=\"summary_large_image\" \/>\n<script type=\"application\/ld+json\" class=\"yoast-schema-graph\">{\"@context\":\"https:\/\/schema.org\",\"@graph\":[{\"@type\":\"WebPage\",\"@id\":\"https:\/\/tienda.rigelec.com.ar\/?product=bloque-contactos-auxiliares-harmony-xb4-1-nc\",\"url\":\"https:\/\/tienda.rigelec.com.ar\/?product=bloque-contactos-auxiliares-harmony-xb4-1-nc\",\"name\":\"BLOQUE CONTACTOS AUXILIARES HARMONY XB4 1 NC - Tienda Rigelec\",\"isPartOf\":{\"@id\":\"https:\/\/tienda.rigelec.com.ar\/#website\"},\"primaryImageOfPage\":{\"@id\":\"https:\/\/tienda.rigelec.com.ar\/?product=bloque-contactos-auxiliares-harmony-xb4-1-nc#primaryimage\"},\"image\":{\"@id\":\"https:\/\/tienda.rigelec.com.ar\/?product=bloque-contactos-auxiliares-harmony-xb4-1-nc#primaryimage\"},\"thumbnailUrl\":\"https:\/\/tienda.rigelec.com.ar\/wp-content\/uploads\/2025\/12\/BLOQUECONTACTOSAUXILIARES-1.jpg\",\"datePublished\":\"2025-12-11T15:09:02+00:00\",\"dateModified\":\"2026-05-01T06:37:09+00:00\",\"breadcrumb\":{\"@id\":\"https:\/\/tienda.rigelec.com.ar\/?product=bloque-contactos-auxiliares-harmony-xb4-1-nc#breadcrumb\"},\"inLanguage\":\"es-AR\",\"potentialAction\":[{\"@type\":\"ReadAction\",\"target\":[\"https:\/\/tienda.rigelec.com.ar\/?product=bloque-contactos-auxiliares-harmony-xb4-1-nc\"]}]},{\"@type\":\"ImageObject\",\"inLanguage\":\"es-AR\",\"@id\":\"https:\/\/tienda.rigelec.com.ar\/?product=bloque-contactos-auxiliares-harmony-xb4-1-nc#primaryimage\",\"url\":\"https:\/\/tienda.rigelec.com.ar\/wp-content\/uploads\/2025\/12\/BLOQUECONTACTOSAUXILIARES-1.jpg\",\"contentUrl\":\"https:\/\/tienda.rigelec.com.ar\/wp-content\/uploads\/2025\/12\/BLOQUECONTACTOSAUXILIARES-1.jpg\",\"width\":1080,\"height\":1080},{\"@type\":\"BreadcrumbList\",\"@id\":\"https:\/\/tienda.rigelec.com.ar\/?product=bloque-contactos-auxiliares-harmony-xb4-1-nc#breadcrumb\",\"itemListElement\":[{\"@type\":\"ListItem\",\"position\":1,\"name\":\"Inicio\",\"item\":\"https:\/\/tienda.rigelec.com.ar\/\"},{\"@type\":\"ListItem\",\"position\":2,\"name\":\"Shop\",\"item\":\"https:\/\/tienda.rigelec.com.ar\/?page_id=12\"},{\"@type\":\"ListItem\",\"position\":3,\"name\":\"BLOQUE CONTACTOS AUXILIARES HARMONY XB4 1 NC\"}]},{\"@type\":\"WebSite\",\"@id\":\"https:\/\/tienda.rigelec.com.ar\/#website\",\"url\":\"https:\/\/tienda.rigelec.com.ar\/\",\"name\":\"Tienda Rigelec\",\"description\":\"Energia en movimiento\",\"publisher\":{\"@id\":\"https:\/\/tienda.rigelec.com.ar\/#organization\"},\"potentialAction\":[{\"@type\":\"SearchAction\",\"target\":{\"@type\":\"EntryPoint\",\"urlTemplate\":\"https:\/\/tienda.rigelec.com.ar\/?s={search_term_string}\"},\"query-input\":{\"@type\":\"PropertyValueSpecification\",\"valueRequired\":true,\"valueName\":\"search_term_string\"}}],\"inLanguage\":\"es-AR\"},{\"@type\":\"Organization\",\"@id\":\"https:\/\/tienda.rigelec.com.ar\/#organization\",\"name\":\"Tienda Rigelec\",\"url\":\"https:\/\/tienda.rigelec.com.ar\/\",\"logo\":{\"@type\":\"ImageObject\",\"inLanguage\":\"es-AR\",\"@id\":\"https:\/\/tienda.rigelec.com.ar\/#\/schema\/logo\/image\/\",\"url\":\"https:\/\/tienda.rigelec.com.ar\/wp-content\/uploads\/2024\/09\/isologo-blanco-rigelec.png\",\"contentUrl\":\"https:\/\/tienda.rigelec.com.ar\/wp-content\/uploads\/2024\/09\/isologo-blanco-rigelec.png\",\"width\":94,\"height\":97,\"caption\":\"Tienda Rigelec\"},\"image\":{\"@id\":\"https:\/\/tienda.rigelec.com.ar\/#\/schema\/logo\/image\/\"}}]}<\/script>\n<!-- \/ Yoast SEO plugin. -->","yoast_head_json":{"title":"BLOQUE CONTACTOS AUXILIARES HARMONY XB4 1 NC - Tienda Rigelec","robots":{"index":"index","follow":"follow","max-snippet":"max-snippet:-1","max-image-preview":"max-image-preview:large","max-video-preview":"max-video-preview:-1"},"canonical":"https:\/\/tienda.rigelec.com.ar\/?product=bloque-contactos-auxiliares-harmony-xb4-1-nc","og_locale":"es_ES","og_type":"article","og_title":"BLOQUE CONTACTOS AUXILIARES HARMONY XB4 1 NC - Tienda Rigelec","og_description":"Este bloque de contacto de Harmony ZB utiliza terminales de abrazadera de tornillo. Este bloque de contactos permite reemplazar y configurar sus pulsadores y selectores de forma r\u00e1pida y sencilla. Se instala y sustituye f\u00e1cilmente en unidades de pulsador completas XB4 o XB5 e interruptores de selecci\u00f3n mediante un conjunto de clips y se conecta a circuitos de control con sencillas conexiones de abrazadera de tornillo. Protege a los operadores de contactos inesperados con circuitos en directo gracias a su \u00edndice de protecci\u00f3n IP2. Un mill\u00f3n de ciclos de alta resistencia por debajo de la carga 6A permite menos mantenimiento y da\u00f1os en su instalaci\u00f3n. Dispone de una clara combinaci\u00f3n de colores. Los terminales de conexi\u00f3n de la abrazadera de tornillo resistentes a la vibraci\u00f3n garantizan una alta resistencia a las vibraciones, por lo que el producto resulta adecuado para su instalaci\u00f3n en m\u00e1quinas de alto impacto.","og_url":"https:\/\/tienda.rigelec.com.ar\/?product=bloque-contactos-auxiliares-harmony-xb4-1-nc","og_site_name":"Tienda Rigelec","article_modified_time":"2026-05-01T06:37:09+00:00","twitter_card":"summary_large_image","schema":{"@context":"https:\/\/schema.org","@graph":[{"@type":"WebPage","@id":"https:\/\/tienda.rigelec.com.ar\/?product=bloque-contactos-auxiliares-harmony-xb4-1-nc","url":"https:\/\/tienda.rigelec.com.ar\/?product=bloque-contactos-auxiliares-harmony-xb4-1-nc","name":"BLOQUE CONTACTOS AUXILIARES HARMONY XB4 1 NC - Tienda Rigelec","isPartOf":{"@id":"https:\/\/tienda.rigelec.com.ar\/#website"},"primaryImageOfPage":{"@id":"https:\/\/tienda.rigelec.com.ar\/?product=bloque-contactos-auxiliares-harmony-xb4-1-nc#primaryimage"},"image":{"@id":"https:\/\/tienda.rigelec.com.ar\/?product=bloque-contactos-auxiliares-harmony-xb4-1-nc#primaryimage"},"thumbnailUrl":"https:\/\/tienda.rigelec.com.ar\/wp-content\/uploads\/2025\/12\/BLOQUECONTACTOSAUXILIARES-1.jpg","datePublished":"2025-12-11T15:09:02+00:00","dateModified":"2026-05-01T06:37:09+00:00","breadcrumb":{"@id":"https:\/\/tienda.rigelec.com.ar\/?product=bloque-contactos-auxiliares-harmony-xb4-1-nc#breadcrumb"},"inLanguage":"es-AR","potentialAction":[{"@type":"ReadAction","target":["https:\/\/tienda.rigelec.com.ar\/?product=bloque-contactos-auxiliares-harmony-xb4-1-nc"]}]},{"@type":"ImageObject","inLanguage":"es-AR","@id":"https:\/\/tienda.rigelec.com.ar\/?product=bloque-contactos-auxiliares-harmony-xb4-1-nc#primaryimage","url":"https:\/\/tienda.rigelec.com.ar\/wp-content\/uploads\/2025\/12\/BLOQUECONTACTOSAUXILIARES-1.jpg","contentUrl":"https:\/\/tienda.rigelec.com.ar\/wp-content\/uploads\/2025\/12\/BLOQUECONTACTOSAUXILIARES-1.jpg","width":1080,"height":1080},{"@type":"BreadcrumbList","@id":"https:\/\/tienda.rigelec.com.ar\/?product=bloque-contactos-auxiliares-harmony-xb4-1-nc#breadcrumb","itemListElement":[{"@type":"ListItem","position":1,"name":"Inicio","item":"https:\/\/tienda.rigelec.com.ar\/"},{"@type":"ListItem","position":2,"name":"Shop","item":"https:\/\/tienda.rigelec.com.ar\/?page_id=12"},{"@type":"ListItem","position":3,"name":"BLOQUE CONTACTOS AUXILIARES HARMONY XB4 1 NC"}]},{"@type":"WebSite","@id":"https:\/\/tienda.rigelec.com.ar\/#website","url":"https:\/\/tienda.rigelec.com.ar\/","name":"Tienda Rigelec","description":"Energia en movimiento","publisher":{"@id":"https:\/\/tienda.rigelec.com.ar\/#organization"},"potentialAction":[{"@type":"SearchAction","target":{"@type":"EntryPoint","urlTemplate":"https:\/\/tienda.rigelec.com.ar\/?s={search_term_string}"},"query-input":{"@type":"PropertyValueSpecification","valueRequired":true,"valueName":"search_term_string"}}],"inLanguage":"es-AR"},{"@type":"Organization","@id":"https:\/\/tienda.rigelec.com.ar\/#organization","name":"Tienda Rigelec","url":"https:\/\/tienda.rigelec.com.ar\/","logo":{"@type":"ImageObject","inLanguage":"es-AR","@id":"https:\/\/tienda.rigelec.com.ar\/#\/schema\/logo\/image\/","url":"https:\/\/tienda.rigelec.com.ar\/wp-content\/uploads\/2024\/09\/isologo-blanco-rigelec.png","contentUrl":"https:\/\/tienda.rigelec.com.ar\/wp-content\/uploads\/2024\/09\/isologo-blanco-rigelec.png","width":94,"height":97,"caption":"Tienda Rigelec"},"image":{"@id":"https:\/\/tienda.rigelec.com.ar\/#\/schema\/logo\/image\/"}}]}},"jetpack_sharing_enabled":true,"_links":{"self":[{"href":"https:\/\/tienda.rigelec.com.ar\/index.php?rest_route=\/wp\/v2\/product\/35870","targetHints":{"allow":["GET"]}}],"collection":[{"href":"https:\/\/tienda.rigelec.com.ar\/index.php?rest_route=\/wp\/v2\/product"}],"about":[{"href":"https:\/\/tienda.rigelec.com.ar\/index.php?rest_route=\/wp\/v2\/types\/product"}],"replies":[{"embeddable":true,"href":"https:\/\/tienda.rigelec.com.ar\/index.php?rest_route=%2Fwp%2Fv2%2Fcomments&post=35870"}],"wp:featuredmedia":[{"embeddable":true,"href":"https:\/\/tienda.rigelec.com.ar\/index.php?rest_route=\/wp\/v2\/media\/35871"}],"wp:attachment":[{"href":"https:\/\/tienda.rigelec.com.ar\/index.php?rest_route=%2Fwp%2Fv2%2Fmedia&parent=35870"}],"wp:term":[{"taxonomy":"product_brand","embeddable":true,"href":"https:\/\/tienda.rigelec.com.ar\/index.php?rest_route=%2Fwp%2Fv2%2Fproduct_brand&post=35870"},{"taxonomy":"product_cat","embeddable":true,"href":"https:\/\/tienda.rigelec.com.ar\/index.php?rest_route=%2Fwp%2Fv2%2Fproduct_cat&post=35870"},{"taxonomy":"product_tag","embeddable":true,"href":"https:\/\/tienda.rigelec.com.ar\/index.php?rest_route=%2Fwp%2Fv2%2Fproduct_tag&post=35870"}],"curies":[{"name":"wp","href":"https:\/\/api.w.org\/{rel}","templated":true}]}}