{"id":35874,"date":"2025-12-11T12:09:52","date_gmt":"2025-12-11T15:09:52","guid":{"rendered":"https:\/\/tienda.rigelec.com.ar\/?product=rele-electromecanico-harmony-6-mm-6a-24vca-cc"},"modified":"2026-05-06T06:09:11","modified_gmt":"2026-05-06T09:09:11","slug":"rele-electromecanico-harmony-6-mm-6a-24vca-cc","status":"publish","type":"product","link":"https:\/\/tienda.rigelec.com.ar\/?product=rele-electromecanico-harmony-6-mm-6a-24vca-cc","title":{"rendered":"RELE ELECTROMECANICO HARMONY 6 MM &#8211; 6A &#8211; 24VCA\/CC"},"content":{"rendered":"<p>RELE ELECTROMECANICO<\/p>\n","protected":false},"excerpt":{"rendered":"<p>Este rel\u00e9 de conexi\u00f3n de interfaz delgada Harmony RSL tiene una tensi\u00f3n de control de bobina de 24 V CC y 1 SPDT de contacto de conmutaci\u00f3n (doble disparo de un polo) con una especificaci\u00f3n de 6 A. Posee una amplia selecci\u00f3n de contactos para un uso de corriente de alta intensidad nominal. Tambi\u00e9n ofrece un indicador LED y un circuito de protecci\u00f3n. Ayuda a reducir el tama\u00f1o de los armarios y a aumentar la fiabilidad de la m\u00e1quina. Puedes montar casi en cualquier lugar. Uno de los rel\u00e9s de interfaz m\u00e1s peque\u00f1os del mercado, con una anchura de 6 mm, se puede instalar casi en cualquier lugar. Es compatible con requisitos de aplicaci\u00f3n de corriente de nivel bajo o de alto poder de corte. Funcionalidad de los sistemas automatizados l\u00f3gicos cableados para complementar las funciones de los controladores l\u00f3gicos programables industriales (PLC). La pantalla de estado con LED indica claramente el d\u00eda y la noche.<\/p>\n","protected":false},"featured_media":35875,"comment_status":"open","ping_status":"closed","template":"","meta":{"_monsterinsights_skip_tracking":false,"_monsterinsights_sitenote_active":false,"_monsterinsights_sitenote_note":"","_monsterinsights_sitenote_category":0},"product_brand":[],"product_cat":[335],"product_tag":[450],"class_list":{"0":"post-35874","1":"product","2":"type-product","3":"status-publish","4":"has-post-thumbnail","6":"product_cat-i-relevo","7":"product_tag-schneider","9":"first","10":"outofstock","11":"shipping-taxable","12":"purchasable","13":"product-type-simple"},"yoast_head":"<!-- This site is optimized with the Yoast SEO plugin v25.3.1 - https:\/\/yoast.com\/wordpress\/plugins\/seo\/ -->\n<title>RELE ELECTROMECANICO HARMONY 6 MM - 6A - 24VCA\/CC - Tienda Rigelec<\/title>\n<meta name=\"robots\" content=\"index, follow, max-snippet:-1, max-image-preview:large, max-video-preview:-1\" \/>\n<link rel=\"canonical\" href=\"https:\/\/tienda.rigelec.com.ar\/?product=rele-electromecanico-harmony-6-mm-6a-24vca-cc\" \/>\n<meta property=\"og:locale\" content=\"es_ES\" \/>\n<meta property=\"og:type\" content=\"article\" \/>\n<meta property=\"og:title\" content=\"RELE ELECTROMECANICO HARMONY 6 MM - 6A - 24VCA\/CC - Tienda Rigelec\" \/>\n<meta property=\"og:description\" content=\"Este rel\u00e9 de conexi\u00f3n de interfaz delgada Harmony RSL tiene una tensi\u00f3n de control de bobina de 24 V CC y 1 SPDT de contacto de conmutaci\u00f3n (doble disparo de un polo) con una especificaci\u00f3n de 6 A. Posee una amplia selecci\u00f3n de contactos para un uso de corriente de alta intensidad nominal. Tambi\u00e9n ofrece un indicador LED y un circuito de protecci\u00f3n. Ayuda a reducir el tama\u00f1o de los armarios y a aumentar la fiabilidad de la m\u00e1quina. Puedes montar casi en cualquier lugar. Uno de los rel\u00e9s de interfaz m\u00e1s peque\u00f1os del mercado, con una anchura de 6 mm, se puede instalar casi en cualquier lugar. Es compatible con requisitos de aplicaci\u00f3n de corriente de nivel bajo o de alto poder de corte. Funcionalidad de los sistemas automatizados l\u00f3gicos cableados para complementar las funciones de los controladores l\u00f3gicos programables industriales (PLC). La pantalla de estado con LED indica claramente el d\u00eda y la noche.\" \/>\n<meta property=\"og:url\" content=\"https:\/\/tienda.rigelec.com.ar\/?product=rele-electromecanico-harmony-6-mm-6a-24vca-cc\" \/>\n<meta property=\"og:site_name\" content=\"Tienda Rigelec\" \/>\n<meta property=\"article:modified_time\" content=\"2026-05-06T09:09:11+00:00\" \/>\n<meta name=\"twitter:card\" content=\"summary_large_image\" \/>\n<script type=\"application\/ld+json\" class=\"yoast-schema-graph\">{\"@context\":\"https:\/\/schema.org\",\"@graph\":[{\"@type\":\"WebPage\",\"@id\":\"https:\/\/tienda.rigelec.com.ar\/?product=rele-electromecanico-harmony-6-mm-6a-24vca-cc\",\"url\":\"https:\/\/tienda.rigelec.com.ar\/?product=rele-electromecanico-harmony-6-mm-6a-24vca-cc\",\"name\":\"RELE ELECTROMECANICO HARMONY 6 MM - 6A - 24VCA\/CC - Tienda Rigelec\",\"isPartOf\":{\"@id\":\"https:\/\/tienda.rigelec.com.ar\/#website\"},\"primaryImageOfPage\":{\"@id\":\"https:\/\/tienda.rigelec.com.ar\/?product=rele-electromecanico-harmony-6-mm-6a-24vca-cc#primaryimage\"},\"image\":{\"@id\":\"https:\/\/tienda.rigelec.com.ar\/?product=rele-electromecanico-harmony-6-mm-6a-24vca-cc#primaryimage\"},\"thumbnailUrl\":\"https:\/\/tienda.rigelec.com.ar\/wp-content\/uploads\/2025\/12\/RELEELECTROMECANICO.jpg\",\"datePublished\":\"2025-12-11T15:09:52+00:00\",\"dateModified\":\"2026-05-06T09:09:11+00:00\",\"breadcrumb\":{\"@id\":\"https:\/\/tienda.rigelec.com.ar\/?product=rele-electromecanico-harmony-6-mm-6a-24vca-cc#breadcrumb\"},\"inLanguage\":\"es-AR\",\"potentialAction\":[{\"@type\":\"ReadAction\",\"target\":[\"https:\/\/tienda.rigelec.com.ar\/?product=rele-electromecanico-harmony-6-mm-6a-24vca-cc\"]}]},{\"@type\":\"ImageObject\",\"inLanguage\":\"es-AR\",\"@id\":\"https:\/\/tienda.rigelec.com.ar\/?product=rele-electromecanico-harmony-6-mm-6a-24vca-cc#primaryimage\",\"url\":\"https:\/\/tienda.rigelec.com.ar\/wp-content\/uploads\/2025\/12\/RELEELECTROMECANICO.jpg\",\"contentUrl\":\"https:\/\/tienda.rigelec.com.ar\/wp-content\/uploads\/2025\/12\/RELEELECTROMECANICO.jpg\",\"width\":1080,\"height\":1080},{\"@type\":\"BreadcrumbList\",\"@id\":\"https:\/\/tienda.rigelec.com.ar\/?product=rele-electromecanico-harmony-6-mm-6a-24vca-cc#breadcrumb\",\"itemListElement\":[{\"@type\":\"ListItem\",\"position\":1,\"name\":\"Inicio\",\"item\":\"https:\/\/tienda.rigelec.com.ar\/\"},{\"@type\":\"ListItem\",\"position\":2,\"name\":\"Shop\",\"item\":\"https:\/\/tienda.rigelec.com.ar\/?page_id=12\"},{\"@type\":\"ListItem\",\"position\":3,\"name\":\"RELE ELECTROMECANICO HARMONY 6 MM &#8211; 6A &#8211; 24VCA\/CC\"}]},{\"@type\":\"WebSite\",\"@id\":\"https:\/\/tienda.rigelec.com.ar\/#website\",\"url\":\"https:\/\/tienda.rigelec.com.ar\/\",\"name\":\"Tienda Rigelec\",\"description\":\"Energia en movimiento\",\"publisher\":{\"@id\":\"https:\/\/tienda.rigelec.com.ar\/#organization\"},\"potentialAction\":[{\"@type\":\"SearchAction\",\"target\":{\"@type\":\"EntryPoint\",\"urlTemplate\":\"https:\/\/tienda.rigelec.com.ar\/?s={search_term_string}\"},\"query-input\":{\"@type\":\"PropertyValueSpecification\",\"valueRequired\":true,\"valueName\":\"search_term_string\"}}],\"inLanguage\":\"es-AR\"},{\"@type\":\"Organization\",\"@id\":\"https:\/\/tienda.rigelec.com.ar\/#organization\",\"name\":\"Tienda Rigelec\",\"url\":\"https:\/\/tienda.rigelec.com.ar\/\",\"logo\":{\"@type\":\"ImageObject\",\"inLanguage\":\"es-AR\",\"@id\":\"https:\/\/tienda.rigelec.com.ar\/#\/schema\/logo\/image\/\",\"url\":\"https:\/\/tienda.rigelec.com.ar\/wp-content\/uploads\/2024\/09\/isologo-blanco-rigelec.png\",\"contentUrl\":\"https:\/\/tienda.rigelec.com.ar\/wp-content\/uploads\/2024\/09\/isologo-blanco-rigelec.png\",\"width\":94,\"height\":97,\"caption\":\"Tienda Rigelec\"},\"image\":{\"@id\":\"https:\/\/tienda.rigelec.com.ar\/#\/schema\/logo\/image\/\"}}]}<\/script>\n<!-- \/ Yoast SEO plugin. -->","yoast_head_json":{"title":"RELE ELECTROMECANICO HARMONY 6 MM - 6A - 24VCA\/CC - Tienda Rigelec","robots":{"index":"index","follow":"follow","max-snippet":"max-snippet:-1","max-image-preview":"max-image-preview:large","max-video-preview":"max-video-preview:-1"},"canonical":"https:\/\/tienda.rigelec.com.ar\/?product=rele-electromecanico-harmony-6-mm-6a-24vca-cc","og_locale":"es_ES","og_type":"article","og_title":"RELE ELECTROMECANICO HARMONY 6 MM - 6A - 24VCA\/CC - Tienda Rigelec","og_description":"Este rel\u00e9 de conexi\u00f3n de interfaz delgada Harmony RSL tiene una tensi\u00f3n de control de bobina de 24 V CC y 1 SPDT de contacto de conmutaci\u00f3n (doble disparo de un polo) con una especificaci\u00f3n de 6 A. Posee una amplia selecci\u00f3n de contactos para un uso de corriente de alta intensidad nominal. Tambi\u00e9n ofrece un indicador LED y un circuito de protecci\u00f3n. Ayuda a reducir el tama\u00f1o de los armarios y a aumentar la fiabilidad de la m\u00e1quina. Puedes montar casi en cualquier lugar. Uno de los rel\u00e9s de interfaz m\u00e1s peque\u00f1os del mercado, con una anchura de 6 mm, se puede instalar casi en cualquier lugar. Es compatible con requisitos de aplicaci\u00f3n de corriente de nivel bajo o de alto poder de corte. Funcionalidad de los sistemas automatizados l\u00f3gicos cableados para complementar las funciones de los controladores l\u00f3gicos programables industriales (PLC). La pantalla de estado con LED indica claramente el d\u00eda y la noche.","og_url":"https:\/\/tienda.rigelec.com.ar\/?product=rele-electromecanico-harmony-6-mm-6a-24vca-cc","og_site_name":"Tienda Rigelec","article_modified_time":"2026-05-06T09:09:11+00:00","twitter_card":"summary_large_image","schema":{"@context":"https:\/\/schema.org","@graph":[{"@type":"WebPage","@id":"https:\/\/tienda.rigelec.com.ar\/?product=rele-electromecanico-harmony-6-mm-6a-24vca-cc","url":"https:\/\/tienda.rigelec.com.ar\/?product=rele-electromecanico-harmony-6-mm-6a-24vca-cc","name":"RELE ELECTROMECANICO HARMONY 6 MM - 6A - 24VCA\/CC - Tienda Rigelec","isPartOf":{"@id":"https:\/\/tienda.rigelec.com.ar\/#website"},"primaryImageOfPage":{"@id":"https:\/\/tienda.rigelec.com.ar\/?product=rele-electromecanico-harmony-6-mm-6a-24vca-cc#primaryimage"},"image":{"@id":"https:\/\/tienda.rigelec.com.ar\/?product=rele-electromecanico-harmony-6-mm-6a-24vca-cc#primaryimage"},"thumbnailUrl":"https:\/\/tienda.rigelec.com.ar\/wp-content\/uploads\/2025\/12\/RELEELECTROMECANICO.jpg","datePublished":"2025-12-11T15:09:52+00:00","dateModified":"2026-05-06T09:09:11+00:00","breadcrumb":{"@id":"https:\/\/tienda.rigelec.com.ar\/?product=rele-electromecanico-harmony-6-mm-6a-24vca-cc#breadcrumb"},"inLanguage":"es-AR","potentialAction":[{"@type":"ReadAction","target":["https:\/\/tienda.rigelec.com.ar\/?product=rele-electromecanico-harmony-6-mm-6a-24vca-cc"]}]},{"@type":"ImageObject","inLanguage":"es-AR","@id":"https:\/\/tienda.rigelec.com.ar\/?product=rele-electromecanico-harmony-6-mm-6a-24vca-cc#primaryimage","url":"https:\/\/tienda.rigelec.com.ar\/wp-content\/uploads\/2025\/12\/RELEELECTROMECANICO.jpg","contentUrl":"https:\/\/tienda.rigelec.com.ar\/wp-content\/uploads\/2025\/12\/RELEELECTROMECANICO.jpg","width":1080,"height":1080},{"@type":"BreadcrumbList","@id":"https:\/\/tienda.rigelec.com.ar\/?product=rele-electromecanico-harmony-6-mm-6a-24vca-cc#breadcrumb","itemListElement":[{"@type":"ListItem","position":1,"name":"Inicio","item":"https:\/\/tienda.rigelec.com.ar\/"},{"@type":"ListItem","position":2,"name":"Shop","item":"https:\/\/tienda.rigelec.com.ar\/?page_id=12"},{"@type":"ListItem","position":3,"name":"RELE ELECTROMECANICO HARMONY 6 MM &#8211; 6A &#8211; 24VCA\/CC"}]},{"@type":"WebSite","@id":"https:\/\/tienda.rigelec.com.ar\/#website","url":"https:\/\/tienda.rigelec.com.ar\/","name":"Tienda Rigelec","description":"Energia en movimiento","publisher":{"@id":"https:\/\/tienda.rigelec.com.ar\/#organization"},"potentialAction":[{"@type":"SearchAction","target":{"@type":"EntryPoint","urlTemplate":"https:\/\/tienda.rigelec.com.ar\/?s={search_term_string}"},"query-input":{"@type":"PropertyValueSpecification","valueRequired":true,"valueName":"search_term_string"}}],"inLanguage":"es-AR"},{"@type":"Organization","@id":"https:\/\/tienda.rigelec.com.ar\/#organization","name":"Tienda Rigelec","url":"https:\/\/tienda.rigelec.com.ar\/","logo":{"@type":"ImageObject","inLanguage":"es-AR","@id":"https:\/\/tienda.rigelec.com.ar\/#\/schema\/logo\/image\/","url":"https:\/\/tienda.rigelec.com.ar\/wp-content\/uploads\/2024\/09\/isologo-blanco-rigelec.png","contentUrl":"https:\/\/tienda.rigelec.com.ar\/wp-content\/uploads\/2024\/09\/isologo-blanco-rigelec.png","width":94,"height":97,"caption":"Tienda Rigelec"},"image":{"@id":"https:\/\/tienda.rigelec.com.ar\/#\/schema\/logo\/image\/"}}]}},"jetpack_sharing_enabled":true,"_links":{"self":[{"href":"https:\/\/tienda.rigelec.com.ar\/index.php?rest_route=\/wp\/v2\/product\/35874","targetHints":{"allow":["GET"]}}],"collection":[{"href":"https:\/\/tienda.rigelec.com.ar\/index.php?rest_route=\/wp\/v2\/product"}],"about":[{"href":"https:\/\/tienda.rigelec.com.ar\/index.php?rest_route=\/wp\/v2\/types\/product"}],"replies":[{"embeddable":true,"href":"https:\/\/tienda.rigelec.com.ar\/index.php?rest_route=%2Fwp%2Fv2%2Fcomments&post=35874"}],"wp:featuredmedia":[{"embeddable":true,"href":"https:\/\/tienda.rigelec.com.ar\/index.php?rest_route=\/wp\/v2\/media\/35875"}],"wp:attachment":[{"href":"https:\/\/tienda.rigelec.com.ar\/index.php?rest_route=%2Fwp%2Fv2%2Fmedia&parent=35874"}],"wp:term":[{"taxonomy":"product_brand","embeddable":true,"href":"https:\/\/tienda.rigelec.com.ar\/index.php?rest_route=%2Fwp%2Fv2%2Fproduct_brand&post=35874"},{"taxonomy":"product_cat","embeddable":true,"href":"https:\/\/tienda.rigelec.com.ar\/index.php?rest_route=%2Fwp%2Fv2%2Fproduct_cat&post=35874"},{"taxonomy":"product_tag","embeddable":true,"href":"https:\/\/tienda.rigelec.com.ar\/index.php?rest_route=%2Fwp%2Fv2%2Fproduct_tag&post=35874"}],"curies":[{"name":"wp","href":"https:\/\/api.w.org\/{rel}","templated":true}]}}