{"id":35876,"date":"2025-12-11T12:10:25","date_gmt":"2025-12-11T15:10:25","guid":{"rendered":"https:\/\/tienda.rigelec.com.ar\/?product=rele-electromecanico-harmony-1-c-o-6a-24vdc"},"modified":"2026-05-01T03:37:09","modified_gmt":"2026-05-01T06:37:09","slug":"rele-electromecanico-harmony-1-c-o-6a-24vdc","status":"publish","type":"product","link":"https:\/\/tienda.rigelec.com.ar\/?product=rele-electromecanico-harmony-1-c-o-6a-24vdc","title":{"rendered":"RELE ELECTROMECANICO HARMONY 1 C\/O &#8211; 6A &#8211; 24VDC"},"content":{"rendered":"<p>RELE ELECTROMECANICO<\/p>\n","protected":false},"excerpt":{"rendered":"<p>Posee una amplia selecci\u00f3n de contactos para un uso de corriente de alta intensidad nominal. Ayuda a reducir el tama\u00f1o de los armarios y aumenta la fiabilidad de la m\u00e1quina. Puedes montarla en casi cualquier lugar. Uno de los rel\u00e9s de interfaz m\u00e1s peque\u00f1os del mercado, con una anchura de 6 mm, se puede instalar casi en cualquier lugar. F\u00e1cil instalaci\u00f3n y extracci\u00f3n del rel\u00e9 de su toma. Es compatible con requisitos de aplicaci\u00f3n de corriente de nivel bajo o de alto poder de corte. Funcionalidad de los sistemas automatizados l\u00f3gicos cableados para complementar las funciones de los controladores l\u00f3gicos programables industriales (PLC). &#8220;Capacidad de trabajo de los sistemas l\u00f3gicos automatizados con cableado fijo para complementar las funciones de los controladores l\u00f3gicos programables (PLC) industriales&#8221;. La pantalla de estado con LED indica claramente el d\u00eda y la noche. &#8220;La pantalla de estado con LED indica claramente el d\u00eda y la noche&#8221;.<\/p>\n","protected":false},"featured_media":35877,"comment_status":"open","ping_status":"closed","template":"","meta":{"_monsterinsights_skip_tracking":false,"_monsterinsights_sitenote_active":false,"_monsterinsights_sitenote_note":"","_monsterinsights_sitenote_category":0},"product_brand":[],"product_cat":[335],"product_tag":[450],"class_list":{"0":"post-35876","1":"product","2":"type-product","3":"status-publish","4":"has-post-thumbnail","6":"product_cat-i-relevo","7":"product_tag-schneider","9":"first","10":"outofstock","11":"shipping-taxable","12":"purchasable","13":"product-type-simple"},"yoast_head":"<!-- This site is optimized with the Yoast SEO plugin v25.3.1 - https:\/\/yoast.com\/wordpress\/plugins\/seo\/ -->\n<title>RELE ELECTROMECANICO HARMONY 1 C\/O - 6A - 24VDC - Tienda Rigelec<\/title>\n<meta name=\"robots\" content=\"index, follow, max-snippet:-1, max-image-preview:large, max-video-preview:-1\" \/>\n<link rel=\"canonical\" href=\"https:\/\/tienda.rigelec.com.ar\/?product=rele-electromecanico-harmony-1-c-o-6a-24vdc\" \/>\n<meta property=\"og:locale\" content=\"es_ES\" \/>\n<meta property=\"og:type\" content=\"article\" \/>\n<meta property=\"og:title\" content=\"RELE ELECTROMECANICO HARMONY 1 C\/O - 6A - 24VDC - Tienda Rigelec\" \/>\n<meta property=\"og:description\" content=\"Posee una amplia selecci\u00f3n de contactos para un uso de corriente de alta intensidad nominal. Ayuda a reducir el tama\u00f1o de los armarios y aumenta la fiabilidad de la m\u00e1quina. Puedes montarla en casi cualquier lugar. Uno de los rel\u00e9s de interfaz m\u00e1s peque\u00f1os del mercado, con una anchura de 6 mm, se puede instalar casi en cualquier lugar. F\u00e1cil instalaci\u00f3n y extracci\u00f3n del rel\u00e9 de su toma. Es compatible con requisitos de aplicaci\u00f3n de corriente de nivel bajo o de alto poder de corte. Funcionalidad de los sistemas automatizados l\u00f3gicos cableados para complementar las funciones de los controladores l\u00f3gicos programables industriales (PLC). &quot;Capacidad de trabajo de los sistemas l\u00f3gicos automatizados con cableado fijo para complementar las funciones de los controladores l\u00f3gicos programables (PLC) industriales&quot;. La pantalla de estado con LED indica claramente el d\u00eda y la noche. &quot;La pantalla de estado con LED indica claramente el d\u00eda y la noche&quot;.\" \/>\n<meta property=\"og:url\" content=\"https:\/\/tienda.rigelec.com.ar\/?product=rele-electromecanico-harmony-1-c-o-6a-24vdc\" \/>\n<meta property=\"og:site_name\" content=\"Tienda Rigelec\" \/>\n<meta property=\"article:modified_time\" content=\"2026-05-01T06:37:09+00:00\" \/>\n<meta name=\"twitter:card\" content=\"summary_large_image\" \/>\n<script type=\"application\/ld+json\" class=\"yoast-schema-graph\">{\"@context\":\"https:\/\/schema.org\",\"@graph\":[{\"@type\":\"WebPage\",\"@id\":\"https:\/\/tienda.rigelec.com.ar\/?product=rele-electromecanico-harmony-1-c-o-6a-24vdc\",\"url\":\"https:\/\/tienda.rigelec.com.ar\/?product=rele-electromecanico-harmony-1-c-o-6a-24vdc\",\"name\":\"RELE ELECTROMECANICO HARMONY 1 C\/O - 6A - 24VDC - Tienda Rigelec\",\"isPartOf\":{\"@id\":\"https:\/\/tienda.rigelec.com.ar\/#website\"},\"primaryImageOfPage\":{\"@id\":\"https:\/\/tienda.rigelec.com.ar\/?product=rele-electromecanico-harmony-1-c-o-6a-24vdc#primaryimage\"},\"image\":{\"@id\":\"https:\/\/tienda.rigelec.com.ar\/?product=rele-electromecanico-harmony-1-c-o-6a-24vdc#primaryimage\"},\"thumbnailUrl\":\"https:\/\/tienda.rigelec.com.ar\/wp-content\/uploads\/2025\/12\/RELEELECTROMECANICO-1.jpg\",\"datePublished\":\"2025-12-11T15:10:25+00:00\",\"dateModified\":\"2026-05-01T06:37:09+00:00\",\"breadcrumb\":{\"@id\":\"https:\/\/tienda.rigelec.com.ar\/?product=rele-electromecanico-harmony-1-c-o-6a-24vdc#breadcrumb\"},\"inLanguage\":\"es-AR\",\"potentialAction\":[{\"@type\":\"ReadAction\",\"target\":[\"https:\/\/tienda.rigelec.com.ar\/?product=rele-electromecanico-harmony-1-c-o-6a-24vdc\"]}]},{\"@type\":\"ImageObject\",\"inLanguage\":\"es-AR\",\"@id\":\"https:\/\/tienda.rigelec.com.ar\/?product=rele-electromecanico-harmony-1-c-o-6a-24vdc#primaryimage\",\"url\":\"https:\/\/tienda.rigelec.com.ar\/wp-content\/uploads\/2025\/12\/RELEELECTROMECANICO-1.jpg\",\"contentUrl\":\"https:\/\/tienda.rigelec.com.ar\/wp-content\/uploads\/2025\/12\/RELEELECTROMECANICO-1.jpg\",\"width\":1080,\"height\":1080},{\"@type\":\"BreadcrumbList\",\"@id\":\"https:\/\/tienda.rigelec.com.ar\/?product=rele-electromecanico-harmony-1-c-o-6a-24vdc#breadcrumb\",\"itemListElement\":[{\"@type\":\"ListItem\",\"position\":1,\"name\":\"Inicio\",\"item\":\"https:\/\/tienda.rigelec.com.ar\/\"},{\"@type\":\"ListItem\",\"position\":2,\"name\":\"Shop\",\"item\":\"https:\/\/tienda.rigelec.com.ar\/?page_id=12\"},{\"@type\":\"ListItem\",\"position\":3,\"name\":\"RELE ELECTROMECANICO HARMONY 1 C\/O &#8211; 6A &#8211; 24VDC\"}]},{\"@type\":\"WebSite\",\"@id\":\"https:\/\/tienda.rigelec.com.ar\/#website\",\"url\":\"https:\/\/tienda.rigelec.com.ar\/\",\"name\":\"Tienda Rigelec\",\"description\":\"Energia en movimiento\",\"publisher\":{\"@id\":\"https:\/\/tienda.rigelec.com.ar\/#organization\"},\"potentialAction\":[{\"@type\":\"SearchAction\",\"target\":{\"@type\":\"EntryPoint\",\"urlTemplate\":\"https:\/\/tienda.rigelec.com.ar\/?s={search_term_string}\"},\"query-input\":{\"@type\":\"PropertyValueSpecification\",\"valueRequired\":true,\"valueName\":\"search_term_string\"}}],\"inLanguage\":\"es-AR\"},{\"@type\":\"Organization\",\"@id\":\"https:\/\/tienda.rigelec.com.ar\/#organization\",\"name\":\"Tienda Rigelec\",\"url\":\"https:\/\/tienda.rigelec.com.ar\/\",\"logo\":{\"@type\":\"ImageObject\",\"inLanguage\":\"es-AR\",\"@id\":\"https:\/\/tienda.rigelec.com.ar\/#\/schema\/logo\/image\/\",\"url\":\"https:\/\/tienda.rigelec.com.ar\/wp-content\/uploads\/2024\/09\/isologo-blanco-rigelec.png\",\"contentUrl\":\"https:\/\/tienda.rigelec.com.ar\/wp-content\/uploads\/2024\/09\/isologo-blanco-rigelec.png\",\"width\":94,\"height\":97,\"caption\":\"Tienda Rigelec\"},\"image\":{\"@id\":\"https:\/\/tienda.rigelec.com.ar\/#\/schema\/logo\/image\/\"}}]}<\/script>\n<!-- \/ Yoast SEO plugin. -->","yoast_head_json":{"title":"RELE ELECTROMECANICO HARMONY 1 C\/O - 6A - 24VDC - Tienda Rigelec","robots":{"index":"index","follow":"follow","max-snippet":"max-snippet:-1","max-image-preview":"max-image-preview:large","max-video-preview":"max-video-preview:-1"},"canonical":"https:\/\/tienda.rigelec.com.ar\/?product=rele-electromecanico-harmony-1-c-o-6a-24vdc","og_locale":"es_ES","og_type":"article","og_title":"RELE ELECTROMECANICO HARMONY 1 C\/O - 6A - 24VDC - Tienda Rigelec","og_description":"Posee una amplia selecci\u00f3n de contactos para un uso de corriente de alta intensidad nominal. Ayuda a reducir el tama\u00f1o de los armarios y aumenta la fiabilidad de la m\u00e1quina. Puedes montarla en casi cualquier lugar. Uno de los rel\u00e9s de interfaz m\u00e1s peque\u00f1os del mercado, con una anchura de 6 mm, se puede instalar casi en cualquier lugar. F\u00e1cil instalaci\u00f3n y extracci\u00f3n del rel\u00e9 de su toma. Es compatible con requisitos de aplicaci\u00f3n de corriente de nivel bajo o de alto poder de corte. Funcionalidad de los sistemas automatizados l\u00f3gicos cableados para complementar las funciones de los controladores l\u00f3gicos programables industriales (PLC). \"Capacidad de trabajo de los sistemas l\u00f3gicos automatizados con cableado fijo para complementar las funciones de los controladores l\u00f3gicos programables (PLC) industriales\". La pantalla de estado con LED indica claramente el d\u00eda y la noche. \"La pantalla de estado con LED indica claramente el d\u00eda y la noche\".","og_url":"https:\/\/tienda.rigelec.com.ar\/?product=rele-electromecanico-harmony-1-c-o-6a-24vdc","og_site_name":"Tienda Rigelec","article_modified_time":"2026-05-01T06:37:09+00:00","twitter_card":"summary_large_image","schema":{"@context":"https:\/\/schema.org","@graph":[{"@type":"WebPage","@id":"https:\/\/tienda.rigelec.com.ar\/?product=rele-electromecanico-harmony-1-c-o-6a-24vdc","url":"https:\/\/tienda.rigelec.com.ar\/?product=rele-electromecanico-harmony-1-c-o-6a-24vdc","name":"RELE ELECTROMECANICO HARMONY 1 C\/O - 6A - 24VDC - Tienda Rigelec","isPartOf":{"@id":"https:\/\/tienda.rigelec.com.ar\/#website"},"primaryImageOfPage":{"@id":"https:\/\/tienda.rigelec.com.ar\/?product=rele-electromecanico-harmony-1-c-o-6a-24vdc#primaryimage"},"image":{"@id":"https:\/\/tienda.rigelec.com.ar\/?product=rele-electromecanico-harmony-1-c-o-6a-24vdc#primaryimage"},"thumbnailUrl":"https:\/\/tienda.rigelec.com.ar\/wp-content\/uploads\/2025\/12\/RELEELECTROMECANICO-1.jpg","datePublished":"2025-12-11T15:10:25+00:00","dateModified":"2026-05-01T06:37:09+00:00","breadcrumb":{"@id":"https:\/\/tienda.rigelec.com.ar\/?product=rele-electromecanico-harmony-1-c-o-6a-24vdc#breadcrumb"},"inLanguage":"es-AR","potentialAction":[{"@type":"ReadAction","target":["https:\/\/tienda.rigelec.com.ar\/?product=rele-electromecanico-harmony-1-c-o-6a-24vdc"]}]},{"@type":"ImageObject","inLanguage":"es-AR","@id":"https:\/\/tienda.rigelec.com.ar\/?product=rele-electromecanico-harmony-1-c-o-6a-24vdc#primaryimage","url":"https:\/\/tienda.rigelec.com.ar\/wp-content\/uploads\/2025\/12\/RELEELECTROMECANICO-1.jpg","contentUrl":"https:\/\/tienda.rigelec.com.ar\/wp-content\/uploads\/2025\/12\/RELEELECTROMECANICO-1.jpg","width":1080,"height":1080},{"@type":"BreadcrumbList","@id":"https:\/\/tienda.rigelec.com.ar\/?product=rele-electromecanico-harmony-1-c-o-6a-24vdc#breadcrumb","itemListElement":[{"@type":"ListItem","position":1,"name":"Inicio","item":"https:\/\/tienda.rigelec.com.ar\/"},{"@type":"ListItem","position":2,"name":"Shop","item":"https:\/\/tienda.rigelec.com.ar\/?page_id=12"},{"@type":"ListItem","position":3,"name":"RELE ELECTROMECANICO HARMONY 1 C\/O &#8211; 6A &#8211; 24VDC"}]},{"@type":"WebSite","@id":"https:\/\/tienda.rigelec.com.ar\/#website","url":"https:\/\/tienda.rigelec.com.ar\/","name":"Tienda Rigelec","description":"Energia en movimiento","publisher":{"@id":"https:\/\/tienda.rigelec.com.ar\/#organization"},"potentialAction":[{"@type":"SearchAction","target":{"@type":"EntryPoint","urlTemplate":"https:\/\/tienda.rigelec.com.ar\/?s={search_term_string}"},"query-input":{"@type":"PropertyValueSpecification","valueRequired":true,"valueName":"search_term_string"}}],"inLanguage":"es-AR"},{"@type":"Organization","@id":"https:\/\/tienda.rigelec.com.ar\/#organization","name":"Tienda Rigelec","url":"https:\/\/tienda.rigelec.com.ar\/","logo":{"@type":"ImageObject","inLanguage":"es-AR","@id":"https:\/\/tienda.rigelec.com.ar\/#\/schema\/logo\/image\/","url":"https:\/\/tienda.rigelec.com.ar\/wp-content\/uploads\/2024\/09\/isologo-blanco-rigelec.png","contentUrl":"https:\/\/tienda.rigelec.com.ar\/wp-content\/uploads\/2024\/09\/isologo-blanco-rigelec.png","width":94,"height":97,"caption":"Tienda Rigelec"},"image":{"@id":"https:\/\/tienda.rigelec.com.ar\/#\/schema\/logo\/image\/"}}]}},"jetpack_sharing_enabled":true,"_links":{"self":[{"href":"https:\/\/tienda.rigelec.com.ar\/index.php?rest_route=\/wp\/v2\/product\/35876","targetHints":{"allow":["GET"]}}],"collection":[{"href":"https:\/\/tienda.rigelec.com.ar\/index.php?rest_route=\/wp\/v2\/product"}],"about":[{"href":"https:\/\/tienda.rigelec.com.ar\/index.php?rest_route=\/wp\/v2\/types\/product"}],"replies":[{"embeddable":true,"href":"https:\/\/tienda.rigelec.com.ar\/index.php?rest_route=%2Fwp%2Fv2%2Fcomments&post=35876"}],"wp:featuredmedia":[{"embeddable":true,"href":"https:\/\/tienda.rigelec.com.ar\/index.php?rest_route=\/wp\/v2\/media\/35877"}],"wp:attachment":[{"href":"https:\/\/tienda.rigelec.com.ar\/index.php?rest_route=%2Fwp%2Fv2%2Fmedia&parent=35876"}],"wp:term":[{"taxonomy":"product_brand","embeddable":true,"href":"https:\/\/tienda.rigelec.com.ar\/index.php?rest_route=%2Fwp%2Fv2%2Fproduct_brand&post=35876"},{"taxonomy":"product_cat","embeddable":true,"href":"https:\/\/tienda.rigelec.com.ar\/index.php?rest_route=%2Fwp%2Fv2%2Fproduct_cat&post=35876"},{"taxonomy":"product_tag","embeddable":true,"href":"https:\/\/tienda.rigelec.com.ar\/index.php?rest_route=%2Fwp%2Fv2%2Fproduct_tag&post=35876"}],"curies":[{"name":"wp","href":"https:\/\/api.w.org\/{rel}","templated":true}]}}