{"id":35913,"date":"2025-12-12T14:14:26","date_gmt":"2025-12-12T17:14:26","guid":{"rendered":"https:\/\/tienda.rigelec.com.ar\/?product=diferencial-2x40a-acti-9-300ma-380-415v"},"modified":"2026-05-06T19:50:20","modified_gmt":"2026-05-06T22:50:20","slug":"diferencial-2x40a-acti-9-300ma-380-415v","status":"publish","type":"product","link":"https:\/\/tienda.rigelec.com.ar\/?product=diferencial-2x40a-acti-9-300ma-380-415v","title":{"rendered":"DIFERENCIAL 2X40A ACTI 9 300MA &#8211; 380\/415V"},"content":{"rendered":"<p>DIFERENCIAL 2X40A<\/p>\n","protected":false},"excerpt":{"rendered":"<p>Descripci\u00f3n<br \/>\nEl interruptor diferencial Acti9 ilD es la nueva referencia en el campo de la distribuci\u00f3n terminal en baja tensi\u00f3n para la protecci\u00f3n contra descargas el\u00e9ctricas, por contacto directo o indirecto, y riesgos de incendio en todos los edificios indutriales y terciarios Este producto tiene 2 polos, capacidad de 40A, clase de protecci\u00f3n de tipo Asi y sensibilidad ante fugas a tierra de 300mA S (con retardo en el disparo) Este disyuntor diferencial cumple la funci\u00f3n de desconexi\u00f3n de los circuitos el\u00e9ctricos en caso de fuga a tierra Al ser superinmunizado es particularmente adecuado para su uso en ambientes h\u00famedos y\/o ambientes contaminados por agentes corrosivos, que afectan internamente al interruptor provocando el bloqueo del rel\u00e9 de disparo Adem\u00e1s, tiene la capacidad de filtro de arm\u00f3nicos Su aislamiento clase II garantiza espacios libres entre las superficies del interruptor y las piezas internas el doble del est\u00e1ndar de la industria, proporcionando m\u00e1xima protecci\u00f3n Cuenta tambi\u00e9n con protecci\u00f3n IP20, se puede montar en riel DIN Adem\u00e1s, tiene bot\u00f3n de prueba y doble clip para el desmontaje con peine conectado Este disyuntor diferencial cuenta con una durabilidad el\u00e9ctrica de 15000 ciclos y mec\u00e1nica de 20000 ciclos Tiene tambien un amplio rango de operaci\u00f3n, actuando en temperaturas desde -5\u00b0C hasta 60\u00b0C Se coordina totalmente con los interruptores termomagn\u00e9ticos Acti9 y Multi9 Sus acces\u00f3rios y auxiliares son los mismos que los de la oferta iC60 Este producto cumple con la norma IEC 61008-1 e IRAM Los interruptores diferenciales Acti9 ilD cuentan con la etiqueta Green PremiumTM, la cual promete el cumplimiento de las reglamentaciones m\u00e1s recientes, transparencia sobre los impactos medioambientales, productos circulares y de bajo nivel de CO2 La temperatura de funcionamiento es de -25\u00b0C a 6\u00b0C. La temperatura de almacenamiento oscila entre -4\u00b0C y 85\u00b0C<\/p>\n","protected":false},"featured_media":35914,"comment_status":"open","ping_status":"closed","template":"","meta":{"_monsterinsights_skip_tracking":false,"_monsterinsights_sitenote_active":false,"_monsterinsights_sitenote_note":"","_monsterinsights_sitenote_category":0},"product_brand":[],"product_cat":[267],"product_tag":[450],"class_list":{"0":"post-35913","1":"product","2":"type-product","3":"status-publish","4":"has-post-thumbnail","6":"product_cat-b-diferencial","7":"product_tag-schneider","9":"first","10":"instock","11":"shipping-taxable","12":"purchasable","13":"product-type-simple"},"yoast_head":"<!-- This site is optimized with the Yoast SEO plugin v25.3.1 - https:\/\/yoast.com\/wordpress\/plugins\/seo\/ -->\n<title>DIFERENCIAL 2X40A ACTI 9 300MA - 380\/415V - Tienda Rigelec<\/title>\n<meta name=\"robots\" content=\"index, follow, max-snippet:-1, max-image-preview:large, max-video-preview:-1\" \/>\n<link rel=\"canonical\" href=\"https:\/\/tienda.rigelec.com.ar\/?product=diferencial-2x40a-acti-9-300ma-380-415v\" \/>\n<meta property=\"og:locale\" content=\"es_ES\" \/>\n<meta property=\"og:type\" content=\"article\" \/>\n<meta property=\"og:title\" content=\"DIFERENCIAL 2X40A ACTI 9 300MA - 380\/415V - Tienda Rigelec\" \/>\n<meta property=\"og:description\" content=\"Descripci\u00f3n El interruptor diferencial Acti9 ilD es la nueva referencia en el campo de la distribuci\u00f3n terminal en baja tensi\u00f3n para la protecci\u00f3n contra descargas el\u00e9ctricas, por contacto directo o indirecto, y riesgos de incendio en todos los edificios indutriales y terciarios Este producto tiene 2 polos, capacidad de 40A, clase de protecci\u00f3n de tipo Asi y sensibilidad ante fugas a tierra de 300mA S (con retardo en el disparo) Este disyuntor diferencial cumple la funci\u00f3n de desconexi\u00f3n de los circuitos el\u00e9ctricos en caso de fuga a tierra Al ser superinmunizado es particularmente adecuado para su uso en ambientes h\u00famedos y\/o ambientes contaminados por agentes corrosivos, que afectan internamente al interruptor provocando el bloqueo del rel\u00e9 de disparo Adem\u00e1s, tiene la capacidad de filtro de arm\u00f3nicos Su aislamiento clase II garantiza espacios libres entre las superficies del interruptor y las piezas internas el doble del est\u00e1ndar de la industria, proporcionando m\u00e1xima protecci\u00f3n Cuenta tambi\u00e9n con protecci\u00f3n IP20, se puede montar en riel DIN Adem\u00e1s, tiene bot\u00f3n de prueba y doble clip para el desmontaje con peine conectado Este disyuntor diferencial cuenta con una durabilidad el\u00e9ctrica de 15000 ciclos y mec\u00e1nica de 20000 ciclos Tiene tambien un amplio rango de operaci\u00f3n, actuando en temperaturas desde -5\u00b0C hasta 60\u00b0C Se coordina totalmente con los interruptores termomagn\u00e9ticos Acti9 y Multi9 Sus acces\u00f3rios y auxiliares son los mismos que los de la oferta iC60 Este producto cumple con la norma IEC 61008-1 e IRAM Los interruptores diferenciales Acti9 ilD cuentan con la etiqueta Green PremiumTM, la cual promete el cumplimiento de las reglamentaciones m\u00e1s recientes, transparencia sobre los impactos medioambientales, productos circulares y de bajo nivel de CO2 La temperatura de funcionamiento es de -25\u00b0C a 6\u00b0C. La temperatura de almacenamiento oscila entre -4\u00b0C y 85\u00b0C\" \/>\n<meta property=\"og:url\" content=\"https:\/\/tienda.rigelec.com.ar\/?product=diferencial-2x40a-acti-9-300ma-380-415v\" \/>\n<meta property=\"og:site_name\" content=\"Tienda Rigelec\" \/>\n<meta property=\"article:modified_time\" content=\"2026-05-06T22:50:20+00:00\" \/>\n<meta name=\"twitter:card\" content=\"summary_large_image\" \/>\n<script type=\"application\/ld+json\" class=\"yoast-schema-graph\">{\"@context\":\"https:\/\/schema.org\",\"@graph\":[{\"@type\":\"WebPage\",\"@id\":\"https:\/\/tienda.rigelec.com.ar\/?product=diferencial-2x40a-acti-9-300ma-380-415v\",\"url\":\"https:\/\/tienda.rigelec.com.ar\/?product=diferencial-2x40a-acti-9-300ma-380-415v\",\"name\":\"DIFERENCIAL 2X40A ACTI 9 300MA - 380\/415V - Tienda Rigelec\",\"isPartOf\":{\"@id\":\"https:\/\/tienda.rigelec.com.ar\/#website\"},\"primaryImageOfPage\":{\"@id\":\"https:\/\/tienda.rigelec.com.ar\/?product=diferencial-2x40a-acti-9-300ma-380-415v#primaryimage\"},\"image\":{\"@id\":\"https:\/\/tienda.rigelec.com.ar\/?product=diferencial-2x40a-acti-9-300ma-380-415v#primaryimage\"},\"thumbnailUrl\":\"https:\/\/tienda.rigelec.com.ar\/wp-content\/uploads\/2025\/12\/DIFERENCIAL2X40A.jpg\",\"datePublished\":\"2025-12-12T17:14:26+00:00\",\"dateModified\":\"2026-05-06T22:50:20+00:00\",\"breadcrumb\":{\"@id\":\"https:\/\/tienda.rigelec.com.ar\/?product=diferencial-2x40a-acti-9-300ma-380-415v#breadcrumb\"},\"inLanguage\":\"es-AR\",\"potentialAction\":[{\"@type\":\"ReadAction\",\"target\":[\"https:\/\/tienda.rigelec.com.ar\/?product=diferencial-2x40a-acti-9-300ma-380-415v\"]}]},{\"@type\":\"ImageObject\",\"inLanguage\":\"es-AR\",\"@id\":\"https:\/\/tienda.rigelec.com.ar\/?product=diferencial-2x40a-acti-9-300ma-380-415v#primaryimage\",\"url\":\"https:\/\/tienda.rigelec.com.ar\/wp-content\/uploads\/2025\/12\/DIFERENCIAL2X40A.jpg\",\"contentUrl\":\"https:\/\/tienda.rigelec.com.ar\/wp-content\/uploads\/2025\/12\/DIFERENCIAL2X40A.jpg\",\"width\":369,\"height\":369},{\"@type\":\"BreadcrumbList\",\"@id\":\"https:\/\/tienda.rigelec.com.ar\/?product=diferencial-2x40a-acti-9-300ma-380-415v#breadcrumb\",\"itemListElement\":[{\"@type\":\"ListItem\",\"position\":1,\"name\":\"Inicio\",\"item\":\"https:\/\/tienda.rigelec.com.ar\/\"},{\"@type\":\"ListItem\",\"position\":2,\"name\":\"Shop\",\"item\":\"https:\/\/tienda.rigelec.com.ar\/?page_id=12\"},{\"@type\":\"ListItem\",\"position\":3,\"name\":\"DIFERENCIAL 2X40A ACTI 9 300MA &#8211; 380\/415V\"}]},{\"@type\":\"WebSite\",\"@id\":\"https:\/\/tienda.rigelec.com.ar\/#website\",\"url\":\"https:\/\/tienda.rigelec.com.ar\/\",\"name\":\"Tienda Rigelec\",\"description\":\"Energia en movimiento\",\"publisher\":{\"@id\":\"https:\/\/tienda.rigelec.com.ar\/#organization\"},\"potentialAction\":[{\"@type\":\"SearchAction\",\"target\":{\"@type\":\"EntryPoint\",\"urlTemplate\":\"https:\/\/tienda.rigelec.com.ar\/?s={search_term_string}\"},\"query-input\":{\"@type\":\"PropertyValueSpecification\",\"valueRequired\":true,\"valueName\":\"search_term_string\"}}],\"inLanguage\":\"es-AR\"},{\"@type\":\"Organization\",\"@id\":\"https:\/\/tienda.rigelec.com.ar\/#organization\",\"name\":\"Tienda Rigelec\",\"url\":\"https:\/\/tienda.rigelec.com.ar\/\",\"logo\":{\"@type\":\"ImageObject\",\"inLanguage\":\"es-AR\",\"@id\":\"https:\/\/tienda.rigelec.com.ar\/#\/schema\/logo\/image\/\",\"url\":\"https:\/\/tienda.rigelec.com.ar\/wp-content\/uploads\/2024\/09\/isologo-blanco-rigelec.png\",\"contentUrl\":\"https:\/\/tienda.rigelec.com.ar\/wp-content\/uploads\/2024\/09\/isologo-blanco-rigelec.png\",\"width\":94,\"height\":97,\"caption\":\"Tienda Rigelec\"},\"image\":{\"@id\":\"https:\/\/tienda.rigelec.com.ar\/#\/schema\/logo\/image\/\"}}]}<\/script>\n<!-- \/ Yoast SEO plugin. -->","yoast_head_json":{"title":"DIFERENCIAL 2X40A ACTI 9 300MA - 380\/415V - Tienda Rigelec","robots":{"index":"index","follow":"follow","max-snippet":"max-snippet:-1","max-image-preview":"max-image-preview:large","max-video-preview":"max-video-preview:-1"},"canonical":"https:\/\/tienda.rigelec.com.ar\/?product=diferencial-2x40a-acti-9-300ma-380-415v","og_locale":"es_ES","og_type":"article","og_title":"DIFERENCIAL 2X40A ACTI 9 300MA - 380\/415V - Tienda Rigelec","og_description":"Descripci\u00f3n El interruptor diferencial Acti9 ilD es la nueva referencia en el campo de la distribuci\u00f3n terminal en baja tensi\u00f3n para la protecci\u00f3n contra descargas el\u00e9ctricas, por contacto directo o indirecto, y riesgos de incendio en todos los edificios indutriales y terciarios Este producto tiene 2 polos, capacidad de 40A, clase de protecci\u00f3n de tipo Asi y sensibilidad ante fugas a tierra de 300mA S (con retardo en el disparo) Este disyuntor diferencial cumple la funci\u00f3n de desconexi\u00f3n de los circuitos el\u00e9ctricos en caso de fuga a tierra Al ser superinmunizado es particularmente adecuado para su uso en ambientes h\u00famedos y\/o ambientes contaminados por agentes corrosivos, que afectan internamente al interruptor provocando el bloqueo del rel\u00e9 de disparo Adem\u00e1s, tiene la capacidad de filtro de arm\u00f3nicos Su aislamiento clase II garantiza espacios libres entre las superficies del interruptor y las piezas internas el doble del est\u00e1ndar de la industria, proporcionando m\u00e1xima protecci\u00f3n Cuenta tambi\u00e9n con protecci\u00f3n IP20, se puede montar en riel DIN Adem\u00e1s, tiene bot\u00f3n de prueba y doble clip para el desmontaje con peine conectado Este disyuntor diferencial cuenta con una durabilidad el\u00e9ctrica de 15000 ciclos y mec\u00e1nica de 20000 ciclos Tiene tambien un amplio rango de operaci\u00f3n, actuando en temperaturas desde -5\u00b0C hasta 60\u00b0C Se coordina totalmente con los interruptores termomagn\u00e9ticos Acti9 y Multi9 Sus acces\u00f3rios y auxiliares son los mismos que los de la oferta iC60 Este producto cumple con la norma IEC 61008-1 e IRAM Los interruptores diferenciales Acti9 ilD cuentan con la etiqueta Green PremiumTM, la cual promete el cumplimiento de las reglamentaciones m\u00e1s recientes, transparencia sobre los impactos medioambientales, productos circulares y de bajo nivel de CO2 La temperatura de funcionamiento es de -25\u00b0C a 6\u00b0C. La temperatura de almacenamiento oscila entre -4\u00b0C y 85\u00b0C","og_url":"https:\/\/tienda.rigelec.com.ar\/?product=diferencial-2x40a-acti-9-300ma-380-415v","og_site_name":"Tienda Rigelec","article_modified_time":"2026-05-06T22:50:20+00:00","twitter_card":"summary_large_image","schema":{"@context":"https:\/\/schema.org","@graph":[{"@type":"WebPage","@id":"https:\/\/tienda.rigelec.com.ar\/?product=diferencial-2x40a-acti-9-300ma-380-415v","url":"https:\/\/tienda.rigelec.com.ar\/?product=diferencial-2x40a-acti-9-300ma-380-415v","name":"DIFERENCIAL 2X40A ACTI 9 300MA - 380\/415V - Tienda Rigelec","isPartOf":{"@id":"https:\/\/tienda.rigelec.com.ar\/#website"},"primaryImageOfPage":{"@id":"https:\/\/tienda.rigelec.com.ar\/?product=diferencial-2x40a-acti-9-300ma-380-415v#primaryimage"},"image":{"@id":"https:\/\/tienda.rigelec.com.ar\/?product=diferencial-2x40a-acti-9-300ma-380-415v#primaryimage"},"thumbnailUrl":"https:\/\/tienda.rigelec.com.ar\/wp-content\/uploads\/2025\/12\/DIFERENCIAL2X40A.jpg","datePublished":"2025-12-12T17:14:26+00:00","dateModified":"2026-05-06T22:50:20+00:00","breadcrumb":{"@id":"https:\/\/tienda.rigelec.com.ar\/?product=diferencial-2x40a-acti-9-300ma-380-415v#breadcrumb"},"inLanguage":"es-AR","potentialAction":[{"@type":"ReadAction","target":["https:\/\/tienda.rigelec.com.ar\/?product=diferencial-2x40a-acti-9-300ma-380-415v"]}]},{"@type":"ImageObject","inLanguage":"es-AR","@id":"https:\/\/tienda.rigelec.com.ar\/?product=diferencial-2x40a-acti-9-300ma-380-415v#primaryimage","url":"https:\/\/tienda.rigelec.com.ar\/wp-content\/uploads\/2025\/12\/DIFERENCIAL2X40A.jpg","contentUrl":"https:\/\/tienda.rigelec.com.ar\/wp-content\/uploads\/2025\/12\/DIFERENCIAL2X40A.jpg","width":369,"height":369},{"@type":"BreadcrumbList","@id":"https:\/\/tienda.rigelec.com.ar\/?product=diferencial-2x40a-acti-9-300ma-380-415v#breadcrumb","itemListElement":[{"@type":"ListItem","position":1,"name":"Inicio","item":"https:\/\/tienda.rigelec.com.ar\/"},{"@type":"ListItem","position":2,"name":"Shop","item":"https:\/\/tienda.rigelec.com.ar\/?page_id=12"},{"@type":"ListItem","position":3,"name":"DIFERENCIAL 2X40A ACTI 9 300MA &#8211; 380\/415V"}]},{"@type":"WebSite","@id":"https:\/\/tienda.rigelec.com.ar\/#website","url":"https:\/\/tienda.rigelec.com.ar\/","name":"Tienda Rigelec","description":"Energia en movimiento","publisher":{"@id":"https:\/\/tienda.rigelec.com.ar\/#organization"},"potentialAction":[{"@type":"SearchAction","target":{"@type":"EntryPoint","urlTemplate":"https:\/\/tienda.rigelec.com.ar\/?s={search_term_string}"},"query-input":{"@type":"PropertyValueSpecification","valueRequired":true,"valueName":"search_term_string"}}],"inLanguage":"es-AR"},{"@type":"Organization","@id":"https:\/\/tienda.rigelec.com.ar\/#organization","name":"Tienda Rigelec","url":"https:\/\/tienda.rigelec.com.ar\/","logo":{"@type":"ImageObject","inLanguage":"es-AR","@id":"https:\/\/tienda.rigelec.com.ar\/#\/schema\/logo\/image\/","url":"https:\/\/tienda.rigelec.com.ar\/wp-content\/uploads\/2024\/09\/isologo-blanco-rigelec.png","contentUrl":"https:\/\/tienda.rigelec.com.ar\/wp-content\/uploads\/2024\/09\/isologo-blanco-rigelec.png","width":94,"height":97,"caption":"Tienda Rigelec"},"image":{"@id":"https:\/\/tienda.rigelec.com.ar\/#\/schema\/logo\/image\/"}}]}},"jetpack_sharing_enabled":true,"_links":{"self":[{"href":"https:\/\/tienda.rigelec.com.ar\/index.php?rest_route=\/wp\/v2\/product\/35913","targetHints":{"allow":["GET"]}}],"collection":[{"href":"https:\/\/tienda.rigelec.com.ar\/index.php?rest_route=\/wp\/v2\/product"}],"about":[{"href":"https:\/\/tienda.rigelec.com.ar\/index.php?rest_route=\/wp\/v2\/types\/product"}],"replies":[{"embeddable":true,"href":"https:\/\/tienda.rigelec.com.ar\/index.php?rest_route=%2Fwp%2Fv2%2Fcomments&post=35913"}],"wp:featuredmedia":[{"embeddable":true,"href":"https:\/\/tienda.rigelec.com.ar\/index.php?rest_route=\/wp\/v2\/media\/35914"}],"wp:attachment":[{"href":"https:\/\/tienda.rigelec.com.ar\/index.php?rest_route=%2Fwp%2Fv2%2Fmedia&parent=35913"}],"wp:term":[{"taxonomy":"product_brand","embeddable":true,"href":"https:\/\/tienda.rigelec.com.ar\/index.php?rest_route=%2Fwp%2Fv2%2Fproduct_brand&post=35913"},{"taxonomy":"product_cat","embeddable":true,"href":"https:\/\/tienda.rigelec.com.ar\/index.php?rest_route=%2Fwp%2Fv2%2Fproduct_cat&post=35913"},{"taxonomy":"product_tag","embeddable":true,"href":"https:\/\/tienda.rigelec.com.ar\/index.php?rest_route=%2Fwp%2Fv2%2Fproduct_tag&post=35913"}],"curies":[{"name":"wp","href":"https:\/\/api.w.org\/{rel}","templated":true}]}}