{"id":35915,"date":"2025-12-12T14:14:34","date_gmt":"2025-12-12T17:14:34","guid":{"rendered":"https:\/\/tienda.rigelec.com.ar\/?product=reflector-led-titan-luz-fria-ip65-titan-400w-56000-lm"},"modified":"2026-05-01T03:38:04","modified_gmt":"2026-05-01T06:38:04","slug":"reflector-led-titan-luz-fria-ip65-titan-400w-56000-lm","status":"publish","type":"product","link":"https:\/\/tienda.rigelec.com.ar\/?product=reflector-led-titan-luz-fria-ip65-titan-400w-56000-lm","title":{"rendered":"REFLECTOR LED TITAN LUZ FRIA IP65 &#8211; TITAN 400W &#8211; 56000 LM"},"content":{"rendered":"<p>REFLECTOR LED TITAN LUZ FRIA<\/p>\n","protected":false},"excerpt":{"rendered":"<p>Tensi\u00f3n: AC100-277V<br \/>\nFrecuencia: 50-60 Hz<br \/>\nPotencia: 400W<br \/>\nFactor de Potencia (FP): =0.9<br \/>\nDimerizable: NO<br \/>\nTemperatura de color: 5700k<br \/>\n\u00c1ngulo de Apertura: 60\u00b0<br \/>\nVida \u00fatil: 50000<br \/>\nMaterial del cuerpo: ALUMINIO<br \/>\nGarant\u00eda: 5 A\u00d1OS<\/p>\n","protected":false},"featured_media":35916,"comment_status":"open","ping_status":"closed","template":"","meta":{"_monsterinsights_skip_tracking":false,"_monsterinsights_sitenote_active":false,"_monsterinsights_sitenote_note":"","_monsterinsights_sitenote_category":0},"product_brand":[],"product_cat":[193],"product_tag":[146],"class_list":{"0":"post-35915","1":"product","2":"type-product","3":"status-publish","4":"has-post-thumbnail","6":"product_cat-1-led","7":"product_tag-macroled","9":"first","10":"outofstock","11":"shipping-taxable","12":"purchasable","13":"product-type-simple"},"yoast_head":"<!-- This site is optimized with the Yoast SEO plugin v25.3.1 - https:\/\/yoast.com\/wordpress\/plugins\/seo\/ -->\n<title>REFLECTOR LED TITAN LUZ FRIA IP65 - TITAN 400W - 56000 LM - Tienda Rigelec<\/title>\n<meta name=\"robots\" content=\"index, follow, max-snippet:-1, max-image-preview:large, max-video-preview:-1\" \/>\n<link rel=\"canonical\" href=\"https:\/\/tienda.rigelec.com.ar\/?product=reflector-led-titan-luz-fria-ip65-titan-400w-56000-lm\" \/>\n<meta property=\"og:locale\" content=\"es_ES\" \/>\n<meta property=\"og:type\" content=\"article\" \/>\n<meta property=\"og:title\" content=\"REFLECTOR LED TITAN LUZ FRIA IP65 - TITAN 400W - 56000 LM - Tienda Rigelec\" \/>\n<meta property=\"og:description\" content=\"Tensi\u00f3n: AC100-277V Frecuencia: 50-60 Hz Potencia: 400W  Factor de Potencia (FP): =0.9 Dimerizable: NO Temperatura de color: 5700k \u00c1ngulo de Apertura: 60\u00b0 Vida \u00fatil: 50000 Material del cuerpo: ALUMINIO Garant\u00eda: 5 A\u00d1OS\" \/>\n<meta property=\"og:url\" content=\"https:\/\/tienda.rigelec.com.ar\/?product=reflector-led-titan-luz-fria-ip65-titan-400w-56000-lm\" \/>\n<meta property=\"og:site_name\" content=\"Tienda Rigelec\" \/>\n<meta property=\"article:modified_time\" content=\"2026-05-01T06:38:04+00:00\" \/>\n<meta name=\"twitter:card\" content=\"summary_large_image\" \/>\n<script type=\"application\/ld+json\" class=\"yoast-schema-graph\">{\"@context\":\"https:\/\/schema.org\",\"@graph\":[{\"@type\":\"WebPage\",\"@id\":\"https:\/\/tienda.rigelec.com.ar\/?product=reflector-led-titan-luz-fria-ip65-titan-400w-56000-lm\",\"url\":\"https:\/\/tienda.rigelec.com.ar\/?product=reflector-led-titan-luz-fria-ip65-titan-400w-56000-lm\",\"name\":\"REFLECTOR LED TITAN LUZ FRIA IP65 - TITAN 400W - 56000 LM - Tienda Rigelec\",\"isPartOf\":{\"@id\":\"https:\/\/tienda.rigelec.com.ar\/#website\"},\"primaryImageOfPage\":{\"@id\":\"https:\/\/tienda.rigelec.com.ar\/?product=reflector-led-titan-luz-fria-ip65-titan-400w-56000-lm#primaryimage\"},\"image\":{\"@id\":\"https:\/\/tienda.rigelec.com.ar\/?product=reflector-led-titan-luz-fria-ip65-titan-400w-56000-lm#primaryimage\"},\"thumbnailUrl\":\"https:\/\/tienda.rigelec.com.ar\/wp-content\/uploads\/2025\/12\/REFLECTORLEDTITANLUZFRIA.jpg\",\"datePublished\":\"2025-12-12T17:14:34+00:00\",\"dateModified\":\"2026-05-01T06:38:04+00:00\",\"breadcrumb\":{\"@id\":\"https:\/\/tienda.rigelec.com.ar\/?product=reflector-led-titan-luz-fria-ip65-titan-400w-56000-lm#breadcrumb\"},\"inLanguage\":\"es-AR\",\"potentialAction\":[{\"@type\":\"ReadAction\",\"target\":[\"https:\/\/tienda.rigelec.com.ar\/?product=reflector-led-titan-luz-fria-ip65-titan-400w-56000-lm\"]}]},{\"@type\":\"ImageObject\",\"inLanguage\":\"es-AR\",\"@id\":\"https:\/\/tienda.rigelec.com.ar\/?product=reflector-led-titan-luz-fria-ip65-titan-400w-56000-lm#primaryimage\",\"url\":\"https:\/\/tienda.rigelec.com.ar\/wp-content\/uploads\/2025\/12\/REFLECTORLEDTITANLUZFRIA.jpg\",\"contentUrl\":\"https:\/\/tienda.rigelec.com.ar\/wp-content\/uploads\/2025\/12\/REFLECTORLEDTITANLUZFRIA.jpg\",\"width\":1080,\"height\":1080},{\"@type\":\"BreadcrumbList\",\"@id\":\"https:\/\/tienda.rigelec.com.ar\/?product=reflector-led-titan-luz-fria-ip65-titan-400w-56000-lm#breadcrumb\",\"itemListElement\":[{\"@type\":\"ListItem\",\"position\":1,\"name\":\"Inicio\",\"item\":\"https:\/\/tienda.rigelec.com.ar\/\"},{\"@type\":\"ListItem\",\"position\":2,\"name\":\"Shop\",\"item\":\"https:\/\/tienda.rigelec.com.ar\/?page_id=12\"},{\"@type\":\"ListItem\",\"position\":3,\"name\":\"REFLECTOR LED TITAN LUZ FRIA IP65 &#8211; TITAN 400W &#8211; 56000 LM\"}]},{\"@type\":\"WebSite\",\"@id\":\"https:\/\/tienda.rigelec.com.ar\/#website\",\"url\":\"https:\/\/tienda.rigelec.com.ar\/\",\"name\":\"Tienda Rigelec\",\"description\":\"Energia en movimiento\",\"publisher\":{\"@id\":\"https:\/\/tienda.rigelec.com.ar\/#organization\"},\"potentialAction\":[{\"@type\":\"SearchAction\",\"target\":{\"@type\":\"EntryPoint\",\"urlTemplate\":\"https:\/\/tienda.rigelec.com.ar\/?s={search_term_string}\"},\"query-input\":{\"@type\":\"PropertyValueSpecification\",\"valueRequired\":true,\"valueName\":\"search_term_string\"}}],\"inLanguage\":\"es-AR\"},{\"@type\":\"Organization\",\"@id\":\"https:\/\/tienda.rigelec.com.ar\/#organization\",\"name\":\"Tienda Rigelec\",\"url\":\"https:\/\/tienda.rigelec.com.ar\/\",\"logo\":{\"@type\":\"ImageObject\",\"inLanguage\":\"es-AR\",\"@id\":\"https:\/\/tienda.rigelec.com.ar\/#\/schema\/logo\/image\/\",\"url\":\"https:\/\/tienda.rigelec.com.ar\/wp-content\/uploads\/2024\/09\/isologo-blanco-rigelec.png\",\"contentUrl\":\"https:\/\/tienda.rigelec.com.ar\/wp-content\/uploads\/2024\/09\/isologo-blanco-rigelec.png\",\"width\":94,\"height\":97,\"caption\":\"Tienda Rigelec\"},\"image\":{\"@id\":\"https:\/\/tienda.rigelec.com.ar\/#\/schema\/logo\/image\/\"}}]}<\/script>\n<!-- \/ Yoast SEO plugin. -->","yoast_head_json":{"title":"REFLECTOR LED TITAN LUZ FRIA IP65 - TITAN 400W - 56000 LM - Tienda Rigelec","robots":{"index":"index","follow":"follow","max-snippet":"max-snippet:-1","max-image-preview":"max-image-preview:large","max-video-preview":"max-video-preview:-1"},"canonical":"https:\/\/tienda.rigelec.com.ar\/?product=reflector-led-titan-luz-fria-ip65-titan-400w-56000-lm","og_locale":"es_ES","og_type":"article","og_title":"REFLECTOR LED TITAN LUZ FRIA IP65 - TITAN 400W - 56000 LM - Tienda Rigelec","og_description":"Tensi\u00f3n: AC100-277V Frecuencia: 50-60 Hz Potencia: 400W  Factor de Potencia (FP): =0.9 Dimerizable: NO Temperatura de color: 5700k \u00c1ngulo de Apertura: 60\u00b0 Vida \u00fatil: 50000 Material del cuerpo: ALUMINIO Garant\u00eda: 5 A\u00d1OS","og_url":"https:\/\/tienda.rigelec.com.ar\/?product=reflector-led-titan-luz-fria-ip65-titan-400w-56000-lm","og_site_name":"Tienda Rigelec","article_modified_time":"2026-05-01T06:38:04+00:00","twitter_card":"summary_large_image","schema":{"@context":"https:\/\/schema.org","@graph":[{"@type":"WebPage","@id":"https:\/\/tienda.rigelec.com.ar\/?product=reflector-led-titan-luz-fria-ip65-titan-400w-56000-lm","url":"https:\/\/tienda.rigelec.com.ar\/?product=reflector-led-titan-luz-fria-ip65-titan-400w-56000-lm","name":"REFLECTOR LED TITAN LUZ FRIA IP65 - TITAN 400W - 56000 LM - Tienda Rigelec","isPartOf":{"@id":"https:\/\/tienda.rigelec.com.ar\/#website"},"primaryImageOfPage":{"@id":"https:\/\/tienda.rigelec.com.ar\/?product=reflector-led-titan-luz-fria-ip65-titan-400w-56000-lm#primaryimage"},"image":{"@id":"https:\/\/tienda.rigelec.com.ar\/?product=reflector-led-titan-luz-fria-ip65-titan-400w-56000-lm#primaryimage"},"thumbnailUrl":"https:\/\/tienda.rigelec.com.ar\/wp-content\/uploads\/2025\/12\/REFLECTORLEDTITANLUZFRIA.jpg","datePublished":"2025-12-12T17:14:34+00:00","dateModified":"2026-05-01T06:38:04+00:00","breadcrumb":{"@id":"https:\/\/tienda.rigelec.com.ar\/?product=reflector-led-titan-luz-fria-ip65-titan-400w-56000-lm#breadcrumb"},"inLanguage":"es-AR","potentialAction":[{"@type":"ReadAction","target":["https:\/\/tienda.rigelec.com.ar\/?product=reflector-led-titan-luz-fria-ip65-titan-400w-56000-lm"]}]},{"@type":"ImageObject","inLanguage":"es-AR","@id":"https:\/\/tienda.rigelec.com.ar\/?product=reflector-led-titan-luz-fria-ip65-titan-400w-56000-lm#primaryimage","url":"https:\/\/tienda.rigelec.com.ar\/wp-content\/uploads\/2025\/12\/REFLECTORLEDTITANLUZFRIA.jpg","contentUrl":"https:\/\/tienda.rigelec.com.ar\/wp-content\/uploads\/2025\/12\/REFLECTORLEDTITANLUZFRIA.jpg","width":1080,"height":1080},{"@type":"BreadcrumbList","@id":"https:\/\/tienda.rigelec.com.ar\/?product=reflector-led-titan-luz-fria-ip65-titan-400w-56000-lm#breadcrumb","itemListElement":[{"@type":"ListItem","position":1,"name":"Inicio","item":"https:\/\/tienda.rigelec.com.ar\/"},{"@type":"ListItem","position":2,"name":"Shop","item":"https:\/\/tienda.rigelec.com.ar\/?page_id=12"},{"@type":"ListItem","position":3,"name":"REFLECTOR LED TITAN LUZ FRIA IP65 &#8211; TITAN 400W &#8211; 56000 LM"}]},{"@type":"WebSite","@id":"https:\/\/tienda.rigelec.com.ar\/#website","url":"https:\/\/tienda.rigelec.com.ar\/","name":"Tienda Rigelec","description":"Energia en movimiento","publisher":{"@id":"https:\/\/tienda.rigelec.com.ar\/#organization"},"potentialAction":[{"@type":"SearchAction","target":{"@type":"EntryPoint","urlTemplate":"https:\/\/tienda.rigelec.com.ar\/?s={search_term_string}"},"query-input":{"@type":"PropertyValueSpecification","valueRequired":true,"valueName":"search_term_string"}}],"inLanguage":"es-AR"},{"@type":"Organization","@id":"https:\/\/tienda.rigelec.com.ar\/#organization","name":"Tienda Rigelec","url":"https:\/\/tienda.rigelec.com.ar\/","logo":{"@type":"ImageObject","inLanguage":"es-AR","@id":"https:\/\/tienda.rigelec.com.ar\/#\/schema\/logo\/image\/","url":"https:\/\/tienda.rigelec.com.ar\/wp-content\/uploads\/2024\/09\/isologo-blanco-rigelec.png","contentUrl":"https:\/\/tienda.rigelec.com.ar\/wp-content\/uploads\/2024\/09\/isologo-blanco-rigelec.png","width":94,"height":97,"caption":"Tienda Rigelec"},"image":{"@id":"https:\/\/tienda.rigelec.com.ar\/#\/schema\/logo\/image\/"}}]}},"jetpack_sharing_enabled":true,"_links":{"self":[{"href":"https:\/\/tienda.rigelec.com.ar\/index.php?rest_route=\/wp\/v2\/product\/35915","targetHints":{"allow":["GET"]}}],"collection":[{"href":"https:\/\/tienda.rigelec.com.ar\/index.php?rest_route=\/wp\/v2\/product"}],"about":[{"href":"https:\/\/tienda.rigelec.com.ar\/index.php?rest_route=\/wp\/v2\/types\/product"}],"replies":[{"embeddable":true,"href":"https:\/\/tienda.rigelec.com.ar\/index.php?rest_route=%2Fwp%2Fv2%2Fcomments&post=35915"}],"wp:featuredmedia":[{"embeddable":true,"href":"https:\/\/tienda.rigelec.com.ar\/index.php?rest_route=\/wp\/v2\/media\/35916"}],"wp:attachment":[{"href":"https:\/\/tienda.rigelec.com.ar\/index.php?rest_route=%2Fwp%2Fv2%2Fmedia&parent=35915"}],"wp:term":[{"taxonomy":"product_brand","embeddable":true,"href":"https:\/\/tienda.rigelec.com.ar\/index.php?rest_route=%2Fwp%2Fv2%2Fproduct_brand&post=35915"},{"taxonomy":"product_cat","embeddable":true,"href":"https:\/\/tienda.rigelec.com.ar\/index.php?rest_route=%2Fwp%2Fv2%2Fproduct_cat&post=35915"},{"taxonomy":"product_tag","embeddable":true,"href":"https:\/\/tienda.rigelec.com.ar\/index.php?rest_route=%2Fwp%2Fv2%2Fproduct_tag&post=35915"}],"curies":[{"name":"wp","href":"https:\/\/api.w.org\/{rel}","templated":true}]}}