{"id":35917,"date":"2025-12-12T14:14:39","date_gmt":"2025-12-12T17:14:39","guid":{"rendered":"https:\/\/tienda.rigelec.com.ar\/?product=lata-necton-r22-necton-680-gr"},"modified":"2025-12-12T14:14:39","modified_gmt":"2025-12-12T17:14:39","slug":"lata-necton-r22-necton-680-gr","status":"publish","type":"product","link":"https:\/\/tienda.rigelec.com.ar\/?product=lata-necton-r22-necton-680-gr","title":{"rendered":"LATA NECTON R22 NECTON 680 GR"},"content":{"rendered":"<p>LATA NECTON R22<\/p>\n","protected":false},"excerpt":{"rendered":"<p>El gas refrigerante R32 es m\u00e1s respetuoso con el medio ambiente, requiere menos carga de refrigerante que los mismos equipos de R410A y adem\u00e1s es m\u00e1s eficiente.<\/p>\n<p>El impacto sobre el calentamiento global es de un 75% menos que un mismo equipo de R410A.<\/p>\n<p>Exactamente contamina un tercio de lo que el gas refrigerante R-410, adem\u00e1s de que al tener mejor eficiencia en transmisi\u00f3n t\u00e9rmica requiere menos cantidad por cada equipo de aire acondicionado.<\/p>\n<p>Aplicaciones:<br \/>\nAire acondicionado residencial y comercial<br \/>\nRefrigeracion comercial de media y baja temperatura (supermercados, m\u00e1quinas de hielo, transporte refrigerado)<br \/>\nEn mezclas como fluido refrigerante (temperaturas medias o altas)<br \/>\nAgente espumante para el poliestireno extruido (XPS) y un compuesto esterilizante.<\/p>\n","protected":false},"featured_media":35918,"comment_status":"open","ping_status":"closed","template":"","meta":{"_monsterinsights_skip_tracking":false,"_monsterinsights_sitenote_active":false,"_monsterinsights_sitenote_note":"","_monsterinsights_sitenote_category":0},"product_brand":[],"product_cat":[424],"product_tag":[466],"class_list":{"0":"post-35917","1":"product","2":"type-product","3":"status-publish","4":"has-post-thumbnail","6":"product_cat-e-accesorios-varios","7":"product_tag-necton","9":"first","10":"outofstock","11":"shipping-taxable","12":"purchasable","13":"product-type-simple"},"yoast_head":"<!-- This site is optimized with the Yoast SEO plugin v25.3.1 - https:\/\/yoast.com\/wordpress\/plugins\/seo\/ -->\n<title>LATA NECTON R22 NECTON 680 GR - Tienda Rigelec<\/title>\n<meta name=\"robots\" content=\"index, follow, max-snippet:-1, max-image-preview:large, max-video-preview:-1\" \/>\n<link rel=\"canonical\" href=\"https:\/\/tienda.rigelec.com.ar\/?product=lata-necton-r22-necton-680-gr\" \/>\n<meta property=\"og:locale\" content=\"es_ES\" \/>\n<meta property=\"og:type\" content=\"article\" \/>\n<meta property=\"og:title\" content=\"LATA NECTON R22 NECTON 680 GR - Tienda Rigelec\" \/>\n<meta property=\"og:description\" content=\"El gas refrigerante R32 es m\u00e1s respetuoso con el medio ambiente, requiere menos carga de refrigerante que los mismos equipos de R410A y adem\u00e1s es m\u00e1s eficiente.  El impacto sobre el calentamiento global es de un 75% menos que un mismo equipo de R410A.  Exactamente contamina un tercio de lo que el gas refrigerante R-410, adem\u00e1s de que al tener mejor eficiencia en transmisi\u00f3n t\u00e9rmica requiere menos cantidad por cada equipo de aire acondicionado.  Aplicaciones: Aire acondicionado residencial y comercial Refrigeracion comercial de media y baja temperatura (supermercados, m\u00e1quinas de hielo, transporte refrigerado) En mezclas como fluido refrigerante (temperaturas medias o altas) Agente espumante para el poliestireno extruido (XPS) y un compuesto esterilizante.\" \/>\n<meta property=\"og:url\" content=\"https:\/\/tienda.rigelec.com.ar\/?product=lata-necton-r22-necton-680-gr\" \/>\n<meta property=\"og:site_name\" content=\"Tienda Rigelec\" \/>\n<meta name=\"twitter:card\" content=\"summary_large_image\" \/>\n<script type=\"application\/ld+json\" class=\"yoast-schema-graph\">{\"@context\":\"https:\/\/schema.org\",\"@graph\":[{\"@type\":\"WebPage\",\"@id\":\"https:\/\/tienda.rigelec.com.ar\/?product=lata-necton-r22-necton-680-gr\",\"url\":\"https:\/\/tienda.rigelec.com.ar\/?product=lata-necton-r22-necton-680-gr\",\"name\":\"LATA NECTON R22 NECTON 680 GR - Tienda Rigelec\",\"isPartOf\":{\"@id\":\"https:\/\/tienda.rigelec.com.ar\/#website\"},\"primaryImageOfPage\":{\"@id\":\"https:\/\/tienda.rigelec.com.ar\/?product=lata-necton-r22-necton-680-gr#primaryimage\"},\"image\":{\"@id\":\"https:\/\/tienda.rigelec.com.ar\/?product=lata-necton-r22-necton-680-gr#primaryimage\"},\"thumbnailUrl\":\"https:\/\/tienda.rigelec.com.ar\/wp-content\/uploads\/2025\/12\/LATANECTONR22.jpg\",\"datePublished\":\"2025-12-12T17:14:39+00:00\",\"breadcrumb\":{\"@id\":\"https:\/\/tienda.rigelec.com.ar\/?product=lata-necton-r22-necton-680-gr#breadcrumb\"},\"inLanguage\":\"es-AR\",\"potentialAction\":[{\"@type\":\"ReadAction\",\"target\":[\"https:\/\/tienda.rigelec.com.ar\/?product=lata-necton-r22-necton-680-gr\"]}]},{\"@type\":\"ImageObject\",\"inLanguage\":\"es-AR\",\"@id\":\"https:\/\/tienda.rigelec.com.ar\/?product=lata-necton-r22-necton-680-gr#primaryimage\",\"url\":\"https:\/\/tienda.rigelec.com.ar\/wp-content\/uploads\/2025\/12\/LATANECTONR22.jpg\",\"contentUrl\":\"https:\/\/tienda.rigelec.com.ar\/wp-content\/uploads\/2025\/12\/LATANECTONR22.jpg\",\"width\":1080,\"height\":1080},{\"@type\":\"BreadcrumbList\",\"@id\":\"https:\/\/tienda.rigelec.com.ar\/?product=lata-necton-r22-necton-680-gr#breadcrumb\",\"itemListElement\":[{\"@type\":\"ListItem\",\"position\":1,\"name\":\"Inicio\",\"item\":\"https:\/\/tienda.rigelec.com.ar\/\"},{\"@type\":\"ListItem\",\"position\":2,\"name\":\"Shop\",\"item\":\"https:\/\/tienda.rigelec.com.ar\/?page_id=12\"},{\"@type\":\"ListItem\",\"position\":3,\"name\":\"LATA NECTON R22 NECTON 680 GR\"}]},{\"@type\":\"WebSite\",\"@id\":\"https:\/\/tienda.rigelec.com.ar\/#website\",\"url\":\"https:\/\/tienda.rigelec.com.ar\/\",\"name\":\"Tienda Rigelec\",\"description\":\"Energia en movimiento\",\"publisher\":{\"@id\":\"https:\/\/tienda.rigelec.com.ar\/#organization\"},\"potentialAction\":[{\"@type\":\"SearchAction\",\"target\":{\"@type\":\"EntryPoint\",\"urlTemplate\":\"https:\/\/tienda.rigelec.com.ar\/?s={search_term_string}\"},\"query-input\":{\"@type\":\"PropertyValueSpecification\",\"valueRequired\":true,\"valueName\":\"search_term_string\"}}],\"inLanguage\":\"es-AR\"},{\"@type\":\"Organization\",\"@id\":\"https:\/\/tienda.rigelec.com.ar\/#organization\",\"name\":\"Tienda Rigelec\",\"url\":\"https:\/\/tienda.rigelec.com.ar\/\",\"logo\":{\"@type\":\"ImageObject\",\"inLanguage\":\"es-AR\",\"@id\":\"https:\/\/tienda.rigelec.com.ar\/#\/schema\/logo\/image\/\",\"url\":\"https:\/\/tienda.rigelec.com.ar\/wp-content\/uploads\/2024\/09\/isologo-blanco-rigelec.png\",\"contentUrl\":\"https:\/\/tienda.rigelec.com.ar\/wp-content\/uploads\/2024\/09\/isologo-blanco-rigelec.png\",\"width\":94,\"height\":97,\"caption\":\"Tienda Rigelec\"},\"image\":{\"@id\":\"https:\/\/tienda.rigelec.com.ar\/#\/schema\/logo\/image\/\"}}]}<\/script>\n<!-- \/ Yoast SEO plugin. -->","yoast_head_json":{"title":"LATA NECTON R22 NECTON 680 GR - Tienda Rigelec","robots":{"index":"index","follow":"follow","max-snippet":"max-snippet:-1","max-image-preview":"max-image-preview:large","max-video-preview":"max-video-preview:-1"},"canonical":"https:\/\/tienda.rigelec.com.ar\/?product=lata-necton-r22-necton-680-gr","og_locale":"es_ES","og_type":"article","og_title":"LATA NECTON R22 NECTON 680 GR - Tienda Rigelec","og_description":"El gas refrigerante R32 es m\u00e1s respetuoso con el medio ambiente, requiere menos carga de refrigerante que los mismos equipos de R410A y adem\u00e1s es m\u00e1s eficiente.  El impacto sobre el calentamiento global es de un 75% menos que un mismo equipo de R410A.  Exactamente contamina un tercio de lo que el gas refrigerante R-410, adem\u00e1s de que al tener mejor eficiencia en transmisi\u00f3n t\u00e9rmica requiere menos cantidad por cada equipo de aire acondicionado.  Aplicaciones: Aire acondicionado residencial y comercial Refrigeracion comercial de media y baja temperatura (supermercados, m\u00e1quinas de hielo, transporte refrigerado) En mezclas como fluido refrigerante (temperaturas medias o altas) Agente espumante para el poliestireno extruido (XPS) y un compuesto esterilizante.","og_url":"https:\/\/tienda.rigelec.com.ar\/?product=lata-necton-r22-necton-680-gr","og_site_name":"Tienda Rigelec","twitter_card":"summary_large_image","schema":{"@context":"https:\/\/schema.org","@graph":[{"@type":"WebPage","@id":"https:\/\/tienda.rigelec.com.ar\/?product=lata-necton-r22-necton-680-gr","url":"https:\/\/tienda.rigelec.com.ar\/?product=lata-necton-r22-necton-680-gr","name":"LATA NECTON R22 NECTON 680 GR - Tienda Rigelec","isPartOf":{"@id":"https:\/\/tienda.rigelec.com.ar\/#website"},"primaryImageOfPage":{"@id":"https:\/\/tienda.rigelec.com.ar\/?product=lata-necton-r22-necton-680-gr#primaryimage"},"image":{"@id":"https:\/\/tienda.rigelec.com.ar\/?product=lata-necton-r22-necton-680-gr#primaryimage"},"thumbnailUrl":"https:\/\/tienda.rigelec.com.ar\/wp-content\/uploads\/2025\/12\/LATANECTONR22.jpg","datePublished":"2025-12-12T17:14:39+00:00","breadcrumb":{"@id":"https:\/\/tienda.rigelec.com.ar\/?product=lata-necton-r22-necton-680-gr#breadcrumb"},"inLanguage":"es-AR","potentialAction":[{"@type":"ReadAction","target":["https:\/\/tienda.rigelec.com.ar\/?product=lata-necton-r22-necton-680-gr"]}]},{"@type":"ImageObject","inLanguage":"es-AR","@id":"https:\/\/tienda.rigelec.com.ar\/?product=lata-necton-r22-necton-680-gr#primaryimage","url":"https:\/\/tienda.rigelec.com.ar\/wp-content\/uploads\/2025\/12\/LATANECTONR22.jpg","contentUrl":"https:\/\/tienda.rigelec.com.ar\/wp-content\/uploads\/2025\/12\/LATANECTONR22.jpg","width":1080,"height":1080},{"@type":"BreadcrumbList","@id":"https:\/\/tienda.rigelec.com.ar\/?product=lata-necton-r22-necton-680-gr#breadcrumb","itemListElement":[{"@type":"ListItem","position":1,"name":"Inicio","item":"https:\/\/tienda.rigelec.com.ar\/"},{"@type":"ListItem","position":2,"name":"Shop","item":"https:\/\/tienda.rigelec.com.ar\/?page_id=12"},{"@type":"ListItem","position":3,"name":"LATA NECTON R22 NECTON 680 GR"}]},{"@type":"WebSite","@id":"https:\/\/tienda.rigelec.com.ar\/#website","url":"https:\/\/tienda.rigelec.com.ar\/","name":"Tienda Rigelec","description":"Energia en movimiento","publisher":{"@id":"https:\/\/tienda.rigelec.com.ar\/#organization"},"potentialAction":[{"@type":"SearchAction","target":{"@type":"EntryPoint","urlTemplate":"https:\/\/tienda.rigelec.com.ar\/?s={search_term_string}"},"query-input":{"@type":"PropertyValueSpecification","valueRequired":true,"valueName":"search_term_string"}}],"inLanguage":"es-AR"},{"@type":"Organization","@id":"https:\/\/tienda.rigelec.com.ar\/#organization","name":"Tienda Rigelec","url":"https:\/\/tienda.rigelec.com.ar\/","logo":{"@type":"ImageObject","inLanguage":"es-AR","@id":"https:\/\/tienda.rigelec.com.ar\/#\/schema\/logo\/image\/","url":"https:\/\/tienda.rigelec.com.ar\/wp-content\/uploads\/2024\/09\/isologo-blanco-rigelec.png","contentUrl":"https:\/\/tienda.rigelec.com.ar\/wp-content\/uploads\/2024\/09\/isologo-blanco-rigelec.png","width":94,"height":97,"caption":"Tienda Rigelec"},"image":{"@id":"https:\/\/tienda.rigelec.com.ar\/#\/schema\/logo\/image\/"}}]}},"jetpack_sharing_enabled":true,"_links":{"self":[{"href":"https:\/\/tienda.rigelec.com.ar\/index.php?rest_route=\/wp\/v2\/product\/35917","targetHints":{"allow":["GET"]}}],"collection":[{"href":"https:\/\/tienda.rigelec.com.ar\/index.php?rest_route=\/wp\/v2\/product"}],"about":[{"href":"https:\/\/tienda.rigelec.com.ar\/index.php?rest_route=\/wp\/v2\/types\/product"}],"replies":[{"embeddable":true,"href":"https:\/\/tienda.rigelec.com.ar\/index.php?rest_route=%2Fwp%2Fv2%2Fcomments&post=35917"}],"wp:featuredmedia":[{"embeddable":true,"href":"https:\/\/tienda.rigelec.com.ar\/index.php?rest_route=\/wp\/v2\/media\/35918"}],"wp:attachment":[{"href":"https:\/\/tienda.rigelec.com.ar\/index.php?rest_route=%2Fwp%2Fv2%2Fmedia&parent=35917"}],"wp:term":[{"taxonomy":"product_brand","embeddable":true,"href":"https:\/\/tienda.rigelec.com.ar\/index.php?rest_route=%2Fwp%2Fv2%2Fproduct_brand&post=35917"},{"taxonomy":"product_cat","embeddable":true,"href":"https:\/\/tienda.rigelec.com.ar\/index.php?rest_route=%2Fwp%2Fv2%2Fproduct_cat&post=35917"},{"taxonomy":"product_tag","embeddable":true,"href":"https:\/\/tienda.rigelec.com.ar\/index.php?rest_route=%2Fwp%2Fv2%2Fproduct_tag&post=35917"}],"curies":[{"name":"wp","href":"https:\/\/api.w.org\/{rel}","templated":true}]}}