{"id":35947,"date":"2025-12-17T08:41:00","date_gmt":"2025-12-17T11:41:00","guid":{"rendered":"https:\/\/tienda.rigelec.com.ar\/?product=silicona-neutra-transparente-260-ml"},"modified":"2026-05-03T09:59:58","modified_gmt":"2026-05-03T12:59:58","slug":"silicona-neutra-transparente-260-ml","status":"publish","type":"product","link":"https:\/\/tienda.rigelec.com.ar\/?product=silicona-neutra-transparente-260-ml","title":{"rendered":"SILICONA NEUTRA TRANSPARENTE  260 ML"},"content":{"rendered":"<p>SILICONA NEUTRA TRANSPARENTE<\/p>\n","protected":false},"excerpt":{"rendered":"<p>La silicona de construcci\u00f3n  tiene una contracci\u00f3n de muy bajo volumen y una formaci\u00f3n de olores reducida, lo que la hace ideal para aplicaciones dif\u00edciles. El sellador de silicona a base de alquitr\u00e1n ofrece propiedades de adhesi\u00f3n particularmente altas en una variedad de sustratos, tanto en el interior como en el exterior. <\/p>\n<p>La silicona de construcci\u00f3n es adecuada para el sellado de ventanas y para juntas de movimiento y conexi\u00f3n en paredes y techos. Gracias a sus propiedades fungicidas, fischer DBSA es ideal para su uso en instalaciones sanitarias. La silicona es f\u00e1cil de usar y de alisar, lo que permite un r\u00e1pido avance del trabajo.<\/p>\n","protected":false},"featured_media":35948,"comment_status":"open","ping_status":"closed","template":"","meta":{"_monsterinsights_skip_tracking":false,"_monsterinsights_sitenote_active":false,"_monsterinsights_sitenote_note":"","_monsterinsights_sitenote_category":0},"product_brand":[],"product_cat":[359],"product_tag":[489],"class_list":{"0":"post-35947","1":"product","2":"type-product","3":"status-publish","4":"has-post-thumbnail","6":"product_cat-f-pegamentos","7":"product_tag-fischer","9":"first","10":"outofstock","11":"shipping-taxable","12":"purchasable","13":"product-type-simple"},"yoast_head":"<!-- This site is optimized with the Yoast SEO plugin v25.3.1 - https:\/\/yoast.com\/wordpress\/plugins\/seo\/ -->\n<title>SILICONA NEUTRA TRANSPARENTE 260 ML - Tienda Rigelec<\/title>\n<meta name=\"robots\" content=\"index, follow, max-snippet:-1, max-image-preview:large, max-video-preview:-1\" \/>\n<link rel=\"canonical\" href=\"https:\/\/tienda.rigelec.com.ar\/?product=silicona-neutra-transparente-260-ml\" \/>\n<meta property=\"og:locale\" content=\"es_ES\" \/>\n<meta property=\"og:type\" content=\"article\" \/>\n<meta property=\"og:title\" content=\"SILICONA NEUTRA TRANSPARENTE 260 ML - Tienda Rigelec\" \/>\n<meta property=\"og:description\" content=\"La silicona de construcci\u00f3n tiene una contracci\u00f3n de muy bajo volumen y una formaci\u00f3n de olores reducida, lo que la hace ideal para aplicaciones dif\u00edciles. El sellador de silicona a base de alquitr\u00e1n ofrece propiedades de adhesi\u00f3n particularmente altas en una variedad de sustratos, tanto en el interior como en el exterior.   La silicona de construcci\u00f3n es adecuada para el sellado de ventanas y para juntas de movimiento y conexi\u00f3n en paredes y techos. Gracias a sus propiedades fungicidas, fischer DBSA es ideal para su uso en instalaciones sanitarias. La silicona es f\u00e1cil de usar y de alisar, lo que permite un r\u00e1pido avance del trabajo.\" \/>\n<meta property=\"og:url\" content=\"https:\/\/tienda.rigelec.com.ar\/?product=silicona-neutra-transparente-260-ml\" \/>\n<meta property=\"og:site_name\" content=\"Tienda Rigelec\" \/>\n<meta property=\"article:modified_time\" content=\"2026-05-03T12:59:58+00:00\" \/>\n<meta name=\"twitter:card\" content=\"summary_large_image\" \/>\n<script type=\"application\/ld+json\" class=\"yoast-schema-graph\">{\"@context\":\"https:\/\/schema.org\",\"@graph\":[{\"@type\":\"WebPage\",\"@id\":\"https:\/\/tienda.rigelec.com.ar\/?product=silicona-neutra-transparente-260-ml\",\"url\":\"https:\/\/tienda.rigelec.com.ar\/?product=silicona-neutra-transparente-260-ml\",\"name\":\"SILICONA NEUTRA TRANSPARENTE 260 ML - Tienda Rigelec\",\"isPartOf\":{\"@id\":\"https:\/\/tienda.rigelec.com.ar\/#website\"},\"primaryImageOfPage\":{\"@id\":\"https:\/\/tienda.rigelec.com.ar\/?product=silicona-neutra-transparente-260-ml#primaryimage\"},\"image\":{\"@id\":\"https:\/\/tienda.rigelec.com.ar\/?product=silicona-neutra-transparente-260-ml#primaryimage\"},\"thumbnailUrl\":\"https:\/\/tienda.rigelec.com.ar\/wp-content\/uploads\/2025\/12\/SILICONANEUTRATRANSPARENTE.jpg\",\"datePublished\":\"2025-12-17T11:41:00+00:00\",\"dateModified\":\"2026-05-03T12:59:58+00:00\",\"breadcrumb\":{\"@id\":\"https:\/\/tienda.rigelec.com.ar\/?product=silicona-neutra-transparente-260-ml#breadcrumb\"},\"inLanguage\":\"es-AR\",\"potentialAction\":[{\"@type\":\"ReadAction\",\"target\":[\"https:\/\/tienda.rigelec.com.ar\/?product=silicona-neutra-transparente-260-ml\"]}]},{\"@type\":\"ImageObject\",\"inLanguage\":\"es-AR\",\"@id\":\"https:\/\/tienda.rigelec.com.ar\/?product=silicona-neutra-transparente-260-ml#primaryimage\",\"url\":\"https:\/\/tienda.rigelec.com.ar\/wp-content\/uploads\/2025\/12\/SILICONANEUTRATRANSPARENTE.jpg\",\"contentUrl\":\"https:\/\/tienda.rigelec.com.ar\/wp-content\/uploads\/2025\/12\/SILICONANEUTRATRANSPARENTE.jpg\",\"width\":1080,\"height\":1080},{\"@type\":\"BreadcrumbList\",\"@id\":\"https:\/\/tienda.rigelec.com.ar\/?product=silicona-neutra-transparente-260-ml#breadcrumb\",\"itemListElement\":[{\"@type\":\"ListItem\",\"position\":1,\"name\":\"Inicio\",\"item\":\"https:\/\/tienda.rigelec.com.ar\/\"},{\"@type\":\"ListItem\",\"position\":2,\"name\":\"Shop\",\"item\":\"https:\/\/tienda.rigelec.com.ar\/?page_id=12\"},{\"@type\":\"ListItem\",\"position\":3,\"name\":\"SILICONA NEUTRA TRANSPARENTE 260 ML\"}]},{\"@type\":\"WebSite\",\"@id\":\"https:\/\/tienda.rigelec.com.ar\/#website\",\"url\":\"https:\/\/tienda.rigelec.com.ar\/\",\"name\":\"Tienda Rigelec\",\"description\":\"Energia en movimiento\",\"publisher\":{\"@id\":\"https:\/\/tienda.rigelec.com.ar\/#organization\"},\"potentialAction\":[{\"@type\":\"SearchAction\",\"target\":{\"@type\":\"EntryPoint\",\"urlTemplate\":\"https:\/\/tienda.rigelec.com.ar\/?s={search_term_string}\"},\"query-input\":{\"@type\":\"PropertyValueSpecification\",\"valueRequired\":true,\"valueName\":\"search_term_string\"}}],\"inLanguage\":\"es-AR\"},{\"@type\":\"Organization\",\"@id\":\"https:\/\/tienda.rigelec.com.ar\/#organization\",\"name\":\"Tienda Rigelec\",\"url\":\"https:\/\/tienda.rigelec.com.ar\/\",\"logo\":{\"@type\":\"ImageObject\",\"inLanguage\":\"es-AR\",\"@id\":\"https:\/\/tienda.rigelec.com.ar\/#\/schema\/logo\/image\/\",\"url\":\"https:\/\/tienda.rigelec.com.ar\/wp-content\/uploads\/2024\/09\/isologo-blanco-rigelec.png\",\"contentUrl\":\"https:\/\/tienda.rigelec.com.ar\/wp-content\/uploads\/2024\/09\/isologo-blanco-rigelec.png\",\"width\":94,\"height\":97,\"caption\":\"Tienda Rigelec\"},\"image\":{\"@id\":\"https:\/\/tienda.rigelec.com.ar\/#\/schema\/logo\/image\/\"}}]}<\/script>\n<!-- \/ Yoast SEO plugin. -->","yoast_head_json":{"title":"SILICONA NEUTRA TRANSPARENTE 260 ML - Tienda Rigelec","robots":{"index":"index","follow":"follow","max-snippet":"max-snippet:-1","max-image-preview":"max-image-preview:large","max-video-preview":"max-video-preview:-1"},"canonical":"https:\/\/tienda.rigelec.com.ar\/?product=silicona-neutra-transparente-260-ml","og_locale":"es_ES","og_type":"article","og_title":"SILICONA NEUTRA TRANSPARENTE 260 ML - Tienda Rigelec","og_description":"La silicona de construcci\u00f3n tiene una contracci\u00f3n de muy bajo volumen y una formaci\u00f3n de olores reducida, lo que la hace ideal para aplicaciones dif\u00edciles. El sellador de silicona a base de alquitr\u00e1n ofrece propiedades de adhesi\u00f3n particularmente altas en una variedad de sustratos, tanto en el interior como en el exterior.   La silicona de construcci\u00f3n es adecuada para el sellado de ventanas y para juntas de movimiento y conexi\u00f3n en paredes y techos. Gracias a sus propiedades fungicidas, fischer DBSA es ideal para su uso en instalaciones sanitarias. La silicona es f\u00e1cil de usar y de alisar, lo que permite un r\u00e1pido avance del trabajo.","og_url":"https:\/\/tienda.rigelec.com.ar\/?product=silicona-neutra-transparente-260-ml","og_site_name":"Tienda Rigelec","article_modified_time":"2026-05-03T12:59:58+00:00","twitter_card":"summary_large_image","schema":{"@context":"https:\/\/schema.org","@graph":[{"@type":"WebPage","@id":"https:\/\/tienda.rigelec.com.ar\/?product=silicona-neutra-transparente-260-ml","url":"https:\/\/tienda.rigelec.com.ar\/?product=silicona-neutra-transparente-260-ml","name":"SILICONA NEUTRA TRANSPARENTE 260 ML - Tienda Rigelec","isPartOf":{"@id":"https:\/\/tienda.rigelec.com.ar\/#website"},"primaryImageOfPage":{"@id":"https:\/\/tienda.rigelec.com.ar\/?product=silicona-neutra-transparente-260-ml#primaryimage"},"image":{"@id":"https:\/\/tienda.rigelec.com.ar\/?product=silicona-neutra-transparente-260-ml#primaryimage"},"thumbnailUrl":"https:\/\/tienda.rigelec.com.ar\/wp-content\/uploads\/2025\/12\/SILICONANEUTRATRANSPARENTE.jpg","datePublished":"2025-12-17T11:41:00+00:00","dateModified":"2026-05-03T12:59:58+00:00","breadcrumb":{"@id":"https:\/\/tienda.rigelec.com.ar\/?product=silicona-neutra-transparente-260-ml#breadcrumb"},"inLanguage":"es-AR","potentialAction":[{"@type":"ReadAction","target":["https:\/\/tienda.rigelec.com.ar\/?product=silicona-neutra-transparente-260-ml"]}]},{"@type":"ImageObject","inLanguage":"es-AR","@id":"https:\/\/tienda.rigelec.com.ar\/?product=silicona-neutra-transparente-260-ml#primaryimage","url":"https:\/\/tienda.rigelec.com.ar\/wp-content\/uploads\/2025\/12\/SILICONANEUTRATRANSPARENTE.jpg","contentUrl":"https:\/\/tienda.rigelec.com.ar\/wp-content\/uploads\/2025\/12\/SILICONANEUTRATRANSPARENTE.jpg","width":1080,"height":1080},{"@type":"BreadcrumbList","@id":"https:\/\/tienda.rigelec.com.ar\/?product=silicona-neutra-transparente-260-ml#breadcrumb","itemListElement":[{"@type":"ListItem","position":1,"name":"Inicio","item":"https:\/\/tienda.rigelec.com.ar\/"},{"@type":"ListItem","position":2,"name":"Shop","item":"https:\/\/tienda.rigelec.com.ar\/?page_id=12"},{"@type":"ListItem","position":3,"name":"SILICONA NEUTRA TRANSPARENTE 260 ML"}]},{"@type":"WebSite","@id":"https:\/\/tienda.rigelec.com.ar\/#website","url":"https:\/\/tienda.rigelec.com.ar\/","name":"Tienda Rigelec","description":"Energia en movimiento","publisher":{"@id":"https:\/\/tienda.rigelec.com.ar\/#organization"},"potentialAction":[{"@type":"SearchAction","target":{"@type":"EntryPoint","urlTemplate":"https:\/\/tienda.rigelec.com.ar\/?s={search_term_string}"},"query-input":{"@type":"PropertyValueSpecification","valueRequired":true,"valueName":"search_term_string"}}],"inLanguage":"es-AR"},{"@type":"Organization","@id":"https:\/\/tienda.rigelec.com.ar\/#organization","name":"Tienda Rigelec","url":"https:\/\/tienda.rigelec.com.ar\/","logo":{"@type":"ImageObject","inLanguage":"es-AR","@id":"https:\/\/tienda.rigelec.com.ar\/#\/schema\/logo\/image\/","url":"https:\/\/tienda.rigelec.com.ar\/wp-content\/uploads\/2024\/09\/isologo-blanco-rigelec.png","contentUrl":"https:\/\/tienda.rigelec.com.ar\/wp-content\/uploads\/2024\/09\/isologo-blanco-rigelec.png","width":94,"height":97,"caption":"Tienda Rigelec"},"image":{"@id":"https:\/\/tienda.rigelec.com.ar\/#\/schema\/logo\/image\/"}}]}},"jetpack_sharing_enabled":true,"_links":{"self":[{"href":"https:\/\/tienda.rigelec.com.ar\/index.php?rest_route=\/wp\/v2\/product\/35947","targetHints":{"allow":["GET"]}}],"collection":[{"href":"https:\/\/tienda.rigelec.com.ar\/index.php?rest_route=\/wp\/v2\/product"}],"about":[{"href":"https:\/\/tienda.rigelec.com.ar\/index.php?rest_route=\/wp\/v2\/types\/product"}],"replies":[{"embeddable":true,"href":"https:\/\/tienda.rigelec.com.ar\/index.php?rest_route=%2Fwp%2Fv2%2Fcomments&post=35947"}],"wp:featuredmedia":[{"embeddable":true,"href":"https:\/\/tienda.rigelec.com.ar\/index.php?rest_route=\/wp\/v2\/media\/35948"}],"wp:attachment":[{"href":"https:\/\/tienda.rigelec.com.ar\/index.php?rest_route=%2Fwp%2Fv2%2Fmedia&parent=35947"}],"wp:term":[{"taxonomy":"product_brand","embeddable":true,"href":"https:\/\/tienda.rigelec.com.ar\/index.php?rest_route=%2Fwp%2Fv2%2Fproduct_brand&post=35947"},{"taxonomy":"product_cat","embeddable":true,"href":"https:\/\/tienda.rigelec.com.ar\/index.php?rest_route=%2Fwp%2Fv2%2Fproduct_cat&post=35947"},{"taxonomy":"product_tag","embeddable":true,"href":"https:\/\/tienda.rigelec.com.ar\/index.php?rest_route=%2Fwp%2Fv2%2Fproduct_tag&post=35947"}],"curies":[{"name":"wp","href":"https:\/\/api.w.org\/{rel}","templated":true}]}}