{"id":35959,"date":"2025-12-17T21:12:45","date_gmt":"2025-12-18T00:12:45","guid":{"rendered":"https:\/\/tienda.rigelec.com.ar\/?product=bloque-contactos-auxiliares-tesys-deca-6a-240vac-1na1nc"},"modified":"2026-05-01T03:40:48","modified_gmt":"2026-05-01T06:40:48","slug":"bloque-contactos-auxiliares-tesys-deca-6a-240vac-1na1nc","status":"publish","type":"product","link":"https:\/\/tienda.rigelec.com.ar\/?product=bloque-contactos-auxiliares-tesys-deca-6a-240vac-1na1nc","title":{"rendered":"BLOQUE CONTACTOS AUXILIARES TESYS DECA 6A &#8211; 240VAC &#8211; 1NA+1NC"},"content":{"rendered":"<p>BLOQUE CONTACTOS AUXILIARES<\/p>\n","protected":false},"excerpt":{"rendered":"<p>&#8220;Bloque de contactos auxiliar TeSys Deca para guardamortores GV2 y GV3.&#8221; &#8220;Este producto dispone de dos contactos auxiliares instant\u00e1neos (1NA+1NC) y est\u00e1 dise\u00f1ado para operar hasta 6A\/240V AC y 6A\/690V DC.&#8221; &#8220;Debe ser instalado en el lado izquierdo del guardamotor (montaje m\u00e1ximo de dos bloques) con conexi\u00f3n mediante terminales de abrazadera de tornillo.&#8221; &#8220;Este producto tiene certificaci\u00f3n multiest\u00e1ndar (IEC, UL, CSA, CCC, EAC).&#8221; &#8220;El bloque de contactos auxiliar Tesys Deca cuenta con la etiqueta Green PremiumTM,&#8221; &#8220;la cual promete el cumplimiento de las reglamentaciones m\u00e1s recientes, transparencia sobre los impactos medioambientales, productos circulares y de bajo nivel de CO2.&#8221; Certificaci\u00f3n multiest\u00e1ndar (IEC, UL, CSA, CCC, EAC), cumplimiento de Green Premium (RoHS\/REACh).<\/p>\n<p>Localidad de montaje: LATERAL IZQUIERDO<br \/>\nConexiones &#8211; terminales:  CONEXION TORNILLO DE ESTRIBO<\/p>\n","protected":false},"featured_media":35960,"comment_status":"open","ping_status":"closed","template":"","meta":{"_monsterinsights_skip_tracking":false,"_monsterinsights_sitenote_active":false,"_monsterinsights_sitenote_note":"","_monsterinsights_sitenote_category":0},"product_brand":[],"product_cat":[332],"product_tag":[450],"class_list":{"0":"post-35959","1":"product","2":"type-product","3":"status-publish","4":"has-post-thumbnail","6":"product_cat-a-contactores","7":"product_tag-schneider","9":"first","10":"instock","11":"shipping-taxable","12":"purchasable","13":"product-type-simple"},"yoast_head":"<!-- This site is optimized with the Yoast SEO plugin v25.3.1 - https:\/\/yoast.com\/wordpress\/plugins\/seo\/ -->\n<title>BLOQUE CONTACTOS AUXILIARES TESYS DECA 6A - 240VAC - 1NA+1NC - Tienda Rigelec<\/title>\n<meta name=\"robots\" content=\"index, follow, max-snippet:-1, max-image-preview:large, max-video-preview:-1\" \/>\n<link rel=\"canonical\" href=\"https:\/\/tienda.rigelec.com.ar\/?product=bloque-contactos-auxiliares-tesys-deca-6a-240vac-1na1nc\" \/>\n<meta property=\"og:locale\" content=\"es_ES\" \/>\n<meta property=\"og:type\" content=\"article\" \/>\n<meta property=\"og:title\" content=\"BLOQUE CONTACTOS AUXILIARES TESYS DECA 6A - 240VAC - 1NA+1NC - Tienda Rigelec\" \/>\n<meta property=\"og:description\" content=\"&quot;Bloque de contactos auxiliar TeSys Deca para guardamortores GV2 y GV3.&quot; &quot;Este producto dispone de dos contactos auxiliares instant\u00e1neos (1NA+1NC) y est\u00e1 dise\u00f1ado para operar hasta 6A\/240V AC y 6A\/690V DC.&quot; &quot;Debe ser instalado en el lado izquierdo del guardamotor (montaje m\u00e1ximo de dos bloques) con conexi\u00f3n mediante terminales de abrazadera de tornillo.&quot; &quot;Este producto tiene certificaci\u00f3n multiest\u00e1ndar (IEC, UL, CSA, CCC, EAC).&quot; &quot;El bloque de contactos auxiliar Tesys Deca cuenta con la etiqueta Green PremiumTM,&quot; &quot;la cual promete el cumplimiento de las reglamentaciones m\u00e1s recientes, transparencia sobre los impactos medioambientales, productos circulares y de bajo nivel de CO2.&quot; Certificaci\u00f3n multiest\u00e1ndar (IEC, UL, CSA, CCC, EAC), cumplimiento de Green Premium (RoHS\/REACh).  Localidad de montaje: LATERAL IZQUIERDO Conexiones - terminales: CONEXION TORNILLO DE ESTRIBO\" \/>\n<meta property=\"og:url\" content=\"https:\/\/tienda.rigelec.com.ar\/?product=bloque-contactos-auxiliares-tesys-deca-6a-240vac-1na1nc\" \/>\n<meta property=\"og:site_name\" content=\"Tienda Rigelec\" \/>\n<meta property=\"article:modified_time\" content=\"2026-05-01T06:40:48+00:00\" \/>\n<meta name=\"twitter:card\" content=\"summary_large_image\" \/>\n<script type=\"application\/ld+json\" class=\"yoast-schema-graph\">{\"@context\":\"https:\/\/schema.org\",\"@graph\":[{\"@type\":\"WebPage\",\"@id\":\"https:\/\/tienda.rigelec.com.ar\/?product=bloque-contactos-auxiliares-tesys-deca-6a-240vac-1na1nc\",\"url\":\"https:\/\/tienda.rigelec.com.ar\/?product=bloque-contactos-auxiliares-tesys-deca-6a-240vac-1na1nc\",\"name\":\"BLOQUE CONTACTOS AUXILIARES TESYS DECA 6A - 240VAC - 1NA+1NC - Tienda Rigelec\",\"isPartOf\":{\"@id\":\"https:\/\/tienda.rigelec.com.ar\/#website\"},\"primaryImageOfPage\":{\"@id\":\"https:\/\/tienda.rigelec.com.ar\/?product=bloque-contactos-auxiliares-tesys-deca-6a-240vac-1na1nc#primaryimage\"},\"image\":{\"@id\":\"https:\/\/tienda.rigelec.com.ar\/?product=bloque-contactos-auxiliares-tesys-deca-6a-240vac-1na1nc#primaryimage\"},\"thumbnailUrl\":\"https:\/\/tienda.rigelec.com.ar\/wp-content\/uploads\/2025\/12\/BLOQUECONTACTOSAUXILIARES-2.jpg\",\"datePublished\":\"2025-12-18T00:12:45+00:00\",\"dateModified\":\"2026-05-01T06:40:48+00:00\",\"breadcrumb\":{\"@id\":\"https:\/\/tienda.rigelec.com.ar\/?product=bloque-contactos-auxiliares-tesys-deca-6a-240vac-1na1nc#breadcrumb\"},\"inLanguage\":\"es-AR\",\"potentialAction\":[{\"@type\":\"ReadAction\",\"target\":[\"https:\/\/tienda.rigelec.com.ar\/?product=bloque-contactos-auxiliares-tesys-deca-6a-240vac-1na1nc\"]}]},{\"@type\":\"ImageObject\",\"inLanguage\":\"es-AR\",\"@id\":\"https:\/\/tienda.rigelec.com.ar\/?product=bloque-contactos-auxiliares-tesys-deca-6a-240vac-1na1nc#primaryimage\",\"url\":\"https:\/\/tienda.rigelec.com.ar\/wp-content\/uploads\/2025\/12\/BLOQUECONTACTOSAUXILIARES-2.jpg\",\"contentUrl\":\"https:\/\/tienda.rigelec.com.ar\/wp-content\/uploads\/2025\/12\/BLOQUECONTACTOSAUXILIARES-2.jpg\",\"width\":1080,\"height\":1080},{\"@type\":\"BreadcrumbList\",\"@id\":\"https:\/\/tienda.rigelec.com.ar\/?product=bloque-contactos-auxiliares-tesys-deca-6a-240vac-1na1nc#breadcrumb\",\"itemListElement\":[{\"@type\":\"ListItem\",\"position\":1,\"name\":\"Inicio\",\"item\":\"https:\/\/tienda.rigelec.com.ar\/\"},{\"@type\":\"ListItem\",\"position\":2,\"name\":\"Shop\",\"item\":\"https:\/\/tienda.rigelec.com.ar\/?page_id=12\"},{\"@type\":\"ListItem\",\"position\":3,\"name\":\"BLOQUE CONTACTOS AUXILIARES TESYS DECA 6A &#8211; 240VAC &#8211; 1NA+1NC\"}]},{\"@type\":\"WebSite\",\"@id\":\"https:\/\/tienda.rigelec.com.ar\/#website\",\"url\":\"https:\/\/tienda.rigelec.com.ar\/\",\"name\":\"Tienda Rigelec\",\"description\":\"Energia en movimiento\",\"publisher\":{\"@id\":\"https:\/\/tienda.rigelec.com.ar\/#organization\"},\"potentialAction\":[{\"@type\":\"SearchAction\",\"target\":{\"@type\":\"EntryPoint\",\"urlTemplate\":\"https:\/\/tienda.rigelec.com.ar\/?s={search_term_string}\"},\"query-input\":{\"@type\":\"PropertyValueSpecification\",\"valueRequired\":true,\"valueName\":\"search_term_string\"}}],\"inLanguage\":\"es-AR\"},{\"@type\":\"Organization\",\"@id\":\"https:\/\/tienda.rigelec.com.ar\/#organization\",\"name\":\"Tienda Rigelec\",\"url\":\"https:\/\/tienda.rigelec.com.ar\/\",\"logo\":{\"@type\":\"ImageObject\",\"inLanguage\":\"es-AR\",\"@id\":\"https:\/\/tienda.rigelec.com.ar\/#\/schema\/logo\/image\/\",\"url\":\"https:\/\/tienda.rigelec.com.ar\/wp-content\/uploads\/2024\/09\/isologo-blanco-rigelec.png\",\"contentUrl\":\"https:\/\/tienda.rigelec.com.ar\/wp-content\/uploads\/2024\/09\/isologo-blanco-rigelec.png\",\"width\":94,\"height\":97,\"caption\":\"Tienda Rigelec\"},\"image\":{\"@id\":\"https:\/\/tienda.rigelec.com.ar\/#\/schema\/logo\/image\/\"}}]}<\/script>\n<!-- \/ Yoast SEO plugin. -->","yoast_head_json":{"title":"BLOQUE CONTACTOS AUXILIARES TESYS DECA 6A - 240VAC - 1NA+1NC - Tienda Rigelec","robots":{"index":"index","follow":"follow","max-snippet":"max-snippet:-1","max-image-preview":"max-image-preview:large","max-video-preview":"max-video-preview:-1"},"canonical":"https:\/\/tienda.rigelec.com.ar\/?product=bloque-contactos-auxiliares-tesys-deca-6a-240vac-1na1nc","og_locale":"es_ES","og_type":"article","og_title":"BLOQUE CONTACTOS AUXILIARES TESYS DECA 6A - 240VAC - 1NA+1NC - Tienda Rigelec","og_description":"\"Bloque de contactos auxiliar TeSys Deca para guardamortores GV2 y GV3.\" \"Este producto dispone de dos contactos auxiliares instant\u00e1neos (1NA+1NC) y est\u00e1 dise\u00f1ado para operar hasta 6A\/240V AC y 6A\/690V DC.\" \"Debe ser instalado en el lado izquierdo del guardamotor (montaje m\u00e1ximo de dos bloques) con conexi\u00f3n mediante terminales de abrazadera de tornillo.\" \"Este producto tiene certificaci\u00f3n multiest\u00e1ndar (IEC, UL, CSA, CCC, EAC).\" \"El bloque de contactos auxiliar Tesys Deca cuenta con la etiqueta Green PremiumTM,\" \"la cual promete el cumplimiento de las reglamentaciones m\u00e1s recientes, transparencia sobre los impactos medioambientales, productos circulares y de bajo nivel de CO2.\" Certificaci\u00f3n multiest\u00e1ndar (IEC, UL, CSA, CCC, EAC), cumplimiento de Green Premium (RoHS\/REACh).  Localidad de montaje: LATERAL IZQUIERDO Conexiones - terminales: CONEXION TORNILLO DE ESTRIBO","og_url":"https:\/\/tienda.rigelec.com.ar\/?product=bloque-contactos-auxiliares-tesys-deca-6a-240vac-1na1nc","og_site_name":"Tienda Rigelec","article_modified_time":"2026-05-01T06:40:48+00:00","twitter_card":"summary_large_image","schema":{"@context":"https:\/\/schema.org","@graph":[{"@type":"WebPage","@id":"https:\/\/tienda.rigelec.com.ar\/?product=bloque-contactos-auxiliares-tesys-deca-6a-240vac-1na1nc","url":"https:\/\/tienda.rigelec.com.ar\/?product=bloque-contactos-auxiliares-tesys-deca-6a-240vac-1na1nc","name":"BLOQUE CONTACTOS AUXILIARES TESYS DECA 6A - 240VAC - 1NA+1NC - Tienda Rigelec","isPartOf":{"@id":"https:\/\/tienda.rigelec.com.ar\/#website"},"primaryImageOfPage":{"@id":"https:\/\/tienda.rigelec.com.ar\/?product=bloque-contactos-auxiliares-tesys-deca-6a-240vac-1na1nc#primaryimage"},"image":{"@id":"https:\/\/tienda.rigelec.com.ar\/?product=bloque-contactos-auxiliares-tesys-deca-6a-240vac-1na1nc#primaryimage"},"thumbnailUrl":"https:\/\/tienda.rigelec.com.ar\/wp-content\/uploads\/2025\/12\/BLOQUECONTACTOSAUXILIARES-2.jpg","datePublished":"2025-12-18T00:12:45+00:00","dateModified":"2026-05-01T06:40:48+00:00","breadcrumb":{"@id":"https:\/\/tienda.rigelec.com.ar\/?product=bloque-contactos-auxiliares-tesys-deca-6a-240vac-1na1nc#breadcrumb"},"inLanguage":"es-AR","potentialAction":[{"@type":"ReadAction","target":["https:\/\/tienda.rigelec.com.ar\/?product=bloque-contactos-auxiliares-tesys-deca-6a-240vac-1na1nc"]}]},{"@type":"ImageObject","inLanguage":"es-AR","@id":"https:\/\/tienda.rigelec.com.ar\/?product=bloque-contactos-auxiliares-tesys-deca-6a-240vac-1na1nc#primaryimage","url":"https:\/\/tienda.rigelec.com.ar\/wp-content\/uploads\/2025\/12\/BLOQUECONTACTOSAUXILIARES-2.jpg","contentUrl":"https:\/\/tienda.rigelec.com.ar\/wp-content\/uploads\/2025\/12\/BLOQUECONTACTOSAUXILIARES-2.jpg","width":1080,"height":1080},{"@type":"BreadcrumbList","@id":"https:\/\/tienda.rigelec.com.ar\/?product=bloque-contactos-auxiliares-tesys-deca-6a-240vac-1na1nc#breadcrumb","itemListElement":[{"@type":"ListItem","position":1,"name":"Inicio","item":"https:\/\/tienda.rigelec.com.ar\/"},{"@type":"ListItem","position":2,"name":"Shop","item":"https:\/\/tienda.rigelec.com.ar\/?page_id=12"},{"@type":"ListItem","position":3,"name":"BLOQUE CONTACTOS AUXILIARES TESYS DECA 6A &#8211; 240VAC &#8211; 1NA+1NC"}]},{"@type":"WebSite","@id":"https:\/\/tienda.rigelec.com.ar\/#website","url":"https:\/\/tienda.rigelec.com.ar\/","name":"Tienda Rigelec","description":"Energia en movimiento","publisher":{"@id":"https:\/\/tienda.rigelec.com.ar\/#organization"},"potentialAction":[{"@type":"SearchAction","target":{"@type":"EntryPoint","urlTemplate":"https:\/\/tienda.rigelec.com.ar\/?s={search_term_string}"},"query-input":{"@type":"PropertyValueSpecification","valueRequired":true,"valueName":"search_term_string"}}],"inLanguage":"es-AR"},{"@type":"Organization","@id":"https:\/\/tienda.rigelec.com.ar\/#organization","name":"Tienda Rigelec","url":"https:\/\/tienda.rigelec.com.ar\/","logo":{"@type":"ImageObject","inLanguage":"es-AR","@id":"https:\/\/tienda.rigelec.com.ar\/#\/schema\/logo\/image\/","url":"https:\/\/tienda.rigelec.com.ar\/wp-content\/uploads\/2024\/09\/isologo-blanco-rigelec.png","contentUrl":"https:\/\/tienda.rigelec.com.ar\/wp-content\/uploads\/2024\/09\/isologo-blanco-rigelec.png","width":94,"height":97,"caption":"Tienda Rigelec"},"image":{"@id":"https:\/\/tienda.rigelec.com.ar\/#\/schema\/logo\/image\/"}}]}},"jetpack_sharing_enabled":true,"_links":{"self":[{"href":"https:\/\/tienda.rigelec.com.ar\/index.php?rest_route=\/wp\/v2\/product\/35959","targetHints":{"allow":["GET"]}}],"collection":[{"href":"https:\/\/tienda.rigelec.com.ar\/index.php?rest_route=\/wp\/v2\/product"}],"about":[{"href":"https:\/\/tienda.rigelec.com.ar\/index.php?rest_route=\/wp\/v2\/types\/product"}],"replies":[{"embeddable":true,"href":"https:\/\/tienda.rigelec.com.ar\/index.php?rest_route=%2Fwp%2Fv2%2Fcomments&post=35959"}],"wp:featuredmedia":[{"embeddable":true,"href":"https:\/\/tienda.rigelec.com.ar\/index.php?rest_route=\/wp\/v2\/media\/35960"}],"wp:attachment":[{"href":"https:\/\/tienda.rigelec.com.ar\/index.php?rest_route=%2Fwp%2Fv2%2Fmedia&parent=35959"}],"wp:term":[{"taxonomy":"product_brand","embeddable":true,"href":"https:\/\/tienda.rigelec.com.ar\/index.php?rest_route=%2Fwp%2Fv2%2Fproduct_brand&post=35959"},{"taxonomy":"product_cat","embeddable":true,"href":"https:\/\/tienda.rigelec.com.ar\/index.php?rest_route=%2Fwp%2Fv2%2Fproduct_cat&post=35959"},{"taxonomy":"product_tag","embeddable":true,"href":"https:\/\/tienda.rigelec.com.ar\/index.php?rest_route=%2Fwp%2Fv2%2Fproduct_tag&post=35959"}],"curies":[{"name":"wp","href":"https:\/\/api.w.org\/{rel}","templated":true}]}}