{"id":35961,"date":"2025-12-18T09:45:38","date_gmt":"2025-12-18T12:45:38","guid":{"rendered":"https:\/\/tienda.rigelec.com.ar\/?product=guardamotor-termomagnetico-tesys-deca-3p-rango-4-6-3a"},"modified":"2026-05-06T06:12:23","modified_gmt":"2026-05-06T09:12:23","slug":"guardamotor-termomagnetico-tesys-deca-3p-rango-4-6-3a","status":"publish","type":"product","link":"https:\/\/tienda.rigelec.com.ar\/?product=guardamotor-termomagnetico-tesys-deca-3p-rango-4-6-3a","title":{"rendered":"GUARDAMOTOR TERMOMAGNETICO TESYS DECA 3P &#8211; RANGO 4-6.3A"},"content":{"rendered":"<p>GUARDAMOTOR TERMOMAGNETICO<\/p>\n","protected":false},"excerpt":{"rendered":"<p>Guardamotor Magnetot\u00e9rmico TeSys Deca 3P \u0096 4 a 6,3 A \u0096 Schneider Electric<\/p>\n<p>La nueva generacion de guardamotores, magnetot\u00e9rmicos GV2 TeSys Deca garantiza la protecci\u00f3n contra cortocircuitos, sobrecargas y el control del motor (ON\/OFF). Este producto tiene 3 polos, capacidad de 4-6.3A\/690 y est\u00e1 destinado para aplicaciones de motor trif\u00e1sico de 2.2kW\/400V. Proporciona protecci\u00f3n termomagn\u00e9tica con un rango de regulaci\u00f3n t\u00e9rmica 4-6.3A, disparo magn\u00e9tico a 9xIn y alto poder de corte Icu 100kA@400V.<br \/>\nTambi\u00e9n cuenta con protecci\u00f3n IP20 y conexi\u00f3n mediante terminales de abrazadera de tornillo. Adem\u00e1s, permite controlar el arranque\/parada con un pulsador garantizado para 100.000 ciclos AC-3. <\/p>\n<p>Este producto tiene certificaci\u00f3n multiest\u00e1ndar (IEC, UL, CSA, CCC, EAC, Marine, ATEX).<br \/>\nLos guardamotores Tesys Deca cuentan con la etiqueta Green PremiumTM, la cual promete el cumplimiento de las reglamentaciones m\u00e1s recientes, transparencia sobre los impactos medioambientales, productos circulares y de bajo nivel de CO2.<\/p>\n","protected":false},"featured_media":35962,"comment_status":"open","ping_status":"closed","template":"","meta":{"_monsterinsights_skip_tracking":false,"_monsterinsights_sitenote_active":false,"_monsterinsights_sitenote_note":"","_monsterinsights_sitenote_category":0},"product_brand":[],"product_cat":[335],"product_tag":[450],"class_list":{"0":"post-35961","1":"product","2":"type-product","3":"status-publish","4":"has-post-thumbnail","6":"product_cat-i-relevo","7":"product_tag-schneider","9":"first","10":"outofstock","11":"shipping-taxable","12":"purchasable","13":"product-type-simple"},"yoast_head":"<!-- This site is optimized with the Yoast SEO plugin v25.3.1 - https:\/\/yoast.com\/wordpress\/plugins\/seo\/ -->\n<title>GUARDAMOTOR TERMOMAGNETICO TESYS DECA 3P - RANGO 4-6.3A - Tienda Rigelec<\/title>\n<meta name=\"robots\" content=\"index, follow, max-snippet:-1, max-image-preview:large, max-video-preview:-1\" \/>\n<link rel=\"canonical\" href=\"https:\/\/tienda.rigelec.com.ar\/?product=guardamotor-termomagnetico-tesys-deca-3p-rango-4-6-3a\" \/>\n<meta property=\"og:locale\" content=\"es_ES\" \/>\n<meta property=\"og:type\" content=\"article\" \/>\n<meta property=\"og:title\" content=\"GUARDAMOTOR TERMOMAGNETICO TESYS DECA 3P - RANGO 4-6.3A - Tienda Rigelec\" \/>\n<meta property=\"og:description\" content=\"Guardamotor Magnetot\u00e9rmico TeSys Deca 3P \u0096 4 a 6,3 A \u0096 Schneider Electric  La nueva generacion de guardamotores, magnetot\u00e9rmicos GV2 TeSys Deca garantiza la protecci\u00f3n contra cortocircuitos, sobrecargas y el control del motor (ON\/OFF). Este producto tiene 3 polos, capacidad de 4-6.3A\/690 y est\u00e1 destinado para aplicaciones de motor trif\u00e1sico de 2.2kW\/400V. Proporciona protecci\u00f3n termomagn\u00e9tica con un rango de regulaci\u00f3n t\u00e9rmica 4-6.3A, disparo magn\u00e9tico a 9xIn y alto poder de corte Icu 100kA@400V.  Tambi\u00e9n cuenta con protecci\u00f3n IP20 y conexi\u00f3n mediante terminales de abrazadera de tornillo. Adem\u00e1s, permite controlar el arranque\/parada con un pulsador garantizado para 100.000 ciclos AC-3.   Este producto tiene certificaci\u00f3n multiest\u00e1ndar (IEC, UL, CSA, CCC, EAC, Marine, ATEX).  Los guardamotores Tesys Deca cuentan con la etiqueta Green PremiumTM, la cual promete el cumplimiento de las reglamentaciones m\u00e1s recientes, transparencia sobre los impactos medioambientales, productos circulares y de bajo nivel de CO2.\" \/>\n<meta property=\"og:url\" content=\"https:\/\/tienda.rigelec.com.ar\/?product=guardamotor-termomagnetico-tesys-deca-3p-rango-4-6-3a\" \/>\n<meta property=\"og:site_name\" content=\"Tienda Rigelec\" \/>\n<meta property=\"article:modified_time\" content=\"2026-05-06T09:12:23+00:00\" \/>\n<meta name=\"twitter:card\" content=\"summary_large_image\" \/>\n<script type=\"application\/ld+json\" class=\"yoast-schema-graph\">{\"@context\":\"https:\/\/schema.org\",\"@graph\":[{\"@type\":\"WebPage\",\"@id\":\"https:\/\/tienda.rigelec.com.ar\/?product=guardamotor-termomagnetico-tesys-deca-3p-rango-4-6-3a\",\"url\":\"https:\/\/tienda.rigelec.com.ar\/?product=guardamotor-termomagnetico-tesys-deca-3p-rango-4-6-3a\",\"name\":\"GUARDAMOTOR TERMOMAGNETICO TESYS DECA 3P - RANGO 4-6.3A - Tienda Rigelec\",\"isPartOf\":{\"@id\":\"https:\/\/tienda.rigelec.com.ar\/#website\"},\"primaryImageOfPage\":{\"@id\":\"https:\/\/tienda.rigelec.com.ar\/?product=guardamotor-termomagnetico-tesys-deca-3p-rango-4-6-3a#primaryimage\"},\"image\":{\"@id\":\"https:\/\/tienda.rigelec.com.ar\/?product=guardamotor-termomagnetico-tesys-deca-3p-rango-4-6-3a#primaryimage\"},\"thumbnailUrl\":\"https:\/\/tienda.rigelec.com.ar\/wp-content\/uploads\/2025\/12\/GUARDAMOTORTERMOMAGNETICO.jpg\",\"datePublished\":\"2025-12-18T12:45:38+00:00\",\"dateModified\":\"2026-05-06T09:12:23+00:00\",\"breadcrumb\":{\"@id\":\"https:\/\/tienda.rigelec.com.ar\/?product=guardamotor-termomagnetico-tesys-deca-3p-rango-4-6-3a#breadcrumb\"},\"inLanguage\":\"es-AR\",\"potentialAction\":[{\"@type\":\"ReadAction\",\"target\":[\"https:\/\/tienda.rigelec.com.ar\/?product=guardamotor-termomagnetico-tesys-deca-3p-rango-4-6-3a\"]}]},{\"@type\":\"ImageObject\",\"inLanguage\":\"es-AR\",\"@id\":\"https:\/\/tienda.rigelec.com.ar\/?product=guardamotor-termomagnetico-tesys-deca-3p-rango-4-6-3a#primaryimage\",\"url\":\"https:\/\/tienda.rigelec.com.ar\/wp-content\/uploads\/2025\/12\/GUARDAMOTORTERMOMAGNETICO.jpg\",\"contentUrl\":\"https:\/\/tienda.rigelec.com.ar\/wp-content\/uploads\/2025\/12\/GUARDAMOTORTERMOMAGNETICO.jpg\",\"width\":1512,\"height\":1512},{\"@type\":\"BreadcrumbList\",\"@id\":\"https:\/\/tienda.rigelec.com.ar\/?product=guardamotor-termomagnetico-tesys-deca-3p-rango-4-6-3a#breadcrumb\",\"itemListElement\":[{\"@type\":\"ListItem\",\"position\":1,\"name\":\"Inicio\",\"item\":\"https:\/\/tienda.rigelec.com.ar\/\"},{\"@type\":\"ListItem\",\"position\":2,\"name\":\"Shop\",\"item\":\"https:\/\/tienda.rigelec.com.ar\/?page_id=12\"},{\"@type\":\"ListItem\",\"position\":3,\"name\":\"GUARDAMOTOR TERMOMAGNETICO TESYS DECA 3P &#8211; RANGO 4-6.3A\"}]},{\"@type\":\"WebSite\",\"@id\":\"https:\/\/tienda.rigelec.com.ar\/#website\",\"url\":\"https:\/\/tienda.rigelec.com.ar\/\",\"name\":\"Tienda Rigelec\",\"description\":\"Energia en movimiento\",\"publisher\":{\"@id\":\"https:\/\/tienda.rigelec.com.ar\/#organization\"},\"potentialAction\":[{\"@type\":\"SearchAction\",\"target\":{\"@type\":\"EntryPoint\",\"urlTemplate\":\"https:\/\/tienda.rigelec.com.ar\/?s={search_term_string}\"},\"query-input\":{\"@type\":\"PropertyValueSpecification\",\"valueRequired\":true,\"valueName\":\"search_term_string\"}}],\"inLanguage\":\"es-AR\"},{\"@type\":\"Organization\",\"@id\":\"https:\/\/tienda.rigelec.com.ar\/#organization\",\"name\":\"Tienda Rigelec\",\"url\":\"https:\/\/tienda.rigelec.com.ar\/\",\"logo\":{\"@type\":\"ImageObject\",\"inLanguage\":\"es-AR\",\"@id\":\"https:\/\/tienda.rigelec.com.ar\/#\/schema\/logo\/image\/\",\"url\":\"https:\/\/tienda.rigelec.com.ar\/wp-content\/uploads\/2024\/09\/isologo-blanco-rigelec.png\",\"contentUrl\":\"https:\/\/tienda.rigelec.com.ar\/wp-content\/uploads\/2024\/09\/isologo-blanco-rigelec.png\",\"width\":94,\"height\":97,\"caption\":\"Tienda Rigelec\"},\"image\":{\"@id\":\"https:\/\/tienda.rigelec.com.ar\/#\/schema\/logo\/image\/\"}}]}<\/script>\n<!-- \/ Yoast SEO plugin. -->","yoast_head_json":{"title":"GUARDAMOTOR TERMOMAGNETICO TESYS DECA 3P - RANGO 4-6.3A - Tienda Rigelec","robots":{"index":"index","follow":"follow","max-snippet":"max-snippet:-1","max-image-preview":"max-image-preview:large","max-video-preview":"max-video-preview:-1"},"canonical":"https:\/\/tienda.rigelec.com.ar\/?product=guardamotor-termomagnetico-tesys-deca-3p-rango-4-6-3a","og_locale":"es_ES","og_type":"article","og_title":"GUARDAMOTOR TERMOMAGNETICO TESYS DECA 3P - RANGO 4-6.3A - Tienda Rigelec","og_description":"Guardamotor Magnetot\u00e9rmico TeSys Deca 3P \u0096 4 a 6,3 A \u0096 Schneider Electric  La nueva generacion de guardamotores, magnetot\u00e9rmicos GV2 TeSys Deca garantiza la protecci\u00f3n contra cortocircuitos, sobrecargas y el control del motor (ON\/OFF). Este producto tiene 3 polos, capacidad de 4-6.3A\/690 y est\u00e1 destinado para aplicaciones de motor trif\u00e1sico de 2.2kW\/400V. Proporciona protecci\u00f3n termomagn\u00e9tica con un rango de regulaci\u00f3n t\u00e9rmica 4-6.3A, disparo magn\u00e9tico a 9xIn y alto poder de corte Icu 100kA@400V.  Tambi\u00e9n cuenta con protecci\u00f3n IP20 y conexi\u00f3n mediante terminales de abrazadera de tornillo. Adem\u00e1s, permite controlar el arranque\/parada con un pulsador garantizado para 100.000 ciclos AC-3.   Este producto tiene certificaci\u00f3n multiest\u00e1ndar (IEC, UL, CSA, CCC, EAC, Marine, ATEX).  Los guardamotores Tesys Deca cuentan con la etiqueta Green PremiumTM, la cual promete el cumplimiento de las reglamentaciones m\u00e1s recientes, transparencia sobre los impactos medioambientales, productos circulares y de bajo nivel de CO2.","og_url":"https:\/\/tienda.rigelec.com.ar\/?product=guardamotor-termomagnetico-tesys-deca-3p-rango-4-6-3a","og_site_name":"Tienda Rigelec","article_modified_time":"2026-05-06T09:12:23+00:00","twitter_card":"summary_large_image","schema":{"@context":"https:\/\/schema.org","@graph":[{"@type":"WebPage","@id":"https:\/\/tienda.rigelec.com.ar\/?product=guardamotor-termomagnetico-tesys-deca-3p-rango-4-6-3a","url":"https:\/\/tienda.rigelec.com.ar\/?product=guardamotor-termomagnetico-tesys-deca-3p-rango-4-6-3a","name":"GUARDAMOTOR TERMOMAGNETICO TESYS DECA 3P - RANGO 4-6.3A - Tienda Rigelec","isPartOf":{"@id":"https:\/\/tienda.rigelec.com.ar\/#website"},"primaryImageOfPage":{"@id":"https:\/\/tienda.rigelec.com.ar\/?product=guardamotor-termomagnetico-tesys-deca-3p-rango-4-6-3a#primaryimage"},"image":{"@id":"https:\/\/tienda.rigelec.com.ar\/?product=guardamotor-termomagnetico-tesys-deca-3p-rango-4-6-3a#primaryimage"},"thumbnailUrl":"https:\/\/tienda.rigelec.com.ar\/wp-content\/uploads\/2025\/12\/GUARDAMOTORTERMOMAGNETICO.jpg","datePublished":"2025-12-18T12:45:38+00:00","dateModified":"2026-05-06T09:12:23+00:00","breadcrumb":{"@id":"https:\/\/tienda.rigelec.com.ar\/?product=guardamotor-termomagnetico-tesys-deca-3p-rango-4-6-3a#breadcrumb"},"inLanguage":"es-AR","potentialAction":[{"@type":"ReadAction","target":["https:\/\/tienda.rigelec.com.ar\/?product=guardamotor-termomagnetico-tesys-deca-3p-rango-4-6-3a"]}]},{"@type":"ImageObject","inLanguage":"es-AR","@id":"https:\/\/tienda.rigelec.com.ar\/?product=guardamotor-termomagnetico-tesys-deca-3p-rango-4-6-3a#primaryimage","url":"https:\/\/tienda.rigelec.com.ar\/wp-content\/uploads\/2025\/12\/GUARDAMOTORTERMOMAGNETICO.jpg","contentUrl":"https:\/\/tienda.rigelec.com.ar\/wp-content\/uploads\/2025\/12\/GUARDAMOTORTERMOMAGNETICO.jpg","width":1512,"height":1512},{"@type":"BreadcrumbList","@id":"https:\/\/tienda.rigelec.com.ar\/?product=guardamotor-termomagnetico-tesys-deca-3p-rango-4-6-3a#breadcrumb","itemListElement":[{"@type":"ListItem","position":1,"name":"Inicio","item":"https:\/\/tienda.rigelec.com.ar\/"},{"@type":"ListItem","position":2,"name":"Shop","item":"https:\/\/tienda.rigelec.com.ar\/?page_id=12"},{"@type":"ListItem","position":3,"name":"GUARDAMOTOR TERMOMAGNETICO TESYS DECA 3P &#8211; RANGO 4-6.3A"}]},{"@type":"WebSite","@id":"https:\/\/tienda.rigelec.com.ar\/#website","url":"https:\/\/tienda.rigelec.com.ar\/","name":"Tienda Rigelec","description":"Energia en movimiento","publisher":{"@id":"https:\/\/tienda.rigelec.com.ar\/#organization"},"potentialAction":[{"@type":"SearchAction","target":{"@type":"EntryPoint","urlTemplate":"https:\/\/tienda.rigelec.com.ar\/?s={search_term_string}"},"query-input":{"@type":"PropertyValueSpecification","valueRequired":true,"valueName":"search_term_string"}}],"inLanguage":"es-AR"},{"@type":"Organization","@id":"https:\/\/tienda.rigelec.com.ar\/#organization","name":"Tienda Rigelec","url":"https:\/\/tienda.rigelec.com.ar\/","logo":{"@type":"ImageObject","inLanguage":"es-AR","@id":"https:\/\/tienda.rigelec.com.ar\/#\/schema\/logo\/image\/","url":"https:\/\/tienda.rigelec.com.ar\/wp-content\/uploads\/2024\/09\/isologo-blanco-rigelec.png","contentUrl":"https:\/\/tienda.rigelec.com.ar\/wp-content\/uploads\/2024\/09\/isologo-blanco-rigelec.png","width":94,"height":97,"caption":"Tienda Rigelec"},"image":{"@id":"https:\/\/tienda.rigelec.com.ar\/#\/schema\/logo\/image\/"}}]}},"jetpack_sharing_enabled":true,"_links":{"self":[{"href":"https:\/\/tienda.rigelec.com.ar\/index.php?rest_route=\/wp\/v2\/product\/35961","targetHints":{"allow":["GET"]}}],"collection":[{"href":"https:\/\/tienda.rigelec.com.ar\/index.php?rest_route=\/wp\/v2\/product"}],"about":[{"href":"https:\/\/tienda.rigelec.com.ar\/index.php?rest_route=\/wp\/v2\/types\/product"}],"replies":[{"embeddable":true,"href":"https:\/\/tienda.rigelec.com.ar\/index.php?rest_route=%2Fwp%2Fv2%2Fcomments&post=35961"}],"wp:featuredmedia":[{"embeddable":true,"href":"https:\/\/tienda.rigelec.com.ar\/index.php?rest_route=\/wp\/v2\/media\/35962"}],"wp:attachment":[{"href":"https:\/\/tienda.rigelec.com.ar\/index.php?rest_route=%2Fwp%2Fv2%2Fmedia&parent=35961"}],"wp:term":[{"taxonomy":"product_brand","embeddable":true,"href":"https:\/\/tienda.rigelec.com.ar\/index.php?rest_route=%2Fwp%2Fv2%2Fproduct_brand&post=35961"},{"taxonomy":"product_cat","embeddable":true,"href":"https:\/\/tienda.rigelec.com.ar\/index.php?rest_route=%2Fwp%2Fv2%2Fproduct_cat&post=35961"},{"taxonomy":"product_tag","embeddable":true,"href":"https:\/\/tienda.rigelec.com.ar\/index.php?rest_route=%2Fwp%2Fv2%2Fproduct_tag&post=35961"}],"curies":[{"name":"wp","href":"https:\/\/api.w.org\/{rel}","templated":true}]}}