{"id":35969,"date":"2025-12-18T22:18:35","date_gmt":"2025-12-19T01:18:35","guid":{"rendered":"https:\/\/tienda.rigelec.com.ar\/?product=diferencial-4x80a-acti-9-ild-30ma-380-415v"},"modified":"2026-05-05T16:35:35","modified_gmt":"2026-05-05T19:35:35","slug":"diferencial-4x80a-acti-9-ild-30ma-380-415v","status":"publish","type":"product","link":"https:\/\/tienda.rigelec.com.ar\/?product=diferencial-4x80a-acti-9-ild-30ma-380-415v","title":{"rendered":"DIFERENCIAL 4X80A ACTI 9 ILD 30MA &#8211; 380\/415V"},"content":{"rendered":"<p>DIFERENCIAL 4X80A<\/p>\n","protected":false},"excerpt":{"rendered":"<p>El interruptor diferencial Acti9 ilD es la nueva referencia en el campo de la distribuci\u00f3n terminal en baja tensi\u00f3n para la protecci\u00f3n contra descargas el\u00e9ctricas, por contacto directo o indirecto, y riesgos de incendio en todos los edificios indutriales y terciarios <\/p>\n<p>Este producto tiene:<br \/>\n&#8211; 4 polos.<br \/>\n&#8211; Capacidad de 80A<br \/>\n&#8211; Clase de protecci\u00f3n de tipo Asi .<br \/>\n&#8211; Sensibilidad ante fugas a tierra de 300mA S (con retardo en el disparo).<\/p>\n<p>Este disyuntor diferencial cumple la funci\u00f3n de desconexi\u00f3n de los circuitos el\u00e9ctricos en caso de fuga a tierra Al ser superinmunizado es particularmente adecuado para su uso en ambientes h\u00famedos y\/o ambientes contaminados por agentes corrosivos, que afectan internamente al interruptor provocando el bloqueo del rel\u00e9 de disparo Adem\u00e1s, tiene la capacidad de filtro de arm\u00f3nicos Su aislamiento clase II garantiza espacios libres entre las superficies del interruptor y las piezas internas el doble del est\u00e1ndar de la industria, proporcionando m\u00e1xima protecci\u00f3n.<br \/>\nCuenta tambi\u00e9n con protecci\u00f3n IP20, se puede montar en riel DIN. Adem\u00e1s, tiene bot\u00f3n de prueba y doble clip para el desmontaje con peine conectado Este disyuntor diferencial cuenta con una durabilidad el\u00e9ctrica de 15000 ciclos y mec\u00e1nica de 20000 ciclos Tiene tambien un amplio rango de operaci\u00f3n, actuando en temperaturas desde -5\u00b0C hasta 60\u00b0C Se coordina totalmente con los interruptores termomagn\u00e9ticos Acti9 y Multi9 Sus acces\u00f3rios y auxiliares son los mismos que los de la oferta iC60<\/p>\n<p>Este producto cumple con la norma IEC 61008-1 e IRAM <\/p>\n<p>Los interruptores diferenciales Acti9 ilD cuentan con la etiqueta Green PremiumTM, la cual promete el cumplimiento de las reglamentaciones m\u00e1s recientes, transparencia sobre los impactos medioambientales, productos circulares y de bajo nivel de CO2<\/p>\n","protected":false},"featured_media":35970,"comment_status":"open","ping_status":"closed","template":"","meta":{"_monsterinsights_skip_tracking":false,"_monsterinsights_sitenote_active":false,"_monsterinsights_sitenote_note":"","_monsterinsights_sitenote_category":0},"product_brand":[],"product_cat":[267],"product_tag":[450],"class_list":{"0":"post-35969","1":"product","2":"type-product","3":"status-publish","4":"has-post-thumbnail","6":"product_cat-b-diferencial","7":"product_tag-schneider","9":"first","10":"outofstock","11":"shipping-taxable","12":"purchasable","13":"product-type-simple"},"yoast_head":"<!-- This site is optimized with the Yoast SEO plugin v25.3.1 - https:\/\/yoast.com\/wordpress\/plugins\/seo\/ -->\n<title>DIFERENCIAL 4X80A ACTI 9 ILD 30MA - 380\/415V - Tienda Rigelec<\/title>\n<meta name=\"robots\" content=\"index, follow, max-snippet:-1, max-image-preview:large, max-video-preview:-1\" \/>\n<link rel=\"canonical\" href=\"https:\/\/tienda.rigelec.com.ar\/?product=diferencial-4x80a-acti-9-ild-30ma-380-415v\" \/>\n<meta property=\"og:locale\" content=\"es_ES\" \/>\n<meta property=\"og:type\" content=\"article\" \/>\n<meta property=\"og:title\" content=\"DIFERENCIAL 4X80A ACTI 9 ILD 30MA - 380\/415V - Tienda Rigelec\" \/>\n<meta property=\"og:description\" content=\"El interruptor diferencial Acti9 ilD es la nueva referencia en el campo de la distribuci\u00f3n terminal en baja tensi\u00f3n para la protecci\u00f3n contra descargas el\u00e9ctricas, por contacto directo o indirecto, y riesgos de incendio en todos los edificios indutriales y terciarios   Este producto tiene: - 4 polos. - Capacidad de 80A - Clase de protecci\u00f3n de tipo Asi . - Sensibilidad ante fugas a tierra de 300mA S (con retardo en el disparo).  Este disyuntor diferencial cumple la funci\u00f3n de desconexi\u00f3n de los circuitos el\u00e9ctricos en caso de fuga a tierra Al ser superinmunizado es particularmente adecuado para su uso en ambientes h\u00famedos y\/o ambientes contaminados por agentes corrosivos, que afectan internamente al interruptor provocando el bloqueo del rel\u00e9 de disparo Adem\u00e1s, tiene la capacidad de filtro de arm\u00f3nicos Su aislamiento clase II garantiza espacios libres entre las superficies del interruptor y las piezas internas el doble del est\u00e1ndar de la industria, proporcionando m\u00e1xima protecci\u00f3n. Cuenta tambi\u00e9n con protecci\u00f3n IP20, se puede montar en riel DIN. Adem\u00e1s, tiene bot\u00f3n de prueba y doble clip para el desmontaje con peine conectado Este disyuntor diferencial cuenta con una durabilidad el\u00e9ctrica de 15000 ciclos y mec\u00e1nica de 20000 ciclos Tiene tambien un amplio rango de operaci\u00f3n, actuando en temperaturas desde -5\u00b0C hasta 60\u00b0C Se coordina totalmente con los interruptores termomagn\u00e9ticos Acti9 y Multi9 Sus acces\u00f3rios y auxiliares son los mismos que los de la oferta iC60  Este producto cumple con la norma IEC 61008-1 e IRAM   Los interruptores diferenciales Acti9 ilD cuentan con la etiqueta Green PremiumTM, la cual promete el cumplimiento de las reglamentaciones m\u00e1s recientes, transparencia sobre los impactos medioambientales, productos circulares y de bajo nivel de CO2\" \/>\n<meta property=\"og:url\" content=\"https:\/\/tienda.rigelec.com.ar\/?product=diferencial-4x80a-acti-9-ild-30ma-380-415v\" \/>\n<meta property=\"og:site_name\" content=\"Tienda Rigelec\" \/>\n<meta property=\"article:modified_time\" content=\"2026-05-05T19:35:35+00:00\" \/>\n<meta name=\"twitter:card\" content=\"summary_large_image\" \/>\n<script type=\"application\/ld+json\" class=\"yoast-schema-graph\">{\"@context\":\"https:\/\/schema.org\",\"@graph\":[{\"@type\":\"WebPage\",\"@id\":\"https:\/\/tienda.rigelec.com.ar\/?product=diferencial-4x80a-acti-9-ild-30ma-380-415v\",\"url\":\"https:\/\/tienda.rigelec.com.ar\/?product=diferencial-4x80a-acti-9-ild-30ma-380-415v\",\"name\":\"DIFERENCIAL 4X80A ACTI 9 ILD 30MA - 380\/415V - Tienda Rigelec\",\"isPartOf\":{\"@id\":\"https:\/\/tienda.rigelec.com.ar\/#website\"},\"primaryImageOfPage\":{\"@id\":\"https:\/\/tienda.rigelec.com.ar\/?product=diferencial-4x80a-acti-9-ild-30ma-380-415v#primaryimage\"},\"image\":{\"@id\":\"https:\/\/tienda.rigelec.com.ar\/?product=diferencial-4x80a-acti-9-ild-30ma-380-415v#primaryimage\"},\"thumbnailUrl\":\"https:\/\/tienda.rigelec.com.ar\/wp-content\/uploads\/2025\/12\/DIFERENCIAL4X80A.jpg\",\"datePublished\":\"2025-12-19T01:18:35+00:00\",\"dateModified\":\"2026-05-05T19:35:35+00:00\",\"breadcrumb\":{\"@id\":\"https:\/\/tienda.rigelec.com.ar\/?product=diferencial-4x80a-acti-9-ild-30ma-380-415v#breadcrumb\"},\"inLanguage\":\"es-AR\",\"potentialAction\":[{\"@type\":\"ReadAction\",\"target\":[\"https:\/\/tienda.rigelec.com.ar\/?product=diferencial-4x80a-acti-9-ild-30ma-380-415v\"]}]},{\"@type\":\"ImageObject\",\"inLanguage\":\"es-AR\",\"@id\":\"https:\/\/tienda.rigelec.com.ar\/?product=diferencial-4x80a-acti-9-ild-30ma-380-415v#primaryimage\",\"url\":\"https:\/\/tienda.rigelec.com.ar\/wp-content\/uploads\/2025\/12\/DIFERENCIAL4X80A.jpg\",\"contentUrl\":\"https:\/\/tienda.rigelec.com.ar\/wp-content\/uploads\/2025\/12\/DIFERENCIAL4X80A.jpg\",\"width\":1080,\"height\":1080},{\"@type\":\"BreadcrumbList\",\"@id\":\"https:\/\/tienda.rigelec.com.ar\/?product=diferencial-4x80a-acti-9-ild-30ma-380-415v#breadcrumb\",\"itemListElement\":[{\"@type\":\"ListItem\",\"position\":1,\"name\":\"Inicio\",\"item\":\"https:\/\/tienda.rigelec.com.ar\/\"},{\"@type\":\"ListItem\",\"position\":2,\"name\":\"Shop\",\"item\":\"https:\/\/tienda.rigelec.com.ar\/?page_id=12\"},{\"@type\":\"ListItem\",\"position\":3,\"name\":\"DIFERENCIAL 4X80A ACTI 9 ILD 30MA &#8211; 380\/415V\"}]},{\"@type\":\"WebSite\",\"@id\":\"https:\/\/tienda.rigelec.com.ar\/#website\",\"url\":\"https:\/\/tienda.rigelec.com.ar\/\",\"name\":\"Tienda Rigelec\",\"description\":\"Energia en movimiento\",\"publisher\":{\"@id\":\"https:\/\/tienda.rigelec.com.ar\/#organization\"},\"potentialAction\":[{\"@type\":\"SearchAction\",\"target\":{\"@type\":\"EntryPoint\",\"urlTemplate\":\"https:\/\/tienda.rigelec.com.ar\/?s={search_term_string}\"},\"query-input\":{\"@type\":\"PropertyValueSpecification\",\"valueRequired\":true,\"valueName\":\"search_term_string\"}}],\"inLanguage\":\"es-AR\"},{\"@type\":\"Organization\",\"@id\":\"https:\/\/tienda.rigelec.com.ar\/#organization\",\"name\":\"Tienda Rigelec\",\"url\":\"https:\/\/tienda.rigelec.com.ar\/\",\"logo\":{\"@type\":\"ImageObject\",\"inLanguage\":\"es-AR\",\"@id\":\"https:\/\/tienda.rigelec.com.ar\/#\/schema\/logo\/image\/\",\"url\":\"https:\/\/tienda.rigelec.com.ar\/wp-content\/uploads\/2024\/09\/isologo-blanco-rigelec.png\",\"contentUrl\":\"https:\/\/tienda.rigelec.com.ar\/wp-content\/uploads\/2024\/09\/isologo-blanco-rigelec.png\",\"width\":94,\"height\":97,\"caption\":\"Tienda Rigelec\"},\"image\":{\"@id\":\"https:\/\/tienda.rigelec.com.ar\/#\/schema\/logo\/image\/\"}}]}<\/script>\n<!-- \/ Yoast SEO plugin. -->","yoast_head_json":{"title":"DIFERENCIAL 4X80A ACTI 9 ILD 30MA - 380\/415V - Tienda Rigelec","robots":{"index":"index","follow":"follow","max-snippet":"max-snippet:-1","max-image-preview":"max-image-preview:large","max-video-preview":"max-video-preview:-1"},"canonical":"https:\/\/tienda.rigelec.com.ar\/?product=diferencial-4x80a-acti-9-ild-30ma-380-415v","og_locale":"es_ES","og_type":"article","og_title":"DIFERENCIAL 4X80A ACTI 9 ILD 30MA - 380\/415V - Tienda Rigelec","og_description":"El interruptor diferencial Acti9 ilD es la nueva referencia en el campo de la distribuci\u00f3n terminal en baja tensi\u00f3n para la protecci\u00f3n contra descargas el\u00e9ctricas, por contacto directo o indirecto, y riesgos de incendio en todos los edificios indutriales y terciarios   Este producto tiene: - 4 polos. - Capacidad de 80A - Clase de protecci\u00f3n de tipo Asi . - Sensibilidad ante fugas a tierra de 300mA S (con retardo en el disparo).  Este disyuntor diferencial cumple la funci\u00f3n de desconexi\u00f3n de los circuitos el\u00e9ctricos en caso de fuga a tierra Al ser superinmunizado es particularmente adecuado para su uso en ambientes h\u00famedos y\/o ambientes contaminados por agentes corrosivos, que afectan internamente al interruptor provocando el bloqueo del rel\u00e9 de disparo Adem\u00e1s, tiene la capacidad de filtro de arm\u00f3nicos Su aislamiento clase II garantiza espacios libres entre las superficies del interruptor y las piezas internas el doble del est\u00e1ndar de la industria, proporcionando m\u00e1xima protecci\u00f3n. Cuenta tambi\u00e9n con protecci\u00f3n IP20, se puede montar en riel DIN. Adem\u00e1s, tiene bot\u00f3n de prueba y doble clip para el desmontaje con peine conectado Este disyuntor diferencial cuenta con una durabilidad el\u00e9ctrica de 15000 ciclos y mec\u00e1nica de 20000 ciclos Tiene tambien un amplio rango de operaci\u00f3n, actuando en temperaturas desde -5\u00b0C hasta 60\u00b0C Se coordina totalmente con los interruptores termomagn\u00e9ticos Acti9 y Multi9 Sus acces\u00f3rios y auxiliares son los mismos que los de la oferta iC60  Este producto cumple con la norma IEC 61008-1 e IRAM   Los interruptores diferenciales Acti9 ilD cuentan con la etiqueta Green PremiumTM, la cual promete el cumplimiento de las reglamentaciones m\u00e1s recientes, transparencia sobre los impactos medioambientales, productos circulares y de bajo nivel de CO2","og_url":"https:\/\/tienda.rigelec.com.ar\/?product=diferencial-4x80a-acti-9-ild-30ma-380-415v","og_site_name":"Tienda Rigelec","article_modified_time":"2026-05-05T19:35:35+00:00","twitter_card":"summary_large_image","schema":{"@context":"https:\/\/schema.org","@graph":[{"@type":"WebPage","@id":"https:\/\/tienda.rigelec.com.ar\/?product=diferencial-4x80a-acti-9-ild-30ma-380-415v","url":"https:\/\/tienda.rigelec.com.ar\/?product=diferencial-4x80a-acti-9-ild-30ma-380-415v","name":"DIFERENCIAL 4X80A ACTI 9 ILD 30MA - 380\/415V - Tienda Rigelec","isPartOf":{"@id":"https:\/\/tienda.rigelec.com.ar\/#website"},"primaryImageOfPage":{"@id":"https:\/\/tienda.rigelec.com.ar\/?product=diferencial-4x80a-acti-9-ild-30ma-380-415v#primaryimage"},"image":{"@id":"https:\/\/tienda.rigelec.com.ar\/?product=diferencial-4x80a-acti-9-ild-30ma-380-415v#primaryimage"},"thumbnailUrl":"https:\/\/tienda.rigelec.com.ar\/wp-content\/uploads\/2025\/12\/DIFERENCIAL4X80A.jpg","datePublished":"2025-12-19T01:18:35+00:00","dateModified":"2026-05-05T19:35:35+00:00","breadcrumb":{"@id":"https:\/\/tienda.rigelec.com.ar\/?product=diferencial-4x80a-acti-9-ild-30ma-380-415v#breadcrumb"},"inLanguage":"es-AR","potentialAction":[{"@type":"ReadAction","target":["https:\/\/tienda.rigelec.com.ar\/?product=diferencial-4x80a-acti-9-ild-30ma-380-415v"]}]},{"@type":"ImageObject","inLanguage":"es-AR","@id":"https:\/\/tienda.rigelec.com.ar\/?product=diferencial-4x80a-acti-9-ild-30ma-380-415v#primaryimage","url":"https:\/\/tienda.rigelec.com.ar\/wp-content\/uploads\/2025\/12\/DIFERENCIAL4X80A.jpg","contentUrl":"https:\/\/tienda.rigelec.com.ar\/wp-content\/uploads\/2025\/12\/DIFERENCIAL4X80A.jpg","width":1080,"height":1080},{"@type":"BreadcrumbList","@id":"https:\/\/tienda.rigelec.com.ar\/?product=diferencial-4x80a-acti-9-ild-30ma-380-415v#breadcrumb","itemListElement":[{"@type":"ListItem","position":1,"name":"Inicio","item":"https:\/\/tienda.rigelec.com.ar\/"},{"@type":"ListItem","position":2,"name":"Shop","item":"https:\/\/tienda.rigelec.com.ar\/?page_id=12"},{"@type":"ListItem","position":3,"name":"DIFERENCIAL 4X80A ACTI 9 ILD 30MA &#8211; 380\/415V"}]},{"@type":"WebSite","@id":"https:\/\/tienda.rigelec.com.ar\/#website","url":"https:\/\/tienda.rigelec.com.ar\/","name":"Tienda Rigelec","description":"Energia en movimiento","publisher":{"@id":"https:\/\/tienda.rigelec.com.ar\/#organization"},"potentialAction":[{"@type":"SearchAction","target":{"@type":"EntryPoint","urlTemplate":"https:\/\/tienda.rigelec.com.ar\/?s={search_term_string}"},"query-input":{"@type":"PropertyValueSpecification","valueRequired":true,"valueName":"search_term_string"}}],"inLanguage":"es-AR"},{"@type":"Organization","@id":"https:\/\/tienda.rigelec.com.ar\/#organization","name":"Tienda Rigelec","url":"https:\/\/tienda.rigelec.com.ar\/","logo":{"@type":"ImageObject","inLanguage":"es-AR","@id":"https:\/\/tienda.rigelec.com.ar\/#\/schema\/logo\/image\/","url":"https:\/\/tienda.rigelec.com.ar\/wp-content\/uploads\/2024\/09\/isologo-blanco-rigelec.png","contentUrl":"https:\/\/tienda.rigelec.com.ar\/wp-content\/uploads\/2024\/09\/isologo-blanco-rigelec.png","width":94,"height":97,"caption":"Tienda Rigelec"},"image":{"@id":"https:\/\/tienda.rigelec.com.ar\/#\/schema\/logo\/image\/"}}]}},"jetpack_sharing_enabled":true,"_links":{"self":[{"href":"https:\/\/tienda.rigelec.com.ar\/index.php?rest_route=\/wp\/v2\/product\/35969","targetHints":{"allow":["GET"]}}],"collection":[{"href":"https:\/\/tienda.rigelec.com.ar\/index.php?rest_route=\/wp\/v2\/product"}],"about":[{"href":"https:\/\/tienda.rigelec.com.ar\/index.php?rest_route=\/wp\/v2\/types\/product"}],"replies":[{"embeddable":true,"href":"https:\/\/tienda.rigelec.com.ar\/index.php?rest_route=%2Fwp%2Fv2%2Fcomments&post=35969"}],"wp:featuredmedia":[{"embeddable":true,"href":"https:\/\/tienda.rigelec.com.ar\/index.php?rest_route=\/wp\/v2\/media\/35970"}],"wp:attachment":[{"href":"https:\/\/tienda.rigelec.com.ar\/index.php?rest_route=%2Fwp%2Fv2%2Fmedia&parent=35969"}],"wp:term":[{"taxonomy":"product_brand","embeddable":true,"href":"https:\/\/tienda.rigelec.com.ar\/index.php?rest_route=%2Fwp%2Fv2%2Fproduct_brand&post=35969"},{"taxonomy":"product_cat","embeddable":true,"href":"https:\/\/tienda.rigelec.com.ar\/index.php?rest_route=%2Fwp%2Fv2%2Fproduct_cat&post=35969"},{"taxonomy":"product_tag","embeddable":true,"href":"https:\/\/tienda.rigelec.com.ar\/index.php?rest_route=%2Fwp%2Fv2%2Fproduct_tag&post=35969"}],"curies":[{"name":"wp","href":"https:\/\/api.w.org\/{rel}","templated":true}]}}