{"id":36189,"date":"2026-01-09T17:55:23","date_gmt":"2026-01-09T20:55:23","guid":{"rendered":"https:\/\/tienda.rigelec.com.ar\/?product=gabinete-modular-estandar-completo-serie-97-1800x750x450-mm"},"modified":"2026-05-04T13:25:31","modified_gmt":"2026-05-04T16:25:31","slug":"gabinete-modular-estandar-completo-serie-97-1800x750x450-mm","status":"publish","type":"product","link":"https:\/\/tienda.rigelec.com.ar\/?product=gabinete-modular-estandar-completo-serie-97-1800x750x450-mm","title":{"rendered":"GABINETE MODULAR ESTANDAR COMPLETO SERIE 97 1800X750X450 MM"},"content":{"rendered":"<p>GABINETE MODULAR ESTANDAR COMPLETO<\/p>\n","protected":false},"excerpt":{"rendered":"<p>Es un sistema de gabinetes modulares, componibles entre s\u00ed, con un grado de protecci\u00f3n IP42. Est\u00e1n orientados a la construcci\u00f3n de tableros generales de baja tensi\u00f3n (TGBT), centros de control de motores (CCM), tableros principales (TP) y secundarios o seccionales (TS) , de potencia y\/o comando. Se forman conjuntos vers\u00e1tilesy de elevada rigidez estructural. Todas las partes son de f\u00e1cil ensamblado, mediante el uso de herramientas de mano, utilizando bulones est\u00e1ndar.<\/p>\n<p>Es un sistema de gabinetes modulares, incluye:<\/p>\n<p>&#8211; Puerta con falleba, tapa trasera  y laterales completos<br \/>\n&#8211; Bandeja porta elementos<br \/>\n&#8211; Correderas<br \/>\n&#8211; Soportes para bandeja <\/p>\n","protected":false},"featured_media":36190,"comment_status":"open","ping_status":"closed","template":"","meta":{"_monsterinsights_skip_tracking":false,"_monsterinsights_sitenote_active":false,"_monsterinsights_sitenote_note":"","_monsterinsights_sitenote_category":0},"product_brand":[],"product_cat":[353],"product_tag":[66],"class_list":{"0":"post-36189","1":"product","2":"type-product","3":"status-publish","4":"has-post-thumbnail","6":"product_cat-e-gabinetes","7":"product_tag-genrod","9":"first","10":"outofstock","11":"shipping-taxable","12":"purchasable","13":"product-type-simple"},"yoast_head":"<!-- This site is optimized with the Yoast SEO plugin v25.3.1 - https:\/\/yoast.com\/wordpress\/plugins\/seo\/ -->\n<title>GABINETE MODULAR ESTANDAR COMPLETO SERIE 97 1800X750X450 MM - Tienda Rigelec<\/title>\n<meta name=\"robots\" content=\"index, follow, max-snippet:-1, max-image-preview:large, max-video-preview:-1\" \/>\n<link rel=\"canonical\" href=\"https:\/\/tienda.rigelec.com.ar\/?product=gabinete-modular-estandar-completo-serie-97-1800x750x450-mm\" \/>\n<meta property=\"og:locale\" content=\"es_ES\" \/>\n<meta property=\"og:type\" content=\"article\" \/>\n<meta property=\"og:title\" content=\"GABINETE MODULAR ESTANDAR COMPLETO SERIE 97 1800X750X450 MM - Tienda Rigelec\" \/>\n<meta property=\"og:description\" content=\"Es un sistema de gabinetes modulares, componibles entre s\u00ed, con un grado de protecci\u00f3n IP42. Est\u00e1n orientados a la construcci\u00f3n de tableros generales de baja tensi\u00f3n (TGBT), centros de control de motores (CCM), tableros principales (TP) y secundarios o seccionales (TS) , de potencia y\/o comando. Se forman conjuntos vers\u00e1tilesy de elevada rigidez estructural. Todas las partes son de f\u00e1cil ensamblado, mediante el uso de herramientas de mano, utilizando bulones est\u00e1ndar.  Es un sistema de gabinetes modulares, incluye:  - Puerta con falleba, tapa trasera y laterales completos - Bandeja porta elementos  - Correderas - Soportes para bandeja\" \/>\n<meta property=\"og:url\" content=\"https:\/\/tienda.rigelec.com.ar\/?product=gabinete-modular-estandar-completo-serie-97-1800x750x450-mm\" \/>\n<meta property=\"og:site_name\" content=\"Tienda Rigelec\" \/>\n<meta property=\"article:modified_time\" content=\"2026-05-04T16:25:31+00:00\" \/>\n<meta name=\"twitter:card\" content=\"summary_large_image\" \/>\n<script type=\"application\/ld+json\" class=\"yoast-schema-graph\">{\"@context\":\"https:\/\/schema.org\",\"@graph\":[{\"@type\":\"WebPage\",\"@id\":\"https:\/\/tienda.rigelec.com.ar\/?product=gabinete-modular-estandar-completo-serie-97-1800x750x450-mm\",\"url\":\"https:\/\/tienda.rigelec.com.ar\/?product=gabinete-modular-estandar-completo-serie-97-1800x750x450-mm\",\"name\":\"GABINETE MODULAR ESTANDAR COMPLETO SERIE 97 1800X750X450 MM - Tienda Rigelec\",\"isPartOf\":{\"@id\":\"https:\/\/tienda.rigelec.com.ar\/#website\"},\"primaryImageOfPage\":{\"@id\":\"https:\/\/tienda.rigelec.com.ar\/?product=gabinete-modular-estandar-completo-serie-97-1800x750x450-mm#primaryimage\"},\"image\":{\"@id\":\"https:\/\/tienda.rigelec.com.ar\/?product=gabinete-modular-estandar-completo-serie-97-1800x750x450-mm#primaryimage\"},\"thumbnailUrl\":\"https:\/\/tienda.rigelec.com.ar\/wp-content\/uploads\/2026\/01\/GABINETEMODULARESTANDARCOMPLETO.jpg\",\"datePublished\":\"2026-01-09T20:55:23+00:00\",\"dateModified\":\"2026-05-04T16:25:31+00:00\",\"breadcrumb\":{\"@id\":\"https:\/\/tienda.rigelec.com.ar\/?product=gabinete-modular-estandar-completo-serie-97-1800x750x450-mm#breadcrumb\"},\"inLanguage\":\"es-AR\",\"potentialAction\":[{\"@type\":\"ReadAction\",\"target\":[\"https:\/\/tienda.rigelec.com.ar\/?product=gabinete-modular-estandar-completo-serie-97-1800x750x450-mm\"]}]},{\"@type\":\"ImageObject\",\"inLanguage\":\"es-AR\",\"@id\":\"https:\/\/tienda.rigelec.com.ar\/?product=gabinete-modular-estandar-completo-serie-97-1800x750x450-mm#primaryimage\",\"url\":\"https:\/\/tienda.rigelec.com.ar\/wp-content\/uploads\/2026\/01\/GABINETEMODULARESTANDARCOMPLETO.jpg\",\"contentUrl\":\"https:\/\/tienda.rigelec.com.ar\/wp-content\/uploads\/2026\/01\/GABINETEMODULARESTANDARCOMPLETO.jpg\",\"width\":1080,\"height\":1080},{\"@type\":\"BreadcrumbList\",\"@id\":\"https:\/\/tienda.rigelec.com.ar\/?product=gabinete-modular-estandar-completo-serie-97-1800x750x450-mm#breadcrumb\",\"itemListElement\":[{\"@type\":\"ListItem\",\"position\":1,\"name\":\"Inicio\",\"item\":\"https:\/\/tienda.rigelec.com.ar\/\"},{\"@type\":\"ListItem\",\"position\":2,\"name\":\"Shop\",\"item\":\"https:\/\/tienda.rigelec.com.ar\/?page_id=12\"},{\"@type\":\"ListItem\",\"position\":3,\"name\":\"GABINETE MODULAR ESTANDAR COMPLETO SERIE 97 1800X750X450 MM\"}]},{\"@type\":\"WebSite\",\"@id\":\"https:\/\/tienda.rigelec.com.ar\/#website\",\"url\":\"https:\/\/tienda.rigelec.com.ar\/\",\"name\":\"Tienda Rigelec\",\"description\":\"Energia en movimiento\",\"publisher\":{\"@id\":\"https:\/\/tienda.rigelec.com.ar\/#organization\"},\"potentialAction\":[{\"@type\":\"SearchAction\",\"target\":{\"@type\":\"EntryPoint\",\"urlTemplate\":\"https:\/\/tienda.rigelec.com.ar\/?s={search_term_string}\"},\"query-input\":{\"@type\":\"PropertyValueSpecification\",\"valueRequired\":true,\"valueName\":\"search_term_string\"}}],\"inLanguage\":\"es-AR\"},{\"@type\":\"Organization\",\"@id\":\"https:\/\/tienda.rigelec.com.ar\/#organization\",\"name\":\"Tienda Rigelec\",\"url\":\"https:\/\/tienda.rigelec.com.ar\/\",\"logo\":{\"@type\":\"ImageObject\",\"inLanguage\":\"es-AR\",\"@id\":\"https:\/\/tienda.rigelec.com.ar\/#\/schema\/logo\/image\/\",\"url\":\"https:\/\/tienda.rigelec.com.ar\/wp-content\/uploads\/2024\/09\/isologo-blanco-rigelec.png\",\"contentUrl\":\"https:\/\/tienda.rigelec.com.ar\/wp-content\/uploads\/2024\/09\/isologo-blanco-rigelec.png\",\"width\":94,\"height\":97,\"caption\":\"Tienda Rigelec\"},\"image\":{\"@id\":\"https:\/\/tienda.rigelec.com.ar\/#\/schema\/logo\/image\/\"}}]}<\/script>\n<!-- \/ Yoast SEO plugin. -->","yoast_head_json":{"title":"GABINETE MODULAR ESTANDAR COMPLETO SERIE 97 1800X750X450 MM - Tienda Rigelec","robots":{"index":"index","follow":"follow","max-snippet":"max-snippet:-1","max-image-preview":"max-image-preview:large","max-video-preview":"max-video-preview:-1"},"canonical":"https:\/\/tienda.rigelec.com.ar\/?product=gabinete-modular-estandar-completo-serie-97-1800x750x450-mm","og_locale":"es_ES","og_type":"article","og_title":"GABINETE MODULAR ESTANDAR COMPLETO SERIE 97 1800X750X450 MM - Tienda Rigelec","og_description":"Es un sistema de gabinetes modulares, componibles entre s\u00ed, con un grado de protecci\u00f3n IP42. Est\u00e1n orientados a la construcci\u00f3n de tableros generales de baja tensi\u00f3n (TGBT), centros de control de motores (CCM), tableros principales (TP) y secundarios o seccionales (TS) , de potencia y\/o comando. Se forman conjuntos vers\u00e1tilesy de elevada rigidez estructural. Todas las partes son de f\u00e1cil ensamblado, mediante el uso de herramientas de mano, utilizando bulones est\u00e1ndar.  Es un sistema de gabinetes modulares, incluye:  - Puerta con falleba, tapa trasera y laterales completos - Bandeja porta elementos  - Correderas - Soportes para bandeja","og_url":"https:\/\/tienda.rigelec.com.ar\/?product=gabinete-modular-estandar-completo-serie-97-1800x750x450-mm","og_site_name":"Tienda Rigelec","article_modified_time":"2026-05-04T16:25:31+00:00","twitter_card":"summary_large_image","schema":{"@context":"https:\/\/schema.org","@graph":[{"@type":"WebPage","@id":"https:\/\/tienda.rigelec.com.ar\/?product=gabinete-modular-estandar-completo-serie-97-1800x750x450-mm","url":"https:\/\/tienda.rigelec.com.ar\/?product=gabinete-modular-estandar-completo-serie-97-1800x750x450-mm","name":"GABINETE MODULAR ESTANDAR COMPLETO SERIE 97 1800X750X450 MM - Tienda Rigelec","isPartOf":{"@id":"https:\/\/tienda.rigelec.com.ar\/#website"},"primaryImageOfPage":{"@id":"https:\/\/tienda.rigelec.com.ar\/?product=gabinete-modular-estandar-completo-serie-97-1800x750x450-mm#primaryimage"},"image":{"@id":"https:\/\/tienda.rigelec.com.ar\/?product=gabinete-modular-estandar-completo-serie-97-1800x750x450-mm#primaryimage"},"thumbnailUrl":"https:\/\/tienda.rigelec.com.ar\/wp-content\/uploads\/2026\/01\/GABINETEMODULARESTANDARCOMPLETO.jpg","datePublished":"2026-01-09T20:55:23+00:00","dateModified":"2026-05-04T16:25:31+00:00","breadcrumb":{"@id":"https:\/\/tienda.rigelec.com.ar\/?product=gabinete-modular-estandar-completo-serie-97-1800x750x450-mm#breadcrumb"},"inLanguage":"es-AR","potentialAction":[{"@type":"ReadAction","target":["https:\/\/tienda.rigelec.com.ar\/?product=gabinete-modular-estandar-completo-serie-97-1800x750x450-mm"]}]},{"@type":"ImageObject","inLanguage":"es-AR","@id":"https:\/\/tienda.rigelec.com.ar\/?product=gabinete-modular-estandar-completo-serie-97-1800x750x450-mm#primaryimage","url":"https:\/\/tienda.rigelec.com.ar\/wp-content\/uploads\/2026\/01\/GABINETEMODULARESTANDARCOMPLETO.jpg","contentUrl":"https:\/\/tienda.rigelec.com.ar\/wp-content\/uploads\/2026\/01\/GABINETEMODULARESTANDARCOMPLETO.jpg","width":1080,"height":1080},{"@type":"BreadcrumbList","@id":"https:\/\/tienda.rigelec.com.ar\/?product=gabinete-modular-estandar-completo-serie-97-1800x750x450-mm#breadcrumb","itemListElement":[{"@type":"ListItem","position":1,"name":"Inicio","item":"https:\/\/tienda.rigelec.com.ar\/"},{"@type":"ListItem","position":2,"name":"Shop","item":"https:\/\/tienda.rigelec.com.ar\/?page_id=12"},{"@type":"ListItem","position":3,"name":"GABINETE MODULAR ESTANDAR COMPLETO SERIE 97 1800X750X450 MM"}]},{"@type":"WebSite","@id":"https:\/\/tienda.rigelec.com.ar\/#website","url":"https:\/\/tienda.rigelec.com.ar\/","name":"Tienda Rigelec","description":"Energia en movimiento","publisher":{"@id":"https:\/\/tienda.rigelec.com.ar\/#organization"},"potentialAction":[{"@type":"SearchAction","target":{"@type":"EntryPoint","urlTemplate":"https:\/\/tienda.rigelec.com.ar\/?s={search_term_string}"},"query-input":{"@type":"PropertyValueSpecification","valueRequired":true,"valueName":"search_term_string"}}],"inLanguage":"es-AR"},{"@type":"Organization","@id":"https:\/\/tienda.rigelec.com.ar\/#organization","name":"Tienda Rigelec","url":"https:\/\/tienda.rigelec.com.ar\/","logo":{"@type":"ImageObject","inLanguage":"es-AR","@id":"https:\/\/tienda.rigelec.com.ar\/#\/schema\/logo\/image\/","url":"https:\/\/tienda.rigelec.com.ar\/wp-content\/uploads\/2024\/09\/isologo-blanco-rigelec.png","contentUrl":"https:\/\/tienda.rigelec.com.ar\/wp-content\/uploads\/2024\/09\/isologo-blanco-rigelec.png","width":94,"height":97,"caption":"Tienda Rigelec"},"image":{"@id":"https:\/\/tienda.rigelec.com.ar\/#\/schema\/logo\/image\/"}}]}},"jetpack_sharing_enabled":true,"_links":{"self":[{"href":"https:\/\/tienda.rigelec.com.ar\/index.php?rest_route=\/wp\/v2\/product\/36189","targetHints":{"allow":["GET"]}}],"collection":[{"href":"https:\/\/tienda.rigelec.com.ar\/index.php?rest_route=\/wp\/v2\/product"}],"about":[{"href":"https:\/\/tienda.rigelec.com.ar\/index.php?rest_route=\/wp\/v2\/types\/product"}],"replies":[{"embeddable":true,"href":"https:\/\/tienda.rigelec.com.ar\/index.php?rest_route=%2Fwp%2Fv2%2Fcomments&post=36189"}],"wp:featuredmedia":[{"embeddable":true,"href":"https:\/\/tienda.rigelec.com.ar\/index.php?rest_route=\/wp\/v2\/media\/36190"}],"wp:attachment":[{"href":"https:\/\/tienda.rigelec.com.ar\/index.php?rest_route=%2Fwp%2Fv2%2Fmedia&parent=36189"}],"wp:term":[{"taxonomy":"product_brand","embeddable":true,"href":"https:\/\/tienda.rigelec.com.ar\/index.php?rest_route=%2Fwp%2Fv2%2Fproduct_brand&post=36189"},{"taxonomy":"product_cat","embeddable":true,"href":"https:\/\/tienda.rigelec.com.ar\/index.php?rest_route=%2Fwp%2Fv2%2Fproduct_cat&post=36189"},{"taxonomy":"product_tag","embeddable":true,"href":"https:\/\/tienda.rigelec.com.ar\/index.php?rest_route=%2Fwp%2Fv2%2Fproduct_tag&post=36189"}],"curies":[{"name":"wp","href":"https:\/\/api.w.org\/{rel}","templated":true}]}}