{"id":36371,"date":"2026-01-30T17:57:13","date_gmt":"2026-01-30T20:57:13","guid":{"rendered":"https:\/\/tienda.rigelec.com.ar\/?product=aspiradora-jdvr4a25-4-220v-240v-1200w"},"modified":"2026-05-03T23:52:13","modified_gmt":"2026-05-04T02:52:13","slug":"aspiradora-jdvr4a25-4-220v-240v-1200w","status":"publish","type":"product","link":"https:\/\/tienda.rigelec.com.ar\/?product=aspiradora-jdvr4a25-4-220v-240v-1200w","title":{"rendered":"ASPIRADORA JDVR4A25-4 220V-240V &#8211; 1200W"},"content":{"rendered":"<p>ASPIRADORA<\/p>\n","protected":false},"excerpt":{"rendered":"<p>Uso: Seco y h\u00famedo<br \/>\nSeco: para aspirar polvo, papel triturado, c\u00e1scaras de frutas, etc.<br \/>\nH\u00famedo: para aspirar agua y suciedad<\/p>\n<p>DESCRIPCI\u00d3N Y CARACTER\u00cdSTICAS<\/p>\n<p>Capacidad de polvo: 25L<br \/>\nPresi\u00f3n de vac\u00edo: =18KPa<br \/>\nFiltro: filtro de tela<br \/>\nCon funci\u00f3n de soplado<br \/>\nAccesorios est\u00e1ndar:<br \/>\n1 pieza de manguera de succi\u00f3n de 1.5m<br \/>\n1 pieza de bolsa de tela para recolecci\u00f3n de polvo<br \/>\n1 pieza de filtro de espuma<br \/>\n1 pieza de boquilla para grietas<br \/>\n3 piezas de tubos de extensi\u00f3n F 32 mm<br \/>\n1 pieza de boquilla de succi\u00f3n con<br \/>\naccesorio combinado para alfombras y pisos lisos<br \/>\nDi\u00e1metro de la manguera de succi\u00f3n: 32 mm<br \/>\nLongitud del cable: 2m<br \/>\nEmpacado en caja de cart\u00f3n<\/p>\n","protected":false},"featured_media":36372,"comment_status":"open","ping_status":"closed","template":"","meta":{"_monsterinsights_skip_tracking":false,"_monsterinsights_sitenote_active":false,"_monsterinsights_sitenote_note":"","_monsterinsights_sitenote_category":0},"product_brand":[],"product_cat":[366],"product_tag":[452],"class_list":{"0":"post-36371","1":"product","2":"type-product","3":"status-publish","4":"has-post-thumbnail","6":"product_cat-b-electricas","7":"product_tag-jadever","9":"first","10":"outofstock","11":"shipping-taxable","12":"purchasable","13":"product-type-simple"},"yoast_head":"<!-- This site is optimized with the Yoast SEO plugin v25.3.1 - https:\/\/yoast.com\/wordpress\/plugins\/seo\/ -->\n<title>ASPIRADORA JDVR4A25-4 220V-240V - 1200W - Tienda Rigelec<\/title>\n<meta name=\"robots\" content=\"index, follow, max-snippet:-1, max-image-preview:large, max-video-preview:-1\" \/>\n<link rel=\"canonical\" href=\"https:\/\/tienda.rigelec.com.ar\/?product=aspiradora-jdvr4a25-4-220v-240v-1200w\" \/>\n<meta property=\"og:locale\" content=\"es_ES\" \/>\n<meta property=\"og:type\" content=\"article\" \/>\n<meta property=\"og:title\" content=\"ASPIRADORA JDVR4A25-4 220V-240V - 1200W - Tienda Rigelec\" \/>\n<meta property=\"og:description\" content=\"Uso: Seco y h\u00famedo Seco: para aspirar polvo, papel triturado, c\u00e1scaras de frutas, etc. H\u00famedo: para aspirar agua y suciedad  DESCRIPCI\u00d3N Y CARACTER\u00cdSTICAS  Capacidad de polvo: 25L Presi\u00f3n de vac\u00edo: =18KPa Filtro: filtro de tela Con funci\u00f3n de soplado Accesorios est\u00e1ndar: 1 pieza de manguera de succi\u00f3n de 1.5m 1 pieza de bolsa de tela para recolecci\u00f3n de polvo 1 pieza de filtro de espuma 1 pieza de boquilla para grietas 3 piezas de tubos de extensi\u00f3n F 32 mm 1 pieza de boquilla de succi\u00f3n con accesorio combinado para alfombras y pisos lisos Di\u00e1metro de la manguera de succi\u00f3n: 32 mm Longitud del cable: 2m Empacado en caja de cart\u00f3n\" \/>\n<meta property=\"og:url\" content=\"https:\/\/tienda.rigelec.com.ar\/?product=aspiradora-jdvr4a25-4-220v-240v-1200w\" \/>\n<meta property=\"og:site_name\" content=\"Tienda Rigelec\" \/>\n<meta property=\"article:modified_time\" content=\"2026-05-04T02:52:13+00:00\" \/>\n<meta name=\"twitter:card\" content=\"summary_large_image\" \/>\n<script type=\"application\/ld+json\" class=\"yoast-schema-graph\">{\"@context\":\"https:\/\/schema.org\",\"@graph\":[{\"@type\":\"WebPage\",\"@id\":\"https:\/\/tienda.rigelec.com.ar\/?product=aspiradora-jdvr4a25-4-220v-240v-1200w\",\"url\":\"https:\/\/tienda.rigelec.com.ar\/?product=aspiradora-jdvr4a25-4-220v-240v-1200w\",\"name\":\"ASPIRADORA JDVR4A25-4 220V-240V - 1200W - Tienda Rigelec\",\"isPartOf\":{\"@id\":\"https:\/\/tienda.rigelec.com.ar\/#website\"},\"primaryImageOfPage\":{\"@id\":\"https:\/\/tienda.rigelec.com.ar\/?product=aspiradora-jdvr4a25-4-220v-240v-1200w#primaryimage\"},\"image\":{\"@id\":\"https:\/\/tienda.rigelec.com.ar\/?product=aspiradora-jdvr4a25-4-220v-240v-1200w#primaryimage\"},\"thumbnailUrl\":\"https:\/\/tienda.rigelec.com.ar\/wp-content\/uploads\/2026\/01\/ASPIRADORA.jpg\",\"datePublished\":\"2026-01-30T20:57:13+00:00\",\"dateModified\":\"2026-05-04T02:52:13+00:00\",\"breadcrumb\":{\"@id\":\"https:\/\/tienda.rigelec.com.ar\/?product=aspiradora-jdvr4a25-4-220v-240v-1200w#breadcrumb\"},\"inLanguage\":\"es-AR\",\"potentialAction\":[{\"@type\":\"ReadAction\",\"target\":[\"https:\/\/tienda.rigelec.com.ar\/?product=aspiradora-jdvr4a25-4-220v-240v-1200w\"]}]},{\"@type\":\"ImageObject\",\"inLanguage\":\"es-AR\",\"@id\":\"https:\/\/tienda.rigelec.com.ar\/?product=aspiradora-jdvr4a25-4-220v-240v-1200w#primaryimage\",\"url\":\"https:\/\/tienda.rigelec.com.ar\/wp-content\/uploads\/2026\/01\/ASPIRADORA.jpg\",\"contentUrl\":\"https:\/\/tienda.rigelec.com.ar\/wp-content\/uploads\/2026\/01\/ASPIRADORA.jpg\",\"width\":1080,\"height\":1080},{\"@type\":\"BreadcrumbList\",\"@id\":\"https:\/\/tienda.rigelec.com.ar\/?product=aspiradora-jdvr4a25-4-220v-240v-1200w#breadcrumb\",\"itemListElement\":[{\"@type\":\"ListItem\",\"position\":1,\"name\":\"Inicio\",\"item\":\"https:\/\/tienda.rigelec.com.ar\/\"},{\"@type\":\"ListItem\",\"position\":2,\"name\":\"Shop\",\"item\":\"https:\/\/tienda.rigelec.com.ar\/?page_id=12\"},{\"@type\":\"ListItem\",\"position\":3,\"name\":\"ASPIRADORA JDVR4A25-4 220V-240V &#8211; 1200W\"}]},{\"@type\":\"WebSite\",\"@id\":\"https:\/\/tienda.rigelec.com.ar\/#website\",\"url\":\"https:\/\/tienda.rigelec.com.ar\/\",\"name\":\"Tienda Rigelec\",\"description\":\"Energia en movimiento\",\"publisher\":{\"@id\":\"https:\/\/tienda.rigelec.com.ar\/#organization\"},\"potentialAction\":[{\"@type\":\"SearchAction\",\"target\":{\"@type\":\"EntryPoint\",\"urlTemplate\":\"https:\/\/tienda.rigelec.com.ar\/?s={search_term_string}\"},\"query-input\":{\"@type\":\"PropertyValueSpecification\",\"valueRequired\":true,\"valueName\":\"search_term_string\"}}],\"inLanguage\":\"es-AR\"},{\"@type\":\"Organization\",\"@id\":\"https:\/\/tienda.rigelec.com.ar\/#organization\",\"name\":\"Tienda Rigelec\",\"url\":\"https:\/\/tienda.rigelec.com.ar\/\",\"logo\":{\"@type\":\"ImageObject\",\"inLanguage\":\"es-AR\",\"@id\":\"https:\/\/tienda.rigelec.com.ar\/#\/schema\/logo\/image\/\",\"url\":\"https:\/\/tienda.rigelec.com.ar\/wp-content\/uploads\/2024\/09\/isologo-blanco-rigelec.png\",\"contentUrl\":\"https:\/\/tienda.rigelec.com.ar\/wp-content\/uploads\/2024\/09\/isologo-blanco-rigelec.png\",\"width\":94,\"height\":97,\"caption\":\"Tienda Rigelec\"},\"image\":{\"@id\":\"https:\/\/tienda.rigelec.com.ar\/#\/schema\/logo\/image\/\"}}]}<\/script>\n<!-- \/ Yoast SEO plugin. -->","yoast_head_json":{"title":"ASPIRADORA JDVR4A25-4 220V-240V - 1200W - Tienda Rigelec","robots":{"index":"index","follow":"follow","max-snippet":"max-snippet:-1","max-image-preview":"max-image-preview:large","max-video-preview":"max-video-preview:-1"},"canonical":"https:\/\/tienda.rigelec.com.ar\/?product=aspiradora-jdvr4a25-4-220v-240v-1200w","og_locale":"es_ES","og_type":"article","og_title":"ASPIRADORA JDVR4A25-4 220V-240V - 1200W - Tienda Rigelec","og_description":"Uso: Seco y h\u00famedo Seco: para aspirar polvo, papel triturado, c\u00e1scaras de frutas, etc. H\u00famedo: para aspirar agua y suciedad  DESCRIPCI\u00d3N Y CARACTER\u00cdSTICAS  Capacidad de polvo: 25L Presi\u00f3n de vac\u00edo: =18KPa Filtro: filtro de tela Con funci\u00f3n de soplado Accesorios est\u00e1ndar: 1 pieza de manguera de succi\u00f3n de 1.5m 1 pieza de bolsa de tela para recolecci\u00f3n de polvo 1 pieza de filtro de espuma 1 pieza de boquilla para grietas 3 piezas de tubos de extensi\u00f3n F 32 mm 1 pieza de boquilla de succi\u00f3n con accesorio combinado para alfombras y pisos lisos Di\u00e1metro de la manguera de succi\u00f3n: 32 mm Longitud del cable: 2m Empacado en caja de cart\u00f3n","og_url":"https:\/\/tienda.rigelec.com.ar\/?product=aspiradora-jdvr4a25-4-220v-240v-1200w","og_site_name":"Tienda Rigelec","article_modified_time":"2026-05-04T02:52:13+00:00","twitter_card":"summary_large_image","schema":{"@context":"https:\/\/schema.org","@graph":[{"@type":"WebPage","@id":"https:\/\/tienda.rigelec.com.ar\/?product=aspiradora-jdvr4a25-4-220v-240v-1200w","url":"https:\/\/tienda.rigelec.com.ar\/?product=aspiradora-jdvr4a25-4-220v-240v-1200w","name":"ASPIRADORA JDVR4A25-4 220V-240V - 1200W - Tienda Rigelec","isPartOf":{"@id":"https:\/\/tienda.rigelec.com.ar\/#website"},"primaryImageOfPage":{"@id":"https:\/\/tienda.rigelec.com.ar\/?product=aspiradora-jdvr4a25-4-220v-240v-1200w#primaryimage"},"image":{"@id":"https:\/\/tienda.rigelec.com.ar\/?product=aspiradora-jdvr4a25-4-220v-240v-1200w#primaryimage"},"thumbnailUrl":"https:\/\/tienda.rigelec.com.ar\/wp-content\/uploads\/2026\/01\/ASPIRADORA.jpg","datePublished":"2026-01-30T20:57:13+00:00","dateModified":"2026-05-04T02:52:13+00:00","breadcrumb":{"@id":"https:\/\/tienda.rigelec.com.ar\/?product=aspiradora-jdvr4a25-4-220v-240v-1200w#breadcrumb"},"inLanguage":"es-AR","potentialAction":[{"@type":"ReadAction","target":["https:\/\/tienda.rigelec.com.ar\/?product=aspiradora-jdvr4a25-4-220v-240v-1200w"]}]},{"@type":"ImageObject","inLanguage":"es-AR","@id":"https:\/\/tienda.rigelec.com.ar\/?product=aspiradora-jdvr4a25-4-220v-240v-1200w#primaryimage","url":"https:\/\/tienda.rigelec.com.ar\/wp-content\/uploads\/2026\/01\/ASPIRADORA.jpg","contentUrl":"https:\/\/tienda.rigelec.com.ar\/wp-content\/uploads\/2026\/01\/ASPIRADORA.jpg","width":1080,"height":1080},{"@type":"BreadcrumbList","@id":"https:\/\/tienda.rigelec.com.ar\/?product=aspiradora-jdvr4a25-4-220v-240v-1200w#breadcrumb","itemListElement":[{"@type":"ListItem","position":1,"name":"Inicio","item":"https:\/\/tienda.rigelec.com.ar\/"},{"@type":"ListItem","position":2,"name":"Shop","item":"https:\/\/tienda.rigelec.com.ar\/?page_id=12"},{"@type":"ListItem","position":3,"name":"ASPIRADORA JDVR4A25-4 220V-240V &#8211; 1200W"}]},{"@type":"WebSite","@id":"https:\/\/tienda.rigelec.com.ar\/#website","url":"https:\/\/tienda.rigelec.com.ar\/","name":"Tienda Rigelec","description":"Energia en movimiento","publisher":{"@id":"https:\/\/tienda.rigelec.com.ar\/#organization"},"potentialAction":[{"@type":"SearchAction","target":{"@type":"EntryPoint","urlTemplate":"https:\/\/tienda.rigelec.com.ar\/?s={search_term_string}"},"query-input":{"@type":"PropertyValueSpecification","valueRequired":true,"valueName":"search_term_string"}}],"inLanguage":"es-AR"},{"@type":"Organization","@id":"https:\/\/tienda.rigelec.com.ar\/#organization","name":"Tienda Rigelec","url":"https:\/\/tienda.rigelec.com.ar\/","logo":{"@type":"ImageObject","inLanguage":"es-AR","@id":"https:\/\/tienda.rigelec.com.ar\/#\/schema\/logo\/image\/","url":"https:\/\/tienda.rigelec.com.ar\/wp-content\/uploads\/2024\/09\/isologo-blanco-rigelec.png","contentUrl":"https:\/\/tienda.rigelec.com.ar\/wp-content\/uploads\/2024\/09\/isologo-blanco-rigelec.png","width":94,"height":97,"caption":"Tienda Rigelec"},"image":{"@id":"https:\/\/tienda.rigelec.com.ar\/#\/schema\/logo\/image\/"}}]}},"jetpack_sharing_enabled":true,"_links":{"self":[{"href":"https:\/\/tienda.rigelec.com.ar\/index.php?rest_route=\/wp\/v2\/product\/36371","targetHints":{"allow":["GET"]}}],"collection":[{"href":"https:\/\/tienda.rigelec.com.ar\/index.php?rest_route=\/wp\/v2\/product"}],"about":[{"href":"https:\/\/tienda.rigelec.com.ar\/index.php?rest_route=\/wp\/v2\/types\/product"}],"replies":[{"embeddable":true,"href":"https:\/\/tienda.rigelec.com.ar\/index.php?rest_route=%2Fwp%2Fv2%2Fcomments&post=36371"}],"wp:featuredmedia":[{"embeddable":true,"href":"https:\/\/tienda.rigelec.com.ar\/index.php?rest_route=\/wp\/v2\/media\/36372"}],"wp:attachment":[{"href":"https:\/\/tienda.rigelec.com.ar\/index.php?rest_route=%2Fwp%2Fv2%2Fmedia&parent=36371"}],"wp:term":[{"taxonomy":"product_brand","embeddable":true,"href":"https:\/\/tienda.rigelec.com.ar\/index.php?rest_route=%2Fwp%2Fv2%2Fproduct_brand&post=36371"},{"taxonomy":"product_cat","embeddable":true,"href":"https:\/\/tienda.rigelec.com.ar\/index.php?rest_route=%2Fwp%2Fv2%2Fproduct_cat&post=36371"},{"taxonomy":"product_tag","embeddable":true,"href":"https:\/\/tienda.rigelec.com.ar\/index.php?rest_route=%2Fwp%2Fv2%2Fproduct_tag&post=36371"}],"curies":[{"name":"wp","href":"https:\/\/api.w.org\/{rel}","templated":true}]}}