{"id":36429,"date":"2026-02-10T12:31:22","date_gmt":"2026-02-10T15:31:22","guid":{"rendered":"https:\/\/tienda.rigelec.com.ar\/?product=rele-electronico-sin-led-harmony-6a-220vcc-4nanc"},"modified":"2026-05-01T03:59:44","modified_gmt":"2026-05-01T06:59:44","slug":"rele-electronico-sin-led-harmony-6a-220vcc-4nanc","status":"publish","type":"product","link":"https:\/\/tienda.rigelec.com.ar\/?product=rele-electronico-sin-led-harmony-6a-220vcc-4nanc","title":{"rendered":"RELE ELECTRONICO SIN LED HARMONY 6A &#8211; 220VCC &#8211; 4NANC"},"content":{"rendered":"<p>RELE ELECTRONICO SIN LED<\/p>\n","protected":false},"excerpt":{"rendered":"<p>Los rel\u00e9s en miniatura RXM forman parte de los rel\u00e9s electromec\u00e1nicos Harmony. Este es un rel\u00e9 enchufable que debe montarse en una toma RXZE. Se trata de un rel\u00e9 de 4 entradas anal\u00f3gicas\/salidas con corriente nominal de 6 A, tensi\u00f3n del circuito de control de 22 VCC. Tambi\u00e9n ofrece un bot\u00f3n de prueba con bucle y un indicador mec\u00e1nico para conocer el estado de los contactos. Capacidad de trabajo para sistemas automatizados l\u00f3gicos con cableado fijo que complementan las funciones de los controladores l\u00f3gicos programables industriales (PLC). Es un producto Green Premium que cumple las normas y certificaciones internacionales como IEC, CE, UL, CSA, EAC, Lloyd&#8217;s, RoHS y REACH. Se vende en lotes de 1 y la referencia solo incluye rel\u00e9.<\/p>\n","protected":false},"featured_media":36430,"comment_status":"open","ping_status":"closed","template":"","meta":{"_monsterinsights_skip_tracking":false,"_monsterinsights_sitenote_active":false,"_monsterinsights_sitenote_note":"","_monsterinsights_sitenote_category":0},"product_brand":[],"product_cat":[335],"product_tag":[450],"class_list":{"0":"post-36429","1":"product","2":"type-product","3":"status-publish","4":"has-post-thumbnail","6":"product_cat-i-relevo","7":"product_tag-schneider","9":"first","10":"instock","11":"shipping-taxable","12":"purchasable","13":"product-type-simple"},"yoast_head":"<!-- This site is optimized with the Yoast SEO plugin v25.3.1 - https:\/\/yoast.com\/wordpress\/plugins\/seo\/ -->\n<title>RELE ELECTRONICO SIN LED HARMONY 6A - 220VCC - 4NANC - Tienda Rigelec<\/title>\n<meta name=\"robots\" content=\"index, follow, max-snippet:-1, max-image-preview:large, max-video-preview:-1\" \/>\n<link rel=\"canonical\" href=\"https:\/\/tienda.rigelec.com.ar\/?product=rele-electronico-sin-led-harmony-6a-220vcc-4nanc\" \/>\n<meta property=\"og:locale\" content=\"es_ES\" \/>\n<meta property=\"og:type\" content=\"article\" \/>\n<meta property=\"og:title\" content=\"RELE ELECTRONICO SIN LED HARMONY 6A - 220VCC - 4NANC - Tienda Rigelec\" \/>\n<meta property=\"og:description\" content=\"Los rel\u00e9s en miniatura RXM forman parte de los rel\u00e9s electromec\u00e1nicos Harmony. Este es un rel\u00e9 enchufable que debe montarse en una toma RXZE. Se trata de un rel\u00e9 de 4 entradas anal\u00f3gicas\/salidas con corriente nominal de 6 A, tensi\u00f3n del circuito de control de 22 VCC. Tambi\u00e9n ofrece un bot\u00f3n de prueba con bucle y un indicador mec\u00e1nico para conocer el estado de los contactos. Capacidad de trabajo para sistemas automatizados l\u00f3gicos con cableado fijo que complementan las funciones de los controladores l\u00f3gicos programables industriales (PLC). Es un producto Green Premium que cumple las normas y certificaciones internacionales como IEC, CE, UL, CSA, EAC, Lloyd&#039;s, RoHS y REACH. Se vende en lotes de 1 y la referencia solo incluye rel\u00e9.\" \/>\n<meta property=\"og:url\" content=\"https:\/\/tienda.rigelec.com.ar\/?product=rele-electronico-sin-led-harmony-6a-220vcc-4nanc\" \/>\n<meta property=\"og:site_name\" content=\"Tienda Rigelec\" \/>\n<meta property=\"article:modified_time\" content=\"2026-05-01T06:59:44+00:00\" \/>\n<meta name=\"twitter:card\" content=\"summary_large_image\" \/>\n<script type=\"application\/ld+json\" class=\"yoast-schema-graph\">{\"@context\":\"https:\/\/schema.org\",\"@graph\":[{\"@type\":\"WebPage\",\"@id\":\"https:\/\/tienda.rigelec.com.ar\/?product=rele-electronico-sin-led-harmony-6a-220vcc-4nanc\",\"url\":\"https:\/\/tienda.rigelec.com.ar\/?product=rele-electronico-sin-led-harmony-6a-220vcc-4nanc\",\"name\":\"RELE ELECTRONICO SIN LED HARMONY 6A - 220VCC - 4NANC - Tienda Rigelec\",\"isPartOf\":{\"@id\":\"https:\/\/tienda.rigelec.com.ar\/#website\"},\"primaryImageOfPage\":{\"@id\":\"https:\/\/tienda.rigelec.com.ar\/?product=rele-electronico-sin-led-harmony-6a-220vcc-4nanc#primaryimage\"},\"image\":{\"@id\":\"https:\/\/tienda.rigelec.com.ar\/?product=rele-electronico-sin-led-harmony-6a-220vcc-4nanc#primaryimage\"},\"thumbnailUrl\":\"https:\/\/tienda.rigelec.com.ar\/wp-content\/uploads\/2026\/02\/RELEELECTRONICOSINLED.jpg\",\"datePublished\":\"2026-02-10T15:31:22+00:00\",\"dateModified\":\"2026-05-01T06:59:44+00:00\",\"breadcrumb\":{\"@id\":\"https:\/\/tienda.rigelec.com.ar\/?product=rele-electronico-sin-led-harmony-6a-220vcc-4nanc#breadcrumb\"},\"inLanguage\":\"es-AR\",\"potentialAction\":[{\"@type\":\"ReadAction\",\"target\":[\"https:\/\/tienda.rigelec.com.ar\/?product=rele-electronico-sin-led-harmony-6a-220vcc-4nanc\"]}]},{\"@type\":\"ImageObject\",\"inLanguage\":\"es-AR\",\"@id\":\"https:\/\/tienda.rigelec.com.ar\/?product=rele-electronico-sin-led-harmony-6a-220vcc-4nanc#primaryimage\",\"url\":\"https:\/\/tienda.rigelec.com.ar\/wp-content\/uploads\/2026\/02\/RELEELECTRONICOSINLED.jpg\",\"contentUrl\":\"https:\/\/tienda.rigelec.com.ar\/wp-content\/uploads\/2026\/02\/RELEELECTRONICOSINLED.jpg\",\"width\":1080,\"height\":1080},{\"@type\":\"BreadcrumbList\",\"@id\":\"https:\/\/tienda.rigelec.com.ar\/?product=rele-electronico-sin-led-harmony-6a-220vcc-4nanc#breadcrumb\",\"itemListElement\":[{\"@type\":\"ListItem\",\"position\":1,\"name\":\"Inicio\",\"item\":\"https:\/\/tienda.rigelec.com.ar\/\"},{\"@type\":\"ListItem\",\"position\":2,\"name\":\"Shop\",\"item\":\"https:\/\/tienda.rigelec.com.ar\/?page_id=12\"},{\"@type\":\"ListItem\",\"position\":3,\"name\":\"RELE ELECTRONICO SIN LED HARMONY 6A &#8211; 220VCC &#8211; 4NANC\"}]},{\"@type\":\"WebSite\",\"@id\":\"https:\/\/tienda.rigelec.com.ar\/#website\",\"url\":\"https:\/\/tienda.rigelec.com.ar\/\",\"name\":\"Tienda Rigelec\",\"description\":\"Energia en movimiento\",\"publisher\":{\"@id\":\"https:\/\/tienda.rigelec.com.ar\/#organization\"},\"potentialAction\":[{\"@type\":\"SearchAction\",\"target\":{\"@type\":\"EntryPoint\",\"urlTemplate\":\"https:\/\/tienda.rigelec.com.ar\/?s={search_term_string}\"},\"query-input\":{\"@type\":\"PropertyValueSpecification\",\"valueRequired\":true,\"valueName\":\"search_term_string\"}}],\"inLanguage\":\"es-AR\"},{\"@type\":\"Organization\",\"@id\":\"https:\/\/tienda.rigelec.com.ar\/#organization\",\"name\":\"Tienda Rigelec\",\"url\":\"https:\/\/tienda.rigelec.com.ar\/\",\"logo\":{\"@type\":\"ImageObject\",\"inLanguage\":\"es-AR\",\"@id\":\"https:\/\/tienda.rigelec.com.ar\/#\/schema\/logo\/image\/\",\"url\":\"https:\/\/tienda.rigelec.com.ar\/wp-content\/uploads\/2024\/09\/isologo-blanco-rigelec.png\",\"contentUrl\":\"https:\/\/tienda.rigelec.com.ar\/wp-content\/uploads\/2024\/09\/isologo-blanco-rigelec.png\",\"width\":94,\"height\":97,\"caption\":\"Tienda Rigelec\"},\"image\":{\"@id\":\"https:\/\/tienda.rigelec.com.ar\/#\/schema\/logo\/image\/\"}}]}<\/script>\n<!-- \/ Yoast SEO plugin. -->","yoast_head_json":{"title":"RELE ELECTRONICO SIN LED HARMONY 6A - 220VCC - 4NANC - Tienda Rigelec","robots":{"index":"index","follow":"follow","max-snippet":"max-snippet:-1","max-image-preview":"max-image-preview:large","max-video-preview":"max-video-preview:-1"},"canonical":"https:\/\/tienda.rigelec.com.ar\/?product=rele-electronico-sin-led-harmony-6a-220vcc-4nanc","og_locale":"es_ES","og_type":"article","og_title":"RELE ELECTRONICO SIN LED HARMONY 6A - 220VCC - 4NANC - Tienda Rigelec","og_description":"Los rel\u00e9s en miniatura RXM forman parte de los rel\u00e9s electromec\u00e1nicos Harmony. Este es un rel\u00e9 enchufable que debe montarse en una toma RXZE. Se trata de un rel\u00e9 de 4 entradas anal\u00f3gicas\/salidas con corriente nominal de 6 A, tensi\u00f3n del circuito de control de 22 VCC. Tambi\u00e9n ofrece un bot\u00f3n de prueba con bucle y un indicador mec\u00e1nico para conocer el estado de los contactos. Capacidad de trabajo para sistemas automatizados l\u00f3gicos con cableado fijo que complementan las funciones de los controladores l\u00f3gicos programables industriales (PLC). Es un producto Green Premium que cumple las normas y certificaciones internacionales como IEC, CE, UL, CSA, EAC, Lloyd's, RoHS y REACH. Se vende en lotes de 1 y la referencia solo incluye rel\u00e9.","og_url":"https:\/\/tienda.rigelec.com.ar\/?product=rele-electronico-sin-led-harmony-6a-220vcc-4nanc","og_site_name":"Tienda Rigelec","article_modified_time":"2026-05-01T06:59:44+00:00","twitter_card":"summary_large_image","schema":{"@context":"https:\/\/schema.org","@graph":[{"@type":"WebPage","@id":"https:\/\/tienda.rigelec.com.ar\/?product=rele-electronico-sin-led-harmony-6a-220vcc-4nanc","url":"https:\/\/tienda.rigelec.com.ar\/?product=rele-electronico-sin-led-harmony-6a-220vcc-4nanc","name":"RELE ELECTRONICO SIN LED HARMONY 6A - 220VCC - 4NANC - Tienda Rigelec","isPartOf":{"@id":"https:\/\/tienda.rigelec.com.ar\/#website"},"primaryImageOfPage":{"@id":"https:\/\/tienda.rigelec.com.ar\/?product=rele-electronico-sin-led-harmony-6a-220vcc-4nanc#primaryimage"},"image":{"@id":"https:\/\/tienda.rigelec.com.ar\/?product=rele-electronico-sin-led-harmony-6a-220vcc-4nanc#primaryimage"},"thumbnailUrl":"https:\/\/tienda.rigelec.com.ar\/wp-content\/uploads\/2026\/02\/RELEELECTRONICOSINLED.jpg","datePublished":"2026-02-10T15:31:22+00:00","dateModified":"2026-05-01T06:59:44+00:00","breadcrumb":{"@id":"https:\/\/tienda.rigelec.com.ar\/?product=rele-electronico-sin-led-harmony-6a-220vcc-4nanc#breadcrumb"},"inLanguage":"es-AR","potentialAction":[{"@type":"ReadAction","target":["https:\/\/tienda.rigelec.com.ar\/?product=rele-electronico-sin-led-harmony-6a-220vcc-4nanc"]}]},{"@type":"ImageObject","inLanguage":"es-AR","@id":"https:\/\/tienda.rigelec.com.ar\/?product=rele-electronico-sin-led-harmony-6a-220vcc-4nanc#primaryimage","url":"https:\/\/tienda.rigelec.com.ar\/wp-content\/uploads\/2026\/02\/RELEELECTRONICOSINLED.jpg","contentUrl":"https:\/\/tienda.rigelec.com.ar\/wp-content\/uploads\/2026\/02\/RELEELECTRONICOSINLED.jpg","width":1080,"height":1080},{"@type":"BreadcrumbList","@id":"https:\/\/tienda.rigelec.com.ar\/?product=rele-electronico-sin-led-harmony-6a-220vcc-4nanc#breadcrumb","itemListElement":[{"@type":"ListItem","position":1,"name":"Inicio","item":"https:\/\/tienda.rigelec.com.ar\/"},{"@type":"ListItem","position":2,"name":"Shop","item":"https:\/\/tienda.rigelec.com.ar\/?page_id=12"},{"@type":"ListItem","position":3,"name":"RELE ELECTRONICO SIN LED HARMONY 6A &#8211; 220VCC &#8211; 4NANC"}]},{"@type":"WebSite","@id":"https:\/\/tienda.rigelec.com.ar\/#website","url":"https:\/\/tienda.rigelec.com.ar\/","name":"Tienda Rigelec","description":"Energia en movimiento","publisher":{"@id":"https:\/\/tienda.rigelec.com.ar\/#organization"},"potentialAction":[{"@type":"SearchAction","target":{"@type":"EntryPoint","urlTemplate":"https:\/\/tienda.rigelec.com.ar\/?s={search_term_string}"},"query-input":{"@type":"PropertyValueSpecification","valueRequired":true,"valueName":"search_term_string"}}],"inLanguage":"es-AR"},{"@type":"Organization","@id":"https:\/\/tienda.rigelec.com.ar\/#organization","name":"Tienda Rigelec","url":"https:\/\/tienda.rigelec.com.ar\/","logo":{"@type":"ImageObject","inLanguage":"es-AR","@id":"https:\/\/tienda.rigelec.com.ar\/#\/schema\/logo\/image\/","url":"https:\/\/tienda.rigelec.com.ar\/wp-content\/uploads\/2024\/09\/isologo-blanco-rigelec.png","contentUrl":"https:\/\/tienda.rigelec.com.ar\/wp-content\/uploads\/2024\/09\/isologo-blanco-rigelec.png","width":94,"height":97,"caption":"Tienda Rigelec"},"image":{"@id":"https:\/\/tienda.rigelec.com.ar\/#\/schema\/logo\/image\/"}}]}},"jetpack_sharing_enabled":true,"_links":{"self":[{"href":"https:\/\/tienda.rigelec.com.ar\/index.php?rest_route=\/wp\/v2\/product\/36429","targetHints":{"allow":["GET"]}}],"collection":[{"href":"https:\/\/tienda.rigelec.com.ar\/index.php?rest_route=\/wp\/v2\/product"}],"about":[{"href":"https:\/\/tienda.rigelec.com.ar\/index.php?rest_route=\/wp\/v2\/types\/product"}],"replies":[{"embeddable":true,"href":"https:\/\/tienda.rigelec.com.ar\/index.php?rest_route=%2Fwp%2Fv2%2Fcomments&post=36429"}],"wp:featuredmedia":[{"embeddable":true,"href":"https:\/\/tienda.rigelec.com.ar\/index.php?rest_route=\/wp\/v2\/media\/36430"}],"wp:attachment":[{"href":"https:\/\/tienda.rigelec.com.ar\/index.php?rest_route=%2Fwp%2Fv2%2Fmedia&parent=36429"}],"wp:term":[{"taxonomy":"product_brand","embeddable":true,"href":"https:\/\/tienda.rigelec.com.ar\/index.php?rest_route=%2Fwp%2Fv2%2Fproduct_brand&post=36429"},{"taxonomy":"product_cat","embeddable":true,"href":"https:\/\/tienda.rigelec.com.ar\/index.php?rest_route=%2Fwp%2Fv2%2Fproduct_cat&post=36429"},{"taxonomy":"product_tag","embeddable":true,"href":"https:\/\/tienda.rigelec.com.ar\/index.php?rest_route=%2Fwp%2Fv2%2Fproduct_tag&post=36429"}],"curies":[{"name":"wp","href":"https:\/\/api.w.org\/{rel}","templated":true}]}}