{"id":36431,"date":"2026-02-11T13:58:48","date_gmt":"2026-02-11T16:58:48","guid":{"rendered":"https:\/\/tienda.rigelec.com.ar\/?product=selector-automatico-de-fase-ru400f80-63a-rango-50-450vca"},"modified":"2026-05-01T17:34:25","modified_gmt":"2026-05-01T20:34:25","slug":"selector-automatico-de-fase-ru400f80-63a-rango-50-450vca","status":"publish","type":"product","link":"https:\/\/tienda.rigelec.com.ar\/?product=selector-automatico-de-fase-ru400f80-63a-rango-50-450vca","title":{"rendered":"SELECTOR AUTOMATICO DE FASE RU400F80 63A &#8211; RANGO 50-450VCA"},"content":{"rendered":"<p>SELECTOR AUTOMATICO DE FASE<\/p>\n","protected":false},"excerpt":{"rendered":"<p>Dise\u00f1ado para suministrar tensi\u00f3n monof\u00e1sica de 220V desde una red trif\u00e1sica de cuatro conductores 3&#215;220\/380V + N con la finalidad de proveer alimentaci\u00f3n ininterrumpida a la carga esencial y protegerla contra variaciones de tensi\u00f3n no admisibles.<br \/>\nSelecciona autom\u00e1ticamente la fase prioritaria definida dentro del rango de tensi\u00f3n configurado y conecta la carga monof\u00e1sica a esta fase. En caso de falla de la fase prioritaria conmutar\u00e1 a otra dentro de la configuraci\u00f3n establecida, una vez restablecida la fase prioritaria puede configurarse el retorno a la misma. Posee protecci\u00f3n por sobrecorriente configurable entre 1 y 63A. No se necesita emplear contactores externos.<\/p>\n<p>Caracter\u00edsticas t\u00e9rnicas.<br \/>\n* Rango de tensi\u00f3n de operaci\u00f3n: 50 &#8211; 450V<br \/>\n* Frecuencia: 50\/60Hz<br \/>\n* Rango de protecci\u00f3n por sobrecorriente: 1A &#8211; 63A<br \/>\n* Corriente nominal de operaci\u00f3n: 63A<br \/>\n* Tensi\u00f3n de aislaci\u00f3n: 250V<\/p>\n","protected":false},"featured_media":36432,"comment_status":"open","ping_status":"closed","template":"","meta":{"_monsterinsights_skip_tracking":false,"_monsterinsights_sitenote_active":false,"_monsterinsights_sitenote_note":"","_monsterinsights_sitenote_category":0},"product_brand":[],"product_cat":[291],"product_tag":[65],"class_list":{"0":"post-36431","1":"product","2":"type-product","3":"status-publish","4":"has-post-thumbnail","6":"product_cat-g-comando-y-senalizacion","7":"product_tag-baw","9":"first","10":"outofstock","11":"shipping-taxable","12":"purchasable","13":"product-type-simple"},"yoast_head":"<!-- This site is optimized with the Yoast SEO plugin v25.3.1 - https:\/\/yoast.com\/wordpress\/plugins\/seo\/ -->\n<title>SELECTOR AUTOMATICO DE FASE RU400F80 63A - RANGO 50-450VCA - Tienda Rigelec<\/title>\n<meta name=\"robots\" content=\"index, follow, max-snippet:-1, max-image-preview:large, max-video-preview:-1\" \/>\n<link rel=\"canonical\" href=\"https:\/\/tienda.rigelec.com.ar\/?product=selector-automatico-de-fase-ru400f80-63a-rango-50-450vca\" \/>\n<meta property=\"og:locale\" content=\"es_ES\" \/>\n<meta property=\"og:type\" content=\"article\" \/>\n<meta property=\"og:title\" content=\"SELECTOR AUTOMATICO DE FASE RU400F80 63A - RANGO 50-450VCA - Tienda Rigelec\" \/>\n<meta property=\"og:description\" content=\"Dise\u00f1ado para suministrar tensi\u00f3n monof\u00e1sica de 220V desde una red trif\u00e1sica de cuatro conductores 3x220\/380V + N con la finalidad de proveer alimentaci\u00f3n ininterrumpida a la carga esencial y protegerla contra variaciones de tensi\u00f3n no admisibles. Selecciona autom\u00e1ticamente la fase prioritaria definida dentro del rango de tensi\u00f3n configurado y conecta la carga monof\u00e1sica a esta fase. En caso de falla de la fase prioritaria conmutar\u00e1 a otra dentro de la configuraci\u00f3n establecida, una vez restablecida la fase prioritaria puede configurarse el retorno a la misma. Posee protecci\u00f3n por sobrecorriente configurable entre 1 y 63A. No se necesita emplear contactores externos.  Caracter\u00edsticas t\u00e9rnicas. * Rango de tensi\u00f3n de operaci\u00f3n: 50 - 450V * Frecuencia: 50\/60Hz * Rango de protecci\u00f3n por sobrecorriente: 1A - 63A * Corriente nominal de operaci\u00f3n: 63A * Tensi\u00f3n de aislaci\u00f3n: 250V\" \/>\n<meta property=\"og:url\" content=\"https:\/\/tienda.rigelec.com.ar\/?product=selector-automatico-de-fase-ru400f80-63a-rango-50-450vca\" \/>\n<meta property=\"og:site_name\" content=\"Tienda Rigelec\" \/>\n<meta property=\"article:modified_time\" content=\"2026-05-01T20:34:25+00:00\" \/>\n<meta name=\"twitter:card\" content=\"summary_large_image\" \/>\n<script type=\"application\/ld+json\" class=\"yoast-schema-graph\">{\"@context\":\"https:\/\/schema.org\",\"@graph\":[{\"@type\":\"WebPage\",\"@id\":\"https:\/\/tienda.rigelec.com.ar\/?product=selector-automatico-de-fase-ru400f80-63a-rango-50-450vca\",\"url\":\"https:\/\/tienda.rigelec.com.ar\/?product=selector-automatico-de-fase-ru400f80-63a-rango-50-450vca\",\"name\":\"SELECTOR AUTOMATICO DE FASE RU400F80 63A - RANGO 50-450VCA - Tienda Rigelec\",\"isPartOf\":{\"@id\":\"https:\/\/tienda.rigelec.com.ar\/#website\"},\"primaryImageOfPage\":{\"@id\":\"https:\/\/tienda.rigelec.com.ar\/?product=selector-automatico-de-fase-ru400f80-63a-rango-50-450vca#primaryimage\"},\"image\":{\"@id\":\"https:\/\/tienda.rigelec.com.ar\/?product=selector-automatico-de-fase-ru400f80-63a-rango-50-450vca#primaryimage\"},\"thumbnailUrl\":\"https:\/\/tienda.rigelec.com.ar\/wp-content\/uploads\/2026\/02\/SELECTORAUTOMATICODEFASE.jpg\",\"datePublished\":\"2026-02-11T16:58:48+00:00\",\"dateModified\":\"2026-05-01T20:34:25+00:00\",\"breadcrumb\":{\"@id\":\"https:\/\/tienda.rigelec.com.ar\/?product=selector-automatico-de-fase-ru400f80-63a-rango-50-450vca#breadcrumb\"},\"inLanguage\":\"es-AR\",\"potentialAction\":[{\"@type\":\"ReadAction\",\"target\":[\"https:\/\/tienda.rigelec.com.ar\/?product=selector-automatico-de-fase-ru400f80-63a-rango-50-450vca\"]}]},{\"@type\":\"ImageObject\",\"inLanguage\":\"es-AR\",\"@id\":\"https:\/\/tienda.rigelec.com.ar\/?product=selector-automatico-de-fase-ru400f80-63a-rango-50-450vca#primaryimage\",\"url\":\"https:\/\/tienda.rigelec.com.ar\/wp-content\/uploads\/2026\/02\/SELECTORAUTOMATICODEFASE.jpg\",\"contentUrl\":\"https:\/\/tienda.rigelec.com.ar\/wp-content\/uploads\/2026\/02\/SELECTORAUTOMATICODEFASE.jpg\"},{\"@type\":\"BreadcrumbList\",\"@id\":\"https:\/\/tienda.rigelec.com.ar\/?product=selector-automatico-de-fase-ru400f80-63a-rango-50-450vca#breadcrumb\",\"itemListElement\":[{\"@type\":\"ListItem\",\"position\":1,\"name\":\"Inicio\",\"item\":\"https:\/\/tienda.rigelec.com.ar\/\"},{\"@type\":\"ListItem\",\"position\":2,\"name\":\"Shop\",\"item\":\"https:\/\/tienda.rigelec.com.ar\/?page_id=12\"},{\"@type\":\"ListItem\",\"position\":3,\"name\":\"SELECTOR AUTOMATICO DE FASE RU400F80 63A &#8211; RANGO 50-450VCA\"}]},{\"@type\":\"WebSite\",\"@id\":\"https:\/\/tienda.rigelec.com.ar\/#website\",\"url\":\"https:\/\/tienda.rigelec.com.ar\/\",\"name\":\"Tienda Rigelec\",\"description\":\"Energia en movimiento\",\"publisher\":{\"@id\":\"https:\/\/tienda.rigelec.com.ar\/#organization\"},\"potentialAction\":[{\"@type\":\"SearchAction\",\"target\":{\"@type\":\"EntryPoint\",\"urlTemplate\":\"https:\/\/tienda.rigelec.com.ar\/?s={search_term_string}\"},\"query-input\":{\"@type\":\"PropertyValueSpecification\",\"valueRequired\":true,\"valueName\":\"search_term_string\"}}],\"inLanguage\":\"es-AR\"},{\"@type\":\"Organization\",\"@id\":\"https:\/\/tienda.rigelec.com.ar\/#organization\",\"name\":\"Tienda Rigelec\",\"url\":\"https:\/\/tienda.rigelec.com.ar\/\",\"logo\":{\"@type\":\"ImageObject\",\"inLanguage\":\"es-AR\",\"@id\":\"https:\/\/tienda.rigelec.com.ar\/#\/schema\/logo\/image\/\",\"url\":\"https:\/\/tienda.rigelec.com.ar\/wp-content\/uploads\/2024\/09\/isologo-blanco-rigelec.png\",\"contentUrl\":\"https:\/\/tienda.rigelec.com.ar\/wp-content\/uploads\/2024\/09\/isologo-blanco-rigelec.png\",\"width\":94,\"height\":97,\"caption\":\"Tienda Rigelec\"},\"image\":{\"@id\":\"https:\/\/tienda.rigelec.com.ar\/#\/schema\/logo\/image\/\"}}]}<\/script>\n<!-- \/ Yoast SEO plugin. -->","yoast_head_json":{"title":"SELECTOR AUTOMATICO DE FASE RU400F80 63A - RANGO 50-450VCA - Tienda Rigelec","robots":{"index":"index","follow":"follow","max-snippet":"max-snippet:-1","max-image-preview":"max-image-preview:large","max-video-preview":"max-video-preview:-1"},"canonical":"https:\/\/tienda.rigelec.com.ar\/?product=selector-automatico-de-fase-ru400f80-63a-rango-50-450vca","og_locale":"es_ES","og_type":"article","og_title":"SELECTOR AUTOMATICO DE FASE RU400F80 63A - RANGO 50-450VCA - Tienda Rigelec","og_description":"Dise\u00f1ado para suministrar tensi\u00f3n monof\u00e1sica de 220V desde una red trif\u00e1sica de cuatro conductores 3x220\/380V + N con la finalidad de proveer alimentaci\u00f3n ininterrumpida a la carga esencial y protegerla contra variaciones de tensi\u00f3n no admisibles. Selecciona autom\u00e1ticamente la fase prioritaria definida dentro del rango de tensi\u00f3n configurado y conecta la carga monof\u00e1sica a esta fase. En caso de falla de la fase prioritaria conmutar\u00e1 a otra dentro de la configuraci\u00f3n establecida, una vez restablecida la fase prioritaria puede configurarse el retorno a la misma. Posee protecci\u00f3n por sobrecorriente configurable entre 1 y 63A. No se necesita emplear contactores externos.  Caracter\u00edsticas t\u00e9rnicas. * Rango de tensi\u00f3n de operaci\u00f3n: 50 - 450V * Frecuencia: 50\/60Hz * Rango de protecci\u00f3n por sobrecorriente: 1A - 63A * Corriente nominal de operaci\u00f3n: 63A * Tensi\u00f3n de aislaci\u00f3n: 250V","og_url":"https:\/\/tienda.rigelec.com.ar\/?product=selector-automatico-de-fase-ru400f80-63a-rango-50-450vca","og_site_name":"Tienda Rigelec","article_modified_time":"2026-05-01T20:34:25+00:00","twitter_card":"summary_large_image","schema":{"@context":"https:\/\/schema.org","@graph":[{"@type":"WebPage","@id":"https:\/\/tienda.rigelec.com.ar\/?product=selector-automatico-de-fase-ru400f80-63a-rango-50-450vca","url":"https:\/\/tienda.rigelec.com.ar\/?product=selector-automatico-de-fase-ru400f80-63a-rango-50-450vca","name":"SELECTOR AUTOMATICO DE FASE RU400F80 63A - RANGO 50-450VCA - Tienda Rigelec","isPartOf":{"@id":"https:\/\/tienda.rigelec.com.ar\/#website"},"primaryImageOfPage":{"@id":"https:\/\/tienda.rigelec.com.ar\/?product=selector-automatico-de-fase-ru400f80-63a-rango-50-450vca#primaryimage"},"image":{"@id":"https:\/\/tienda.rigelec.com.ar\/?product=selector-automatico-de-fase-ru400f80-63a-rango-50-450vca#primaryimage"},"thumbnailUrl":"https:\/\/tienda.rigelec.com.ar\/wp-content\/uploads\/2026\/02\/SELECTORAUTOMATICODEFASE.jpg","datePublished":"2026-02-11T16:58:48+00:00","dateModified":"2026-05-01T20:34:25+00:00","breadcrumb":{"@id":"https:\/\/tienda.rigelec.com.ar\/?product=selector-automatico-de-fase-ru400f80-63a-rango-50-450vca#breadcrumb"},"inLanguage":"es-AR","potentialAction":[{"@type":"ReadAction","target":["https:\/\/tienda.rigelec.com.ar\/?product=selector-automatico-de-fase-ru400f80-63a-rango-50-450vca"]}]},{"@type":"ImageObject","inLanguage":"es-AR","@id":"https:\/\/tienda.rigelec.com.ar\/?product=selector-automatico-de-fase-ru400f80-63a-rango-50-450vca#primaryimage","url":"https:\/\/tienda.rigelec.com.ar\/wp-content\/uploads\/2026\/02\/SELECTORAUTOMATICODEFASE.jpg","contentUrl":"https:\/\/tienda.rigelec.com.ar\/wp-content\/uploads\/2026\/02\/SELECTORAUTOMATICODEFASE.jpg"},{"@type":"BreadcrumbList","@id":"https:\/\/tienda.rigelec.com.ar\/?product=selector-automatico-de-fase-ru400f80-63a-rango-50-450vca#breadcrumb","itemListElement":[{"@type":"ListItem","position":1,"name":"Inicio","item":"https:\/\/tienda.rigelec.com.ar\/"},{"@type":"ListItem","position":2,"name":"Shop","item":"https:\/\/tienda.rigelec.com.ar\/?page_id=12"},{"@type":"ListItem","position":3,"name":"SELECTOR AUTOMATICO DE FASE RU400F80 63A &#8211; RANGO 50-450VCA"}]},{"@type":"WebSite","@id":"https:\/\/tienda.rigelec.com.ar\/#website","url":"https:\/\/tienda.rigelec.com.ar\/","name":"Tienda Rigelec","description":"Energia en movimiento","publisher":{"@id":"https:\/\/tienda.rigelec.com.ar\/#organization"},"potentialAction":[{"@type":"SearchAction","target":{"@type":"EntryPoint","urlTemplate":"https:\/\/tienda.rigelec.com.ar\/?s={search_term_string}"},"query-input":{"@type":"PropertyValueSpecification","valueRequired":true,"valueName":"search_term_string"}}],"inLanguage":"es-AR"},{"@type":"Organization","@id":"https:\/\/tienda.rigelec.com.ar\/#organization","name":"Tienda Rigelec","url":"https:\/\/tienda.rigelec.com.ar\/","logo":{"@type":"ImageObject","inLanguage":"es-AR","@id":"https:\/\/tienda.rigelec.com.ar\/#\/schema\/logo\/image\/","url":"https:\/\/tienda.rigelec.com.ar\/wp-content\/uploads\/2024\/09\/isologo-blanco-rigelec.png","contentUrl":"https:\/\/tienda.rigelec.com.ar\/wp-content\/uploads\/2024\/09\/isologo-blanco-rigelec.png","width":94,"height":97,"caption":"Tienda Rigelec"},"image":{"@id":"https:\/\/tienda.rigelec.com.ar\/#\/schema\/logo\/image\/"}}]}},"jetpack_sharing_enabled":true,"_links":{"self":[{"href":"https:\/\/tienda.rigelec.com.ar\/index.php?rest_route=\/wp\/v2\/product\/36431","targetHints":{"allow":["GET"]}}],"collection":[{"href":"https:\/\/tienda.rigelec.com.ar\/index.php?rest_route=\/wp\/v2\/product"}],"about":[{"href":"https:\/\/tienda.rigelec.com.ar\/index.php?rest_route=\/wp\/v2\/types\/product"}],"replies":[{"embeddable":true,"href":"https:\/\/tienda.rigelec.com.ar\/index.php?rest_route=%2Fwp%2Fv2%2Fcomments&post=36431"}],"wp:featuredmedia":[{"embeddable":true,"href":"https:\/\/tienda.rigelec.com.ar\/index.php?rest_route=\/wp\/v2\/media\/36432"}],"wp:attachment":[{"href":"https:\/\/tienda.rigelec.com.ar\/index.php?rest_route=%2Fwp%2Fv2%2Fmedia&parent=36431"}],"wp:term":[{"taxonomy":"product_brand","embeddable":true,"href":"https:\/\/tienda.rigelec.com.ar\/index.php?rest_route=%2Fwp%2Fv2%2Fproduct_brand&post=36431"},{"taxonomy":"product_cat","embeddable":true,"href":"https:\/\/tienda.rigelec.com.ar\/index.php?rest_route=%2Fwp%2Fv2%2Fproduct_cat&post=36431"},{"taxonomy":"product_tag","embeddable":true,"href":"https:\/\/tienda.rigelec.com.ar\/index.php?rest_route=%2Fwp%2Fv2%2Fproduct_tag&post=36431"}],"curies":[{"name":"wp","href":"https:\/\/api.w.org\/{rel}","templated":true}]}}