{"id":36444,"date":"2026-02-12T15:48:02","date_gmt":"2026-02-12T18:48:02","guid":{"rendered":"https:\/\/tienda.rigelec.com.ar\/?product=termica-1x6a-curva-c-acti-9-ik60-6ka-6a"},"modified":"2026-05-01T04:00:49","modified_gmt":"2026-05-01T07:00:49","slug":"termica-1x6a-curva-c-acti-9-ik60-6ka-6a","status":"publish","type":"product","link":"https:\/\/tienda.rigelec.com.ar\/?product=termica-1x6a-curva-c-acti-9-ik60-6ka-6a","title":{"rendered":"TERMICA 1X6A CURVA C ACTI 9 &#8211; IK60 6KA &#8211; 6A"},"content":{"rendered":"<p>TERMICA 1X6A CURVA C<\/p>\n","protected":false},"excerpt":{"rendered":"<p>El interruptor termomagn\u00e9tico Acti9 iK60 de Schneider Electric garantiza la protecci\u00f3n de circuitos contra corrientes de cortocircuito y sobrecargas Este producto tiene 1 polo, capacidad de 6A, curva de disparo tipo C y poder de corte de 6kA 230V AC 50\/60Hz (IEC 60898-1) El interruptor termomagn\u00e9tico cuenta con clase de limitacion 3, polos interclavados y borne de conexion antierror y aislado Su conexi\u00f3n es mediante bornes de caja para cables de cobre y no admite auxiliares Cuenta con doble clip para el desmontaje con peine conectado Adem\u00e1s, este interruptor termomagn\u00e9tico tiene protecci\u00f3n IP20 y se puede montar en riel DIN Su aislamiento clase II en cajas de distribuci\u00f3n garantiza espacios libres entre las superficies del interruptor y las piezas internas el doble del est\u00e1ndar de la industria, proporcionando m\u00e1xima protecci\u00f3n Este dispositivo tiene tambi\u00e9n un amplio rango de operaci\u00f3n, actuando en temperaturas entre -25\u00b0C y 60\u00b0C Este producto cumple con la norma IEC 60898 e IRAM Las llaves t\u00e9rmicas Acti9 iK60 cuentan con la etiqueta Green PremiumTM, la cual promete el cumplimiento de las reglamentaciones m\u00e1s recientes, transparencia sobre los impactos medioambientales, productos circulares y de bajo nivel de CO2 La tensi\u00f3n de resistencia a los impulsos nominal de la Uimp es de 4 kV. La frecuencia de funcionamiento es de 5Hz o 6Hz. Puede montarse en riel DIN para una instalaci\u00f3n modular. Su ancho es de 2 pasos de 9mm. El color del producto es blanco (RAL93). Las dimensiones son (An.) 18 mm x (Alt.) 85 mm x (Prof.) 78,5 mm. El peso es de 1 g. Tiene un grado de protecci\u00f3n IP2. Se convierte en IP4 una vez en un armario modular de acuerdo con la norma IEC\/EN 6529. La temperatura de funcionamiento es de -25 \u00b0C a 6 \u00b0C. La temperatura de almacenamiento es de -4 \u00b0C a 85 \u00b0C<\/p>\n","protected":false},"featured_media":36445,"comment_status":"open","ping_status":"closed","template":"","meta":{"_monsterinsights_skip_tracking":false,"_monsterinsights_sitenote_active":false,"_monsterinsights_sitenote_note":"","_monsterinsights_sitenote_category":0},"product_brand":[],"product_cat":[151],"product_tag":[450],"class_list":{"0":"post-36444","1":"product","2":"type-product","3":"status-publish","4":"has-post-thumbnail","6":"product_cat-k-interruptor-compacto","7":"product_tag-schneider","9":"first","10":"outofstock","11":"shipping-taxable","12":"purchasable","13":"product-type-simple"},"yoast_head":"<!-- This site is optimized with the Yoast SEO plugin v25.3.1 - https:\/\/yoast.com\/wordpress\/plugins\/seo\/ -->\n<title>TERMICA 1X6A CURVA C ACTI 9 - IK60 6KA - 6A - Tienda Rigelec<\/title>\n<meta name=\"robots\" content=\"index, follow, max-snippet:-1, max-image-preview:large, max-video-preview:-1\" \/>\n<link rel=\"canonical\" href=\"https:\/\/tienda.rigelec.com.ar\/?product=termica-1x6a-curva-c-acti-9-ik60-6ka-6a\" \/>\n<meta property=\"og:locale\" content=\"es_ES\" \/>\n<meta property=\"og:type\" content=\"article\" \/>\n<meta property=\"og:title\" content=\"TERMICA 1X6A CURVA C ACTI 9 - IK60 6KA - 6A - Tienda Rigelec\" \/>\n<meta property=\"og:description\" content=\"El interruptor termomagn\u00e9tico Acti9 iK60 de Schneider Electric garantiza la protecci\u00f3n de circuitos contra corrientes de cortocircuito y sobrecargas Este producto tiene 1 polo, capacidad de 6A, curva de disparo tipo C y poder de corte de 6kA 230V AC 50\/60Hz (IEC 60898-1) El interruptor termomagn\u00e9tico cuenta con clase de limitacion 3, polos interclavados y borne de conexion antierror y aislado Su conexi\u00f3n es mediante bornes de caja para cables de cobre y no admite auxiliares Cuenta con doble clip para el desmontaje con peine conectado Adem\u00e1s, este interruptor termomagn\u00e9tico tiene protecci\u00f3n IP20 y se puede montar en riel DIN Su aislamiento clase II en cajas de distribuci\u00f3n garantiza espacios libres entre las superficies del interruptor y las piezas internas el doble del est\u00e1ndar de la industria, proporcionando m\u00e1xima protecci\u00f3n Este dispositivo tiene tambi\u00e9n un amplio rango de operaci\u00f3n, actuando en temperaturas entre -25\u00b0C y 60\u00b0C Este producto cumple con la norma IEC 60898 e IRAM Las llaves t\u00e9rmicas Acti9 iK60 cuentan con la etiqueta Green PremiumTM, la cual promete el cumplimiento de las reglamentaciones m\u00e1s recientes, transparencia sobre los impactos medioambientales, productos circulares y de bajo nivel de CO2 La tensi\u00f3n de resistencia a los impulsos nominal de la Uimp es de 4 kV. La frecuencia de funcionamiento es de 5Hz o 6Hz. Puede montarse en riel DIN para una instalaci\u00f3n modular. Su ancho es de 2 pasos de 9mm. El color del producto es blanco (RAL93). Las dimensiones son (An.) 18 mm x (Alt.) 85 mm x (Prof.) 78,5 mm. El peso es de 1 g. Tiene un grado de protecci\u00f3n IP2. Se convierte en IP4 una vez en un armario modular de acuerdo con la norma IEC\/EN 6529. La temperatura de funcionamiento es de -25 \u00b0C a 6 \u00b0C. La temperatura de almacenamiento es de -4 \u00b0C a 85 \u00b0C\" \/>\n<meta property=\"og:url\" content=\"https:\/\/tienda.rigelec.com.ar\/?product=termica-1x6a-curva-c-acti-9-ik60-6ka-6a\" \/>\n<meta property=\"og:site_name\" content=\"Tienda Rigelec\" \/>\n<meta property=\"article:modified_time\" content=\"2026-05-01T07:00:49+00:00\" \/>\n<meta name=\"twitter:card\" content=\"summary_large_image\" \/>\n<script type=\"application\/ld+json\" class=\"yoast-schema-graph\">{\"@context\":\"https:\/\/schema.org\",\"@graph\":[{\"@type\":\"WebPage\",\"@id\":\"https:\/\/tienda.rigelec.com.ar\/?product=termica-1x6a-curva-c-acti-9-ik60-6ka-6a\",\"url\":\"https:\/\/tienda.rigelec.com.ar\/?product=termica-1x6a-curva-c-acti-9-ik60-6ka-6a\",\"name\":\"TERMICA 1X6A CURVA C ACTI 9 - IK60 6KA - 6A - Tienda Rigelec\",\"isPartOf\":{\"@id\":\"https:\/\/tienda.rigelec.com.ar\/#website\"},\"primaryImageOfPage\":{\"@id\":\"https:\/\/tienda.rigelec.com.ar\/?product=termica-1x6a-curva-c-acti-9-ik60-6ka-6a#primaryimage\"},\"image\":{\"@id\":\"https:\/\/tienda.rigelec.com.ar\/?product=termica-1x6a-curva-c-acti-9-ik60-6ka-6a#primaryimage\"},\"thumbnailUrl\":\"https:\/\/tienda.rigelec.com.ar\/wp-content\/uploads\/2026\/02\/TERMICA1X6ACURVAC.jpg\",\"datePublished\":\"2026-02-12T18:48:02+00:00\",\"dateModified\":\"2026-05-01T07:00:49+00:00\",\"breadcrumb\":{\"@id\":\"https:\/\/tienda.rigelec.com.ar\/?product=termica-1x6a-curva-c-acti-9-ik60-6ka-6a#breadcrumb\"},\"inLanguage\":\"es-AR\",\"potentialAction\":[{\"@type\":\"ReadAction\",\"target\":[\"https:\/\/tienda.rigelec.com.ar\/?product=termica-1x6a-curva-c-acti-9-ik60-6ka-6a\"]}]},{\"@type\":\"ImageObject\",\"inLanguage\":\"es-AR\",\"@id\":\"https:\/\/tienda.rigelec.com.ar\/?product=termica-1x6a-curva-c-acti-9-ik60-6ka-6a#primaryimage\",\"url\":\"https:\/\/tienda.rigelec.com.ar\/wp-content\/uploads\/2026\/02\/TERMICA1X6ACURVAC.jpg\",\"contentUrl\":\"https:\/\/tienda.rigelec.com.ar\/wp-content\/uploads\/2026\/02\/TERMICA1X6ACURVAC.jpg\",\"width\":1080,\"height\":1080},{\"@type\":\"BreadcrumbList\",\"@id\":\"https:\/\/tienda.rigelec.com.ar\/?product=termica-1x6a-curva-c-acti-9-ik60-6ka-6a#breadcrumb\",\"itemListElement\":[{\"@type\":\"ListItem\",\"position\":1,\"name\":\"Inicio\",\"item\":\"https:\/\/tienda.rigelec.com.ar\/\"},{\"@type\":\"ListItem\",\"position\":2,\"name\":\"Shop\",\"item\":\"https:\/\/tienda.rigelec.com.ar\/?page_id=12\"},{\"@type\":\"ListItem\",\"position\":3,\"name\":\"TERMICA 1X6A CURVA C ACTI 9 &#8211; IK60 6KA &#8211; 6A\"}]},{\"@type\":\"WebSite\",\"@id\":\"https:\/\/tienda.rigelec.com.ar\/#website\",\"url\":\"https:\/\/tienda.rigelec.com.ar\/\",\"name\":\"Tienda Rigelec\",\"description\":\"Energia en movimiento\",\"publisher\":{\"@id\":\"https:\/\/tienda.rigelec.com.ar\/#organization\"},\"potentialAction\":[{\"@type\":\"SearchAction\",\"target\":{\"@type\":\"EntryPoint\",\"urlTemplate\":\"https:\/\/tienda.rigelec.com.ar\/?s={search_term_string}\"},\"query-input\":{\"@type\":\"PropertyValueSpecification\",\"valueRequired\":true,\"valueName\":\"search_term_string\"}}],\"inLanguage\":\"es-AR\"},{\"@type\":\"Organization\",\"@id\":\"https:\/\/tienda.rigelec.com.ar\/#organization\",\"name\":\"Tienda Rigelec\",\"url\":\"https:\/\/tienda.rigelec.com.ar\/\",\"logo\":{\"@type\":\"ImageObject\",\"inLanguage\":\"es-AR\",\"@id\":\"https:\/\/tienda.rigelec.com.ar\/#\/schema\/logo\/image\/\",\"url\":\"https:\/\/tienda.rigelec.com.ar\/wp-content\/uploads\/2024\/09\/isologo-blanco-rigelec.png\",\"contentUrl\":\"https:\/\/tienda.rigelec.com.ar\/wp-content\/uploads\/2024\/09\/isologo-blanco-rigelec.png\",\"width\":94,\"height\":97,\"caption\":\"Tienda Rigelec\"},\"image\":{\"@id\":\"https:\/\/tienda.rigelec.com.ar\/#\/schema\/logo\/image\/\"}}]}<\/script>\n<!-- \/ Yoast SEO plugin. -->","yoast_head_json":{"title":"TERMICA 1X6A CURVA C ACTI 9 - IK60 6KA - 6A - Tienda Rigelec","robots":{"index":"index","follow":"follow","max-snippet":"max-snippet:-1","max-image-preview":"max-image-preview:large","max-video-preview":"max-video-preview:-1"},"canonical":"https:\/\/tienda.rigelec.com.ar\/?product=termica-1x6a-curva-c-acti-9-ik60-6ka-6a","og_locale":"es_ES","og_type":"article","og_title":"TERMICA 1X6A CURVA C ACTI 9 - IK60 6KA - 6A - Tienda Rigelec","og_description":"El interruptor termomagn\u00e9tico Acti9 iK60 de Schneider Electric garantiza la protecci\u00f3n de circuitos contra corrientes de cortocircuito y sobrecargas Este producto tiene 1 polo, capacidad de 6A, curva de disparo tipo C y poder de corte de 6kA 230V AC 50\/60Hz (IEC 60898-1) El interruptor termomagn\u00e9tico cuenta con clase de limitacion 3, polos interclavados y borne de conexion antierror y aislado Su conexi\u00f3n es mediante bornes de caja para cables de cobre y no admite auxiliares Cuenta con doble clip para el desmontaje con peine conectado Adem\u00e1s, este interruptor termomagn\u00e9tico tiene protecci\u00f3n IP20 y se puede montar en riel DIN Su aislamiento clase II en cajas de distribuci\u00f3n garantiza espacios libres entre las superficies del interruptor y las piezas internas el doble del est\u00e1ndar de la industria, proporcionando m\u00e1xima protecci\u00f3n Este dispositivo tiene tambi\u00e9n un amplio rango de operaci\u00f3n, actuando en temperaturas entre -25\u00b0C y 60\u00b0C Este producto cumple con la norma IEC 60898 e IRAM Las llaves t\u00e9rmicas Acti9 iK60 cuentan con la etiqueta Green PremiumTM, la cual promete el cumplimiento de las reglamentaciones m\u00e1s recientes, transparencia sobre los impactos medioambientales, productos circulares y de bajo nivel de CO2 La tensi\u00f3n de resistencia a los impulsos nominal de la Uimp es de 4 kV. La frecuencia de funcionamiento es de 5Hz o 6Hz. Puede montarse en riel DIN para una instalaci\u00f3n modular. Su ancho es de 2 pasos de 9mm. El color del producto es blanco (RAL93). Las dimensiones son (An.) 18 mm x (Alt.) 85 mm x (Prof.) 78,5 mm. El peso es de 1 g. Tiene un grado de protecci\u00f3n IP2. Se convierte en IP4 una vez en un armario modular de acuerdo con la norma IEC\/EN 6529. La temperatura de funcionamiento es de -25 \u00b0C a 6 \u00b0C. La temperatura de almacenamiento es de -4 \u00b0C a 85 \u00b0C","og_url":"https:\/\/tienda.rigelec.com.ar\/?product=termica-1x6a-curva-c-acti-9-ik60-6ka-6a","og_site_name":"Tienda Rigelec","article_modified_time":"2026-05-01T07:00:49+00:00","twitter_card":"summary_large_image","schema":{"@context":"https:\/\/schema.org","@graph":[{"@type":"WebPage","@id":"https:\/\/tienda.rigelec.com.ar\/?product=termica-1x6a-curva-c-acti-9-ik60-6ka-6a","url":"https:\/\/tienda.rigelec.com.ar\/?product=termica-1x6a-curva-c-acti-9-ik60-6ka-6a","name":"TERMICA 1X6A CURVA C ACTI 9 - IK60 6KA - 6A - Tienda Rigelec","isPartOf":{"@id":"https:\/\/tienda.rigelec.com.ar\/#website"},"primaryImageOfPage":{"@id":"https:\/\/tienda.rigelec.com.ar\/?product=termica-1x6a-curva-c-acti-9-ik60-6ka-6a#primaryimage"},"image":{"@id":"https:\/\/tienda.rigelec.com.ar\/?product=termica-1x6a-curva-c-acti-9-ik60-6ka-6a#primaryimage"},"thumbnailUrl":"https:\/\/tienda.rigelec.com.ar\/wp-content\/uploads\/2026\/02\/TERMICA1X6ACURVAC.jpg","datePublished":"2026-02-12T18:48:02+00:00","dateModified":"2026-05-01T07:00:49+00:00","breadcrumb":{"@id":"https:\/\/tienda.rigelec.com.ar\/?product=termica-1x6a-curva-c-acti-9-ik60-6ka-6a#breadcrumb"},"inLanguage":"es-AR","potentialAction":[{"@type":"ReadAction","target":["https:\/\/tienda.rigelec.com.ar\/?product=termica-1x6a-curva-c-acti-9-ik60-6ka-6a"]}]},{"@type":"ImageObject","inLanguage":"es-AR","@id":"https:\/\/tienda.rigelec.com.ar\/?product=termica-1x6a-curva-c-acti-9-ik60-6ka-6a#primaryimage","url":"https:\/\/tienda.rigelec.com.ar\/wp-content\/uploads\/2026\/02\/TERMICA1X6ACURVAC.jpg","contentUrl":"https:\/\/tienda.rigelec.com.ar\/wp-content\/uploads\/2026\/02\/TERMICA1X6ACURVAC.jpg","width":1080,"height":1080},{"@type":"BreadcrumbList","@id":"https:\/\/tienda.rigelec.com.ar\/?product=termica-1x6a-curva-c-acti-9-ik60-6ka-6a#breadcrumb","itemListElement":[{"@type":"ListItem","position":1,"name":"Inicio","item":"https:\/\/tienda.rigelec.com.ar\/"},{"@type":"ListItem","position":2,"name":"Shop","item":"https:\/\/tienda.rigelec.com.ar\/?page_id=12"},{"@type":"ListItem","position":3,"name":"TERMICA 1X6A CURVA C ACTI 9 &#8211; IK60 6KA &#8211; 6A"}]},{"@type":"WebSite","@id":"https:\/\/tienda.rigelec.com.ar\/#website","url":"https:\/\/tienda.rigelec.com.ar\/","name":"Tienda Rigelec","description":"Energia en movimiento","publisher":{"@id":"https:\/\/tienda.rigelec.com.ar\/#organization"},"potentialAction":[{"@type":"SearchAction","target":{"@type":"EntryPoint","urlTemplate":"https:\/\/tienda.rigelec.com.ar\/?s={search_term_string}"},"query-input":{"@type":"PropertyValueSpecification","valueRequired":true,"valueName":"search_term_string"}}],"inLanguage":"es-AR"},{"@type":"Organization","@id":"https:\/\/tienda.rigelec.com.ar\/#organization","name":"Tienda Rigelec","url":"https:\/\/tienda.rigelec.com.ar\/","logo":{"@type":"ImageObject","inLanguage":"es-AR","@id":"https:\/\/tienda.rigelec.com.ar\/#\/schema\/logo\/image\/","url":"https:\/\/tienda.rigelec.com.ar\/wp-content\/uploads\/2024\/09\/isologo-blanco-rigelec.png","contentUrl":"https:\/\/tienda.rigelec.com.ar\/wp-content\/uploads\/2024\/09\/isologo-blanco-rigelec.png","width":94,"height":97,"caption":"Tienda Rigelec"},"image":{"@id":"https:\/\/tienda.rigelec.com.ar\/#\/schema\/logo\/image\/"}}]}},"jetpack_sharing_enabled":true,"_links":{"self":[{"href":"https:\/\/tienda.rigelec.com.ar\/index.php?rest_route=\/wp\/v2\/product\/36444","targetHints":{"allow":["GET"]}}],"collection":[{"href":"https:\/\/tienda.rigelec.com.ar\/index.php?rest_route=\/wp\/v2\/product"}],"about":[{"href":"https:\/\/tienda.rigelec.com.ar\/index.php?rest_route=\/wp\/v2\/types\/product"}],"replies":[{"embeddable":true,"href":"https:\/\/tienda.rigelec.com.ar\/index.php?rest_route=%2Fwp%2Fv2%2Fcomments&post=36444"}],"wp:featuredmedia":[{"embeddable":true,"href":"https:\/\/tienda.rigelec.com.ar\/index.php?rest_route=\/wp\/v2\/media\/36445"}],"wp:attachment":[{"href":"https:\/\/tienda.rigelec.com.ar\/index.php?rest_route=%2Fwp%2Fv2%2Fmedia&parent=36444"}],"wp:term":[{"taxonomy":"product_brand","embeddable":true,"href":"https:\/\/tienda.rigelec.com.ar\/index.php?rest_route=%2Fwp%2Fv2%2Fproduct_brand&post=36444"},{"taxonomy":"product_cat","embeddable":true,"href":"https:\/\/tienda.rigelec.com.ar\/index.php?rest_route=%2Fwp%2Fv2%2Fproduct_cat&post=36444"},{"taxonomy":"product_tag","embeddable":true,"href":"https:\/\/tienda.rigelec.com.ar\/index.php?rest_route=%2Fwp%2Fv2%2Fproduct_tag&post=36444"}],"curies":[{"name":"wp","href":"https:\/\/api.w.org\/{rel}","templated":true}]}}