{"id":36511,"date":"2026-02-25T13:53:50","date_gmt":"2026-02-25T16:53:50","guid":{"rendered":"https:\/\/tienda.rigelec.com.ar\/?product=lampara-led-ambar-luz-calida-e27-filamento-s14-1w-80lm"},"modified":"2026-05-01T04:04:04","modified_gmt":"2026-05-01T07:04:04","slug":"lampara-led-ambar-luz-calida-e27-filamento-s14-1w-80lm","status":"publish","type":"product","link":"https:\/\/tienda.rigelec.com.ar\/?product=lampara-led-ambar-luz-calida-e27-filamento-s14-1w-80lm","title":{"rendered":"LAMPARA LED AMBAR LUZ CALIDA E27 &#8211; FILAMENTO S14 1W &#8211; 80LM"},"content":{"rendered":"<p>LAMPARA LED AMBAR LUZ CALIDA<\/p>\n","protected":false},"excerpt":{"rendered":"<p>Caracter\u00edsticas el\u00e9ctricas.<br \/>\n* Tensi\u00f3n: AC180-265V<br \/>\n* Potencia: 1W<br \/>\n* Corriente: 12mA<br \/>\n* Factor potencia: 0.5<br \/>\n* Frecuencia: 50-60Hz<br \/>\n* Vida \u00fatil: 25000h<br \/>\n* Protecci\u00f3n: IP20<\/p>\n","protected":false},"featured_media":36512,"comment_status":"open","ping_status":"closed","template":"","meta":{"_monsterinsights_skip_tracking":false,"_monsterinsights_sitenote_active":false,"_monsterinsights_sitenote_note":"","_monsterinsights_sitenote_category":0},"product_brand":[],"product_cat":[214],"product_tag":[146],"class_list":{"0":"post-36511","1":"product","2":"type-product","3":"status-publish","4":"has-post-thumbnail","6":"product_cat-i-lamparas","7":"product_tag-macroled","9":"first","10":"outofstock","11":"shipping-taxable","12":"purchasable","13":"product-type-simple"},"yoast_head":"<!-- This site is optimized with the Yoast SEO plugin v25.3.1 - https:\/\/yoast.com\/wordpress\/plugins\/seo\/ -->\n<title>LAMPARA LED AMBAR LUZ CALIDA E27 - FILAMENTO S14 1W - 80LM - Tienda Rigelec<\/title>\n<meta name=\"robots\" content=\"index, follow, max-snippet:-1, max-image-preview:large, max-video-preview:-1\" \/>\n<link rel=\"canonical\" href=\"https:\/\/tienda.rigelec.com.ar\/?product=lampara-led-ambar-luz-calida-e27-filamento-s14-1w-80lm\" \/>\n<meta property=\"og:locale\" content=\"es_ES\" \/>\n<meta property=\"og:type\" content=\"article\" \/>\n<meta property=\"og:title\" content=\"LAMPARA LED AMBAR LUZ CALIDA E27 - FILAMENTO S14 1W - 80LM - Tienda Rigelec\" \/>\n<meta property=\"og:description\" content=\"Caracter\u00edsticas el\u00e9ctricas. * Tensi\u00f3n: AC180-265V * Potencia: 1W * Corriente: 12mA * Factor potencia: 0.5 * Frecuencia: 50-60Hz * Vida \u00fatil: 25000h * Protecci\u00f3n: IP20\" \/>\n<meta property=\"og:url\" content=\"https:\/\/tienda.rigelec.com.ar\/?product=lampara-led-ambar-luz-calida-e27-filamento-s14-1w-80lm\" \/>\n<meta property=\"og:site_name\" content=\"Tienda Rigelec\" \/>\n<meta property=\"article:modified_time\" content=\"2026-05-01T07:04:04+00:00\" \/>\n<meta name=\"twitter:card\" content=\"summary_large_image\" \/>\n<script type=\"application\/ld+json\" class=\"yoast-schema-graph\">{\"@context\":\"https:\/\/schema.org\",\"@graph\":[{\"@type\":\"WebPage\",\"@id\":\"https:\/\/tienda.rigelec.com.ar\/?product=lampara-led-ambar-luz-calida-e27-filamento-s14-1w-80lm\",\"url\":\"https:\/\/tienda.rigelec.com.ar\/?product=lampara-led-ambar-luz-calida-e27-filamento-s14-1w-80lm\",\"name\":\"LAMPARA LED AMBAR LUZ CALIDA E27 - FILAMENTO S14 1W - 80LM - Tienda Rigelec\",\"isPartOf\":{\"@id\":\"https:\/\/tienda.rigelec.com.ar\/#website\"},\"primaryImageOfPage\":{\"@id\":\"https:\/\/tienda.rigelec.com.ar\/?product=lampara-led-ambar-luz-calida-e27-filamento-s14-1w-80lm#primaryimage\"},\"image\":{\"@id\":\"https:\/\/tienda.rigelec.com.ar\/?product=lampara-led-ambar-luz-calida-e27-filamento-s14-1w-80lm#primaryimage\"},\"thumbnailUrl\":\"https:\/\/tienda.rigelec.com.ar\/wp-content\/uploads\/2026\/02\/LAMPARALEDAMBARLUZCALIDA.jpg\",\"datePublished\":\"2026-02-25T16:53:50+00:00\",\"dateModified\":\"2026-05-01T07:04:04+00:00\",\"breadcrumb\":{\"@id\":\"https:\/\/tienda.rigelec.com.ar\/?product=lampara-led-ambar-luz-calida-e27-filamento-s14-1w-80lm#breadcrumb\"},\"inLanguage\":\"es-AR\",\"potentialAction\":[{\"@type\":\"ReadAction\",\"target\":[\"https:\/\/tienda.rigelec.com.ar\/?product=lampara-led-ambar-luz-calida-e27-filamento-s14-1w-80lm\"]}]},{\"@type\":\"ImageObject\",\"inLanguage\":\"es-AR\",\"@id\":\"https:\/\/tienda.rigelec.com.ar\/?product=lampara-led-ambar-luz-calida-e27-filamento-s14-1w-80lm#primaryimage\",\"url\":\"https:\/\/tienda.rigelec.com.ar\/wp-content\/uploads\/2026\/02\/LAMPARALEDAMBARLUZCALIDA.jpg\",\"contentUrl\":\"https:\/\/tienda.rigelec.com.ar\/wp-content\/uploads\/2026\/02\/LAMPARALEDAMBARLUZCALIDA.jpg\",\"width\":954,\"height\":951},{\"@type\":\"BreadcrumbList\",\"@id\":\"https:\/\/tienda.rigelec.com.ar\/?product=lampara-led-ambar-luz-calida-e27-filamento-s14-1w-80lm#breadcrumb\",\"itemListElement\":[{\"@type\":\"ListItem\",\"position\":1,\"name\":\"Inicio\",\"item\":\"https:\/\/tienda.rigelec.com.ar\/\"},{\"@type\":\"ListItem\",\"position\":2,\"name\":\"Shop\",\"item\":\"https:\/\/tienda.rigelec.com.ar\/?page_id=12\"},{\"@type\":\"ListItem\",\"position\":3,\"name\":\"LAMPARA LED AMBAR LUZ CALIDA E27 &#8211; FILAMENTO S14 1W &#8211; 80LM\"}]},{\"@type\":\"WebSite\",\"@id\":\"https:\/\/tienda.rigelec.com.ar\/#website\",\"url\":\"https:\/\/tienda.rigelec.com.ar\/\",\"name\":\"Tienda Rigelec\",\"description\":\"Energia en movimiento\",\"publisher\":{\"@id\":\"https:\/\/tienda.rigelec.com.ar\/#organization\"},\"potentialAction\":[{\"@type\":\"SearchAction\",\"target\":{\"@type\":\"EntryPoint\",\"urlTemplate\":\"https:\/\/tienda.rigelec.com.ar\/?s={search_term_string}\"},\"query-input\":{\"@type\":\"PropertyValueSpecification\",\"valueRequired\":true,\"valueName\":\"search_term_string\"}}],\"inLanguage\":\"es-AR\"},{\"@type\":\"Organization\",\"@id\":\"https:\/\/tienda.rigelec.com.ar\/#organization\",\"name\":\"Tienda Rigelec\",\"url\":\"https:\/\/tienda.rigelec.com.ar\/\",\"logo\":{\"@type\":\"ImageObject\",\"inLanguage\":\"es-AR\",\"@id\":\"https:\/\/tienda.rigelec.com.ar\/#\/schema\/logo\/image\/\",\"url\":\"https:\/\/tienda.rigelec.com.ar\/wp-content\/uploads\/2024\/09\/isologo-blanco-rigelec.png\",\"contentUrl\":\"https:\/\/tienda.rigelec.com.ar\/wp-content\/uploads\/2024\/09\/isologo-blanco-rigelec.png\",\"width\":94,\"height\":97,\"caption\":\"Tienda Rigelec\"},\"image\":{\"@id\":\"https:\/\/tienda.rigelec.com.ar\/#\/schema\/logo\/image\/\"}}]}<\/script>\n<!-- \/ Yoast SEO plugin. -->","yoast_head_json":{"title":"LAMPARA LED AMBAR LUZ CALIDA E27 - FILAMENTO S14 1W - 80LM - Tienda Rigelec","robots":{"index":"index","follow":"follow","max-snippet":"max-snippet:-1","max-image-preview":"max-image-preview:large","max-video-preview":"max-video-preview:-1"},"canonical":"https:\/\/tienda.rigelec.com.ar\/?product=lampara-led-ambar-luz-calida-e27-filamento-s14-1w-80lm","og_locale":"es_ES","og_type":"article","og_title":"LAMPARA LED AMBAR LUZ CALIDA E27 - FILAMENTO S14 1W - 80LM - Tienda Rigelec","og_description":"Caracter\u00edsticas el\u00e9ctricas. * Tensi\u00f3n: AC180-265V * Potencia: 1W * Corriente: 12mA * Factor potencia: 0.5 * Frecuencia: 50-60Hz * Vida \u00fatil: 25000h * Protecci\u00f3n: IP20","og_url":"https:\/\/tienda.rigelec.com.ar\/?product=lampara-led-ambar-luz-calida-e27-filamento-s14-1w-80lm","og_site_name":"Tienda Rigelec","article_modified_time":"2026-05-01T07:04:04+00:00","twitter_card":"summary_large_image","schema":{"@context":"https:\/\/schema.org","@graph":[{"@type":"WebPage","@id":"https:\/\/tienda.rigelec.com.ar\/?product=lampara-led-ambar-luz-calida-e27-filamento-s14-1w-80lm","url":"https:\/\/tienda.rigelec.com.ar\/?product=lampara-led-ambar-luz-calida-e27-filamento-s14-1w-80lm","name":"LAMPARA LED AMBAR LUZ CALIDA E27 - FILAMENTO S14 1W - 80LM - Tienda Rigelec","isPartOf":{"@id":"https:\/\/tienda.rigelec.com.ar\/#website"},"primaryImageOfPage":{"@id":"https:\/\/tienda.rigelec.com.ar\/?product=lampara-led-ambar-luz-calida-e27-filamento-s14-1w-80lm#primaryimage"},"image":{"@id":"https:\/\/tienda.rigelec.com.ar\/?product=lampara-led-ambar-luz-calida-e27-filamento-s14-1w-80lm#primaryimage"},"thumbnailUrl":"https:\/\/tienda.rigelec.com.ar\/wp-content\/uploads\/2026\/02\/LAMPARALEDAMBARLUZCALIDA.jpg","datePublished":"2026-02-25T16:53:50+00:00","dateModified":"2026-05-01T07:04:04+00:00","breadcrumb":{"@id":"https:\/\/tienda.rigelec.com.ar\/?product=lampara-led-ambar-luz-calida-e27-filamento-s14-1w-80lm#breadcrumb"},"inLanguage":"es-AR","potentialAction":[{"@type":"ReadAction","target":["https:\/\/tienda.rigelec.com.ar\/?product=lampara-led-ambar-luz-calida-e27-filamento-s14-1w-80lm"]}]},{"@type":"ImageObject","inLanguage":"es-AR","@id":"https:\/\/tienda.rigelec.com.ar\/?product=lampara-led-ambar-luz-calida-e27-filamento-s14-1w-80lm#primaryimage","url":"https:\/\/tienda.rigelec.com.ar\/wp-content\/uploads\/2026\/02\/LAMPARALEDAMBARLUZCALIDA.jpg","contentUrl":"https:\/\/tienda.rigelec.com.ar\/wp-content\/uploads\/2026\/02\/LAMPARALEDAMBARLUZCALIDA.jpg","width":954,"height":951},{"@type":"BreadcrumbList","@id":"https:\/\/tienda.rigelec.com.ar\/?product=lampara-led-ambar-luz-calida-e27-filamento-s14-1w-80lm#breadcrumb","itemListElement":[{"@type":"ListItem","position":1,"name":"Inicio","item":"https:\/\/tienda.rigelec.com.ar\/"},{"@type":"ListItem","position":2,"name":"Shop","item":"https:\/\/tienda.rigelec.com.ar\/?page_id=12"},{"@type":"ListItem","position":3,"name":"LAMPARA LED AMBAR LUZ CALIDA E27 &#8211; FILAMENTO S14 1W &#8211; 80LM"}]},{"@type":"WebSite","@id":"https:\/\/tienda.rigelec.com.ar\/#website","url":"https:\/\/tienda.rigelec.com.ar\/","name":"Tienda Rigelec","description":"Energia en movimiento","publisher":{"@id":"https:\/\/tienda.rigelec.com.ar\/#organization"},"potentialAction":[{"@type":"SearchAction","target":{"@type":"EntryPoint","urlTemplate":"https:\/\/tienda.rigelec.com.ar\/?s={search_term_string}"},"query-input":{"@type":"PropertyValueSpecification","valueRequired":true,"valueName":"search_term_string"}}],"inLanguage":"es-AR"},{"@type":"Organization","@id":"https:\/\/tienda.rigelec.com.ar\/#organization","name":"Tienda Rigelec","url":"https:\/\/tienda.rigelec.com.ar\/","logo":{"@type":"ImageObject","inLanguage":"es-AR","@id":"https:\/\/tienda.rigelec.com.ar\/#\/schema\/logo\/image\/","url":"https:\/\/tienda.rigelec.com.ar\/wp-content\/uploads\/2024\/09\/isologo-blanco-rigelec.png","contentUrl":"https:\/\/tienda.rigelec.com.ar\/wp-content\/uploads\/2024\/09\/isologo-blanco-rigelec.png","width":94,"height":97,"caption":"Tienda Rigelec"},"image":{"@id":"https:\/\/tienda.rigelec.com.ar\/#\/schema\/logo\/image\/"}}]}},"jetpack_sharing_enabled":true,"_links":{"self":[{"href":"https:\/\/tienda.rigelec.com.ar\/index.php?rest_route=\/wp\/v2\/product\/36511","targetHints":{"allow":["GET"]}}],"collection":[{"href":"https:\/\/tienda.rigelec.com.ar\/index.php?rest_route=\/wp\/v2\/product"}],"about":[{"href":"https:\/\/tienda.rigelec.com.ar\/index.php?rest_route=\/wp\/v2\/types\/product"}],"replies":[{"embeddable":true,"href":"https:\/\/tienda.rigelec.com.ar\/index.php?rest_route=%2Fwp%2Fv2%2Fcomments&post=36511"}],"wp:featuredmedia":[{"embeddable":true,"href":"https:\/\/tienda.rigelec.com.ar\/index.php?rest_route=\/wp\/v2\/media\/36512"}],"wp:attachment":[{"href":"https:\/\/tienda.rigelec.com.ar\/index.php?rest_route=%2Fwp%2Fv2%2Fmedia&parent=36511"}],"wp:term":[{"taxonomy":"product_brand","embeddable":true,"href":"https:\/\/tienda.rigelec.com.ar\/index.php?rest_route=%2Fwp%2Fv2%2Fproduct_brand&post=36511"},{"taxonomy":"product_cat","embeddable":true,"href":"https:\/\/tienda.rigelec.com.ar\/index.php?rest_route=%2Fwp%2Fv2%2Fproduct_cat&post=36511"},{"taxonomy":"product_tag","embeddable":true,"href":"https:\/\/tienda.rigelec.com.ar\/index.php?rest_route=%2Fwp%2Fv2%2Fproduct_tag&post=36511"}],"curies":[{"name":"wp","href":"https:\/\/api.w.org\/{rel}","templated":true}]}}