{"id":36513,"date":"2026-02-25T13:53:53","date_gmt":"2026-02-25T16:53:53","guid":{"rendered":"https:\/\/tienda.rigelec.com.ar\/?product=union-recta-cable-canal-blanco-pvc-40x16mm"},"modified":"2026-05-01T04:04:04","modified_gmt":"2026-05-01T07:04:04","slug":"union-recta-cable-canal-blanco-pvc-40x16mm","status":"publish","type":"product","link":"https:\/\/tienda.rigelec.com.ar\/?product=union-recta-cable-canal-blanco-pvc-40x16mm","title":{"rendered":"UNION RECTA CABLE CANAL BLANCO PVC 40X16MM"},"content":{"rendered":"<p>UNION RECTA CABLE CANAL BLANCO<\/p>\n","protected":false},"excerpt":{"rendered":"<p>El accesorio Union Recta Cablecanal 40&#215;16 de Genrod es la soluci\u00f3n ideal para quienes buscan una gesti\u00f3n eficiente de cables en espacios diversos. Su dise\u00f1o funcional permite una integraci\u00f3n perfecta en entornos de trabajo, garantizando un aspecto ordenado y profesional. Fabricado con materiales de alta calidad, este producto asegura durabilidad y resistencia, adapt\u00e1ndose a diferentes necesidades.<\/p>\n<p>Con un modelo espec\u00edfico, el 244016UN, este accesorio es perfecto para proyectos de gran envergadura, facilitando la organizaci\u00f3n de cables en oficinas, hogares o instalaciones comerciales. Su tama\u00f1o de 40&#215;16 mm proporciona el espacio adecuado para m\u00faltiples cables, evitando enredos y mejorando la seguridad en el manejo de instalaciones el\u00e9ctricas.<\/p>\n<p>La instalaci\u00f3n de este accesorio es sencilla, lo que permite a los usuarios optimizar su tiempo y recursos. Ideal para contratistas, electricistas y empresas de mantenimiento, el Union Recta Cablecanal se presenta como una opci\u00f3n vers\u00e1til y pr\u00e1ctica para cualquier proyecto. Aumente la eficiencia y el orden en sus espacios con este accesorio de Genrod<\/p>\n","protected":false},"featured_media":36514,"comment_status":"open","ping_status":"closed","template":"","meta":{"_monsterinsights_skip_tracking":false,"_monsterinsights_sitenote_active":false,"_monsterinsights_sitenote_note":"","_monsterinsights_sitenote_category":0},"product_brand":[],"product_cat":[161],"product_tag":[66],"class_list":{"0":"post-36513","1":"product","2":"type-product","3":"status-publish","4":"has-post-thumbnail","6":"product_cat-iv-cablecanal","7":"product_tag-genrod","9":"first","10":"outofstock","11":"shipping-taxable","12":"purchasable","13":"product-type-simple"},"yoast_head":"<!-- This site is optimized with the Yoast SEO plugin v25.3.1 - https:\/\/yoast.com\/wordpress\/plugins\/seo\/ -->\n<title>UNION RECTA CABLE CANAL BLANCO PVC 40X16MM - Tienda Rigelec<\/title>\n<meta name=\"robots\" content=\"index, follow, max-snippet:-1, max-image-preview:large, max-video-preview:-1\" \/>\n<link rel=\"canonical\" href=\"https:\/\/tienda.rigelec.com.ar\/?product=union-recta-cable-canal-blanco-pvc-40x16mm\" \/>\n<meta property=\"og:locale\" content=\"es_ES\" \/>\n<meta property=\"og:type\" content=\"article\" \/>\n<meta property=\"og:title\" content=\"UNION RECTA CABLE CANAL BLANCO PVC 40X16MM - Tienda Rigelec\" \/>\n<meta property=\"og:description\" content=\"El accesorio Union Recta Cablecanal 40x16 de Genrod es la soluci\u00f3n ideal para quienes buscan una gesti\u00f3n eficiente de cables en espacios diversos. Su dise\u00f1o funcional permite una integraci\u00f3n perfecta en entornos de trabajo, garantizando un aspecto ordenado y profesional. Fabricado con materiales de alta calidad, este producto asegura durabilidad y resistencia, adapt\u00e1ndose a diferentes necesidades.  Con un modelo espec\u00edfico, el 244016UN, este accesorio es perfecto para proyectos de gran envergadura, facilitando la organizaci\u00f3n de cables en oficinas, hogares o instalaciones comerciales. Su tama\u00f1o de 40x16 mm proporciona el espacio adecuado para m\u00faltiples cables, evitando enredos y mejorando la seguridad en el manejo de instalaciones el\u00e9ctricas.  La instalaci\u00f3n de este accesorio es sencilla, lo que permite a los usuarios optimizar su tiempo y recursos. Ideal para contratistas, electricistas y empresas de mantenimiento, el Union Recta Cablecanal se presenta como una opci\u00f3n vers\u00e1til y pr\u00e1ctica para cualquier proyecto. Aumente la eficiencia y el orden en sus espacios con este accesorio de Genrod\" \/>\n<meta property=\"og:url\" content=\"https:\/\/tienda.rigelec.com.ar\/?product=union-recta-cable-canal-blanco-pvc-40x16mm\" \/>\n<meta property=\"og:site_name\" content=\"Tienda Rigelec\" \/>\n<meta property=\"article:modified_time\" content=\"2026-05-01T07:04:04+00:00\" \/>\n<meta name=\"twitter:card\" content=\"summary_large_image\" \/>\n<script type=\"application\/ld+json\" class=\"yoast-schema-graph\">{\"@context\":\"https:\/\/schema.org\",\"@graph\":[{\"@type\":\"WebPage\",\"@id\":\"https:\/\/tienda.rigelec.com.ar\/?product=union-recta-cable-canal-blanco-pvc-40x16mm\",\"url\":\"https:\/\/tienda.rigelec.com.ar\/?product=union-recta-cable-canal-blanco-pvc-40x16mm\",\"name\":\"UNION RECTA CABLE CANAL BLANCO PVC 40X16MM - Tienda Rigelec\",\"isPartOf\":{\"@id\":\"https:\/\/tienda.rigelec.com.ar\/#website\"},\"primaryImageOfPage\":{\"@id\":\"https:\/\/tienda.rigelec.com.ar\/?product=union-recta-cable-canal-blanco-pvc-40x16mm#primaryimage\"},\"image\":{\"@id\":\"https:\/\/tienda.rigelec.com.ar\/?product=union-recta-cable-canal-blanco-pvc-40x16mm#primaryimage\"},\"thumbnailUrl\":\"https:\/\/tienda.rigelec.com.ar\/wp-content\/uploads\/2026\/02\/UNIONRECTACABLECANALBLANCO.jpg\",\"datePublished\":\"2026-02-25T16:53:53+00:00\",\"dateModified\":\"2026-05-01T07:04:04+00:00\",\"breadcrumb\":{\"@id\":\"https:\/\/tienda.rigelec.com.ar\/?product=union-recta-cable-canal-blanco-pvc-40x16mm#breadcrumb\"},\"inLanguage\":\"es-AR\",\"potentialAction\":[{\"@type\":\"ReadAction\",\"target\":[\"https:\/\/tienda.rigelec.com.ar\/?product=union-recta-cable-canal-blanco-pvc-40x16mm\"]}]},{\"@type\":\"ImageObject\",\"inLanguage\":\"es-AR\",\"@id\":\"https:\/\/tienda.rigelec.com.ar\/?product=union-recta-cable-canal-blanco-pvc-40x16mm#primaryimage\",\"url\":\"https:\/\/tienda.rigelec.com.ar\/wp-content\/uploads\/2026\/02\/UNIONRECTACABLECANALBLANCO.jpg\",\"contentUrl\":\"https:\/\/tienda.rigelec.com.ar\/wp-content\/uploads\/2026\/02\/UNIONRECTACABLECANALBLANCO.jpg\",\"width\":1512,\"height\":1512},{\"@type\":\"BreadcrumbList\",\"@id\":\"https:\/\/tienda.rigelec.com.ar\/?product=union-recta-cable-canal-blanco-pvc-40x16mm#breadcrumb\",\"itemListElement\":[{\"@type\":\"ListItem\",\"position\":1,\"name\":\"Inicio\",\"item\":\"https:\/\/tienda.rigelec.com.ar\/\"},{\"@type\":\"ListItem\",\"position\":2,\"name\":\"Shop\",\"item\":\"https:\/\/tienda.rigelec.com.ar\/?page_id=12\"},{\"@type\":\"ListItem\",\"position\":3,\"name\":\"UNION RECTA CABLE CANAL BLANCO PVC 40X16MM\"}]},{\"@type\":\"WebSite\",\"@id\":\"https:\/\/tienda.rigelec.com.ar\/#website\",\"url\":\"https:\/\/tienda.rigelec.com.ar\/\",\"name\":\"Tienda Rigelec\",\"description\":\"Energia en movimiento\",\"publisher\":{\"@id\":\"https:\/\/tienda.rigelec.com.ar\/#organization\"},\"potentialAction\":[{\"@type\":\"SearchAction\",\"target\":{\"@type\":\"EntryPoint\",\"urlTemplate\":\"https:\/\/tienda.rigelec.com.ar\/?s={search_term_string}\"},\"query-input\":{\"@type\":\"PropertyValueSpecification\",\"valueRequired\":true,\"valueName\":\"search_term_string\"}}],\"inLanguage\":\"es-AR\"},{\"@type\":\"Organization\",\"@id\":\"https:\/\/tienda.rigelec.com.ar\/#organization\",\"name\":\"Tienda Rigelec\",\"url\":\"https:\/\/tienda.rigelec.com.ar\/\",\"logo\":{\"@type\":\"ImageObject\",\"inLanguage\":\"es-AR\",\"@id\":\"https:\/\/tienda.rigelec.com.ar\/#\/schema\/logo\/image\/\",\"url\":\"https:\/\/tienda.rigelec.com.ar\/wp-content\/uploads\/2024\/09\/isologo-blanco-rigelec.png\",\"contentUrl\":\"https:\/\/tienda.rigelec.com.ar\/wp-content\/uploads\/2024\/09\/isologo-blanco-rigelec.png\",\"width\":94,\"height\":97,\"caption\":\"Tienda Rigelec\"},\"image\":{\"@id\":\"https:\/\/tienda.rigelec.com.ar\/#\/schema\/logo\/image\/\"}}]}<\/script>\n<!-- \/ Yoast SEO plugin. -->","yoast_head_json":{"title":"UNION RECTA CABLE CANAL BLANCO PVC 40X16MM - Tienda Rigelec","robots":{"index":"index","follow":"follow","max-snippet":"max-snippet:-1","max-image-preview":"max-image-preview:large","max-video-preview":"max-video-preview:-1"},"canonical":"https:\/\/tienda.rigelec.com.ar\/?product=union-recta-cable-canal-blanco-pvc-40x16mm","og_locale":"es_ES","og_type":"article","og_title":"UNION RECTA CABLE CANAL BLANCO PVC 40X16MM - Tienda Rigelec","og_description":"El accesorio Union Recta Cablecanal 40x16 de Genrod es la soluci\u00f3n ideal para quienes buscan una gesti\u00f3n eficiente de cables en espacios diversos. Su dise\u00f1o funcional permite una integraci\u00f3n perfecta en entornos de trabajo, garantizando un aspecto ordenado y profesional. Fabricado con materiales de alta calidad, este producto asegura durabilidad y resistencia, adapt\u00e1ndose a diferentes necesidades.  Con un modelo espec\u00edfico, el 244016UN, este accesorio es perfecto para proyectos de gran envergadura, facilitando la organizaci\u00f3n de cables en oficinas, hogares o instalaciones comerciales. Su tama\u00f1o de 40x16 mm proporciona el espacio adecuado para m\u00faltiples cables, evitando enredos y mejorando la seguridad en el manejo de instalaciones el\u00e9ctricas.  La instalaci\u00f3n de este accesorio es sencilla, lo que permite a los usuarios optimizar su tiempo y recursos. Ideal para contratistas, electricistas y empresas de mantenimiento, el Union Recta Cablecanal se presenta como una opci\u00f3n vers\u00e1til y pr\u00e1ctica para cualquier proyecto. Aumente la eficiencia y el orden en sus espacios con este accesorio de Genrod","og_url":"https:\/\/tienda.rigelec.com.ar\/?product=union-recta-cable-canal-blanco-pvc-40x16mm","og_site_name":"Tienda Rigelec","article_modified_time":"2026-05-01T07:04:04+00:00","twitter_card":"summary_large_image","schema":{"@context":"https:\/\/schema.org","@graph":[{"@type":"WebPage","@id":"https:\/\/tienda.rigelec.com.ar\/?product=union-recta-cable-canal-blanco-pvc-40x16mm","url":"https:\/\/tienda.rigelec.com.ar\/?product=union-recta-cable-canal-blanco-pvc-40x16mm","name":"UNION RECTA CABLE CANAL BLANCO PVC 40X16MM - Tienda Rigelec","isPartOf":{"@id":"https:\/\/tienda.rigelec.com.ar\/#website"},"primaryImageOfPage":{"@id":"https:\/\/tienda.rigelec.com.ar\/?product=union-recta-cable-canal-blanco-pvc-40x16mm#primaryimage"},"image":{"@id":"https:\/\/tienda.rigelec.com.ar\/?product=union-recta-cable-canal-blanco-pvc-40x16mm#primaryimage"},"thumbnailUrl":"https:\/\/tienda.rigelec.com.ar\/wp-content\/uploads\/2026\/02\/UNIONRECTACABLECANALBLANCO.jpg","datePublished":"2026-02-25T16:53:53+00:00","dateModified":"2026-05-01T07:04:04+00:00","breadcrumb":{"@id":"https:\/\/tienda.rigelec.com.ar\/?product=union-recta-cable-canal-blanco-pvc-40x16mm#breadcrumb"},"inLanguage":"es-AR","potentialAction":[{"@type":"ReadAction","target":["https:\/\/tienda.rigelec.com.ar\/?product=union-recta-cable-canal-blanco-pvc-40x16mm"]}]},{"@type":"ImageObject","inLanguage":"es-AR","@id":"https:\/\/tienda.rigelec.com.ar\/?product=union-recta-cable-canal-blanco-pvc-40x16mm#primaryimage","url":"https:\/\/tienda.rigelec.com.ar\/wp-content\/uploads\/2026\/02\/UNIONRECTACABLECANALBLANCO.jpg","contentUrl":"https:\/\/tienda.rigelec.com.ar\/wp-content\/uploads\/2026\/02\/UNIONRECTACABLECANALBLANCO.jpg","width":1512,"height":1512},{"@type":"BreadcrumbList","@id":"https:\/\/tienda.rigelec.com.ar\/?product=union-recta-cable-canal-blanco-pvc-40x16mm#breadcrumb","itemListElement":[{"@type":"ListItem","position":1,"name":"Inicio","item":"https:\/\/tienda.rigelec.com.ar\/"},{"@type":"ListItem","position":2,"name":"Shop","item":"https:\/\/tienda.rigelec.com.ar\/?page_id=12"},{"@type":"ListItem","position":3,"name":"UNION RECTA CABLE CANAL BLANCO PVC 40X16MM"}]},{"@type":"WebSite","@id":"https:\/\/tienda.rigelec.com.ar\/#website","url":"https:\/\/tienda.rigelec.com.ar\/","name":"Tienda Rigelec","description":"Energia en movimiento","publisher":{"@id":"https:\/\/tienda.rigelec.com.ar\/#organization"},"potentialAction":[{"@type":"SearchAction","target":{"@type":"EntryPoint","urlTemplate":"https:\/\/tienda.rigelec.com.ar\/?s={search_term_string}"},"query-input":{"@type":"PropertyValueSpecification","valueRequired":true,"valueName":"search_term_string"}}],"inLanguage":"es-AR"},{"@type":"Organization","@id":"https:\/\/tienda.rigelec.com.ar\/#organization","name":"Tienda Rigelec","url":"https:\/\/tienda.rigelec.com.ar\/","logo":{"@type":"ImageObject","inLanguage":"es-AR","@id":"https:\/\/tienda.rigelec.com.ar\/#\/schema\/logo\/image\/","url":"https:\/\/tienda.rigelec.com.ar\/wp-content\/uploads\/2024\/09\/isologo-blanco-rigelec.png","contentUrl":"https:\/\/tienda.rigelec.com.ar\/wp-content\/uploads\/2024\/09\/isologo-blanco-rigelec.png","width":94,"height":97,"caption":"Tienda Rigelec"},"image":{"@id":"https:\/\/tienda.rigelec.com.ar\/#\/schema\/logo\/image\/"}}]}},"jetpack_sharing_enabled":true,"_links":{"self":[{"href":"https:\/\/tienda.rigelec.com.ar\/index.php?rest_route=\/wp\/v2\/product\/36513","targetHints":{"allow":["GET"]}}],"collection":[{"href":"https:\/\/tienda.rigelec.com.ar\/index.php?rest_route=\/wp\/v2\/product"}],"about":[{"href":"https:\/\/tienda.rigelec.com.ar\/index.php?rest_route=\/wp\/v2\/types\/product"}],"replies":[{"embeddable":true,"href":"https:\/\/tienda.rigelec.com.ar\/index.php?rest_route=%2Fwp%2Fv2%2Fcomments&post=36513"}],"wp:featuredmedia":[{"embeddable":true,"href":"https:\/\/tienda.rigelec.com.ar\/index.php?rest_route=\/wp\/v2\/media\/36514"}],"wp:attachment":[{"href":"https:\/\/tienda.rigelec.com.ar\/index.php?rest_route=%2Fwp%2Fv2%2Fmedia&parent=36513"}],"wp:term":[{"taxonomy":"product_brand","embeddable":true,"href":"https:\/\/tienda.rigelec.com.ar\/index.php?rest_route=%2Fwp%2Fv2%2Fproduct_brand&post=36513"},{"taxonomy":"product_cat","embeddable":true,"href":"https:\/\/tienda.rigelec.com.ar\/index.php?rest_route=%2Fwp%2Fv2%2Fproduct_cat&post=36513"},{"taxonomy":"product_tag","embeddable":true,"href":"https:\/\/tienda.rigelec.com.ar\/index.php?rest_route=%2Fwp%2Fv2%2Fproduct_tag&post=36513"}],"curies":[{"name":"wp","href":"https:\/\/api.w.org\/{rel}","templated":true}]}}