{"id":36614,"date":"2026-03-12T17:27:21","date_gmt":"2026-03-12T20:27:21","guid":{"rendered":"https:\/\/tienda.rigelec.com.ar\/?product=multimetro-digital-smart-true-rms-bawms05-600v-10a"},"modified":"2026-05-06T06:39:28","modified_gmt":"2026-05-06T09:39:28","slug":"multimetro-digital-smart-true-rms-bawms05-600v-10a","status":"publish","type":"product","link":"https:\/\/tienda.rigelec.com.ar\/?product=multimetro-digital-smart-true-rms-bawms05-600v-10a","title":{"rendered":"MULTIMETRO DIGITAL SMART TRUE RMS &#8211; BAWMS05 600V &#8211; 10A"},"content":{"rendered":"<p>MULTIMETRO DIGITAL SMART<\/p>\n","protected":false},"excerpt":{"rendered":"<p>El nuevo Mult\u00edmetro Digital Smart True RMS BAWMS05 es una soluci\u00f3n pr\u00e1ctica y de dise\u00f1o novedoso para realizar todas las mediciones necesarias en electr\u00f3nica e instalaciones el\u00e9ctricas. Con bater\u00eda de litio recargable v\u00eda USB pod\u00e9s realizar tus mediciones con la tranquilidad de tener una gran autonom\u00eda asegurada. Con su display LCD retroiluminado de gran visibilidad, carcaza resistente en pl\u00e1stico ABS, linterna incorporada y m\u00faltiples funciones de medici\u00f3n disponibles se vuelve un mult\u00edmetro inteligente novedoso, pr\u00e1ctico, vers\u00e1til y de gran utilidad para todos tus trabajos.<\/p>\n<p>Caracter\u00edsticas destacables:<br \/>\n* Modo AUTO con medici\u00f3n y selecci\u00f3n de rango autom\u00e1tica.<br \/>\n* Pantalla LCD retroiluminada con dise\u00f1o innovador.<br \/>\n* Carcasa resistente, con soporte retr\u00e1ctil para trabajo en banco y linterna incluida.<br \/>\n* Con bater\u00eda de litio recargable de amplia duraci\u00f3n, carga a trav\u00e9s de USB-C e indicaci\u00f3n led de carga completa, auto apagado en 15 minutos de inactividad.<br \/>\n* Excelente exactitud y m\u00faltiples mediciones: corriente alterna y continua 3mA a 10A, tensi\u00f3n alterna y continua 3mV a 600V, resistencia hasta 60MO, capacitancia hasta 20mF, frecuencia 40 a 1000Hz, temperatura -40\u00b0C a 1000\u00b0C.<br \/>\n* Incluye funciones de: medici\u00f3n de continuidad con alerta sonora, detecci\u00f3n de presencia de tensi\u00f3n sin contacto (NCV), ciclo de trabajo (Hz\/%), prueba de diodos, detecci\u00f3n de fase (buscapolos), retenci\u00f3n del valor medido (HOLD).<\/p>\n","protected":false},"featured_media":36615,"comment_status":"open","ping_status":"closed","template":"","meta":{"_monsterinsights_skip_tracking":false,"_monsterinsights_sitenote_active":false,"_monsterinsights_sitenote_note":"","_monsterinsights_sitenote_category":0},"product_brand":[],"product_cat":[271],"product_tag":[65],"class_list":{"0":"post-36614","1":"product","2":"type-product","3":"status-publish","4":"has-post-thumbnail","6":"product_cat-j-medidores","7":"product_tag-baw","9":"first","10":"outofstock","11":"shipping-taxable","12":"purchasable","13":"product-type-simple"},"yoast_head":"<!-- This site is optimized with the Yoast SEO plugin v25.3.1 - https:\/\/yoast.com\/wordpress\/plugins\/seo\/ -->\n<title>MULTIMETRO DIGITAL SMART TRUE RMS - BAWMS05 600V - 10A - Tienda Rigelec<\/title>\n<meta name=\"robots\" content=\"index, follow, max-snippet:-1, max-image-preview:large, max-video-preview:-1\" \/>\n<link rel=\"canonical\" href=\"https:\/\/tienda.rigelec.com.ar\/?product=multimetro-digital-smart-true-rms-bawms05-600v-10a\" \/>\n<meta property=\"og:locale\" content=\"es_ES\" \/>\n<meta property=\"og:type\" content=\"article\" \/>\n<meta property=\"og:title\" content=\"MULTIMETRO DIGITAL SMART TRUE RMS - BAWMS05 600V - 10A - Tienda Rigelec\" \/>\n<meta property=\"og:description\" content=\"El nuevo Mult\u00edmetro Digital Smart True RMS BAWMS05 es una soluci\u00f3n pr\u00e1ctica y de dise\u00f1o novedoso para realizar todas las mediciones necesarias en electr\u00f3nica e instalaciones el\u00e9ctricas. Con bater\u00eda de litio recargable v\u00eda USB pod\u00e9s realizar tus mediciones con la tranquilidad de tener una gran autonom\u00eda asegurada. Con su display LCD retroiluminado de gran visibilidad, carcaza resistente en pl\u00e1stico ABS, linterna incorporada y m\u00faltiples funciones de medici\u00f3n disponibles se vuelve un mult\u00edmetro inteligente novedoso, pr\u00e1ctico, vers\u00e1til y de gran utilidad para todos tus trabajos.  Caracter\u00edsticas destacables: * Modo AUTO con medici\u00f3n y selecci\u00f3n de rango autom\u00e1tica. * Pantalla LCD retroiluminada con dise\u00f1o innovador. * Carcasa resistente, con soporte retr\u00e1ctil para trabajo en banco y linterna incluida. * Con bater\u00eda de litio recargable de amplia duraci\u00f3n, carga a trav\u00e9s de USB-C e indicaci\u00f3n led de carga completa, auto apagado en 15 minutos de inactividad. * Excelente exactitud y m\u00faltiples mediciones: corriente alterna y continua 3mA a 10A, tensi\u00f3n alterna y continua 3mV a 600V, resistencia hasta 60MO, capacitancia hasta 20mF, frecuencia 40 a 1000Hz, temperatura -40\u00b0C a 1000\u00b0C. * Incluye funciones de: medici\u00f3n de continuidad con alerta sonora, detecci\u00f3n de presencia de tensi\u00f3n sin contacto (NCV), ciclo de trabajo (Hz\/%), prueba de diodos, detecci\u00f3n de fase (buscapolos), retenci\u00f3n del valor medido (HOLD).\" \/>\n<meta property=\"og:url\" content=\"https:\/\/tienda.rigelec.com.ar\/?product=multimetro-digital-smart-true-rms-bawms05-600v-10a\" \/>\n<meta property=\"og:site_name\" content=\"Tienda Rigelec\" \/>\n<meta property=\"article:modified_time\" content=\"2026-05-06T09:39:28+00:00\" \/>\n<meta name=\"twitter:card\" content=\"summary_large_image\" \/>\n<script type=\"application\/ld+json\" class=\"yoast-schema-graph\">{\"@context\":\"https:\/\/schema.org\",\"@graph\":[{\"@type\":\"WebPage\",\"@id\":\"https:\/\/tienda.rigelec.com.ar\/?product=multimetro-digital-smart-true-rms-bawms05-600v-10a\",\"url\":\"https:\/\/tienda.rigelec.com.ar\/?product=multimetro-digital-smart-true-rms-bawms05-600v-10a\",\"name\":\"MULTIMETRO DIGITAL SMART TRUE RMS - BAWMS05 600V - 10A - Tienda Rigelec\",\"isPartOf\":{\"@id\":\"https:\/\/tienda.rigelec.com.ar\/#website\"},\"primaryImageOfPage\":{\"@id\":\"https:\/\/tienda.rigelec.com.ar\/?product=multimetro-digital-smart-true-rms-bawms05-600v-10a#primaryimage\"},\"image\":{\"@id\":\"https:\/\/tienda.rigelec.com.ar\/?product=multimetro-digital-smart-true-rms-bawms05-600v-10a#primaryimage\"},\"thumbnailUrl\":\"https:\/\/tienda.rigelec.com.ar\/wp-content\/uploads\/2026\/03\/MULTIMETRODIGITALSMART.jpg\",\"datePublished\":\"2026-03-12T20:27:21+00:00\",\"dateModified\":\"2026-05-06T09:39:28+00:00\",\"breadcrumb\":{\"@id\":\"https:\/\/tienda.rigelec.com.ar\/?product=multimetro-digital-smart-true-rms-bawms05-600v-10a#breadcrumb\"},\"inLanguage\":\"es-AR\",\"potentialAction\":[{\"@type\":\"ReadAction\",\"target\":[\"https:\/\/tienda.rigelec.com.ar\/?product=multimetro-digital-smart-true-rms-bawms05-600v-10a\"]}]},{\"@type\":\"ImageObject\",\"inLanguage\":\"es-AR\",\"@id\":\"https:\/\/tienda.rigelec.com.ar\/?product=multimetro-digital-smart-true-rms-bawms05-600v-10a#primaryimage\",\"url\":\"https:\/\/tienda.rigelec.com.ar\/wp-content\/uploads\/2026\/03\/MULTIMETRODIGITALSMART.jpg\",\"contentUrl\":\"https:\/\/tienda.rigelec.com.ar\/wp-content\/uploads\/2026\/03\/MULTIMETRODIGITALSMART.jpg\",\"width\":1000,\"height\":1000},{\"@type\":\"BreadcrumbList\",\"@id\":\"https:\/\/tienda.rigelec.com.ar\/?product=multimetro-digital-smart-true-rms-bawms05-600v-10a#breadcrumb\",\"itemListElement\":[{\"@type\":\"ListItem\",\"position\":1,\"name\":\"Inicio\",\"item\":\"https:\/\/tienda.rigelec.com.ar\/\"},{\"@type\":\"ListItem\",\"position\":2,\"name\":\"Shop\",\"item\":\"https:\/\/tienda.rigelec.com.ar\/?page_id=12\"},{\"@type\":\"ListItem\",\"position\":3,\"name\":\"MULTIMETRO DIGITAL SMART TRUE RMS &#8211; BAWMS05 600V &#8211; 10A\"}]},{\"@type\":\"WebSite\",\"@id\":\"https:\/\/tienda.rigelec.com.ar\/#website\",\"url\":\"https:\/\/tienda.rigelec.com.ar\/\",\"name\":\"Tienda Rigelec\",\"description\":\"Energia en movimiento\",\"publisher\":{\"@id\":\"https:\/\/tienda.rigelec.com.ar\/#organization\"},\"potentialAction\":[{\"@type\":\"SearchAction\",\"target\":{\"@type\":\"EntryPoint\",\"urlTemplate\":\"https:\/\/tienda.rigelec.com.ar\/?s={search_term_string}\"},\"query-input\":{\"@type\":\"PropertyValueSpecification\",\"valueRequired\":true,\"valueName\":\"search_term_string\"}}],\"inLanguage\":\"es-AR\"},{\"@type\":\"Organization\",\"@id\":\"https:\/\/tienda.rigelec.com.ar\/#organization\",\"name\":\"Tienda Rigelec\",\"url\":\"https:\/\/tienda.rigelec.com.ar\/\",\"logo\":{\"@type\":\"ImageObject\",\"inLanguage\":\"es-AR\",\"@id\":\"https:\/\/tienda.rigelec.com.ar\/#\/schema\/logo\/image\/\",\"url\":\"https:\/\/tienda.rigelec.com.ar\/wp-content\/uploads\/2024\/09\/isologo-blanco-rigelec.png\",\"contentUrl\":\"https:\/\/tienda.rigelec.com.ar\/wp-content\/uploads\/2024\/09\/isologo-blanco-rigelec.png\",\"width\":94,\"height\":97,\"caption\":\"Tienda Rigelec\"},\"image\":{\"@id\":\"https:\/\/tienda.rigelec.com.ar\/#\/schema\/logo\/image\/\"}}]}<\/script>\n<!-- \/ Yoast SEO plugin. -->","yoast_head_json":{"title":"MULTIMETRO DIGITAL SMART TRUE RMS - BAWMS05 600V - 10A - Tienda Rigelec","robots":{"index":"index","follow":"follow","max-snippet":"max-snippet:-1","max-image-preview":"max-image-preview:large","max-video-preview":"max-video-preview:-1"},"canonical":"https:\/\/tienda.rigelec.com.ar\/?product=multimetro-digital-smart-true-rms-bawms05-600v-10a","og_locale":"es_ES","og_type":"article","og_title":"MULTIMETRO DIGITAL SMART TRUE RMS - BAWMS05 600V - 10A - Tienda Rigelec","og_description":"El nuevo Mult\u00edmetro Digital Smart True RMS BAWMS05 es una soluci\u00f3n pr\u00e1ctica y de dise\u00f1o novedoso para realizar todas las mediciones necesarias en electr\u00f3nica e instalaciones el\u00e9ctricas. Con bater\u00eda de litio recargable v\u00eda USB pod\u00e9s realizar tus mediciones con la tranquilidad de tener una gran autonom\u00eda asegurada. Con su display LCD retroiluminado de gran visibilidad, carcaza resistente en pl\u00e1stico ABS, linterna incorporada y m\u00faltiples funciones de medici\u00f3n disponibles se vuelve un mult\u00edmetro inteligente novedoso, pr\u00e1ctico, vers\u00e1til y de gran utilidad para todos tus trabajos.  Caracter\u00edsticas destacables: * Modo AUTO con medici\u00f3n y selecci\u00f3n de rango autom\u00e1tica. * Pantalla LCD retroiluminada con dise\u00f1o innovador. * Carcasa resistente, con soporte retr\u00e1ctil para trabajo en banco y linterna incluida. * Con bater\u00eda de litio recargable de amplia duraci\u00f3n, carga a trav\u00e9s de USB-C e indicaci\u00f3n led de carga completa, auto apagado en 15 minutos de inactividad. * Excelente exactitud y m\u00faltiples mediciones: corriente alterna y continua 3mA a 10A, tensi\u00f3n alterna y continua 3mV a 600V, resistencia hasta 60MO, capacitancia hasta 20mF, frecuencia 40 a 1000Hz, temperatura -40\u00b0C a 1000\u00b0C. * Incluye funciones de: medici\u00f3n de continuidad con alerta sonora, detecci\u00f3n de presencia de tensi\u00f3n sin contacto (NCV), ciclo de trabajo (Hz\/%), prueba de diodos, detecci\u00f3n de fase (buscapolos), retenci\u00f3n del valor medido (HOLD).","og_url":"https:\/\/tienda.rigelec.com.ar\/?product=multimetro-digital-smart-true-rms-bawms05-600v-10a","og_site_name":"Tienda Rigelec","article_modified_time":"2026-05-06T09:39:28+00:00","twitter_card":"summary_large_image","schema":{"@context":"https:\/\/schema.org","@graph":[{"@type":"WebPage","@id":"https:\/\/tienda.rigelec.com.ar\/?product=multimetro-digital-smart-true-rms-bawms05-600v-10a","url":"https:\/\/tienda.rigelec.com.ar\/?product=multimetro-digital-smart-true-rms-bawms05-600v-10a","name":"MULTIMETRO DIGITAL SMART TRUE RMS - BAWMS05 600V - 10A - Tienda Rigelec","isPartOf":{"@id":"https:\/\/tienda.rigelec.com.ar\/#website"},"primaryImageOfPage":{"@id":"https:\/\/tienda.rigelec.com.ar\/?product=multimetro-digital-smart-true-rms-bawms05-600v-10a#primaryimage"},"image":{"@id":"https:\/\/tienda.rigelec.com.ar\/?product=multimetro-digital-smart-true-rms-bawms05-600v-10a#primaryimage"},"thumbnailUrl":"https:\/\/tienda.rigelec.com.ar\/wp-content\/uploads\/2026\/03\/MULTIMETRODIGITALSMART.jpg","datePublished":"2026-03-12T20:27:21+00:00","dateModified":"2026-05-06T09:39:28+00:00","breadcrumb":{"@id":"https:\/\/tienda.rigelec.com.ar\/?product=multimetro-digital-smart-true-rms-bawms05-600v-10a#breadcrumb"},"inLanguage":"es-AR","potentialAction":[{"@type":"ReadAction","target":["https:\/\/tienda.rigelec.com.ar\/?product=multimetro-digital-smart-true-rms-bawms05-600v-10a"]}]},{"@type":"ImageObject","inLanguage":"es-AR","@id":"https:\/\/tienda.rigelec.com.ar\/?product=multimetro-digital-smart-true-rms-bawms05-600v-10a#primaryimage","url":"https:\/\/tienda.rigelec.com.ar\/wp-content\/uploads\/2026\/03\/MULTIMETRODIGITALSMART.jpg","contentUrl":"https:\/\/tienda.rigelec.com.ar\/wp-content\/uploads\/2026\/03\/MULTIMETRODIGITALSMART.jpg","width":1000,"height":1000},{"@type":"BreadcrumbList","@id":"https:\/\/tienda.rigelec.com.ar\/?product=multimetro-digital-smart-true-rms-bawms05-600v-10a#breadcrumb","itemListElement":[{"@type":"ListItem","position":1,"name":"Inicio","item":"https:\/\/tienda.rigelec.com.ar\/"},{"@type":"ListItem","position":2,"name":"Shop","item":"https:\/\/tienda.rigelec.com.ar\/?page_id=12"},{"@type":"ListItem","position":3,"name":"MULTIMETRO DIGITAL SMART TRUE RMS &#8211; BAWMS05 600V &#8211; 10A"}]},{"@type":"WebSite","@id":"https:\/\/tienda.rigelec.com.ar\/#website","url":"https:\/\/tienda.rigelec.com.ar\/","name":"Tienda Rigelec","description":"Energia en movimiento","publisher":{"@id":"https:\/\/tienda.rigelec.com.ar\/#organization"},"potentialAction":[{"@type":"SearchAction","target":{"@type":"EntryPoint","urlTemplate":"https:\/\/tienda.rigelec.com.ar\/?s={search_term_string}"},"query-input":{"@type":"PropertyValueSpecification","valueRequired":true,"valueName":"search_term_string"}}],"inLanguage":"es-AR"},{"@type":"Organization","@id":"https:\/\/tienda.rigelec.com.ar\/#organization","name":"Tienda Rigelec","url":"https:\/\/tienda.rigelec.com.ar\/","logo":{"@type":"ImageObject","inLanguage":"es-AR","@id":"https:\/\/tienda.rigelec.com.ar\/#\/schema\/logo\/image\/","url":"https:\/\/tienda.rigelec.com.ar\/wp-content\/uploads\/2024\/09\/isologo-blanco-rigelec.png","contentUrl":"https:\/\/tienda.rigelec.com.ar\/wp-content\/uploads\/2024\/09\/isologo-blanco-rigelec.png","width":94,"height":97,"caption":"Tienda Rigelec"},"image":{"@id":"https:\/\/tienda.rigelec.com.ar\/#\/schema\/logo\/image\/"}}]}},"jetpack_sharing_enabled":true,"_links":{"self":[{"href":"https:\/\/tienda.rigelec.com.ar\/index.php?rest_route=\/wp\/v2\/product\/36614","targetHints":{"allow":["GET"]}}],"collection":[{"href":"https:\/\/tienda.rigelec.com.ar\/index.php?rest_route=\/wp\/v2\/product"}],"about":[{"href":"https:\/\/tienda.rigelec.com.ar\/index.php?rest_route=\/wp\/v2\/types\/product"}],"replies":[{"embeddable":true,"href":"https:\/\/tienda.rigelec.com.ar\/index.php?rest_route=%2Fwp%2Fv2%2Fcomments&post=36614"}],"wp:featuredmedia":[{"embeddable":true,"href":"https:\/\/tienda.rigelec.com.ar\/index.php?rest_route=\/wp\/v2\/media\/36615"}],"wp:attachment":[{"href":"https:\/\/tienda.rigelec.com.ar\/index.php?rest_route=%2Fwp%2Fv2%2Fmedia&parent=36614"}],"wp:term":[{"taxonomy":"product_brand","embeddable":true,"href":"https:\/\/tienda.rigelec.com.ar\/index.php?rest_route=%2Fwp%2Fv2%2Fproduct_brand&post=36614"},{"taxonomy":"product_cat","embeddable":true,"href":"https:\/\/tienda.rigelec.com.ar\/index.php?rest_route=%2Fwp%2Fv2%2Fproduct_cat&post=36614"},{"taxonomy":"product_tag","embeddable":true,"href":"https:\/\/tienda.rigelec.com.ar\/index.php?rest_route=%2Fwp%2Fv2%2Fproduct_tag&post=36614"}],"curies":[{"name":"wp","href":"https:\/\/api.w.org\/{rel}","templated":true}]}}