{"id":36665,"date":"2026-03-20T12:16:28","date_gmt":"2026-03-20T15:16:28","guid":{"rendered":"https:\/\/tienda.rigelec.com.ar\/?product=rele-inteligente-compacto-zelio-logic-sr2-4ma-24vcc"},"modified":"2026-05-06T06:41:39","modified_gmt":"2026-05-06T09:41:39","slug":"rele-inteligente-compacto-zelio-logic-sr2-4ma-24vcc","status":"publish","type":"product","link":"https:\/\/tienda.rigelec.com.ar\/?product=rele-inteligente-compacto-zelio-logic-sr2-4ma-24vcc","title":{"rendered":"RELE INTELIGENTE COMPACTO ZELIO LOGIC SR2 4MA &#8211; 24VCC"},"content":{"rendered":"<p>RELE INTELIGENTE COMPACTO<\/p>\n","protected":false},"excerpt":{"rendered":"<p>Este m\u00f3dulo l\u00f3gico compacto\/controlador programable Zelio Logic SR2 utiliza una tensi\u00f3n de alimentaci\u00f3n de 24 V de corriente continua. Dispone de 12 entradas\/salidas con terminales de tornillo de estribo y cuenta con un reloj integrado y pantalla LCD. Tiene un dise\u00f1o compacto que permite instalarlo en un segmento DIN. Tambi\u00e9n ofrece una programaci\u00f3n, visualizaci\u00f3n y diagn\u00f3stico sencillos de las visualizaciones de fallos de funcionamiento y de los botones de navegaci\u00f3n. Su sencilla programaci\u00f3n Ladder la adapta a usuarios no especializados.<\/p>\n","protected":false},"featured_media":36666,"comment_status":"open","ping_status":"closed","template":"","meta":{"_monsterinsights_skip_tracking":false,"_monsterinsights_sitenote_active":false,"_monsterinsights_sitenote_note":"","_monsterinsights_sitenote_category":0},"product_brand":[],"product_cat":[335],"product_tag":[450],"class_list":{"0":"post-36665","1":"product","2":"type-product","3":"status-publish","4":"has-post-thumbnail","6":"product_cat-i-relevo","7":"product_tag-schneider","9":"first","10":"outofstock","11":"shipping-taxable","12":"purchasable","13":"product-type-simple"},"yoast_head":"<!-- This site is optimized with the Yoast SEO plugin v25.3.1 - https:\/\/yoast.com\/wordpress\/plugins\/seo\/ -->\n<title>RELE INTELIGENTE COMPACTO ZELIO LOGIC SR2 4MA - 24VCC - Tienda Rigelec<\/title>\n<meta name=\"robots\" content=\"index, follow, max-snippet:-1, max-image-preview:large, max-video-preview:-1\" \/>\n<link rel=\"canonical\" href=\"https:\/\/tienda.rigelec.com.ar\/?product=rele-inteligente-compacto-zelio-logic-sr2-4ma-24vcc\" \/>\n<meta property=\"og:locale\" content=\"es_ES\" \/>\n<meta property=\"og:type\" content=\"article\" \/>\n<meta property=\"og:title\" content=\"RELE INTELIGENTE COMPACTO ZELIO LOGIC SR2 4MA - 24VCC - Tienda Rigelec\" \/>\n<meta property=\"og:description\" content=\"Este m\u00f3dulo l\u00f3gico compacto\/controlador programable Zelio Logic SR2 utiliza una tensi\u00f3n de alimentaci\u00f3n de 24 V de corriente continua. Dispone de 12 entradas\/salidas con terminales de tornillo de estribo y cuenta con un reloj integrado y pantalla LCD. Tiene un dise\u00f1o compacto que permite instalarlo en un segmento DIN. Tambi\u00e9n ofrece una programaci\u00f3n, visualizaci\u00f3n y diagn\u00f3stico sencillos de las visualizaciones de fallos de funcionamiento y de los botones de navegaci\u00f3n. Su sencilla programaci\u00f3n Ladder la adapta a usuarios no especializados.\" \/>\n<meta property=\"og:url\" content=\"https:\/\/tienda.rigelec.com.ar\/?product=rele-inteligente-compacto-zelio-logic-sr2-4ma-24vcc\" \/>\n<meta property=\"og:site_name\" content=\"Tienda Rigelec\" \/>\n<meta property=\"article:modified_time\" content=\"2026-05-06T09:41:39+00:00\" \/>\n<meta name=\"twitter:card\" content=\"summary_large_image\" \/>\n<script type=\"application\/ld+json\" class=\"yoast-schema-graph\">{\"@context\":\"https:\/\/schema.org\",\"@graph\":[{\"@type\":\"WebPage\",\"@id\":\"https:\/\/tienda.rigelec.com.ar\/?product=rele-inteligente-compacto-zelio-logic-sr2-4ma-24vcc\",\"url\":\"https:\/\/tienda.rigelec.com.ar\/?product=rele-inteligente-compacto-zelio-logic-sr2-4ma-24vcc\",\"name\":\"RELE INTELIGENTE COMPACTO ZELIO LOGIC SR2 4MA - 24VCC - Tienda Rigelec\",\"isPartOf\":{\"@id\":\"https:\/\/tienda.rigelec.com.ar\/#website\"},\"primaryImageOfPage\":{\"@id\":\"https:\/\/tienda.rigelec.com.ar\/?product=rele-inteligente-compacto-zelio-logic-sr2-4ma-24vcc#primaryimage\"},\"image\":{\"@id\":\"https:\/\/tienda.rigelec.com.ar\/?product=rele-inteligente-compacto-zelio-logic-sr2-4ma-24vcc#primaryimage\"},\"thumbnailUrl\":\"https:\/\/tienda.rigelec.com.ar\/wp-content\/uploads\/2026\/03\/RELEINTELIGENTECOMPACTO.jpg\",\"datePublished\":\"2026-03-20T15:16:28+00:00\",\"dateModified\":\"2026-05-06T09:41:39+00:00\",\"breadcrumb\":{\"@id\":\"https:\/\/tienda.rigelec.com.ar\/?product=rele-inteligente-compacto-zelio-logic-sr2-4ma-24vcc#breadcrumb\"},\"inLanguage\":\"es-AR\",\"potentialAction\":[{\"@type\":\"ReadAction\",\"target\":[\"https:\/\/tienda.rigelec.com.ar\/?product=rele-inteligente-compacto-zelio-logic-sr2-4ma-24vcc\"]}]},{\"@type\":\"ImageObject\",\"inLanguage\":\"es-AR\",\"@id\":\"https:\/\/tienda.rigelec.com.ar\/?product=rele-inteligente-compacto-zelio-logic-sr2-4ma-24vcc#primaryimage\",\"url\":\"https:\/\/tienda.rigelec.com.ar\/wp-content\/uploads\/2026\/03\/RELEINTELIGENTECOMPACTO.jpg\",\"contentUrl\":\"https:\/\/tienda.rigelec.com.ar\/wp-content\/uploads\/2026\/03\/RELEINTELIGENTECOMPACTO.jpg\",\"width\":1512,\"height\":1512},{\"@type\":\"BreadcrumbList\",\"@id\":\"https:\/\/tienda.rigelec.com.ar\/?product=rele-inteligente-compacto-zelio-logic-sr2-4ma-24vcc#breadcrumb\",\"itemListElement\":[{\"@type\":\"ListItem\",\"position\":1,\"name\":\"Inicio\",\"item\":\"https:\/\/tienda.rigelec.com.ar\/\"},{\"@type\":\"ListItem\",\"position\":2,\"name\":\"Shop\",\"item\":\"https:\/\/tienda.rigelec.com.ar\/?page_id=12\"},{\"@type\":\"ListItem\",\"position\":3,\"name\":\"RELE INTELIGENTE COMPACTO ZELIO LOGIC SR2 4MA &#8211; 24VCC\"}]},{\"@type\":\"WebSite\",\"@id\":\"https:\/\/tienda.rigelec.com.ar\/#website\",\"url\":\"https:\/\/tienda.rigelec.com.ar\/\",\"name\":\"Tienda Rigelec\",\"description\":\"Energia en movimiento\",\"publisher\":{\"@id\":\"https:\/\/tienda.rigelec.com.ar\/#organization\"},\"potentialAction\":[{\"@type\":\"SearchAction\",\"target\":{\"@type\":\"EntryPoint\",\"urlTemplate\":\"https:\/\/tienda.rigelec.com.ar\/?s={search_term_string}\"},\"query-input\":{\"@type\":\"PropertyValueSpecification\",\"valueRequired\":true,\"valueName\":\"search_term_string\"}}],\"inLanguage\":\"es-AR\"},{\"@type\":\"Organization\",\"@id\":\"https:\/\/tienda.rigelec.com.ar\/#organization\",\"name\":\"Tienda Rigelec\",\"url\":\"https:\/\/tienda.rigelec.com.ar\/\",\"logo\":{\"@type\":\"ImageObject\",\"inLanguage\":\"es-AR\",\"@id\":\"https:\/\/tienda.rigelec.com.ar\/#\/schema\/logo\/image\/\",\"url\":\"https:\/\/tienda.rigelec.com.ar\/wp-content\/uploads\/2024\/09\/isologo-blanco-rigelec.png\",\"contentUrl\":\"https:\/\/tienda.rigelec.com.ar\/wp-content\/uploads\/2024\/09\/isologo-blanco-rigelec.png\",\"width\":94,\"height\":97,\"caption\":\"Tienda Rigelec\"},\"image\":{\"@id\":\"https:\/\/tienda.rigelec.com.ar\/#\/schema\/logo\/image\/\"}}]}<\/script>\n<!-- \/ Yoast SEO plugin. -->","yoast_head_json":{"title":"RELE INTELIGENTE COMPACTO ZELIO LOGIC SR2 4MA - 24VCC - Tienda Rigelec","robots":{"index":"index","follow":"follow","max-snippet":"max-snippet:-1","max-image-preview":"max-image-preview:large","max-video-preview":"max-video-preview:-1"},"canonical":"https:\/\/tienda.rigelec.com.ar\/?product=rele-inteligente-compacto-zelio-logic-sr2-4ma-24vcc","og_locale":"es_ES","og_type":"article","og_title":"RELE INTELIGENTE COMPACTO ZELIO LOGIC SR2 4MA - 24VCC - Tienda Rigelec","og_description":"Este m\u00f3dulo l\u00f3gico compacto\/controlador programable Zelio Logic SR2 utiliza una tensi\u00f3n de alimentaci\u00f3n de 24 V de corriente continua. Dispone de 12 entradas\/salidas con terminales de tornillo de estribo y cuenta con un reloj integrado y pantalla LCD. Tiene un dise\u00f1o compacto que permite instalarlo en un segmento DIN. Tambi\u00e9n ofrece una programaci\u00f3n, visualizaci\u00f3n y diagn\u00f3stico sencillos de las visualizaciones de fallos de funcionamiento y de los botones de navegaci\u00f3n. Su sencilla programaci\u00f3n Ladder la adapta a usuarios no especializados.","og_url":"https:\/\/tienda.rigelec.com.ar\/?product=rele-inteligente-compacto-zelio-logic-sr2-4ma-24vcc","og_site_name":"Tienda Rigelec","article_modified_time":"2026-05-06T09:41:39+00:00","twitter_card":"summary_large_image","schema":{"@context":"https:\/\/schema.org","@graph":[{"@type":"WebPage","@id":"https:\/\/tienda.rigelec.com.ar\/?product=rele-inteligente-compacto-zelio-logic-sr2-4ma-24vcc","url":"https:\/\/tienda.rigelec.com.ar\/?product=rele-inteligente-compacto-zelio-logic-sr2-4ma-24vcc","name":"RELE INTELIGENTE COMPACTO ZELIO LOGIC SR2 4MA - 24VCC - Tienda Rigelec","isPartOf":{"@id":"https:\/\/tienda.rigelec.com.ar\/#website"},"primaryImageOfPage":{"@id":"https:\/\/tienda.rigelec.com.ar\/?product=rele-inteligente-compacto-zelio-logic-sr2-4ma-24vcc#primaryimage"},"image":{"@id":"https:\/\/tienda.rigelec.com.ar\/?product=rele-inteligente-compacto-zelio-logic-sr2-4ma-24vcc#primaryimage"},"thumbnailUrl":"https:\/\/tienda.rigelec.com.ar\/wp-content\/uploads\/2026\/03\/RELEINTELIGENTECOMPACTO.jpg","datePublished":"2026-03-20T15:16:28+00:00","dateModified":"2026-05-06T09:41:39+00:00","breadcrumb":{"@id":"https:\/\/tienda.rigelec.com.ar\/?product=rele-inteligente-compacto-zelio-logic-sr2-4ma-24vcc#breadcrumb"},"inLanguage":"es-AR","potentialAction":[{"@type":"ReadAction","target":["https:\/\/tienda.rigelec.com.ar\/?product=rele-inteligente-compacto-zelio-logic-sr2-4ma-24vcc"]}]},{"@type":"ImageObject","inLanguage":"es-AR","@id":"https:\/\/tienda.rigelec.com.ar\/?product=rele-inteligente-compacto-zelio-logic-sr2-4ma-24vcc#primaryimage","url":"https:\/\/tienda.rigelec.com.ar\/wp-content\/uploads\/2026\/03\/RELEINTELIGENTECOMPACTO.jpg","contentUrl":"https:\/\/tienda.rigelec.com.ar\/wp-content\/uploads\/2026\/03\/RELEINTELIGENTECOMPACTO.jpg","width":1512,"height":1512},{"@type":"BreadcrumbList","@id":"https:\/\/tienda.rigelec.com.ar\/?product=rele-inteligente-compacto-zelio-logic-sr2-4ma-24vcc#breadcrumb","itemListElement":[{"@type":"ListItem","position":1,"name":"Inicio","item":"https:\/\/tienda.rigelec.com.ar\/"},{"@type":"ListItem","position":2,"name":"Shop","item":"https:\/\/tienda.rigelec.com.ar\/?page_id=12"},{"@type":"ListItem","position":3,"name":"RELE INTELIGENTE COMPACTO ZELIO LOGIC SR2 4MA &#8211; 24VCC"}]},{"@type":"WebSite","@id":"https:\/\/tienda.rigelec.com.ar\/#website","url":"https:\/\/tienda.rigelec.com.ar\/","name":"Tienda Rigelec","description":"Energia en movimiento","publisher":{"@id":"https:\/\/tienda.rigelec.com.ar\/#organization"},"potentialAction":[{"@type":"SearchAction","target":{"@type":"EntryPoint","urlTemplate":"https:\/\/tienda.rigelec.com.ar\/?s={search_term_string}"},"query-input":{"@type":"PropertyValueSpecification","valueRequired":true,"valueName":"search_term_string"}}],"inLanguage":"es-AR"},{"@type":"Organization","@id":"https:\/\/tienda.rigelec.com.ar\/#organization","name":"Tienda Rigelec","url":"https:\/\/tienda.rigelec.com.ar\/","logo":{"@type":"ImageObject","inLanguage":"es-AR","@id":"https:\/\/tienda.rigelec.com.ar\/#\/schema\/logo\/image\/","url":"https:\/\/tienda.rigelec.com.ar\/wp-content\/uploads\/2024\/09\/isologo-blanco-rigelec.png","contentUrl":"https:\/\/tienda.rigelec.com.ar\/wp-content\/uploads\/2024\/09\/isologo-blanco-rigelec.png","width":94,"height":97,"caption":"Tienda Rigelec"},"image":{"@id":"https:\/\/tienda.rigelec.com.ar\/#\/schema\/logo\/image\/"}}]}},"jetpack_sharing_enabled":true,"_links":{"self":[{"href":"https:\/\/tienda.rigelec.com.ar\/index.php?rest_route=\/wp\/v2\/product\/36665","targetHints":{"allow":["GET"]}}],"collection":[{"href":"https:\/\/tienda.rigelec.com.ar\/index.php?rest_route=\/wp\/v2\/product"}],"about":[{"href":"https:\/\/tienda.rigelec.com.ar\/index.php?rest_route=\/wp\/v2\/types\/product"}],"replies":[{"embeddable":true,"href":"https:\/\/tienda.rigelec.com.ar\/index.php?rest_route=%2Fwp%2Fv2%2Fcomments&post=36665"}],"wp:featuredmedia":[{"embeddable":true,"href":"https:\/\/tienda.rigelec.com.ar\/index.php?rest_route=\/wp\/v2\/media\/36666"}],"wp:attachment":[{"href":"https:\/\/tienda.rigelec.com.ar\/index.php?rest_route=%2Fwp%2Fv2%2Fmedia&parent=36665"}],"wp:term":[{"taxonomy":"product_brand","embeddable":true,"href":"https:\/\/tienda.rigelec.com.ar\/index.php?rest_route=%2Fwp%2Fv2%2Fproduct_brand&post=36665"},{"taxonomy":"product_cat","embeddable":true,"href":"https:\/\/tienda.rigelec.com.ar\/index.php?rest_route=%2Fwp%2Fv2%2Fproduct_cat&post=36665"},{"taxonomy":"product_tag","embeddable":true,"href":"https:\/\/tienda.rigelec.com.ar\/index.php?rest_route=%2Fwp%2Fv2%2Fproduct_tag&post=36665"}],"curies":[{"name":"wp","href":"https:\/\/api.w.org\/{rel}","templated":true}]}}