{"id":36667,"date":"2026-03-20T12:16:31","date_gmt":"2026-03-20T15:16:31","guid":{"rendered":"https:\/\/tienda.rigelec.com.ar\/?product=tarjeta-de-red-gigabit-gigabit-network-card-m3-1gbps"},"modified":"2026-04-18T05:07:02","modified_gmt":"2026-04-18T08:07:02","slug":"tarjeta-de-red-gigabit-gigabit-network-card-m3-1gbps","status":"publish","type":"product","link":"https:\/\/tienda.rigelec.com.ar\/?product=tarjeta-de-red-gigabit-gigabit-network-card-m3-1gbps","title":{"rendered":"TARJETA DE RED GIGABIT GIGABIT NETWORK CARD M3 1GBPS"},"content":{"rendered":"<p>TARJETA DE RED GIGABIT<\/p>\n","protected":false},"excerpt":{"rendered":"<p>La placa de comunicaciones Eaton 744-A4920 (Gigabit Network Card M3) es una avanzada tarjeta de red para monitoreo y gesti\u00f3n remota de UPS y PDU. Ofrece conectividad Ethernet (10\/100\/1000 Mbps) y destaca por su robusta ciberseguridad con arquitectura de confianza cero, arranque seguro y firewall configurable. Compatible con m\u00faltiples modelos de UPS Eaton, admite protocolos como IPv4\/IPv6, TLS, HTTP(S) y SNMP, facilitando la integraci\u00f3n en redes modernas. Adem\u00e1s, permite supervisar temperatura y humedad con una sonda ambiental opcional. Ideal para infraestructuras cr\u00edticas que requieren gesti\u00f3n eficiente y segura de la energ\u00eda<\/p>\n","protected":false},"featured_media":36668,"comment_status":"open","ping_status":"closed","template":"","meta":[],"product_brand":[],"product_cat":[291],"product_tag":[61],"class_list":{"0":"post-36667","1":"product","2":"type-product","3":"status-publish","4":"has-post-thumbnail","6":"product_cat-g-comando-y-senalizacion","7":"product_tag-eaton-moeller","9":"first","10":"outofstock","11":"shipping-taxable","12":"purchasable","13":"product-type-simple"},"yoast_head":"<!-- This site is optimized with the Yoast SEO plugin v25.3.1 - https:\/\/yoast.com\/wordpress\/plugins\/seo\/ -->\n<title>TARJETA DE RED GIGABIT GIGABIT NETWORK CARD M3 1GBPS - Tienda Rigelec<\/title>\n<meta name=\"robots\" content=\"index, follow, max-snippet:-1, max-image-preview:large, max-video-preview:-1\" \/>\n<link rel=\"canonical\" href=\"https:\/\/tienda.rigelec.com.ar\/?product=tarjeta-de-red-gigabit-gigabit-network-card-m3-1gbps\" \/>\n<meta property=\"og:locale\" content=\"es_ES\" \/>\n<meta property=\"og:type\" content=\"article\" \/>\n<meta property=\"og:title\" content=\"TARJETA DE RED GIGABIT GIGABIT NETWORK CARD M3 1GBPS - Tienda Rigelec\" \/>\n<meta property=\"og:description\" content=\"La placa de comunicaciones Eaton 744-A4920 (Gigabit Network Card M3) es una avanzada tarjeta de red para monitoreo y gesti\u00f3n remota de UPS y PDU. Ofrece conectividad Ethernet (10\/100\/1000 Mbps) y destaca por su robusta ciberseguridad con arquitectura de confianza cero, arranque seguro y firewall configurable. Compatible con m\u00faltiples modelos de UPS Eaton, admite protocolos como IPv4\/IPv6, TLS, HTTP(S) y SNMP, facilitando la integraci\u00f3n en redes modernas. Adem\u00e1s, permite supervisar temperatura y humedad con una sonda ambiental opcional. Ideal para infraestructuras cr\u00edticas que requieren gesti\u00f3n eficiente y segura de la energ\u00eda\" \/>\n<meta property=\"og:url\" content=\"https:\/\/tienda.rigelec.com.ar\/?product=tarjeta-de-red-gigabit-gigabit-network-card-m3-1gbps\" \/>\n<meta property=\"og:site_name\" content=\"Tienda Rigelec\" \/>\n<meta property=\"article:modified_time\" content=\"2026-04-18T08:07:02+00:00\" \/>\n<meta name=\"twitter:card\" content=\"summary_large_image\" \/>\n<script type=\"application\/ld+json\" class=\"yoast-schema-graph\">{\"@context\":\"https:\/\/schema.org\",\"@graph\":[{\"@type\":\"WebPage\",\"@id\":\"https:\/\/tienda.rigelec.com.ar\/?product=tarjeta-de-red-gigabit-gigabit-network-card-m3-1gbps\",\"url\":\"https:\/\/tienda.rigelec.com.ar\/?product=tarjeta-de-red-gigabit-gigabit-network-card-m3-1gbps\",\"name\":\"TARJETA DE RED GIGABIT GIGABIT NETWORK CARD M3 1GBPS - Tienda Rigelec\",\"isPartOf\":{\"@id\":\"https:\/\/tienda.rigelec.com.ar\/#website\"},\"primaryImageOfPage\":{\"@id\":\"https:\/\/tienda.rigelec.com.ar\/?product=tarjeta-de-red-gigabit-gigabit-network-card-m3-1gbps#primaryimage\"},\"image\":{\"@id\":\"https:\/\/tienda.rigelec.com.ar\/?product=tarjeta-de-red-gigabit-gigabit-network-card-m3-1gbps#primaryimage\"},\"thumbnailUrl\":\"https:\/\/tienda.rigelec.com.ar\/wp-content\/uploads\/2026\/03\/TARJETADEREDGIGABIT.jpg\",\"datePublished\":\"2026-03-20T15:16:31+00:00\",\"dateModified\":\"2026-04-18T08:07:02+00:00\",\"breadcrumb\":{\"@id\":\"https:\/\/tienda.rigelec.com.ar\/?product=tarjeta-de-red-gigabit-gigabit-network-card-m3-1gbps#breadcrumb\"},\"inLanguage\":\"es-AR\",\"potentialAction\":[{\"@type\":\"ReadAction\",\"target\":[\"https:\/\/tienda.rigelec.com.ar\/?product=tarjeta-de-red-gigabit-gigabit-network-card-m3-1gbps\"]}]},{\"@type\":\"ImageObject\",\"inLanguage\":\"es-AR\",\"@id\":\"https:\/\/tienda.rigelec.com.ar\/?product=tarjeta-de-red-gigabit-gigabit-network-card-m3-1gbps#primaryimage\",\"url\":\"https:\/\/tienda.rigelec.com.ar\/wp-content\/uploads\/2026\/03\/TARJETADEREDGIGABIT.jpg\",\"contentUrl\":\"https:\/\/tienda.rigelec.com.ar\/wp-content\/uploads\/2026\/03\/TARJETADEREDGIGABIT.jpg\",\"width\":2048,\"height\":2048},{\"@type\":\"BreadcrumbList\",\"@id\":\"https:\/\/tienda.rigelec.com.ar\/?product=tarjeta-de-red-gigabit-gigabit-network-card-m3-1gbps#breadcrumb\",\"itemListElement\":[{\"@type\":\"ListItem\",\"position\":1,\"name\":\"Inicio\",\"item\":\"https:\/\/tienda.rigelec.com.ar\/\"},{\"@type\":\"ListItem\",\"position\":2,\"name\":\"Shop\",\"item\":\"https:\/\/tienda.rigelec.com.ar\/?page_id=12\"},{\"@type\":\"ListItem\",\"position\":3,\"name\":\"TARJETA DE RED GIGABIT GIGABIT NETWORK CARD M3 1GBPS\"}]},{\"@type\":\"WebSite\",\"@id\":\"https:\/\/tienda.rigelec.com.ar\/#website\",\"url\":\"https:\/\/tienda.rigelec.com.ar\/\",\"name\":\"Tienda Rigelec\",\"description\":\"Energia en movimiento\",\"publisher\":{\"@id\":\"https:\/\/tienda.rigelec.com.ar\/#organization\"},\"potentialAction\":[{\"@type\":\"SearchAction\",\"target\":{\"@type\":\"EntryPoint\",\"urlTemplate\":\"https:\/\/tienda.rigelec.com.ar\/?s={search_term_string}\"},\"query-input\":{\"@type\":\"PropertyValueSpecification\",\"valueRequired\":true,\"valueName\":\"search_term_string\"}}],\"inLanguage\":\"es-AR\"},{\"@type\":\"Organization\",\"@id\":\"https:\/\/tienda.rigelec.com.ar\/#organization\",\"name\":\"Tienda Rigelec\",\"url\":\"https:\/\/tienda.rigelec.com.ar\/\",\"logo\":{\"@type\":\"ImageObject\",\"inLanguage\":\"es-AR\",\"@id\":\"https:\/\/tienda.rigelec.com.ar\/#\/schema\/logo\/image\/\",\"url\":\"https:\/\/tienda.rigelec.com.ar\/wp-content\/uploads\/2024\/09\/isologo-blanco-rigelec.png\",\"contentUrl\":\"https:\/\/tienda.rigelec.com.ar\/wp-content\/uploads\/2024\/09\/isologo-blanco-rigelec.png\",\"width\":94,\"height\":97,\"caption\":\"Tienda Rigelec\"},\"image\":{\"@id\":\"https:\/\/tienda.rigelec.com.ar\/#\/schema\/logo\/image\/\"}}]}<\/script>\n<!-- \/ Yoast SEO plugin. -->","yoast_head_json":{"title":"TARJETA DE RED GIGABIT GIGABIT NETWORK CARD M3 1GBPS - Tienda Rigelec","robots":{"index":"index","follow":"follow","max-snippet":"max-snippet:-1","max-image-preview":"max-image-preview:large","max-video-preview":"max-video-preview:-1"},"canonical":"https:\/\/tienda.rigelec.com.ar\/?product=tarjeta-de-red-gigabit-gigabit-network-card-m3-1gbps","og_locale":"es_ES","og_type":"article","og_title":"TARJETA DE RED GIGABIT GIGABIT NETWORK CARD M3 1GBPS - Tienda Rigelec","og_description":"La placa de comunicaciones Eaton 744-A4920 (Gigabit Network Card M3) es una avanzada tarjeta de red para monitoreo y gesti\u00f3n remota de UPS y PDU. Ofrece conectividad Ethernet (10\/100\/1000 Mbps) y destaca por su robusta ciberseguridad con arquitectura de confianza cero, arranque seguro y firewall configurable. Compatible con m\u00faltiples modelos de UPS Eaton, admite protocolos como IPv4\/IPv6, TLS, HTTP(S) y SNMP, facilitando la integraci\u00f3n en redes modernas. Adem\u00e1s, permite supervisar temperatura y humedad con una sonda ambiental opcional. Ideal para infraestructuras cr\u00edticas que requieren gesti\u00f3n eficiente y segura de la energ\u00eda","og_url":"https:\/\/tienda.rigelec.com.ar\/?product=tarjeta-de-red-gigabit-gigabit-network-card-m3-1gbps","og_site_name":"Tienda Rigelec","article_modified_time":"2026-04-18T08:07:02+00:00","twitter_card":"summary_large_image","schema":{"@context":"https:\/\/schema.org","@graph":[{"@type":"WebPage","@id":"https:\/\/tienda.rigelec.com.ar\/?product=tarjeta-de-red-gigabit-gigabit-network-card-m3-1gbps","url":"https:\/\/tienda.rigelec.com.ar\/?product=tarjeta-de-red-gigabit-gigabit-network-card-m3-1gbps","name":"TARJETA DE RED GIGABIT GIGABIT NETWORK CARD M3 1GBPS - Tienda Rigelec","isPartOf":{"@id":"https:\/\/tienda.rigelec.com.ar\/#website"},"primaryImageOfPage":{"@id":"https:\/\/tienda.rigelec.com.ar\/?product=tarjeta-de-red-gigabit-gigabit-network-card-m3-1gbps#primaryimage"},"image":{"@id":"https:\/\/tienda.rigelec.com.ar\/?product=tarjeta-de-red-gigabit-gigabit-network-card-m3-1gbps#primaryimage"},"thumbnailUrl":"https:\/\/tienda.rigelec.com.ar\/wp-content\/uploads\/2026\/03\/TARJETADEREDGIGABIT.jpg","datePublished":"2026-03-20T15:16:31+00:00","dateModified":"2026-04-18T08:07:02+00:00","breadcrumb":{"@id":"https:\/\/tienda.rigelec.com.ar\/?product=tarjeta-de-red-gigabit-gigabit-network-card-m3-1gbps#breadcrumb"},"inLanguage":"es-AR","potentialAction":[{"@type":"ReadAction","target":["https:\/\/tienda.rigelec.com.ar\/?product=tarjeta-de-red-gigabit-gigabit-network-card-m3-1gbps"]}]},{"@type":"ImageObject","inLanguage":"es-AR","@id":"https:\/\/tienda.rigelec.com.ar\/?product=tarjeta-de-red-gigabit-gigabit-network-card-m3-1gbps#primaryimage","url":"https:\/\/tienda.rigelec.com.ar\/wp-content\/uploads\/2026\/03\/TARJETADEREDGIGABIT.jpg","contentUrl":"https:\/\/tienda.rigelec.com.ar\/wp-content\/uploads\/2026\/03\/TARJETADEREDGIGABIT.jpg","width":2048,"height":2048},{"@type":"BreadcrumbList","@id":"https:\/\/tienda.rigelec.com.ar\/?product=tarjeta-de-red-gigabit-gigabit-network-card-m3-1gbps#breadcrumb","itemListElement":[{"@type":"ListItem","position":1,"name":"Inicio","item":"https:\/\/tienda.rigelec.com.ar\/"},{"@type":"ListItem","position":2,"name":"Shop","item":"https:\/\/tienda.rigelec.com.ar\/?page_id=12"},{"@type":"ListItem","position":3,"name":"TARJETA DE RED GIGABIT GIGABIT NETWORK CARD M3 1GBPS"}]},{"@type":"WebSite","@id":"https:\/\/tienda.rigelec.com.ar\/#website","url":"https:\/\/tienda.rigelec.com.ar\/","name":"Tienda Rigelec","description":"Energia en movimiento","publisher":{"@id":"https:\/\/tienda.rigelec.com.ar\/#organization"},"potentialAction":[{"@type":"SearchAction","target":{"@type":"EntryPoint","urlTemplate":"https:\/\/tienda.rigelec.com.ar\/?s={search_term_string}"},"query-input":{"@type":"PropertyValueSpecification","valueRequired":true,"valueName":"search_term_string"}}],"inLanguage":"es-AR"},{"@type":"Organization","@id":"https:\/\/tienda.rigelec.com.ar\/#organization","name":"Tienda Rigelec","url":"https:\/\/tienda.rigelec.com.ar\/","logo":{"@type":"ImageObject","inLanguage":"es-AR","@id":"https:\/\/tienda.rigelec.com.ar\/#\/schema\/logo\/image\/","url":"https:\/\/tienda.rigelec.com.ar\/wp-content\/uploads\/2024\/09\/isologo-blanco-rigelec.png","contentUrl":"https:\/\/tienda.rigelec.com.ar\/wp-content\/uploads\/2024\/09\/isologo-blanco-rigelec.png","width":94,"height":97,"caption":"Tienda Rigelec"},"image":{"@id":"https:\/\/tienda.rigelec.com.ar\/#\/schema\/logo\/image\/"}}]}},"jetpack_sharing_enabled":true,"_links":{"self":[{"href":"https:\/\/tienda.rigelec.com.ar\/index.php?rest_route=\/wp\/v2\/product\/36667","targetHints":{"allow":["GET"]}}],"collection":[{"href":"https:\/\/tienda.rigelec.com.ar\/index.php?rest_route=\/wp\/v2\/product"}],"about":[{"href":"https:\/\/tienda.rigelec.com.ar\/index.php?rest_route=\/wp\/v2\/types\/product"}],"replies":[{"embeddable":true,"href":"https:\/\/tienda.rigelec.com.ar\/index.php?rest_route=%2Fwp%2Fv2%2Fcomments&post=36667"}],"wp:featuredmedia":[{"embeddable":true,"href":"https:\/\/tienda.rigelec.com.ar\/index.php?rest_route=\/wp\/v2\/media\/36668"}],"wp:attachment":[{"href":"https:\/\/tienda.rigelec.com.ar\/index.php?rest_route=%2Fwp%2Fv2%2Fmedia&parent=36667"}],"wp:term":[{"taxonomy":"product_brand","embeddable":true,"href":"https:\/\/tienda.rigelec.com.ar\/index.php?rest_route=%2Fwp%2Fv2%2Fproduct_brand&post=36667"},{"taxonomy":"product_cat","embeddable":true,"href":"https:\/\/tienda.rigelec.com.ar\/index.php?rest_route=%2Fwp%2Fv2%2Fproduct_cat&post=36667"},{"taxonomy":"product_tag","embeddable":true,"href":"https:\/\/tienda.rigelec.com.ar\/index.php?rest_route=%2Fwp%2Fv2%2Fproduct_tag&post=36667"}],"curies":[{"name":"wp","href":"https:\/\/api.w.org\/{rel}","templated":true}]}}