{"id":36677,"date":"2026-03-20T12:18:07","date_gmt":"2026-03-20T15:18:07","guid":{"rendered":"https:\/\/tienda.rigelec.com.ar\/?product=metro-cano-subterraneo-flexible-fs-63-63mm"},"modified":"2026-05-05T03:24:41","modified_gmt":"2026-05-05T06:24:41","slug":"metro-cano-subterraneo-flexible-fs-63-63mm","status":"publish","type":"product","link":"https:\/\/tienda.rigelec.com.ar\/?product=metro-cano-subterraneo-flexible-fs-63-63mm","title":{"rendered":"METRO CA\u00d1O SUBTERRANEO FLEXIBLE FS 63 63MM"},"content":{"rendered":"<p>METRO CA\u00d1O SUBTERRANEO FLEXIBLE<\/p>\n","protected":false},"excerpt":{"rendered":"<p>CA\u00d1O FLEXIBLE FS 63 (63mm)<br \/>\nCables de referencia: Por el ca\u00f1o entra al menos un ca ble de 3&#215;95+50 (ref Argenplas)<br \/>\nSeccion interior: 2206.18mm2<br \/>\nDiametro interior: 53mm<br \/>\nResistencia a la compresion: 450N<br \/>\nMaterial: PEAD<br \/>\nPeso: 0.340 kg\/m<br \/>\nT\u00ba minima de uso: -40\u00ba<br \/>\nT\u00ba maxima de uso: 60\u00ba<\/p>\n<p>Certificado: LCSM-137<\/p>\n<p>Argeflex FS es la evoluci\u00f3n de la canalizaci\u00f3n subterr\u00e1nea. Es un ca\u00f1o flexible, fabricado en polietileno de alta densidad, corrugado, dise\u00f1ado especialmente para la protecci\u00f3n de cables en instalaciones subterr\u00e1neas de energ\u00eda. No requiere protecci\u00f3n mec\u00e1nica adicional (Como ladrillos, hormig\u00f3n, etc.), e incluye una gu\u00eda de acero para facilitar el ingreso de la cinta pasacables en su interior. Adem\u00e1s es flexible, ligero y f\u00e1cil de manejar, lo que agiliza tiempos de instalaci\u00f3n.<\/p>\n","protected":false},"featured_media":36678,"comment_status":"open","ping_status":"closed","template":"","meta":{"_monsterinsights_skip_tracking":false,"_monsterinsights_sitenote_active":false,"_monsterinsights_sitenote_note":"","_monsterinsights_sitenote_category":0},"product_brand":[],"product_cat":[343],"product_tag":[92],"class_list":{"0":"post-36677","1":"product","2":"type-product","3":"status-publish","4":"has-post-thumbnail","6":"product_cat-1-canos-corrugados","7":"product_tag-argeflex","9":"first","10":"outofstock","11":"shipping-taxable","12":"purchasable","13":"product-type-simple"},"yoast_head":"<!-- This site is optimized with the Yoast SEO plugin v25.3.1 - https:\/\/yoast.com\/wordpress\/plugins\/seo\/ -->\n<title>METRO CA\u00d1O SUBTERRANEO FLEXIBLE FS 63 63MM - Tienda Rigelec<\/title>\n<meta name=\"robots\" content=\"index, follow, max-snippet:-1, max-image-preview:large, max-video-preview:-1\" \/>\n<link rel=\"canonical\" href=\"https:\/\/tienda.rigelec.com.ar\/?product=metro-cano-subterraneo-flexible-fs-63-63mm\" \/>\n<meta property=\"og:locale\" content=\"es_ES\" \/>\n<meta property=\"og:type\" content=\"article\" \/>\n<meta property=\"og:title\" content=\"METRO CA\u00d1O SUBTERRANEO FLEXIBLE FS 63 63MM - Tienda Rigelec\" \/>\n<meta property=\"og:description\" content=\"CA\u00d1O FLEXIBLE FS 63 (63mm) Cables de referencia: Por el ca\u00f1o entra al menos un ca ble de 3x95+50 (ref Argenplas) Seccion interior: 2206.18mm2 Diametro interior: 53mm Resistencia a la compresion: 450N Material: PEAD Peso: 0.340 kg\/m T\u00ba minima de uso: -40\u00ba T\u00ba maxima de uso: 60\u00ba  Certificado: LCSM-137  Argeflex FS es la evoluci\u00f3n de la canalizaci\u00f3n subterr\u00e1nea. Es un ca\u00f1o flexible, fabricado en polietileno de alta densidad, corrugado, dise\u00f1ado especialmente para la protecci\u00f3n de cables en instalaciones subterr\u00e1neas de energ\u00eda. No requiere protecci\u00f3n mec\u00e1nica adicional (Como ladrillos, hormig\u00f3n, etc.), e incluye una gu\u00eda de acero para facilitar el ingreso de la cinta pasacables en su interior. Adem\u00e1s es flexible, ligero y f\u00e1cil de manejar, lo que agiliza tiempos de instalaci\u00f3n.\" \/>\n<meta property=\"og:url\" content=\"https:\/\/tienda.rigelec.com.ar\/?product=metro-cano-subterraneo-flexible-fs-63-63mm\" \/>\n<meta property=\"og:site_name\" content=\"Tienda Rigelec\" \/>\n<meta property=\"article:modified_time\" content=\"2026-05-05T06:24:41+00:00\" \/>\n<meta name=\"twitter:card\" content=\"summary_large_image\" \/>\n<script type=\"application\/ld+json\" class=\"yoast-schema-graph\">{\"@context\":\"https:\/\/schema.org\",\"@graph\":[{\"@type\":\"WebPage\",\"@id\":\"https:\/\/tienda.rigelec.com.ar\/?product=metro-cano-subterraneo-flexible-fs-63-63mm\",\"url\":\"https:\/\/tienda.rigelec.com.ar\/?product=metro-cano-subterraneo-flexible-fs-63-63mm\",\"name\":\"METRO CA\u00d1O SUBTERRANEO FLEXIBLE FS 63 63MM - Tienda Rigelec\",\"isPartOf\":{\"@id\":\"https:\/\/tienda.rigelec.com.ar\/#website\"},\"primaryImageOfPage\":{\"@id\":\"https:\/\/tienda.rigelec.com.ar\/?product=metro-cano-subterraneo-flexible-fs-63-63mm#primaryimage\"},\"image\":{\"@id\":\"https:\/\/tienda.rigelec.com.ar\/?product=metro-cano-subterraneo-flexible-fs-63-63mm#primaryimage\"},\"thumbnailUrl\":\"https:\/\/tienda.rigelec.com.ar\/wp-content\/uploads\/2026\/03\/METROCANOSUBTERRANEOFLEXIBLE-4.jpg\",\"datePublished\":\"2026-03-20T15:18:07+00:00\",\"dateModified\":\"2026-05-05T06:24:41+00:00\",\"breadcrumb\":{\"@id\":\"https:\/\/tienda.rigelec.com.ar\/?product=metro-cano-subterraneo-flexible-fs-63-63mm#breadcrumb\"},\"inLanguage\":\"es-AR\",\"potentialAction\":[{\"@type\":\"ReadAction\",\"target\":[\"https:\/\/tienda.rigelec.com.ar\/?product=metro-cano-subterraneo-flexible-fs-63-63mm\"]}]},{\"@type\":\"ImageObject\",\"inLanguage\":\"es-AR\",\"@id\":\"https:\/\/tienda.rigelec.com.ar\/?product=metro-cano-subterraneo-flexible-fs-63-63mm#primaryimage\",\"url\":\"https:\/\/tienda.rigelec.com.ar\/wp-content\/uploads\/2026\/03\/METROCANOSUBTERRANEOFLEXIBLE-4.jpg\",\"contentUrl\":\"https:\/\/tienda.rigelec.com.ar\/wp-content\/uploads\/2026\/03\/METROCANOSUBTERRANEOFLEXIBLE-4.jpg\",\"width\":600,\"height\":600},{\"@type\":\"BreadcrumbList\",\"@id\":\"https:\/\/tienda.rigelec.com.ar\/?product=metro-cano-subterraneo-flexible-fs-63-63mm#breadcrumb\",\"itemListElement\":[{\"@type\":\"ListItem\",\"position\":1,\"name\":\"Inicio\",\"item\":\"https:\/\/tienda.rigelec.com.ar\/\"},{\"@type\":\"ListItem\",\"position\":2,\"name\":\"Shop\",\"item\":\"https:\/\/tienda.rigelec.com.ar\/?page_id=12\"},{\"@type\":\"ListItem\",\"position\":3,\"name\":\"METRO CA\u00d1O SUBTERRANEO FLEXIBLE FS 63 63MM\"}]},{\"@type\":\"WebSite\",\"@id\":\"https:\/\/tienda.rigelec.com.ar\/#website\",\"url\":\"https:\/\/tienda.rigelec.com.ar\/\",\"name\":\"Tienda Rigelec\",\"description\":\"Energia en movimiento\",\"publisher\":{\"@id\":\"https:\/\/tienda.rigelec.com.ar\/#organization\"},\"potentialAction\":[{\"@type\":\"SearchAction\",\"target\":{\"@type\":\"EntryPoint\",\"urlTemplate\":\"https:\/\/tienda.rigelec.com.ar\/?s={search_term_string}\"},\"query-input\":{\"@type\":\"PropertyValueSpecification\",\"valueRequired\":true,\"valueName\":\"search_term_string\"}}],\"inLanguage\":\"es-AR\"},{\"@type\":\"Organization\",\"@id\":\"https:\/\/tienda.rigelec.com.ar\/#organization\",\"name\":\"Tienda Rigelec\",\"url\":\"https:\/\/tienda.rigelec.com.ar\/\",\"logo\":{\"@type\":\"ImageObject\",\"inLanguage\":\"es-AR\",\"@id\":\"https:\/\/tienda.rigelec.com.ar\/#\/schema\/logo\/image\/\",\"url\":\"https:\/\/tienda.rigelec.com.ar\/wp-content\/uploads\/2024\/09\/isologo-blanco-rigelec.png\",\"contentUrl\":\"https:\/\/tienda.rigelec.com.ar\/wp-content\/uploads\/2024\/09\/isologo-blanco-rigelec.png\",\"width\":94,\"height\":97,\"caption\":\"Tienda Rigelec\"},\"image\":{\"@id\":\"https:\/\/tienda.rigelec.com.ar\/#\/schema\/logo\/image\/\"}}]}<\/script>\n<!-- \/ Yoast SEO plugin. -->","yoast_head_json":{"title":"METRO CA\u00d1O SUBTERRANEO FLEXIBLE FS 63 63MM - Tienda Rigelec","robots":{"index":"index","follow":"follow","max-snippet":"max-snippet:-1","max-image-preview":"max-image-preview:large","max-video-preview":"max-video-preview:-1"},"canonical":"https:\/\/tienda.rigelec.com.ar\/?product=metro-cano-subterraneo-flexible-fs-63-63mm","og_locale":"es_ES","og_type":"article","og_title":"METRO CA\u00d1O SUBTERRANEO FLEXIBLE FS 63 63MM - Tienda Rigelec","og_description":"CA\u00d1O FLEXIBLE FS 63 (63mm) Cables de referencia: Por el ca\u00f1o entra al menos un ca ble de 3x95+50 (ref Argenplas) Seccion interior: 2206.18mm2 Diametro interior: 53mm Resistencia a la compresion: 450N Material: PEAD Peso: 0.340 kg\/m T\u00ba minima de uso: -40\u00ba T\u00ba maxima de uso: 60\u00ba  Certificado: LCSM-137  Argeflex FS es la evoluci\u00f3n de la canalizaci\u00f3n subterr\u00e1nea. Es un ca\u00f1o flexible, fabricado en polietileno de alta densidad, corrugado, dise\u00f1ado especialmente para la protecci\u00f3n de cables en instalaciones subterr\u00e1neas de energ\u00eda. No requiere protecci\u00f3n mec\u00e1nica adicional (Como ladrillos, hormig\u00f3n, etc.), e incluye una gu\u00eda de acero para facilitar el ingreso de la cinta pasacables en su interior. Adem\u00e1s es flexible, ligero y f\u00e1cil de manejar, lo que agiliza tiempos de instalaci\u00f3n.","og_url":"https:\/\/tienda.rigelec.com.ar\/?product=metro-cano-subterraneo-flexible-fs-63-63mm","og_site_name":"Tienda Rigelec","article_modified_time":"2026-05-05T06:24:41+00:00","twitter_card":"summary_large_image","schema":{"@context":"https:\/\/schema.org","@graph":[{"@type":"WebPage","@id":"https:\/\/tienda.rigelec.com.ar\/?product=metro-cano-subterraneo-flexible-fs-63-63mm","url":"https:\/\/tienda.rigelec.com.ar\/?product=metro-cano-subterraneo-flexible-fs-63-63mm","name":"METRO CA\u00d1O SUBTERRANEO FLEXIBLE FS 63 63MM - Tienda Rigelec","isPartOf":{"@id":"https:\/\/tienda.rigelec.com.ar\/#website"},"primaryImageOfPage":{"@id":"https:\/\/tienda.rigelec.com.ar\/?product=metro-cano-subterraneo-flexible-fs-63-63mm#primaryimage"},"image":{"@id":"https:\/\/tienda.rigelec.com.ar\/?product=metro-cano-subterraneo-flexible-fs-63-63mm#primaryimage"},"thumbnailUrl":"https:\/\/tienda.rigelec.com.ar\/wp-content\/uploads\/2026\/03\/METROCANOSUBTERRANEOFLEXIBLE-4.jpg","datePublished":"2026-03-20T15:18:07+00:00","dateModified":"2026-05-05T06:24:41+00:00","breadcrumb":{"@id":"https:\/\/tienda.rigelec.com.ar\/?product=metro-cano-subterraneo-flexible-fs-63-63mm#breadcrumb"},"inLanguage":"es-AR","potentialAction":[{"@type":"ReadAction","target":["https:\/\/tienda.rigelec.com.ar\/?product=metro-cano-subterraneo-flexible-fs-63-63mm"]}]},{"@type":"ImageObject","inLanguage":"es-AR","@id":"https:\/\/tienda.rigelec.com.ar\/?product=metro-cano-subterraneo-flexible-fs-63-63mm#primaryimage","url":"https:\/\/tienda.rigelec.com.ar\/wp-content\/uploads\/2026\/03\/METROCANOSUBTERRANEOFLEXIBLE-4.jpg","contentUrl":"https:\/\/tienda.rigelec.com.ar\/wp-content\/uploads\/2026\/03\/METROCANOSUBTERRANEOFLEXIBLE-4.jpg","width":600,"height":600},{"@type":"BreadcrumbList","@id":"https:\/\/tienda.rigelec.com.ar\/?product=metro-cano-subterraneo-flexible-fs-63-63mm#breadcrumb","itemListElement":[{"@type":"ListItem","position":1,"name":"Inicio","item":"https:\/\/tienda.rigelec.com.ar\/"},{"@type":"ListItem","position":2,"name":"Shop","item":"https:\/\/tienda.rigelec.com.ar\/?page_id=12"},{"@type":"ListItem","position":3,"name":"METRO CA\u00d1O SUBTERRANEO FLEXIBLE FS 63 63MM"}]},{"@type":"WebSite","@id":"https:\/\/tienda.rigelec.com.ar\/#website","url":"https:\/\/tienda.rigelec.com.ar\/","name":"Tienda Rigelec","description":"Energia en movimiento","publisher":{"@id":"https:\/\/tienda.rigelec.com.ar\/#organization"},"potentialAction":[{"@type":"SearchAction","target":{"@type":"EntryPoint","urlTemplate":"https:\/\/tienda.rigelec.com.ar\/?s={search_term_string}"},"query-input":{"@type":"PropertyValueSpecification","valueRequired":true,"valueName":"search_term_string"}}],"inLanguage":"es-AR"},{"@type":"Organization","@id":"https:\/\/tienda.rigelec.com.ar\/#organization","name":"Tienda Rigelec","url":"https:\/\/tienda.rigelec.com.ar\/","logo":{"@type":"ImageObject","inLanguage":"es-AR","@id":"https:\/\/tienda.rigelec.com.ar\/#\/schema\/logo\/image\/","url":"https:\/\/tienda.rigelec.com.ar\/wp-content\/uploads\/2024\/09\/isologo-blanco-rigelec.png","contentUrl":"https:\/\/tienda.rigelec.com.ar\/wp-content\/uploads\/2024\/09\/isologo-blanco-rigelec.png","width":94,"height":97,"caption":"Tienda Rigelec"},"image":{"@id":"https:\/\/tienda.rigelec.com.ar\/#\/schema\/logo\/image\/"}}]}},"jetpack_sharing_enabled":true,"_links":{"self":[{"href":"https:\/\/tienda.rigelec.com.ar\/index.php?rest_route=\/wp\/v2\/product\/36677","targetHints":{"allow":["GET"]}}],"collection":[{"href":"https:\/\/tienda.rigelec.com.ar\/index.php?rest_route=\/wp\/v2\/product"}],"about":[{"href":"https:\/\/tienda.rigelec.com.ar\/index.php?rest_route=\/wp\/v2\/types\/product"}],"replies":[{"embeddable":true,"href":"https:\/\/tienda.rigelec.com.ar\/index.php?rest_route=%2Fwp%2Fv2%2Fcomments&post=36677"}],"wp:featuredmedia":[{"embeddable":true,"href":"https:\/\/tienda.rigelec.com.ar\/index.php?rest_route=\/wp\/v2\/media\/36678"}],"wp:attachment":[{"href":"https:\/\/tienda.rigelec.com.ar\/index.php?rest_route=%2Fwp%2Fv2%2Fmedia&parent=36677"}],"wp:term":[{"taxonomy":"product_brand","embeddable":true,"href":"https:\/\/tienda.rigelec.com.ar\/index.php?rest_route=%2Fwp%2Fv2%2Fproduct_brand&post=36677"},{"taxonomy":"product_cat","embeddable":true,"href":"https:\/\/tienda.rigelec.com.ar\/index.php?rest_route=%2Fwp%2Fv2%2Fproduct_cat&post=36677"},{"taxonomy":"product_tag","embeddable":true,"href":"https:\/\/tienda.rigelec.com.ar\/index.php?rest_route=%2Fwp%2Fv2%2Fproduct_tag&post=36677"}],"curies":[{"name":"wp","href":"https:\/\/api.w.org\/{rel}","templated":true}]}}