{"id":36693,"date":"2026-03-20T12:18:51","date_gmt":"2026-03-20T15:18:51","guid":{"rendered":"https:\/\/tienda.rigelec.com.ar\/?product=anillo-para-cano-subterraneo-flexible-afs-40-40mm"},"modified":"2026-05-05T03:25:57","modified_gmt":"2026-05-05T06:25:57","slug":"anillo-para-cano-subterraneo-flexible-afs-40-40mm","status":"publish","type":"product","link":"https:\/\/tienda.rigelec.com.ar\/?product=anillo-para-cano-subterraneo-flexible-afs-40-40mm","title":{"rendered":"ANILLO PARA CA\u00d1O SUBTERRANEO FLEXIBLE AFS 40 40MM"},"content":{"rendered":"<p>ANILLO PARA CA\u00d1O SUBTERRANEO FLEXIBLE<\/p>\n","protected":false},"excerpt":{"rendered":"<p>ANILLO DE SELLO 40MM<br \/>\nPeso: 0.002 kg<br \/>\nGrado de proteccion: IP65<br \/>\nMaterial: Elastomero<\/p>\n<p>El anillo de sello AFS fue dise\u00f1ado para ser utilizado en conjunto con el ca\u00f1o flexible subterr\u00e1neo Argeflex FS, fabricado en polietileno de alta densidad, corrugado, dise\u00f1ado especialmente para la protecci\u00f3n de cables en instalaciones subterr\u00e1neas de energ\u00eda. En su instalaci\u00f3n, no requiere protecci\u00f3n mec\u00e1nica adicional (Como ladrillos, hormig\u00f3n, etc.). El anillo de sello se utiliza en conjunto con la cupla Argeflex CFS para generar una uni\u00f3n IP65 entre dos tramos de ca\u00f1o. Por cada uni\u00f3n ser\u00e1 necesario utilizar dos anillos de sello (Uno en cada uno de los extremos de ca\u00f1o a unir). Es especialmente \u00fatil para evitar el ingreso de barro o particulas de tierra fina \/ arenosa dentro de la instalaci\u00f3n a trav\u00e9s de las uniones.<br \/>\nLos ca\u00f1os flexibles subterr\u00e1neos y sus accesorios est\u00e1n certificados bajo norma IEC 61386-24, para uso directamente enterrado sin necesidad de protecci\u00f3n mec\u00e1nica adicional.<\/p>\n","protected":false},"featured_media":36694,"comment_status":"open","ping_status":"closed","template":"","meta":{"_monsterinsights_skip_tracking":false,"_monsterinsights_sitenote_active":false,"_monsterinsights_sitenote_note":"","_monsterinsights_sitenote_category":0},"product_brand":[],"product_cat":[343],"product_tag":[92],"class_list":{"0":"post-36693","1":"product","2":"type-product","3":"status-publish","4":"has-post-thumbnail","6":"product_cat-1-canos-corrugados","7":"product_tag-argeflex","9":"first","10":"outofstock","11":"shipping-taxable","12":"purchasable","13":"product-type-simple"},"yoast_head":"<!-- This site is optimized with the Yoast SEO plugin v25.3.1 - https:\/\/yoast.com\/wordpress\/plugins\/seo\/ -->\n<title>ANILLO PARA CA\u00d1O SUBTERRANEO FLEXIBLE AFS 40 40MM - Tienda Rigelec<\/title>\n<meta name=\"robots\" content=\"index, follow, max-snippet:-1, max-image-preview:large, max-video-preview:-1\" \/>\n<link rel=\"canonical\" href=\"https:\/\/tienda.rigelec.com.ar\/?product=anillo-para-cano-subterraneo-flexible-afs-40-40mm\" \/>\n<meta property=\"og:locale\" content=\"es_ES\" \/>\n<meta property=\"og:type\" content=\"article\" \/>\n<meta property=\"og:title\" content=\"ANILLO PARA CA\u00d1O SUBTERRANEO FLEXIBLE AFS 40 40MM - Tienda Rigelec\" \/>\n<meta property=\"og:description\" content=\"ANILLO DE SELLO 40MM Peso: 0.002 kg Grado de proteccion: IP65 Material: Elastomero  El anillo de sello AFS fue dise\u00f1ado para ser utilizado en conjunto con el ca\u00f1o flexible subterr\u00e1neo Argeflex FS, fabricado en polietileno de alta densidad, corrugado, dise\u00f1ado especialmente para la protecci\u00f3n de cables en instalaciones subterr\u00e1neas de energ\u00eda. En su instalaci\u00f3n, no requiere protecci\u00f3n mec\u00e1nica adicional (Como ladrillos, hormig\u00f3n, etc.). El anillo de sello se utiliza en conjunto con la cupla Argeflex CFS para generar una uni\u00f3n IP65 entre dos tramos de ca\u00f1o. Por cada uni\u00f3n ser\u00e1 necesario utilizar dos anillos de sello (Uno en cada uno de los extremos de ca\u00f1o a unir). Es especialmente \u00fatil para evitar el ingreso de barro o particulas de tierra fina \/ arenosa dentro de la instalaci\u00f3n a trav\u00e9s de las uniones. Los ca\u00f1os flexibles subterr\u00e1neos y sus accesorios est\u00e1n certificados bajo norma IEC 61386-24, para uso directamente enterrado sin necesidad de protecci\u00f3n mec\u00e1nica adicional.\" \/>\n<meta property=\"og:url\" content=\"https:\/\/tienda.rigelec.com.ar\/?product=anillo-para-cano-subterraneo-flexible-afs-40-40mm\" \/>\n<meta property=\"og:site_name\" content=\"Tienda Rigelec\" \/>\n<meta property=\"article:modified_time\" content=\"2026-05-05T06:25:57+00:00\" \/>\n<meta name=\"twitter:card\" content=\"summary_large_image\" \/>\n<script type=\"application\/ld+json\" class=\"yoast-schema-graph\">{\"@context\":\"https:\/\/schema.org\",\"@graph\":[{\"@type\":\"WebPage\",\"@id\":\"https:\/\/tienda.rigelec.com.ar\/?product=anillo-para-cano-subterraneo-flexible-afs-40-40mm\",\"url\":\"https:\/\/tienda.rigelec.com.ar\/?product=anillo-para-cano-subterraneo-flexible-afs-40-40mm\",\"name\":\"ANILLO PARA CA\u00d1O SUBTERRANEO FLEXIBLE AFS 40 40MM - Tienda Rigelec\",\"isPartOf\":{\"@id\":\"https:\/\/tienda.rigelec.com.ar\/#website\"},\"primaryImageOfPage\":{\"@id\":\"https:\/\/tienda.rigelec.com.ar\/?product=anillo-para-cano-subterraneo-flexible-afs-40-40mm#primaryimage\"},\"image\":{\"@id\":\"https:\/\/tienda.rigelec.com.ar\/?product=anillo-para-cano-subterraneo-flexible-afs-40-40mm#primaryimage\"},\"thumbnailUrl\":\"https:\/\/tienda.rigelec.com.ar\/wp-content\/uploads\/2026\/03\/ANILLOPARACANOSUBTERRANEOFLEXIBLE-2.jpg\",\"datePublished\":\"2026-03-20T15:18:51+00:00\",\"dateModified\":\"2026-05-05T06:25:57+00:00\",\"breadcrumb\":{\"@id\":\"https:\/\/tienda.rigelec.com.ar\/?product=anillo-para-cano-subterraneo-flexible-afs-40-40mm#breadcrumb\"},\"inLanguage\":\"es-AR\",\"potentialAction\":[{\"@type\":\"ReadAction\",\"target\":[\"https:\/\/tienda.rigelec.com.ar\/?product=anillo-para-cano-subterraneo-flexible-afs-40-40mm\"]}]},{\"@type\":\"ImageObject\",\"inLanguage\":\"es-AR\",\"@id\":\"https:\/\/tienda.rigelec.com.ar\/?product=anillo-para-cano-subterraneo-flexible-afs-40-40mm#primaryimage\",\"url\":\"https:\/\/tienda.rigelec.com.ar\/wp-content\/uploads\/2026\/03\/ANILLOPARACANOSUBTERRANEOFLEXIBLE-2.jpg\",\"contentUrl\":\"https:\/\/tienda.rigelec.com.ar\/wp-content\/uploads\/2026\/03\/ANILLOPARACANOSUBTERRANEOFLEXIBLE-2.jpg\",\"width\":600,\"height\":600},{\"@type\":\"BreadcrumbList\",\"@id\":\"https:\/\/tienda.rigelec.com.ar\/?product=anillo-para-cano-subterraneo-flexible-afs-40-40mm#breadcrumb\",\"itemListElement\":[{\"@type\":\"ListItem\",\"position\":1,\"name\":\"Inicio\",\"item\":\"https:\/\/tienda.rigelec.com.ar\/\"},{\"@type\":\"ListItem\",\"position\":2,\"name\":\"Shop\",\"item\":\"https:\/\/tienda.rigelec.com.ar\/?page_id=12\"},{\"@type\":\"ListItem\",\"position\":3,\"name\":\"ANILLO PARA CA\u00d1O SUBTERRANEO FLEXIBLE AFS 40 40MM\"}]},{\"@type\":\"WebSite\",\"@id\":\"https:\/\/tienda.rigelec.com.ar\/#website\",\"url\":\"https:\/\/tienda.rigelec.com.ar\/\",\"name\":\"Tienda Rigelec\",\"description\":\"Energia en movimiento\",\"publisher\":{\"@id\":\"https:\/\/tienda.rigelec.com.ar\/#organization\"},\"potentialAction\":[{\"@type\":\"SearchAction\",\"target\":{\"@type\":\"EntryPoint\",\"urlTemplate\":\"https:\/\/tienda.rigelec.com.ar\/?s={search_term_string}\"},\"query-input\":{\"@type\":\"PropertyValueSpecification\",\"valueRequired\":true,\"valueName\":\"search_term_string\"}}],\"inLanguage\":\"es-AR\"},{\"@type\":\"Organization\",\"@id\":\"https:\/\/tienda.rigelec.com.ar\/#organization\",\"name\":\"Tienda Rigelec\",\"url\":\"https:\/\/tienda.rigelec.com.ar\/\",\"logo\":{\"@type\":\"ImageObject\",\"inLanguage\":\"es-AR\",\"@id\":\"https:\/\/tienda.rigelec.com.ar\/#\/schema\/logo\/image\/\",\"url\":\"https:\/\/tienda.rigelec.com.ar\/wp-content\/uploads\/2024\/09\/isologo-blanco-rigelec.png\",\"contentUrl\":\"https:\/\/tienda.rigelec.com.ar\/wp-content\/uploads\/2024\/09\/isologo-blanco-rigelec.png\",\"width\":94,\"height\":97,\"caption\":\"Tienda Rigelec\"},\"image\":{\"@id\":\"https:\/\/tienda.rigelec.com.ar\/#\/schema\/logo\/image\/\"}}]}<\/script>\n<!-- \/ Yoast SEO plugin. -->","yoast_head_json":{"title":"ANILLO PARA CA\u00d1O SUBTERRANEO FLEXIBLE AFS 40 40MM - Tienda Rigelec","robots":{"index":"index","follow":"follow","max-snippet":"max-snippet:-1","max-image-preview":"max-image-preview:large","max-video-preview":"max-video-preview:-1"},"canonical":"https:\/\/tienda.rigelec.com.ar\/?product=anillo-para-cano-subterraneo-flexible-afs-40-40mm","og_locale":"es_ES","og_type":"article","og_title":"ANILLO PARA CA\u00d1O SUBTERRANEO FLEXIBLE AFS 40 40MM - Tienda Rigelec","og_description":"ANILLO DE SELLO 40MM Peso: 0.002 kg Grado de proteccion: IP65 Material: Elastomero  El anillo de sello AFS fue dise\u00f1ado para ser utilizado en conjunto con el ca\u00f1o flexible subterr\u00e1neo Argeflex FS, fabricado en polietileno de alta densidad, corrugado, dise\u00f1ado especialmente para la protecci\u00f3n de cables en instalaciones subterr\u00e1neas de energ\u00eda. En su instalaci\u00f3n, no requiere protecci\u00f3n mec\u00e1nica adicional (Como ladrillos, hormig\u00f3n, etc.). El anillo de sello se utiliza en conjunto con la cupla Argeflex CFS para generar una uni\u00f3n IP65 entre dos tramos de ca\u00f1o. Por cada uni\u00f3n ser\u00e1 necesario utilizar dos anillos de sello (Uno en cada uno de los extremos de ca\u00f1o a unir). Es especialmente \u00fatil para evitar el ingreso de barro o particulas de tierra fina \/ arenosa dentro de la instalaci\u00f3n a trav\u00e9s de las uniones. Los ca\u00f1os flexibles subterr\u00e1neos y sus accesorios est\u00e1n certificados bajo norma IEC 61386-24, para uso directamente enterrado sin necesidad de protecci\u00f3n mec\u00e1nica adicional.","og_url":"https:\/\/tienda.rigelec.com.ar\/?product=anillo-para-cano-subterraneo-flexible-afs-40-40mm","og_site_name":"Tienda Rigelec","article_modified_time":"2026-05-05T06:25:57+00:00","twitter_card":"summary_large_image","schema":{"@context":"https:\/\/schema.org","@graph":[{"@type":"WebPage","@id":"https:\/\/tienda.rigelec.com.ar\/?product=anillo-para-cano-subterraneo-flexible-afs-40-40mm","url":"https:\/\/tienda.rigelec.com.ar\/?product=anillo-para-cano-subterraneo-flexible-afs-40-40mm","name":"ANILLO PARA CA\u00d1O SUBTERRANEO FLEXIBLE AFS 40 40MM - Tienda Rigelec","isPartOf":{"@id":"https:\/\/tienda.rigelec.com.ar\/#website"},"primaryImageOfPage":{"@id":"https:\/\/tienda.rigelec.com.ar\/?product=anillo-para-cano-subterraneo-flexible-afs-40-40mm#primaryimage"},"image":{"@id":"https:\/\/tienda.rigelec.com.ar\/?product=anillo-para-cano-subterraneo-flexible-afs-40-40mm#primaryimage"},"thumbnailUrl":"https:\/\/tienda.rigelec.com.ar\/wp-content\/uploads\/2026\/03\/ANILLOPARACANOSUBTERRANEOFLEXIBLE-2.jpg","datePublished":"2026-03-20T15:18:51+00:00","dateModified":"2026-05-05T06:25:57+00:00","breadcrumb":{"@id":"https:\/\/tienda.rigelec.com.ar\/?product=anillo-para-cano-subterraneo-flexible-afs-40-40mm#breadcrumb"},"inLanguage":"es-AR","potentialAction":[{"@type":"ReadAction","target":["https:\/\/tienda.rigelec.com.ar\/?product=anillo-para-cano-subterraneo-flexible-afs-40-40mm"]}]},{"@type":"ImageObject","inLanguage":"es-AR","@id":"https:\/\/tienda.rigelec.com.ar\/?product=anillo-para-cano-subterraneo-flexible-afs-40-40mm#primaryimage","url":"https:\/\/tienda.rigelec.com.ar\/wp-content\/uploads\/2026\/03\/ANILLOPARACANOSUBTERRANEOFLEXIBLE-2.jpg","contentUrl":"https:\/\/tienda.rigelec.com.ar\/wp-content\/uploads\/2026\/03\/ANILLOPARACANOSUBTERRANEOFLEXIBLE-2.jpg","width":600,"height":600},{"@type":"BreadcrumbList","@id":"https:\/\/tienda.rigelec.com.ar\/?product=anillo-para-cano-subterraneo-flexible-afs-40-40mm#breadcrumb","itemListElement":[{"@type":"ListItem","position":1,"name":"Inicio","item":"https:\/\/tienda.rigelec.com.ar\/"},{"@type":"ListItem","position":2,"name":"Shop","item":"https:\/\/tienda.rigelec.com.ar\/?page_id=12"},{"@type":"ListItem","position":3,"name":"ANILLO PARA CA\u00d1O SUBTERRANEO FLEXIBLE AFS 40 40MM"}]},{"@type":"WebSite","@id":"https:\/\/tienda.rigelec.com.ar\/#website","url":"https:\/\/tienda.rigelec.com.ar\/","name":"Tienda Rigelec","description":"Energia en movimiento","publisher":{"@id":"https:\/\/tienda.rigelec.com.ar\/#organization"},"potentialAction":[{"@type":"SearchAction","target":{"@type":"EntryPoint","urlTemplate":"https:\/\/tienda.rigelec.com.ar\/?s={search_term_string}"},"query-input":{"@type":"PropertyValueSpecification","valueRequired":true,"valueName":"search_term_string"}}],"inLanguage":"es-AR"},{"@type":"Organization","@id":"https:\/\/tienda.rigelec.com.ar\/#organization","name":"Tienda Rigelec","url":"https:\/\/tienda.rigelec.com.ar\/","logo":{"@type":"ImageObject","inLanguage":"es-AR","@id":"https:\/\/tienda.rigelec.com.ar\/#\/schema\/logo\/image\/","url":"https:\/\/tienda.rigelec.com.ar\/wp-content\/uploads\/2024\/09\/isologo-blanco-rigelec.png","contentUrl":"https:\/\/tienda.rigelec.com.ar\/wp-content\/uploads\/2024\/09\/isologo-blanco-rigelec.png","width":94,"height":97,"caption":"Tienda Rigelec"},"image":{"@id":"https:\/\/tienda.rigelec.com.ar\/#\/schema\/logo\/image\/"}}]}},"jetpack_sharing_enabled":true,"_links":{"self":[{"href":"https:\/\/tienda.rigelec.com.ar\/index.php?rest_route=\/wp\/v2\/product\/36693","targetHints":{"allow":["GET"]}}],"collection":[{"href":"https:\/\/tienda.rigelec.com.ar\/index.php?rest_route=\/wp\/v2\/product"}],"about":[{"href":"https:\/\/tienda.rigelec.com.ar\/index.php?rest_route=\/wp\/v2\/types\/product"}],"replies":[{"embeddable":true,"href":"https:\/\/tienda.rigelec.com.ar\/index.php?rest_route=%2Fwp%2Fv2%2Fcomments&post=36693"}],"wp:featuredmedia":[{"embeddable":true,"href":"https:\/\/tienda.rigelec.com.ar\/index.php?rest_route=\/wp\/v2\/media\/36694"}],"wp:attachment":[{"href":"https:\/\/tienda.rigelec.com.ar\/index.php?rest_route=%2Fwp%2Fv2%2Fmedia&parent=36693"}],"wp:term":[{"taxonomy":"product_brand","embeddable":true,"href":"https:\/\/tienda.rigelec.com.ar\/index.php?rest_route=%2Fwp%2Fv2%2Fproduct_brand&post=36693"},{"taxonomy":"product_cat","embeddable":true,"href":"https:\/\/tienda.rigelec.com.ar\/index.php?rest_route=%2Fwp%2Fv2%2Fproduct_cat&post=36693"},{"taxonomy":"product_tag","embeddable":true,"href":"https:\/\/tienda.rigelec.com.ar\/index.php?rest_route=%2Fwp%2Fv2%2Fproduct_tag&post=36693"}],"curies":[{"name":"wp","href":"https:\/\/api.w.org\/{rel}","templated":true}]}}