{"id":36711,"date":"2026-03-20T12:19:44","date_gmt":"2026-03-20T15:19:44","guid":{"rendered":"https:\/\/tienda.rigelec.com.ar\/?product=rele-control-fases-multifuncion-rm35tf-5a-208-480-vca"},"modified":"2026-05-06T06:44:52","modified_gmt":"2026-05-06T09:44:52","slug":"rele-control-fases-multifuncion-rm35tf-5a-208-480-vca","status":"publish","type":"product","link":"https:\/\/tienda.rigelec.com.ar\/?product=rele-control-fases-multifuncion-rm35tf-5a-208-480-vca","title":{"rendered":"RELE CONTROL FASES MULTIFUNCION RM35TF 5A &#8211; 208-480 VCA"},"content":{"rendered":"<p>RELE CONTROL FASES MULTIFUNCION<\/p>\n","protected":false},"excerpt":{"rendered":"<p>par\u00e1metros monitorizados del rel\u00e9:<br \/>\nTensi\u00f3n baja y sobretensi\u00f3n en modo ventana<br \/>\nSecuencia de fase<br \/>\nDetecci\u00f3n fallo de fase<br \/>\nAsimetr\u00eda<\/p>\n<p>Dise\u00f1o simplificado del tablero debido a que el ancho de 35 mm es el mismo que el del interruptor autom\u00e1tico de 3 polos<br \/>\nDetecci\u00f3n autom\u00e1tica de valores el\u00e9ctricos anormales, lo que reduce tus costos de mantenimiento y tiempo de inactividad<br \/>\nCubierta transparente para proteger los ajustes contra manipulaci\u00f3n y reducci\u00f3n del mantenimiento<br \/>\nControlador multifunci\u00f3n para una amplia gama de opciones seleccionadas en sistemas automatizados l\u00f3gicos con cableado<br \/>\nM\u00faltiples funciones: le proporciona flexibilidad en el mantenimiento, reduciendo la variedad de productos para almacenar<\/p>\n","protected":false},"featured_media":36712,"comment_status":"open","ping_status":"closed","template":"","meta":{"_monsterinsights_skip_tracking":false,"_monsterinsights_sitenote_active":false,"_monsterinsights_sitenote_note":"","_monsterinsights_sitenote_category":0},"product_brand":[],"product_cat":[335],"product_tag":[450],"class_list":{"0":"post-36711","1":"product","2":"type-product","3":"status-publish","4":"has-post-thumbnail","6":"product_cat-i-relevo","7":"product_tag-schneider","9":"first","10":"outofstock","11":"shipping-taxable","12":"purchasable","13":"product-type-simple"},"yoast_head":"<!-- This site is optimized with the Yoast SEO plugin v25.3.1 - https:\/\/yoast.com\/wordpress\/plugins\/seo\/ -->\n<title>RELE CONTROL FASES MULTIFUNCION RM35TF 5A - 208-480 VCA - Tienda Rigelec<\/title>\n<meta name=\"robots\" content=\"index, follow, max-snippet:-1, max-image-preview:large, max-video-preview:-1\" \/>\n<link rel=\"canonical\" href=\"https:\/\/tienda.rigelec.com.ar\/?product=rele-control-fases-multifuncion-rm35tf-5a-208-480-vca\" \/>\n<meta property=\"og:locale\" content=\"es_ES\" \/>\n<meta property=\"og:type\" content=\"article\" \/>\n<meta property=\"og:title\" content=\"RELE CONTROL FASES MULTIFUNCION RM35TF 5A - 208-480 VCA - Tienda Rigelec\" \/>\n<meta property=\"og:description\" content=\"par\u00e1metros monitorizados del rel\u00e9: Tensi\u00f3n baja y sobretensi\u00f3n en modo ventana Secuencia de fase Detecci\u00f3n fallo de fase Asimetr\u00eda  Dise\u00f1o simplificado del tablero debido a que el ancho de 35 mm es el mismo que el del interruptor autom\u00e1tico de 3 polos Detecci\u00f3n autom\u00e1tica de valores el\u00e9ctricos anormales, lo que reduce tus costos de mantenimiento y tiempo de inactividad Cubierta transparente para proteger los ajustes contra manipulaci\u00f3n y reducci\u00f3n del mantenimiento Controlador multifunci\u00f3n para una amplia gama de opciones seleccionadas en sistemas automatizados l\u00f3gicos con cableado M\u00faltiples funciones: le proporciona flexibilidad en el mantenimiento, reduciendo la variedad de productos para almacenar\" \/>\n<meta property=\"og:url\" content=\"https:\/\/tienda.rigelec.com.ar\/?product=rele-control-fases-multifuncion-rm35tf-5a-208-480-vca\" \/>\n<meta property=\"og:site_name\" content=\"Tienda Rigelec\" \/>\n<meta property=\"article:modified_time\" content=\"2026-05-06T09:44:52+00:00\" \/>\n<meta name=\"twitter:card\" content=\"summary_large_image\" \/>\n<script type=\"application\/ld+json\" class=\"yoast-schema-graph\">{\"@context\":\"https:\/\/schema.org\",\"@graph\":[{\"@type\":\"WebPage\",\"@id\":\"https:\/\/tienda.rigelec.com.ar\/?product=rele-control-fases-multifuncion-rm35tf-5a-208-480-vca\",\"url\":\"https:\/\/tienda.rigelec.com.ar\/?product=rele-control-fases-multifuncion-rm35tf-5a-208-480-vca\",\"name\":\"RELE CONTROL FASES MULTIFUNCION RM35TF 5A - 208-480 VCA - Tienda Rigelec\",\"isPartOf\":{\"@id\":\"https:\/\/tienda.rigelec.com.ar\/#website\"},\"primaryImageOfPage\":{\"@id\":\"https:\/\/tienda.rigelec.com.ar\/?product=rele-control-fases-multifuncion-rm35tf-5a-208-480-vca#primaryimage\"},\"image\":{\"@id\":\"https:\/\/tienda.rigelec.com.ar\/?product=rele-control-fases-multifuncion-rm35tf-5a-208-480-vca#primaryimage\"},\"thumbnailUrl\":\"https:\/\/tienda.rigelec.com.ar\/wp-content\/uploads\/2026\/03\/RELECONTROLFASESMULTIFUNCION.jpg\",\"datePublished\":\"2026-03-20T15:19:44+00:00\",\"dateModified\":\"2026-05-06T09:44:52+00:00\",\"breadcrumb\":{\"@id\":\"https:\/\/tienda.rigelec.com.ar\/?product=rele-control-fases-multifuncion-rm35tf-5a-208-480-vca#breadcrumb\"},\"inLanguage\":\"es-AR\",\"potentialAction\":[{\"@type\":\"ReadAction\",\"target\":[\"https:\/\/tienda.rigelec.com.ar\/?product=rele-control-fases-multifuncion-rm35tf-5a-208-480-vca\"]}]},{\"@type\":\"ImageObject\",\"inLanguage\":\"es-AR\",\"@id\":\"https:\/\/tienda.rigelec.com.ar\/?product=rele-control-fases-multifuncion-rm35tf-5a-208-480-vca#primaryimage\",\"url\":\"https:\/\/tienda.rigelec.com.ar\/wp-content\/uploads\/2026\/03\/RELECONTROLFASESMULTIFUNCION.jpg\",\"contentUrl\":\"https:\/\/tienda.rigelec.com.ar\/wp-content\/uploads\/2026\/03\/RELECONTROLFASESMULTIFUNCION.jpg\",\"width\":410,\"height\":504},{\"@type\":\"BreadcrumbList\",\"@id\":\"https:\/\/tienda.rigelec.com.ar\/?product=rele-control-fases-multifuncion-rm35tf-5a-208-480-vca#breadcrumb\",\"itemListElement\":[{\"@type\":\"ListItem\",\"position\":1,\"name\":\"Inicio\",\"item\":\"https:\/\/tienda.rigelec.com.ar\/\"},{\"@type\":\"ListItem\",\"position\":2,\"name\":\"Shop\",\"item\":\"https:\/\/tienda.rigelec.com.ar\/?page_id=12\"},{\"@type\":\"ListItem\",\"position\":3,\"name\":\"RELE CONTROL FASES MULTIFUNCION RM35TF 5A &#8211; 208-480 VCA\"}]},{\"@type\":\"WebSite\",\"@id\":\"https:\/\/tienda.rigelec.com.ar\/#website\",\"url\":\"https:\/\/tienda.rigelec.com.ar\/\",\"name\":\"Tienda Rigelec\",\"description\":\"Energia en movimiento\",\"publisher\":{\"@id\":\"https:\/\/tienda.rigelec.com.ar\/#organization\"},\"potentialAction\":[{\"@type\":\"SearchAction\",\"target\":{\"@type\":\"EntryPoint\",\"urlTemplate\":\"https:\/\/tienda.rigelec.com.ar\/?s={search_term_string}\"},\"query-input\":{\"@type\":\"PropertyValueSpecification\",\"valueRequired\":true,\"valueName\":\"search_term_string\"}}],\"inLanguage\":\"es-AR\"},{\"@type\":\"Organization\",\"@id\":\"https:\/\/tienda.rigelec.com.ar\/#organization\",\"name\":\"Tienda Rigelec\",\"url\":\"https:\/\/tienda.rigelec.com.ar\/\",\"logo\":{\"@type\":\"ImageObject\",\"inLanguage\":\"es-AR\",\"@id\":\"https:\/\/tienda.rigelec.com.ar\/#\/schema\/logo\/image\/\",\"url\":\"https:\/\/tienda.rigelec.com.ar\/wp-content\/uploads\/2024\/09\/isologo-blanco-rigelec.png\",\"contentUrl\":\"https:\/\/tienda.rigelec.com.ar\/wp-content\/uploads\/2024\/09\/isologo-blanco-rigelec.png\",\"width\":94,\"height\":97,\"caption\":\"Tienda Rigelec\"},\"image\":{\"@id\":\"https:\/\/tienda.rigelec.com.ar\/#\/schema\/logo\/image\/\"}}]}<\/script>\n<!-- \/ Yoast SEO plugin. -->","yoast_head_json":{"title":"RELE CONTROL FASES MULTIFUNCION RM35TF 5A - 208-480 VCA - Tienda Rigelec","robots":{"index":"index","follow":"follow","max-snippet":"max-snippet:-1","max-image-preview":"max-image-preview:large","max-video-preview":"max-video-preview:-1"},"canonical":"https:\/\/tienda.rigelec.com.ar\/?product=rele-control-fases-multifuncion-rm35tf-5a-208-480-vca","og_locale":"es_ES","og_type":"article","og_title":"RELE CONTROL FASES MULTIFUNCION RM35TF 5A - 208-480 VCA - Tienda Rigelec","og_description":"par\u00e1metros monitorizados del rel\u00e9: Tensi\u00f3n baja y sobretensi\u00f3n en modo ventana Secuencia de fase Detecci\u00f3n fallo de fase Asimetr\u00eda  Dise\u00f1o simplificado del tablero debido a que el ancho de 35 mm es el mismo que el del interruptor autom\u00e1tico de 3 polos Detecci\u00f3n autom\u00e1tica de valores el\u00e9ctricos anormales, lo que reduce tus costos de mantenimiento y tiempo de inactividad Cubierta transparente para proteger los ajustes contra manipulaci\u00f3n y reducci\u00f3n del mantenimiento Controlador multifunci\u00f3n para una amplia gama de opciones seleccionadas en sistemas automatizados l\u00f3gicos con cableado M\u00faltiples funciones: le proporciona flexibilidad en el mantenimiento, reduciendo la variedad de productos para almacenar","og_url":"https:\/\/tienda.rigelec.com.ar\/?product=rele-control-fases-multifuncion-rm35tf-5a-208-480-vca","og_site_name":"Tienda Rigelec","article_modified_time":"2026-05-06T09:44:52+00:00","twitter_card":"summary_large_image","schema":{"@context":"https:\/\/schema.org","@graph":[{"@type":"WebPage","@id":"https:\/\/tienda.rigelec.com.ar\/?product=rele-control-fases-multifuncion-rm35tf-5a-208-480-vca","url":"https:\/\/tienda.rigelec.com.ar\/?product=rele-control-fases-multifuncion-rm35tf-5a-208-480-vca","name":"RELE CONTROL FASES MULTIFUNCION RM35TF 5A - 208-480 VCA - Tienda Rigelec","isPartOf":{"@id":"https:\/\/tienda.rigelec.com.ar\/#website"},"primaryImageOfPage":{"@id":"https:\/\/tienda.rigelec.com.ar\/?product=rele-control-fases-multifuncion-rm35tf-5a-208-480-vca#primaryimage"},"image":{"@id":"https:\/\/tienda.rigelec.com.ar\/?product=rele-control-fases-multifuncion-rm35tf-5a-208-480-vca#primaryimage"},"thumbnailUrl":"https:\/\/tienda.rigelec.com.ar\/wp-content\/uploads\/2026\/03\/RELECONTROLFASESMULTIFUNCION.jpg","datePublished":"2026-03-20T15:19:44+00:00","dateModified":"2026-05-06T09:44:52+00:00","breadcrumb":{"@id":"https:\/\/tienda.rigelec.com.ar\/?product=rele-control-fases-multifuncion-rm35tf-5a-208-480-vca#breadcrumb"},"inLanguage":"es-AR","potentialAction":[{"@type":"ReadAction","target":["https:\/\/tienda.rigelec.com.ar\/?product=rele-control-fases-multifuncion-rm35tf-5a-208-480-vca"]}]},{"@type":"ImageObject","inLanguage":"es-AR","@id":"https:\/\/tienda.rigelec.com.ar\/?product=rele-control-fases-multifuncion-rm35tf-5a-208-480-vca#primaryimage","url":"https:\/\/tienda.rigelec.com.ar\/wp-content\/uploads\/2026\/03\/RELECONTROLFASESMULTIFUNCION.jpg","contentUrl":"https:\/\/tienda.rigelec.com.ar\/wp-content\/uploads\/2026\/03\/RELECONTROLFASESMULTIFUNCION.jpg","width":410,"height":504},{"@type":"BreadcrumbList","@id":"https:\/\/tienda.rigelec.com.ar\/?product=rele-control-fases-multifuncion-rm35tf-5a-208-480-vca#breadcrumb","itemListElement":[{"@type":"ListItem","position":1,"name":"Inicio","item":"https:\/\/tienda.rigelec.com.ar\/"},{"@type":"ListItem","position":2,"name":"Shop","item":"https:\/\/tienda.rigelec.com.ar\/?page_id=12"},{"@type":"ListItem","position":3,"name":"RELE CONTROL FASES MULTIFUNCION RM35TF 5A &#8211; 208-480 VCA"}]},{"@type":"WebSite","@id":"https:\/\/tienda.rigelec.com.ar\/#website","url":"https:\/\/tienda.rigelec.com.ar\/","name":"Tienda Rigelec","description":"Energia en movimiento","publisher":{"@id":"https:\/\/tienda.rigelec.com.ar\/#organization"},"potentialAction":[{"@type":"SearchAction","target":{"@type":"EntryPoint","urlTemplate":"https:\/\/tienda.rigelec.com.ar\/?s={search_term_string}"},"query-input":{"@type":"PropertyValueSpecification","valueRequired":true,"valueName":"search_term_string"}}],"inLanguage":"es-AR"},{"@type":"Organization","@id":"https:\/\/tienda.rigelec.com.ar\/#organization","name":"Tienda Rigelec","url":"https:\/\/tienda.rigelec.com.ar\/","logo":{"@type":"ImageObject","inLanguage":"es-AR","@id":"https:\/\/tienda.rigelec.com.ar\/#\/schema\/logo\/image\/","url":"https:\/\/tienda.rigelec.com.ar\/wp-content\/uploads\/2024\/09\/isologo-blanco-rigelec.png","contentUrl":"https:\/\/tienda.rigelec.com.ar\/wp-content\/uploads\/2024\/09\/isologo-blanco-rigelec.png","width":94,"height":97,"caption":"Tienda Rigelec"},"image":{"@id":"https:\/\/tienda.rigelec.com.ar\/#\/schema\/logo\/image\/"}}]}},"jetpack_sharing_enabled":true,"_links":{"self":[{"href":"https:\/\/tienda.rigelec.com.ar\/index.php?rest_route=\/wp\/v2\/product\/36711","targetHints":{"allow":["GET"]}}],"collection":[{"href":"https:\/\/tienda.rigelec.com.ar\/index.php?rest_route=\/wp\/v2\/product"}],"about":[{"href":"https:\/\/tienda.rigelec.com.ar\/index.php?rest_route=\/wp\/v2\/types\/product"}],"replies":[{"embeddable":true,"href":"https:\/\/tienda.rigelec.com.ar\/index.php?rest_route=%2Fwp%2Fv2%2Fcomments&post=36711"}],"wp:featuredmedia":[{"embeddable":true,"href":"https:\/\/tienda.rigelec.com.ar\/index.php?rest_route=\/wp\/v2\/media\/36712"}],"wp:attachment":[{"href":"https:\/\/tienda.rigelec.com.ar\/index.php?rest_route=%2Fwp%2Fv2%2Fmedia&parent=36711"}],"wp:term":[{"taxonomy":"product_brand","embeddable":true,"href":"https:\/\/tienda.rigelec.com.ar\/index.php?rest_route=%2Fwp%2Fv2%2Fproduct_brand&post=36711"},{"taxonomy":"product_cat","embeddable":true,"href":"https:\/\/tienda.rigelec.com.ar\/index.php?rest_route=%2Fwp%2Fv2%2Fproduct_cat&post=36711"},{"taxonomy":"product_tag","embeddable":true,"href":"https:\/\/tienda.rigelec.com.ar\/index.php?rest_route=%2Fwp%2Fv2%2Fproduct_tag&post=36711"}],"curies":[{"name":"wp","href":"https:\/\/api.w.org\/{rel}","templated":true}]}}