{"id":36717,"date":"2026-03-21T01:17:36","date_gmt":"2026-03-21T04:17:36","guid":{"rendered":"https:\/\/tienda.rigelec.com.ar\/?product=diferencial-4x63a-nxl-63-clase-a-300ma-400v-6ka"},"modified":"2026-05-05T17:07:08","modified_gmt":"2026-05-05T20:07:08","slug":"diferencial-4x63a-nxl-63-clase-a-300ma-400v-6ka","status":"publish","type":"product","link":"https:\/\/tienda.rigelec.com.ar\/?product=diferencial-4x63a-nxl-63-clase-a-300ma-400v-6ka","title":{"rendered":"DIFERENCIAL 4X63A NXL-63 &#8211; CLASE A 300MA &#8211; 400V &#8211; 6KA"},"content":{"rendered":"<p>DIFERENCIAL 4X63A<\/p>\n","protected":false},"excerpt":{"rendered":"<p>Informaci\u00f3n f\u00edsica.<br \/>\n* Tensi\u00f3n: 400VAC<br \/>\n* Corriente: 63A<br \/>\n* N\u00b0 de polos: 4P<br \/>\n* Grado de protecci\u00f3n: IP20<br \/>\n* En cumplimiento con norma: IEC\/EN 61008-1<br \/>\n* Clase: A &#8211; PULSANTE<br \/>\n* Ciclos mecanicos: 2000<br \/>\n* Ciclos el\u00e9ctricos: 2000<br \/>\n* Corriente de cortocircuito: 6kA<\/p>\n","protected":false},"featured_media":36718,"comment_status":"open","ping_status":"closed","template":"","meta":{"_monsterinsights_skip_tracking":false,"_monsterinsights_sitenote_active":false,"_monsterinsights_sitenote_note":"","_monsterinsights_sitenote_category":0},"product_brand":[],"product_cat":[267],"product_tag":[430],"class_list":{"0":"post-36717","1":"product","2":"type-product","3":"status-publish","4":"has-post-thumbnail","6":"product_cat-b-diferencial","7":"product_tag-chint","9":"first","10":"outofstock","11":"shipping-taxable","12":"purchasable","13":"product-type-simple"},"yoast_head":"<!-- This site is optimized with the Yoast SEO plugin v25.3.1 - https:\/\/yoast.com\/wordpress\/plugins\/seo\/ -->\n<title>DIFERENCIAL 4X63A NXL-63 - CLASE A 300MA - 400V - 6KA - Tienda Rigelec<\/title>\n<meta name=\"robots\" content=\"index, follow, max-snippet:-1, max-image-preview:large, max-video-preview:-1\" \/>\n<link rel=\"canonical\" href=\"https:\/\/tienda.rigelec.com.ar\/?product=diferencial-4x63a-nxl-63-clase-a-300ma-400v-6ka\" \/>\n<meta property=\"og:locale\" content=\"es_ES\" \/>\n<meta property=\"og:type\" content=\"article\" \/>\n<meta property=\"og:title\" content=\"DIFERENCIAL 4X63A NXL-63 - CLASE A 300MA - 400V - 6KA - Tienda Rigelec\" \/>\n<meta property=\"og:description\" content=\"Informaci\u00f3n f\u00edsica. * Tensi\u00f3n: 400VAC * Corriente: 63A * N\u00b0 de polos: 4P * Grado de protecci\u00f3n: IP20 * En cumplimiento con norma: IEC\/EN 61008-1 * Clase: A - PULSANTE * Ciclos mecanicos: 2000 * Ciclos el\u00e9ctricos: 2000 * Corriente de cortocircuito: 6kA\" \/>\n<meta property=\"og:url\" content=\"https:\/\/tienda.rigelec.com.ar\/?product=diferencial-4x63a-nxl-63-clase-a-300ma-400v-6ka\" \/>\n<meta property=\"og:site_name\" content=\"Tienda Rigelec\" \/>\n<meta property=\"article:modified_time\" content=\"2026-05-05T20:07:08+00:00\" \/>\n<meta name=\"twitter:card\" content=\"summary_large_image\" \/>\n<script type=\"application\/ld+json\" class=\"yoast-schema-graph\">{\"@context\":\"https:\/\/schema.org\",\"@graph\":[{\"@type\":\"WebPage\",\"@id\":\"https:\/\/tienda.rigelec.com.ar\/?product=diferencial-4x63a-nxl-63-clase-a-300ma-400v-6ka\",\"url\":\"https:\/\/tienda.rigelec.com.ar\/?product=diferencial-4x63a-nxl-63-clase-a-300ma-400v-6ka\",\"name\":\"DIFERENCIAL 4X63A NXL-63 - CLASE A 300MA - 400V - 6KA - Tienda Rigelec\",\"isPartOf\":{\"@id\":\"https:\/\/tienda.rigelec.com.ar\/#website\"},\"primaryImageOfPage\":{\"@id\":\"https:\/\/tienda.rigelec.com.ar\/?product=diferencial-4x63a-nxl-63-clase-a-300ma-400v-6ka#primaryimage\"},\"image\":{\"@id\":\"https:\/\/tienda.rigelec.com.ar\/?product=diferencial-4x63a-nxl-63-clase-a-300ma-400v-6ka#primaryimage\"},\"thumbnailUrl\":\"https:\/\/tienda.rigelec.com.ar\/wp-content\/uploads\/2026\/03\/DIFERENCIAL4X63A.jpg\",\"datePublished\":\"2026-03-21T04:17:36+00:00\",\"dateModified\":\"2026-05-05T20:07:08+00:00\",\"breadcrumb\":{\"@id\":\"https:\/\/tienda.rigelec.com.ar\/?product=diferencial-4x63a-nxl-63-clase-a-300ma-400v-6ka#breadcrumb\"},\"inLanguage\":\"es-AR\",\"potentialAction\":[{\"@type\":\"ReadAction\",\"target\":[\"https:\/\/tienda.rigelec.com.ar\/?product=diferencial-4x63a-nxl-63-clase-a-300ma-400v-6ka\"]}]},{\"@type\":\"ImageObject\",\"inLanguage\":\"es-AR\",\"@id\":\"https:\/\/tienda.rigelec.com.ar\/?product=diferencial-4x63a-nxl-63-clase-a-300ma-400v-6ka#primaryimage\",\"url\":\"https:\/\/tienda.rigelec.com.ar\/wp-content\/uploads\/2026\/03\/DIFERENCIAL4X63A.jpg\",\"contentUrl\":\"https:\/\/tienda.rigelec.com.ar\/wp-content\/uploads\/2026\/03\/DIFERENCIAL4X63A.jpg\",\"width\":1080,\"height\":959},{\"@type\":\"BreadcrumbList\",\"@id\":\"https:\/\/tienda.rigelec.com.ar\/?product=diferencial-4x63a-nxl-63-clase-a-300ma-400v-6ka#breadcrumb\",\"itemListElement\":[{\"@type\":\"ListItem\",\"position\":1,\"name\":\"Inicio\",\"item\":\"https:\/\/tienda.rigelec.com.ar\/\"},{\"@type\":\"ListItem\",\"position\":2,\"name\":\"Shop\",\"item\":\"https:\/\/tienda.rigelec.com.ar\/?page_id=12\"},{\"@type\":\"ListItem\",\"position\":3,\"name\":\"DIFERENCIAL 4X63A NXL-63 &#8211; CLASE A 300MA &#8211; 400V &#8211; 6KA\"}]},{\"@type\":\"WebSite\",\"@id\":\"https:\/\/tienda.rigelec.com.ar\/#website\",\"url\":\"https:\/\/tienda.rigelec.com.ar\/\",\"name\":\"Tienda Rigelec\",\"description\":\"Energia en movimiento\",\"publisher\":{\"@id\":\"https:\/\/tienda.rigelec.com.ar\/#organization\"},\"potentialAction\":[{\"@type\":\"SearchAction\",\"target\":{\"@type\":\"EntryPoint\",\"urlTemplate\":\"https:\/\/tienda.rigelec.com.ar\/?s={search_term_string}\"},\"query-input\":{\"@type\":\"PropertyValueSpecification\",\"valueRequired\":true,\"valueName\":\"search_term_string\"}}],\"inLanguage\":\"es-AR\"},{\"@type\":\"Organization\",\"@id\":\"https:\/\/tienda.rigelec.com.ar\/#organization\",\"name\":\"Tienda Rigelec\",\"url\":\"https:\/\/tienda.rigelec.com.ar\/\",\"logo\":{\"@type\":\"ImageObject\",\"inLanguage\":\"es-AR\",\"@id\":\"https:\/\/tienda.rigelec.com.ar\/#\/schema\/logo\/image\/\",\"url\":\"https:\/\/tienda.rigelec.com.ar\/wp-content\/uploads\/2024\/09\/isologo-blanco-rigelec.png\",\"contentUrl\":\"https:\/\/tienda.rigelec.com.ar\/wp-content\/uploads\/2024\/09\/isologo-blanco-rigelec.png\",\"width\":94,\"height\":97,\"caption\":\"Tienda Rigelec\"},\"image\":{\"@id\":\"https:\/\/tienda.rigelec.com.ar\/#\/schema\/logo\/image\/\"}}]}<\/script>\n<!-- \/ Yoast SEO plugin. -->","yoast_head_json":{"title":"DIFERENCIAL 4X63A NXL-63 - CLASE A 300MA - 400V - 6KA - Tienda Rigelec","robots":{"index":"index","follow":"follow","max-snippet":"max-snippet:-1","max-image-preview":"max-image-preview:large","max-video-preview":"max-video-preview:-1"},"canonical":"https:\/\/tienda.rigelec.com.ar\/?product=diferencial-4x63a-nxl-63-clase-a-300ma-400v-6ka","og_locale":"es_ES","og_type":"article","og_title":"DIFERENCIAL 4X63A NXL-63 - CLASE A 300MA - 400V - 6KA - Tienda Rigelec","og_description":"Informaci\u00f3n f\u00edsica. * Tensi\u00f3n: 400VAC * Corriente: 63A * N\u00b0 de polos: 4P * Grado de protecci\u00f3n: IP20 * En cumplimiento con norma: IEC\/EN 61008-1 * Clase: A - PULSANTE * Ciclos mecanicos: 2000 * Ciclos el\u00e9ctricos: 2000 * Corriente de cortocircuito: 6kA","og_url":"https:\/\/tienda.rigelec.com.ar\/?product=diferencial-4x63a-nxl-63-clase-a-300ma-400v-6ka","og_site_name":"Tienda Rigelec","article_modified_time":"2026-05-05T20:07:08+00:00","twitter_card":"summary_large_image","schema":{"@context":"https:\/\/schema.org","@graph":[{"@type":"WebPage","@id":"https:\/\/tienda.rigelec.com.ar\/?product=diferencial-4x63a-nxl-63-clase-a-300ma-400v-6ka","url":"https:\/\/tienda.rigelec.com.ar\/?product=diferencial-4x63a-nxl-63-clase-a-300ma-400v-6ka","name":"DIFERENCIAL 4X63A NXL-63 - CLASE A 300MA - 400V - 6KA - Tienda Rigelec","isPartOf":{"@id":"https:\/\/tienda.rigelec.com.ar\/#website"},"primaryImageOfPage":{"@id":"https:\/\/tienda.rigelec.com.ar\/?product=diferencial-4x63a-nxl-63-clase-a-300ma-400v-6ka#primaryimage"},"image":{"@id":"https:\/\/tienda.rigelec.com.ar\/?product=diferencial-4x63a-nxl-63-clase-a-300ma-400v-6ka#primaryimage"},"thumbnailUrl":"https:\/\/tienda.rigelec.com.ar\/wp-content\/uploads\/2026\/03\/DIFERENCIAL4X63A.jpg","datePublished":"2026-03-21T04:17:36+00:00","dateModified":"2026-05-05T20:07:08+00:00","breadcrumb":{"@id":"https:\/\/tienda.rigelec.com.ar\/?product=diferencial-4x63a-nxl-63-clase-a-300ma-400v-6ka#breadcrumb"},"inLanguage":"es-AR","potentialAction":[{"@type":"ReadAction","target":["https:\/\/tienda.rigelec.com.ar\/?product=diferencial-4x63a-nxl-63-clase-a-300ma-400v-6ka"]}]},{"@type":"ImageObject","inLanguage":"es-AR","@id":"https:\/\/tienda.rigelec.com.ar\/?product=diferencial-4x63a-nxl-63-clase-a-300ma-400v-6ka#primaryimage","url":"https:\/\/tienda.rigelec.com.ar\/wp-content\/uploads\/2026\/03\/DIFERENCIAL4X63A.jpg","contentUrl":"https:\/\/tienda.rigelec.com.ar\/wp-content\/uploads\/2026\/03\/DIFERENCIAL4X63A.jpg","width":1080,"height":959},{"@type":"BreadcrumbList","@id":"https:\/\/tienda.rigelec.com.ar\/?product=diferencial-4x63a-nxl-63-clase-a-300ma-400v-6ka#breadcrumb","itemListElement":[{"@type":"ListItem","position":1,"name":"Inicio","item":"https:\/\/tienda.rigelec.com.ar\/"},{"@type":"ListItem","position":2,"name":"Shop","item":"https:\/\/tienda.rigelec.com.ar\/?page_id=12"},{"@type":"ListItem","position":3,"name":"DIFERENCIAL 4X63A NXL-63 &#8211; CLASE A 300MA &#8211; 400V &#8211; 6KA"}]},{"@type":"WebSite","@id":"https:\/\/tienda.rigelec.com.ar\/#website","url":"https:\/\/tienda.rigelec.com.ar\/","name":"Tienda Rigelec","description":"Energia en movimiento","publisher":{"@id":"https:\/\/tienda.rigelec.com.ar\/#organization"},"potentialAction":[{"@type":"SearchAction","target":{"@type":"EntryPoint","urlTemplate":"https:\/\/tienda.rigelec.com.ar\/?s={search_term_string}"},"query-input":{"@type":"PropertyValueSpecification","valueRequired":true,"valueName":"search_term_string"}}],"inLanguage":"es-AR"},{"@type":"Organization","@id":"https:\/\/tienda.rigelec.com.ar\/#organization","name":"Tienda Rigelec","url":"https:\/\/tienda.rigelec.com.ar\/","logo":{"@type":"ImageObject","inLanguage":"es-AR","@id":"https:\/\/tienda.rigelec.com.ar\/#\/schema\/logo\/image\/","url":"https:\/\/tienda.rigelec.com.ar\/wp-content\/uploads\/2024\/09\/isologo-blanco-rigelec.png","contentUrl":"https:\/\/tienda.rigelec.com.ar\/wp-content\/uploads\/2024\/09\/isologo-blanco-rigelec.png","width":94,"height":97,"caption":"Tienda Rigelec"},"image":{"@id":"https:\/\/tienda.rigelec.com.ar\/#\/schema\/logo\/image\/"}}]}},"jetpack_sharing_enabled":true,"_links":{"self":[{"href":"https:\/\/tienda.rigelec.com.ar\/index.php?rest_route=\/wp\/v2\/product\/36717","targetHints":{"allow":["GET"]}}],"collection":[{"href":"https:\/\/tienda.rigelec.com.ar\/index.php?rest_route=\/wp\/v2\/product"}],"about":[{"href":"https:\/\/tienda.rigelec.com.ar\/index.php?rest_route=\/wp\/v2\/types\/product"}],"replies":[{"embeddable":true,"href":"https:\/\/tienda.rigelec.com.ar\/index.php?rest_route=%2Fwp%2Fv2%2Fcomments&post=36717"}],"wp:featuredmedia":[{"embeddable":true,"href":"https:\/\/tienda.rigelec.com.ar\/index.php?rest_route=\/wp\/v2\/media\/36718"}],"wp:attachment":[{"href":"https:\/\/tienda.rigelec.com.ar\/index.php?rest_route=%2Fwp%2Fv2%2Fmedia&parent=36717"}],"wp:term":[{"taxonomy":"product_brand","embeddable":true,"href":"https:\/\/tienda.rigelec.com.ar\/index.php?rest_route=%2Fwp%2Fv2%2Fproduct_brand&post=36717"},{"taxonomy":"product_cat","embeddable":true,"href":"https:\/\/tienda.rigelec.com.ar\/index.php?rest_route=%2Fwp%2Fv2%2Fproduct_cat&post=36717"},{"taxonomy":"product_tag","embeddable":true,"href":"https:\/\/tienda.rigelec.com.ar\/index.php?rest_route=%2Fwp%2Fv2%2Fproduct_tag&post=36717"}],"curies":[{"name":"wp","href":"https:\/\/api.w.org\/{rel}","templated":true}]}}