{"id":36807,"date":"2026-03-26T12:18:44","date_gmt":"2026-03-26T15:18:44","guid":{"rendered":"https:\/\/tienda.rigelec.com.ar\/?product=termica-4x40a-curva-b-acti9-ic60n-6ka-10ka-40a"},"modified":"2026-05-16T13:21:02","modified_gmt":"2026-05-16T16:21:02","slug":"termica-4x40a-curva-b-acti9-ic60n-6ka-10ka-40a","status":"publish","type":"product","link":"https:\/\/tienda.rigelec.com.ar\/?product=termica-4x40a-curva-b-acti9-ic60n-6ka-10ka-40a","title":{"rendered":"TERMICA 4X40A CURVA B ACTI9 IC60N 6KA &#8211; 10KA  &#8211; 40A"},"content":{"rendered":"<p>TERMICA 4X40A CURVA B<\/p>\n","protected":false},"excerpt":{"rendered":"<p>El interruptor termomagn\u00e9tico Acti9 iC60N de Schneider Electric es la nueva referencia en el campo de la distribuci\u00f3n terminal en baja tensi\u00f3n para la protecci\u00f3n contra sobrecargas y cortocircuitos en todos los edificios industriales y terciarios Este producto tiene 1 polo, capacidad de 1A, curva de disparo tipo B y poder de corte de 6kA 230V CA 50\/60 Hz (IEC 60898-1) o 10kA 230V CA 50\/60 Hz (IEC 60947-2) El interruptor termomagn\u00e9tico cuenta con clase de limitacion 3, polos interclavados y borne de conexion antierror y aislado Adem\u00e1s, tiene protecci\u00f3n IP20 y se puede montar en riel DIN Su aislamiento clase II en cajas de distribuci\u00f3n garantiza que la distancia entre el interruptor y los componentes internos del aparato es el doble al requerido por la normativa aplicable, proporcionando m\u00e1xima protecci\u00f3n Cuenta tambi\u00e9n con un amplio rango de operaci\u00f3n, actuando en temperaturas desde -35\u00b0C hasta 70\u00b0C Puede tambi\u00e9n ser empleado en aplicaciones de corriente continua Esta llave t\u00e9rmica tiene coordinaci\u00f3n total con la gama de protecci\u00f3n diferencial Acti9 y con los interruptores autom\u00e1ticos Compact NSX El producto cumple con la norma IEC 60898-1, 60947-2 e IRAM Las llaves t\u00e9rmicas Acti9 iC60N cuentan con la etiqueta Green PremiumTM, la cual promete el cumplimiento de las reglamentaciones m\u00e1s recientes, transparencia sobre los impactos medioambientales, productos circulares y de bajo nivel de CO51 Su limitaci\u00f3n clase 3 (de acuerdo a EN\/IEC6898-1) mejora el costo de protecci\u00f3n del circuito aguas abajo. El producto se puede enganchar en un riel DIN. Su anchura es de 8 pasos de 9 mm. El grado de contaminaci\u00f3n es 3. La categor\u00eda de sobretensi\u00f3n es IV. El color del producto es blanco (RAL93). Las dimensiones son (An.) 72 mm x (Alt.) 85 mm x (Prof.) 78,5 mm. El peso es de ,5 kg. De acuerdo con el est\u00e1ndar IEC 6529, el grado de protecci\u00f3n es IP2 e IP4 en el gabinete. La temperatura de funcionamiento es de -35\u00b0C a 7\u00b0C. La temperatura de almacenamiento es de -4\u00b0C a 85\u00b0C.<\/p>\n","protected":false},"featured_media":36808,"comment_status":"open","ping_status":"closed","template":"","meta":{"_monsterinsights_skip_tracking":false,"_monsterinsights_sitenote_active":false,"_monsterinsights_sitenote_note":"","_monsterinsights_sitenote_category":0},"product_brand":[],"product_cat":[265],"product_tag":[450],"class_list":{"0":"post-36807","1":"product","2":"type-product","3":"status-publish","4":"has-post-thumbnail","6":"product_cat-a-termomagneticos","7":"product_tag-schneider","9":"first","10":"outofstock","11":"shipping-taxable","12":"purchasable","13":"product-type-simple"},"yoast_head":"<!-- This site is optimized with the Yoast SEO plugin v25.3.1 - https:\/\/yoast.com\/wordpress\/plugins\/seo\/ -->\n<title>TERMICA 4X40A CURVA B ACTI9 IC60N 6KA - 10KA - 40A - Tienda Rigelec<\/title>\n<meta name=\"robots\" content=\"index, follow, max-snippet:-1, max-image-preview:large, max-video-preview:-1\" \/>\n<link rel=\"canonical\" href=\"https:\/\/tienda.rigelec.com.ar\/?product=termica-4x40a-curva-b-acti9-ic60n-6ka-10ka-40a\" \/>\n<meta property=\"og:locale\" content=\"es_ES\" \/>\n<meta property=\"og:type\" content=\"article\" \/>\n<meta property=\"og:title\" content=\"TERMICA 4X40A CURVA B ACTI9 IC60N 6KA - 10KA - 40A - Tienda Rigelec\" \/>\n<meta property=\"og:description\" content=\"El interruptor termomagn\u00e9tico Acti9 iC60N de Schneider Electric es la nueva referencia en el campo de la distribuci\u00f3n terminal en baja tensi\u00f3n para la protecci\u00f3n contra sobrecargas y cortocircuitos en todos los edificios industriales y terciarios Este producto tiene 1 polo, capacidad de 1A, curva de disparo tipo B y poder de corte de 6kA 230V CA 50\/60 Hz (IEC 60898-1) o 10kA 230V CA 50\/60 Hz (IEC 60947-2) El interruptor termomagn\u00e9tico cuenta con clase de limitacion 3, polos interclavados y borne de conexion antierror y aislado Adem\u00e1s, tiene protecci\u00f3n IP20 y se puede montar en riel DIN Su aislamiento clase II en cajas de distribuci\u00f3n garantiza que la distancia entre el interruptor y los componentes internos del aparato es el doble al requerido por la normativa aplicable, proporcionando m\u00e1xima protecci\u00f3n Cuenta tambi\u00e9n con un amplio rango de operaci\u00f3n, actuando en temperaturas desde -35\u00b0C hasta 70\u00b0C Puede tambi\u00e9n ser empleado en aplicaciones de corriente continua Esta llave t\u00e9rmica tiene coordinaci\u00f3n total con la gama de protecci\u00f3n diferencial Acti9 y con los interruptores autom\u00e1ticos Compact NSX El producto cumple con la norma IEC 60898-1, 60947-2 e IRAM Las llaves t\u00e9rmicas Acti9 iC60N cuentan con la etiqueta Green PremiumTM, la cual promete el cumplimiento de las reglamentaciones m\u00e1s recientes, transparencia sobre los impactos medioambientales, productos circulares y de bajo nivel de CO51 Su limitaci\u00f3n clase 3 (de acuerdo a EN\/IEC6898-1) mejora el costo de protecci\u00f3n del circuito aguas abajo. El producto se puede enganchar en un riel DIN. Su anchura es de 8 pasos de 9 mm. El grado de contaminaci\u00f3n es 3. La categor\u00eda de sobretensi\u00f3n es IV. El color del producto es blanco (RAL93). Las dimensiones son (An.) 72 mm x (Alt.) 85 mm x (Prof.) 78,5 mm. El peso es de ,5 kg. De acuerdo con el est\u00e1ndar IEC 6529, el grado de protecci\u00f3n es IP2 e IP4 en el gabinete. La temperatura de funcionamiento es de -35\u00b0C a 7\u00b0C. La temperatura de almacenamiento es de -4\u00b0C a 85\u00b0C.\" \/>\n<meta property=\"og:url\" content=\"https:\/\/tienda.rigelec.com.ar\/?product=termica-4x40a-curva-b-acti9-ic60n-6ka-10ka-40a\" \/>\n<meta property=\"og:site_name\" content=\"Tienda Rigelec\" \/>\n<meta property=\"article:modified_time\" content=\"2026-05-16T16:21:02+00:00\" \/>\n<meta name=\"twitter:card\" content=\"summary_large_image\" \/>\n<script type=\"application\/ld+json\" class=\"yoast-schema-graph\">{\"@context\":\"https:\/\/schema.org\",\"@graph\":[{\"@type\":\"WebPage\",\"@id\":\"https:\/\/tienda.rigelec.com.ar\/?product=termica-4x40a-curva-b-acti9-ic60n-6ka-10ka-40a\",\"url\":\"https:\/\/tienda.rigelec.com.ar\/?product=termica-4x40a-curva-b-acti9-ic60n-6ka-10ka-40a\",\"name\":\"TERMICA 4X40A CURVA B ACTI9 IC60N 6KA - 10KA - 40A - Tienda Rigelec\",\"isPartOf\":{\"@id\":\"https:\/\/tienda.rigelec.com.ar\/#website\"},\"primaryImageOfPage\":{\"@id\":\"https:\/\/tienda.rigelec.com.ar\/?product=termica-4x40a-curva-b-acti9-ic60n-6ka-10ka-40a#primaryimage\"},\"image\":{\"@id\":\"https:\/\/tienda.rigelec.com.ar\/?product=termica-4x40a-curva-b-acti9-ic60n-6ka-10ka-40a#primaryimage\"},\"thumbnailUrl\":\"https:\/\/tienda.rigelec.com.ar\/wp-content\/uploads\/2026\/03\/TERMICA4X40ACURVAB.jpg\",\"datePublished\":\"2026-03-26T15:18:44+00:00\",\"dateModified\":\"2026-05-16T16:21:02+00:00\",\"breadcrumb\":{\"@id\":\"https:\/\/tienda.rigelec.com.ar\/?product=termica-4x40a-curva-b-acti9-ic60n-6ka-10ka-40a#breadcrumb\"},\"inLanguage\":\"es-AR\",\"potentialAction\":[{\"@type\":\"ReadAction\",\"target\":[\"https:\/\/tienda.rigelec.com.ar\/?product=termica-4x40a-curva-b-acti9-ic60n-6ka-10ka-40a\"]}]},{\"@type\":\"ImageObject\",\"inLanguage\":\"es-AR\",\"@id\":\"https:\/\/tienda.rigelec.com.ar\/?product=termica-4x40a-curva-b-acti9-ic60n-6ka-10ka-40a#primaryimage\",\"url\":\"https:\/\/tienda.rigelec.com.ar\/wp-content\/uploads\/2026\/03\/TERMICA4X40ACURVAB.jpg\",\"contentUrl\":\"https:\/\/tienda.rigelec.com.ar\/wp-content\/uploads\/2026\/03\/TERMICA4X40ACURVAB.jpg\",\"width\":1512,\"height\":1512},{\"@type\":\"BreadcrumbList\",\"@id\":\"https:\/\/tienda.rigelec.com.ar\/?product=termica-4x40a-curva-b-acti9-ic60n-6ka-10ka-40a#breadcrumb\",\"itemListElement\":[{\"@type\":\"ListItem\",\"position\":1,\"name\":\"Inicio\",\"item\":\"https:\/\/tienda.rigelec.com.ar\/\"},{\"@type\":\"ListItem\",\"position\":2,\"name\":\"Shop\",\"item\":\"https:\/\/tienda.rigelec.com.ar\/?page_id=12\"},{\"@type\":\"ListItem\",\"position\":3,\"name\":\"TERMICA 4X40A CURVA B ACTI9 IC60N 6KA &#8211; 10KA &#8211; 40A\"}]},{\"@type\":\"WebSite\",\"@id\":\"https:\/\/tienda.rigelec.com.ar\/#website\",\"url\":\"https:\/\/tienda.rigelec.com.ar\/\",\"name\":\"Tienda Rigelec\",\"description\":\"Energia en movimiento\",\"publisher\":{\"@id\":\"https:\/\/tienda.rigelec.com.ar\/#organization\"},\"potentialAction\":[{\"@type\":\"SearchAction\",\"target\":{\"@type\":\"EntryPoint\",\"urlTemplate\":\"https:\/\/tienda.rigelec.com.ar\/?s={search_term_string}\"},\"query-input\":{\"@type\":\"PropertyValueSpecification\",\"valueRequired\":true,\"valueName\":\"search_term_string\"}}],\"inLanguage\":\"es-AR\"},{\"@type\":\"Organization\",\"@id\":\"https:\/\/tienda.rigelec.com.ar\/#organization\",\"name\":\"Tienda Rigelec\",\"url\":\"https:\/\/tienda.rigelec.com.ar\/\",\"logo\":{\"@type\":\"ImageObject\",\"inLanguage\":\"es-AR\",\"@id\":\"https:\/\/tienda.rigelec.com.ar\/#\/schema\/logo\/image\/\",\"url\":\"https:\/\/tienda.rigelec.com.ar\/wp-content\/uploads\/2024\/09\/isologo-blanco-rigelec.png\",\"contentUrl\":\"https:\/\/tienda.rigelec.com.ar\/wp-content\/uploads\/2024\/09\/isologo-blanco-rigelec.png\",\"width\":94,\"height\":97,\"caption\":\"Tienda Rigelec\"},\"image\":{\"@id\":\"https:\/\/tienda.rigelec.com.ar\/#\/schema\/logo\/image\/\"}}]}<\/script>\n<!-- \/ Yoast SEO plugin. -->","yoast_head_json":{"title":"TERMICA 4X40A CURVA B ACTI9 IC60N 6KA - 10KA - 40A - Tienda Rigelec","robots":{"index":"index","follow":"follow","max-snippet":"max-snippet:-1","max-image-preview":"max-image-preview:large","max-video-preview":"max-video-preview:-1"},"canonical":"https:\/\/tienda.rigelec.com.ar\/?product=termica-4x40a-curva-b-acti9-ic60n-6ka-10ka-40a","og_locale":"es_ES","og_type":"article","og_title":"TERMICA 4X40A CURVA B ACTI9 IC60N 6KA - 10KA - 40A - Tienda Rigelec","og_description":"El interruptor termomagn\u00e9tico Acti9 iC60N de Schneider Electric es la nueva referencia en el campo de la distribuci\u00f3n terminal en baja tensi\u00f3n para la protecci\u00f3n contra sobrecargas y cortocircuitos en todos los edificios industriales y terciarios Este producto tiene 1 polo, capacidad de 1A, curva de disparo tipo B y poder de corte de 6kA 230V CA 50\/60 Hz (IEC 60898-1) o 10kA 230V CA 50\/60 Hz (IEC 60947-2) El interruptor termomagn\u00e9tico cuenta con clase de limitacion 3, polos interclavados y borne de conexion antierror y aislado Adem\u00e1s, tiene protecci\u00f3n IP20 y se puede montar en riel DIN Su aislamiento clase II en cajas de distribuci\u00f3n garantiza que la distancia entre el interruptor y los componentes internos del aparato es el doble al requerido por la normativa aplicable, proporcionando m\u00e1xima protecci\u00f3n Cuenta tambi\u00e9n con un amplio rango de operaci\u00f3n, actuando en temperaturas desde -35\u00b0C hasta 70\u00b0C Puede tambi\u00e9n ser empleado en aplicaciones de corriente continua Esta llave t\u00e9rmica tiene coordinaci\u00f3n total con la gama de protecci\u00f3n diferencial Acti9 y con los interruptores autom\u00e1ticos Compact NSX El producto cumple con la norma IEC 60898-1, 60947-2 e IRAM Las llaves t\u00e9rmicas Acti9 iC60N cuentan con la etiqueta Green PremiumTM, la cual promete el cumplimiento de las reglamentaciones m\u00e1s recientes, transparencia sobre los impactos medioambientales, productos circulares y de bajo nivel de CO51 Su limitaci\u00f3n clase 3 (de acuerdo a EN\/IEC6898-1) mejora el costo de protecci\u00f3n del circuito aguas abajo. El producto se puede enganchar en un riel DIN. Su anchura es de 8 pasos de 9 mm. El grado de contaminaci\u00f3n es 3. La categor\u00eda de sobretensi\u00f3n es IV. El color del producto es blanco (RAL93). Las dimensiones son (An.) 72 mm x (Alt.) 85 mm x (Prof.) 78,5 mm. El peso es de ,5 kg. De acuerdo con el est\u00e1ndar IEC 6529, el grado de protecci\u00f3n es IP2 e IP4 en el gabinete. La temperatura de funcionamiento es de -35\u00b0C a 7\u00b0C. La temperatura de almacenamiento es de -4\u00b0C a 85\u00b0C.","og_url":"https:\/\/tienda.rigelec.com.ar\/?product=termica-4x40a-curva-b-acti9-ic60n-6ka-10ka-40a","og_site_name":"Tienda Rigelec","article_modified_time":"2026-05-16T16:21:02+00:00","twitter_card":"summary_large_image","schema":{"@context":"https:\/\/schema.org","@graph":[{"@type":"WebPage","@id":"https:\/\/tienda.rigelec.com.ar\/?product=termica-4x40a-curva-b-acti9-ic60n-6ka-10ka-40a","url":"https:\/\/tienda.rigelec.com.ar\/?product=termica-4x40a-curva-b-acti9-ic60n-6ka-10ka-40a","name":"TERMICA 4X40A CURVA B ACTI9 IC60N 6KA - 10KA - 40A - Tienda Rigelec","isPartOf":{"@id":"https:\/\/tienda.rigelec.com.ar\/#website"},"primaryImageOfPage":{"@id":"https:\/\/tienda.rigelec.com.ar\/?product=termica-4x40a-curva-b-acti9-ic60n-6ka-10ka-40a#primaryimage"},"image":{"@id":"https:\/\/tienda.rigelec.com.ar\/?product=termica-4x40a-curva-b-acti9-ic60n-6ka-10ka-40a#primaryimage"},"thumbnailUrl":"https:\/\/tienda.rigelec.com.ar\/wp-content\/uploads\/2026\/03\/TERMICA4X40ACURVAB.jpg","datePublished":"2026-03-26T15:18:44+00:00","dateModified":"2026-05-16T16:21:02+00:00","breadcrumb":{"@id":"https:\/\/tienda.rigelec.com.ar\/?product=termica-4x40a-curva-b-acti9-ic60n-6ka-10ka-40a#breadcrumb"},"inLanguage":"es-AR","potentialAction":[{"@type":"ReadAction","target":["https:\/\/tienda.rigelec.com.ar\/?product=termica-4x40a-curva-b-acti9-ic60n-6ka-10ka-40a"]}]},{"@type":"ImageObject","inLanguage":"es-AR","@id":"https:\/\/tienda.rigelec.com.ar\/?product=termica-4x40a-curva-b-acti9-ic60n-6ka-10ka-40a#primaryimage","url":"https:\/\/tienda.rigelec.com.ar\/wp-content\/uploads\/2026\/03\/TERMICA4X40ACURVAB.jpg","contentUrl":"https:\/\/tienda.rigelec.com.ar\/wp-content\/uploads\/2026\/03\/TERMICA4X40ACURVAB.jpg","width":1512,"height":1512},{"@type":"BreadcrumbList","@id":"https:\/\/tienda.rigelec.com.ar\/?product=termica-4x40a-curva-b-acti9-ic60n-6ka-10ka-40a#breadcrumb","itemListElement":[{"@type":"ListItem","position":1,"name":"Inicio","item":"https:\/\/tienda.rigelec.com.ar\/"},{"@type":"ListItem","position":2,"name":"Shop","item":"https:\/\/tienda.rigelec.com.ar\/?page_id=12"},{"@type":"ListItem","position":3,"name":"TERMICA 4X40A CURVA B ACTI9 IC60N 6KA &#8211; 10KA &#8211; 40A"}]},{"@type":"WebSite","@id":"https:\/\/tienda.rigelec.com.ar\/#website","url":"https:\/\/tienda.rigelec.com.ar\/","name":"Tienda Rigelec","description":"Energia en movimiento","publisher":{"@id":"https:\/\/tienda.rigelec.com.ar\/#organization"},"potentialAction":[{"@type":"SearchAction","target":{"@type":"EntryPoint","urlTemplate":"https:\/\/tienda.rigelec.com.ar\/?s={search_term_string}"},"query-input":{"@type":"PropertyValueSpecification","valueRequired":true,"valueName":"search_term_string"}}],"inLanguage":"es-AR"},{"@type":"Organization","@id":"https:\/\/tienda.rigelec.com.ar\/#organization","name":"Tienda Rigelec","url":"https:\/\/tienda.rigelec.com.ar\/","logo":{"@type":"ImageObject","inLanguage":"es-AR","@id":"https:\/\/tienda.rigelec.com.ar\/#\/schema\/logo\/image\/","url":"https:\/\/tienda.rigelec.com.ar\/wp-content\/uploads\/2024\/09\/isologo-blanco-rigelec.png","contentUrl":"https:\/\/tienda.rigelec.com.ar\/wp-content\/uploads\/2024\/09\/isologo-blanco-rigelec.png","width":94,"height":97,"caption":"Tienda Rigelec"},"image":{"@id":"https:\/\/tienda.rigelec.com.ar\/#\/schema\/logo\/image\/"}}]}},"jetpack_sharing_enabled":true,"_links":{"self":[{"href":"https:\/\/tienda.rigelec.com.ar\/index.php?rest_route=\/wp\/v2\/product\/36807","targetHints":{"allow":["GET"]}}],"collection":[{"href":"https:\/\/tienda.rigelec.com.ar\/index.php?rest_route=\/wp\/v2\/product"}],"about":[{"href":"https:\/\/tienda.rigelec.com.ar\/index.php?rest_route=\/wp\/v2\/types\/product"}],"replies":[{"embeddable":true,"href":"https:\/\/tienda.rigelec.com.ar\/index.php?rest_route=%2Fwp%2Fv2%2Fcomments&post=36807"}],"wp:featuredmedia":[{"embeddable":true,"href":"https:\/\/tienda.rigelec.com.ar\/index.php?rest_route=\/wp\/v2\/media\/36808"}],"wp:attachment":[{"href":"https:\/\/tienda.rigelec.com.ar\/index.php?rest_route=%2Fwp%2Fv2%2Fmedia&parent=36807"}],"wp:term":[{"taxonomy":"product_brand","embeddable":true,"href":"https:\/\/tienda.rigelec.com.ar\/index.php?rest_route=%2Fwp%2Fv2%2Fproduct_brand&post=36807"},{"taxonomy":"product_cat","embeddable":true,"href":"https:\/\/tienda.rigelec.com.ar\/index.php?rest_route=%2Fwp%2Fv2%2Fproduct_cat&post=36807"},{"taxonomy":"product_tag","embeddable":true,"href":"https:\/\/tienda.rigelec.com.ar\/index.php?rest_route=%2Fwp%2Fv2%2Fproduct_tag&post=36807"}],"curies":[{"name":"wp","href":"https:\/\/api.w.org\/{rel}","templated":true}]}}