{"id":36877,"date":"2026-03-27T15:17:20","date_gmt":"2026-03-27T18:17:20","guid":{"rendered":"https:\/\/tienda.rigelec.com.ar\/?product=diferencial-4x40a-clase-b-superinmunizado-acti9-30ma-400v"},"modified":"2026-05-15T23:39:44","modified_gmt":"2026-05-16T02:39:44","slug":"diferencial-4x40a-clase-b-superinmunizado-acti9-30ma-400v","status":"publish","type":"product","link":"https:\/\/tienda.rigelec.com.ar\/?product=diferencial-4x40a-clase-b-superinmunizado-acti9-30ma-400v","title":{"rendered":"DIFERENCIAL 4X40A CLASE B SUPERINMUNIZADO Acti9 30MA &#8211; 400V"},"content":{"rendered":"<p>DIFERENCIAL 4X40A CLASE B SUPERINMUNIZADO<\/p>\n","protected":false},"excerpt":{"rendered":"<p>Clase: B &#8211; Superinmunizado<br \/>\nSensibilidad de corte: 30mA<br \/>\nCantidad de polos: 4P<br \/>\nCorriente nominal: 40A<br \/>\nCorriente de cortocircuito: 10kA<\/p>\n<p>Este iID Acti9 es un disyuntor de corriente residual (RCCB) modular y confiable. Es un disyuntor de 4 P con corriente nominal In de 40 A, clase de protecci\u00f3n de tipo B-SI y una sensibilidad de fuga a tierra de 30 mA. Este producto protege contra descargas el\u00e9ctricas mediante contacto directo o indirecto y peligros de incendios. Realiza la funci\u00f3n de desconexi\u00f3n de circuitos el\u00e9ctricos en caso de falla a tierra. Su exclusivo indicador de disparo de visita reduce el tiempo de intervenci\u00f3n al mostrar el dispositivo defectuoso con un indicador mec\u00e1nico en la parte frontal. Este producto tambi\u00e9n cuenta con una ventana VisiSafe con una tira verde en la palanca que indica la apertura completa de los polos, lo que permite el mantenimiento aguas abajo Este producto cumple con el est\u00e1ndar IEC\/EN 61008-2-1 e IEC\/EN 62423. La capacidad nominal de apertura y de cortocircuito (Im\/? ?m) es de 1500A. La corriente de cortocircuito nominal condicional (Inc\/? ?c) es de 10kA. La resistencia el\u00e9ctrica es de hasta 15000 ciclos. La resistencia mec\u00e1nica es de hasta 20000 ciclos. El voltaje de funcionamiento de la unidad es de 400 V CA. Es montable en riel DIN. La anchura en pasos de 9 mm es 8. El grado de contaminaci\u00f3n es 3. La categor\u00eda de sobretensi\u00f3n es IV. El color del producto es blanco (RAL9003). Las dimensiones son (An.) 72 mm x (Alt.) 88 mm x (Prof.) 79 mm. El peso es de 415g. Posee un grado de protecci\u00f3n IP20. Se convierte en IP40 una vez en carcasa modular de acuerdo con el est\u00e1ndar IEC\/EN 60529. La temperatura de funcionamiento es de -25\u00b0C a 60\u00b0C. La temperatura de almacenamiento oscila entre -40\u00b0C y 85\u00b0C.<\/p>\n","protected":false},"featured_media":36878,"comment_status":"open","ping_status":"closed","template":"","meta":{"_monsterinsights_skip_tracking":false,"_monsterinsights_sitenote_active":false,"_monsterinsights_sitenote_note":"","_monsterinsights_sitenote_category":0},"product_brand":[],"product_cat":[267],"product_tag":[450],"class_list":{"0":"post-36877","1":"product","2":"type-product","3":"status-publish","4":"has-post-thumbnail","6":"product_cat-b-diferencial","7":"product_tag-schneider","9":"first","10":"outofstock","11":"shipping-taxable","12":"purchasable","13":"product-type-simple"},"yoast_head":"<!-- This site is optimized with the Yoast SEO plugin v25.3.1 - https:\/\/yoast.com\/wordpress\/plugins\/seo\/ -->\n<title>DIFERENCIAL 4X40A CLASE B SUPERINMUNIZADO Acti9 30MA - 400V - Tienda Rigelec<\/title>\n<meta name=\"robots\" content=\"index, follow, max-snippet:-1, max-image-preview:large, max-video-preview:-1\" \/>\n<link rel=\"canonical\" href=\"https:\/\/tienda.rigelec.com.ar\/?product=diferencial-4x40a-clase-b-superinmunizado-acti9-30ma-400v\" \/>\n<meta property=\"og:locale\" content=\"es_ES\" \/>\n<meta property=\"og:type\" content=\"article\" \/>\n<meta property=\"og:title\" content=\"DIFERENCIAL 4X40A CLASE B SUPERINMUNIZADO Acti9 30MA - 400V - Tienda Rigelec\" \/>\n<meta property=\"og:description\" content=\"Clase: B - Superinmunizado Sensibilidad de corte: 30mA Cantidad de polos: 4P Corriente nominal: 40A Corriente de cortocircuito: 10kA   Este iID Acti9 es un disyuntor de corriente residual (RCCB) modular y confiable. Es un disyuntor de 4 P con corriente nominal In de 40 A, clase de protecci\u00f3n de tipo B-SI y una sensibilidad de fuga a tierra de 30 mA. Este producto protege contra descargas el\u00e9ctricas mediante contacto directo o indirecto y peligros de incendios. Realiza la funci\u00f3n de desconexi\u00f3n de circuitos el\u00e9ctricos en caso de falla a tierra. Su exclusivo indicador de disparo de visita reduce el tiempo de intervenci\u00f3n al mostrar el dispositivo defectuoso con un indicador mec\u00e1nico en la parte frontal. Este producto tambi\u00e9n cuenta con una ventana VisiSafe con una tira verde en la palanca que indica la apertura completa de los polos, lo que permite el mantenimiento aguas abajo Este producto cumple con el est\u00e1ndar IEC\/EN 61008-2-1 e IEC\/EN 62423. La capacidad nominal de apertura y de cortocircuito (Im\/? ?m) es de 1500A. La corriente de cortocircuito nominal condicional (Inc\/? ?c) es de 10kA. La resistencia el\u00e9ctrica es de hasta 15000 ciclos. La resistencia mec\u00e1nica es de hasta 20000 ciclos. El voltaje de funcionamiento de la unidad es de 400 V CA. Es montable en riel DIN. La anchura en pasos de 9 mm es 8. El grado de contaminaci\u00f3n es 3. La categor\u00eda de sobretensi\u00f3n es IV. El color del producto es blanco (RAL9003). Las dimensiones son (An.) 72 mm x (Alt.) 88 mm x (Prof.) 79 mm. El peso es de 415g. Posee un grado de protecci\u00f3n IP20. Se convierte en IP40 una vez en carcasa modular de acuerdo con el est\u00e1ndar IEC\/EN 60529. La temperatura de funcionamiento es de -25\u00b0C a 60\u00b0C. La temperatura de almacenamiento oscila entre -40\u00b0C y 85\u00b0C.\" \/>\n<meta property=\"og:url\" content=\"https:\/\/tienda.rigelec.com.ar\/?product=diferencial-4x40a-clase-b-superinmunizado-acti9-30ma-400v\" \/>\n<meta property=\"og:site_name\" content=\"Tienda Rigelec\" \/>\n<meta property=\"article:modified_time\" content=\"2026-05-16T02:39:44+00:00\" \/>\n<meta name=\"twitter:card\" content=\"summary_large_image\" \/>\n<script type=\"application\/ld+json\" class=\"yoast-schema-graph\">{\"@context\":\"https:\/\/schema.org\",\"@graph\":[{\"@type\":\"WebPage\",\"@id\":\"https:\/\/tienda.rigelec.com.ar\/?product=diferencial-4x40a-clase-b-superinmunizado-acti9-30ma-400v\",\"url\":\"https:\/\/tienda.rigelec.com.ar\/?product=diferencial-4x40a-clase-b-superinmunizado-acti9-30ma-400v\",\"name\":\"DIFERENCIAL 4X40A CLASE B SUPERINMUNIZADO Acti9 30MA - 400V - Tienda Rigelec\",\"isPartOf\":{\"@id\":\"https:\/\/tienda.rigelec.com.ar\/#website\"},\"primaryImageOfPage\":{\"@id\":\"https:\/\/tienda.rigelec.com.ar\/?product=diferencial-4x40a-clase-b-superinmunizado-acti9-30ma-400v#primaryimage\"},\"image\":{\"@id\":\"https:\/\/tienda.rigelec.com.ar\/?product=diferencial-4x40a-clase-b-superinmunizado-acti9-30ma-400v#primaryimage\"},\"thumbnailUrl\":\"https:\/\/tienda.rigelec.com.ar\/wp-content\/uploads\/2026\/03\/DIFERENCIAL4X40ACLASEBSUPERINMUNIZADO.jpg\",\"datePublished\":\"2026-03-27T18:17:20+00:00\",\"dateModified\":\"2026-05-16T02:39:44+00:00\",\"breadcrumb\":{\"@id\":\"https:\/\/tienda.rigelec.com.ar\/?product=diferencial-4x40a-clase-b-superinmunizado-acti9-30ma-400v#breadcrumb\"},\"inLanguage\":\"es-AR\",\"potentialAction\":[{\"@type\":\"ReadAction\",\"target\":[\"https:\/\/tienda.rigelec.com.ar\/?product=diferencial-4x40a-clase-b-superinmunizado-acti9-30ma-400v\"]}]},{\"@type\":\"ImageObject\",\"inLanguage\":\"es-AR\",\"@id\":\"https:\/\/tienda.rigelec.com.ar\/?product=diferencial-4x40a-clase-b-superinmunizado-acti9-30ma-400v#primaryimage\",\"url\":\"https:\/\/tienda.rigelec.com.ar\/wp-content\/uploads\/2026\/03\/DIFERENCIAL4X40ACLASEBSUPERINMUNIZADO.jpg\",\"contentUrl\":\"https:\/\/tienda.rigelec.com.ar\/wp-content\/uploads\/2026\/03\/DIFERENCIAL4X40ACLASEBSUPERINMUNIZADO.jpg\",\"width\":1512,\"height\":1512},{\"@type\":\"BreadcrumbList\",\"@id\":\"https:\/\/tienda.rigelec.com.ar\/?product=diferencial-4x40a-clase-b-superinmunizado-acti9-30ma-400v#breadcrumb\",\"itemListElement\":[{\"@type\":\"ListItem\",\"position\":1,\"name\":\"Inicio\",\"item\":\"https:\/\/tienda.rigelec.com.ar\/\"},{\"@type\":\"ListItem\",\"position\":2,\"name\":\"Shop\",\"item\":\"https:\/\/tienda.rigelec.com.ar\/?page_id=12\"},{\"@type\":\"ListItem\",\"position\":3,\"name\":\"DIFERENCIAL 4X40A CLASE B SUPERINMUNIZADO Acti9 30MA &#8211; 400V\"}]},{\"@type\":\"WebSite\",\"@id\":\"https:\/\/tienda.rigelec.com.ar\/#website\",\"url\":\"https:\/\/tienda.rigelec.com.ar\/\",\"name\":\"Tienda Rigelec\",\"description\":\"Energia en movimiento\",\"publisher\":{\"@id\":\"https:\/\/tienda.rigelec.com.ar\/#organization\"},\"potentialAction\":[{\"@type\":\"SearchAction\",\"target\":{\"@type\":\"EntryPoint\",\"urlTemplate\":\"https:\/\/tienda.rigelec.com.ar\/?s={search_term_string}\"},\"query-input\":{\"@type\":\"PropertyValueSpecification\",\"valueRequired\":true,\"valueName\":\"search_term_string\"}}],\"inLanguage\":\"es-AR\"},{\"@type\":\"Organization\",\"@id\":\"https:\/\/tienda.rigelec.com.ar\/#organization\",\"name\":\"Tienda Rigelec\",\"url\":\"https:\/\/tienda.rigelec.com.ar\/\",\"logo\":{\"@type\":\"ImageObject\",\"inLanguage\":\"es-AR\",\"@id\":\"https:\/\/tienda.rigelec.com.ar\/#\/schema\/logo\/image\/\",\"url\":\"https:\/\/tienda.rigelec.com.ar\/wp-content\/uploads\/2024\/09\/isologo-blanco-rigelec.png\",\"contentUrl\":\"https:\/\/tienda.rigelec.com.ar\/wp-content\/uploads\/2024\/09\/isologo-blanco-rigelec.png\",\"width\":94,\"height\":97,\"caption\":\"Tienda Rigelec\"},\"image\":{\"@id\":\"https:\/\/tienda.rigelec.com.ar\/#\/schema\/logo\/image\/\"}}]}<\/script>\n<!-- \/ Yoast SEO plugin. -->","yoast_head_json":{"title":"DIFERENCIAL 4X40A CLASE B SUPERINMUNIZADO Acti9 30MA - 400V - Tienda Rigelec","robots":{"index":"index","follow":"follow","max-snippet":"max-snippet:-1","max-image-preview":"max-image-preview:large","max-video-preview":"max-video-preview:-1"},"canonical":"https:\/\/tienda.rigelec.com.ar\/?product=diferencial-4x40a-clase-b-superinmunizado-acti9-30ma-400v","og_locale":"es_ES","og_type":"article","og_title":"DIFERENCIAL 4X40A CLASE B SUPERINMUNIZADO Acti9 30MA - 400V - Tienda Rigelec","og_description":"Clase: B - Superinmunizado Sensibilidad de corte: 30mA Cantidad de polos: 4P Corriente nominal: 40A Corriente de cortocircuito: 10kA   Este iID Acti9 es un disyuntor de corriente residual (RCCB) modular y confiable. Es un disyuntor de 4 P con corriente nominal In de 40 A, clase de protecci\u00f3n de tipo B-SI y una sensibilidad de fuga a tierra de 30 mA. Este producto protege contra descargas el\u00e9ctricas mediante contacto directo o indirecto y peligros de incendios. Realiza la funci\u00f3n de desconexi\u00f3n de circuitos el\u00e9ctricos en caso de falla a tierra. Su exclusivo indicador de disparo de visita reduce el tiempo de intervenci\u00f3n al mostrar el dispositivo defectuoso con un indicador mec\u00e1nico en la parte frontal. Este producto tambi\u00e9n cuenta con una ventana VisiSafe con una tira verde en la palanca que indica la apertura completa de los polos, lo que permite el mantenimiento aguas abajo Este producto cumple con el est\u00e1ndar IEC\/EN 61008-2-1 e IEC\/EN 62423. La capacidad nominal de apertura y de cortocircuito (Im\/? ?m) es de 1500A. La corriente de cortocircuito nominal condicional (Inc\/? ?c) es de 10kA. La resistencia el\u00e9ctrica es de hasta 15000 ciclos. La resistencia mec\u00e1nica es de hasta 20000 ciclos. El voltaje de funcionamiento de la unidad es de 400 V CA. Es montable en riel DIN. La anchura en pasos de 9 mm es 8. El grado de contaminaci\u00f3n es 3. La categor\u00eda de sobretensi\u00f3n es IV. El color del producto es blanco (RAL9003). Las dimensiones son (An.) 72 mm x (Alt.) 88 mm x (Prof.) 79 mm. El peso es de 415g. Posee un grado de protecci\u00f3n IP20. Se convierte en IP40 una vez en carcasa modular de acuerdo con el est\u00e1ndar IEC\/EN 60529. La temperatura de funcionamiento es de -25\u00b0C a 60\u00b0C. La temperatura de almacenamiento oscila entre -40\u00b0C y 85\u00b0C.","og_url":"https:\/\/tienda.rigelec.com.ar\/?product=diferencial-4x40a-clase-b-superinmunizado-acti9-30ma-400v","og_site_name":"Tienda Rigelec","article_modified_time":"2026-05-16T02:39:44+00:00","twitter_card":"summary_large_image","schema":{"@context":"https:\/\/schema.org","@graph":[{"@type":"WebPage","@id":"https:\/\/tienda.rigelec.com.ar\/?product=diferencial-4x40a-clase-b-superinmunizado-acti9-30ma-400v","url":"https:\/\/tienda.rigelec.com.ar\/?product=diferencial-4x40a-clase-b-superinmunizado-acti9-30ma-400v","name":"DIFERENCIAL 4X40A CLASE B SUPERINMUNIZADO Acti9 30MA - 400V - Tienda Rigelec","isPartOf":{"@id":"https:\/\/tienda.rigelec.com.ar\/#website"},"primaryImageOfPage":{"@id":"https:\/\/tienda.rigelec.com.ar\/?product=diferencial-4x40a-clase-b-superinmunizado-acti9-30ma-400v#primaryimage"},"image":{"@id":"https:\/\/tienda.rigelec.com.ar\/?product=diferencial-4x40a-clase-b-superinmunizado-acti9-30ma-400v#primaryimage"},"thumbnailUrl":"https:\/\/tienda.rigelec.com.ar\/wp-content\/uploads\/2026\/03\/DIFERENCIAL4X40ACLASEBSUPERINMUNIZADO.jpg","datePublished":"2026-03-27T18:17:20+00:00","dateModified":"2026-05-16T02:39:44+00:00","breadcrumb":{"@id":"https:\/\/tienda.rigelec.com.ar\/?product=diferencial-4x40a-clase-b-superinmunizado-acti9-30ma-400v#breadcrumb"},"inLanguage":"es-AR","potentialAction":[{"@type":"ReadAction","target":["https:\/\/tienda.rigelec.com.ar\/?product=diferencial-4x40a-clase-b-superinmunizado-acti9-30ma-400v"]}]},{"@type":"ImageObject","inLanguage":"es-AR","@id":"https:\/\/tienda.rigelec.com.ar\/?product=diferencial-4x40a-clase-b-superinmunizado-acti9-30ma-400v#primaryimage","url":"https:\/\/tienda.rigelec.com.ar\/wp-content\/uploads\/2026\/03\/DIFERENCIAL4X40ACLASEBSUPERINMUNIZADO.jpg","contentUrl":"https:\/\/tienda.rigelec.com.ar\/wp-content\/uploads\/2026\/03\/DIFERENCIAL4X40ACLASEBSUPERINMUNIZADO.jpg","width":1512,"height":1512},{"@type":"BreadcrumbList","@id":"https:\/\/tienda.rigelec.com.ar\/?product=diferencial-4x40a-clase-b-superinmunizado-acti9-30ma-400v#breadcrumb","itemListElement":[{"@type":"ListItem","position":1,"name":"Inicio","item":"https:\/\/tienda.rigelec.com.ar\/"},{"@type":"ListItem","position":2,"name":"Shop","item":"https:\/\/tienda.rigelec.com.ar\/?page_id=12"},{"@type":"ListItem","position":3,"name":"DIFERENCIAL 4X40A CLASE B SUPERINMUNIZADO Acti9 30MA &#8211; 400V"}]},{"@type":"WebSite","@id":"https:\/\/tienda.rigelec.com.ar\/#website","url":"https:\/\/tienda.rigelec.com.ar\/","name":"Tienda Rigelec","description":"Energia en movimiento","publisher":{"@id":"https:\/\/tienda.rigelec.com.ar\/#organization"},"potentialAction":[{"@type":"SearchAction","target":{"@type":"EntryPoint","urlTemplate":"https:\/\/tienda.rigelec.com.ar\/?s={search_term_string}"},"query-input":{"@type":"PropertyValueSpecification","valueRequired":true,"valueName":"search_term_string"}}],"inLanguage":"es-AR"},{"@type":"Organization","@id":"https:\/\/tienda.rigelec.com.ar\/#organization","name":"Tienda Rigelec","url":"https:\/\/tienda.rigelec.com.ar\/","logo":{"@type":"ImageObject","inLanguage":"es-AR","@id":"https:\/\/tienda.rigelec.com.ar\/#\/schema\/logo\/image\/","url":"https:\/\/tienda.rigelec.com.ar\/wp-content\/uploads\/2024\/09\/isologo-blanco-rigelec.png","contentUrl":"https:\/\/tienda.rigelec.com.ar\/wp-content\/uploads\/2024\/09\/isologo-blanco-rigelec.png","width":94,"height":97,"caption":"Tienda Rigelec"},"image":{"@id":"https:\/\/tienda.rigelec.com.ar\/#\/schema\/logo\/image\/"}}]}},"jetpack_sharing_enabled":true,"_links":{"self":[{"href":"https:\/\/tienda.rigelec.com.ar\/index.php?rest_route=\/wp\/v2\/product\/36877","targetHints":{"allow":["GET"]}}],"collection":[{"href":"https:\/\/tienda.rigelec.com.ar\/index.php?rest_route=\/wp\/v2\/product"}],"about":[{"href":"https:\/\/tienda.rigelec.com.ar\/index.php?rest_route=\/wp\/v2\/types\/product"}],"replies":[{"embeddable":true,"href":"https:\/\/tienda.rigelec.com.ar\/index.php?rest_route=%2Fwp%2Fv2%2Fcomments&post=36877"}],"wp:featuredmedia":[{"embeddable":true,"href":"https:\/\/tienda.rigelec.com.ar\/index.php?rest_route=\/wp\/v2\/media\/36878"}],"wp:attachment":[{"href":"https:\/\/tienda.rigelec.com.ar\/index.php?rest_route=%2Fwp%2Fv2%2Fmedia&parent=36877"}],"wp:term":[{"taxonomy":"product_brand","embeddable":true,"href":"https:\/\/tienda.rigelec.com.ar\/index.php?rest_route=%2Fwp%2Fv2%2Fproduct_brand&post=36877"},{"taxonomy":"product_cat","embeddable":true,"href":"https:\/\/tienda.rigelec.com.ar\/index.php?rest_route=%2Fwp%2Fv2%2Fproduct_cat&post=36877"},{"taxonomy":"product_tag","embeddable":true,"href":"https:\/\/tienda.rigelec.com.ar\/index.php?rest_route=%2Fwp%2Fv2%2Fproduct_tag&post=36877"}],"curies":[{"name":"wp","href":"https:\/\/api.w.org\/{rel}","templated":true}]}}