{"id":37176,"date":"2026-04-04T20:27:01","date_gmt":"2026-04-04T23:27:01","guid":{"rendered":"https:\/\/tienda.rigelec.com.ar\/?product=conjunto-clamp-lateral-mutipanel-drill-seg5351"},"modified":"2026-04-17T16:08:06","modified_gmt":"2026-04-17T19:08:06","slug":"conjunto-clamp-lateral-mutipanel-drill-seg5351","status":"publish","type":"product","link":"https:\/\/tienda.rigelec.com.ar\/?product=conjunto-clamp-lateral-mutipanel-drill-seg5351","title":{"rendered":"CONJUNTO CLAMP LATERAL MUTIPANEL DRILL SEG5351"},"content":{"rendered":"<p>CONJUNTO CLAMP LATERAL MUTIPANEL DRILL<\/p>\n","protected":false},"excerpt":{"rendered":"<p>Plaza de sujecion central que une los paneles entre si.<br \/>\nLas estructuras Tonka Solar son ideales para la instalaci\u00f3n de paneles solares en cualquier superficie o terreno.<br \/>\nMenor costo por Wp.<br \/>\nSoluci\u00f3n integral de estructura y fijaci\u00f3n a piso.<br \/>\nR\u00e1pido y f\u00e1cil armado.<br \/>\nAptas para cualquier tipo de panel solar.<br \/>\nM\u00e1xima duraci\u00f3n bajo condiciones ambientales exigentes.<\/p>\n","protected":false},"featured_media":37177,"comment_status":"open","ping_status":"closed","template":"","meta":[],"product_brand":[],"product_cat":[414],"product_tag":[490],"class_list":{"0":"post-37176","1":"product","2":"type-product","3":"status-publish","4":"has-post-thumbnail","6":"product_cat-f-estructuras","7":"product_tag-tonka","9":"first","10":"outofstock","11":"shipping-taxable","12":"purchasable","13":"product-type-simple"},"yoast_head":"<!-- This site is optimized with the Yoast SEO plugin v25.3.1 - https:\/\/yoast.com\/wordpress\/plugins\/seo\/ -->\n<title>CONJUNTO CLAMP LATERAL MUTIPANEL DRILL SEG5351 - Tienda Rigelec<\/title>\n<meta name=\"robots\" content=\"index, follow, max-snippet:-1, max-image-preview:large, max-video-preview:-1\" \/>\n<link rel=\"canonical\" href=\"https:\/\/tienda.rigelec.com.ar\/?product=conjunto-clamp-lateral-mutipanel-drill-seg5351\" \/>\n<meta property=\"og:locale\" content=\"es_ES\" \/>\n<meta property=\"og:type\" content=\"article\" \/>\n<meta property=\"og:title\" content=\"CONJUNTO CLAMP LATERAL MUTIPANEL DRILL SEG5351 - Tienda Rigelec\" \/>\n<meta property=\"og:description\" content=\"Plaza de sujecion central que une los paneles entre si. Las estructuras Tonka Solar son ideales para la instalaci\u00f3n de paneles solares en cualquier superficie o terreno. Menor costo por Wp. Soluci\u00f3n integral de estructura y fijaci\u00f3n a piso. R\u00e1pido y f\u00e1cil armado. Aptas para cualquier tipo de panel solar. M\u00e1xima duraci\u00f3n bajo condiciones ambientales exigentes.\" \/>\n<meta property=\"og:url\" content=\"https:\/\/tienda.rigelec.com.ar\/?product=conjunto-clamp-lateral-mutipanel-drill-seg5351\" \/>\n<meta property=\"og:site_name\" content=\"Tienda Rigelec\" \/>\n<meta property=\"article:modified_time\" content=\"2026-04-17T19:08:06+00:00\" \/>\n<meta name=\"twitter:card\" content=\"summary_large_image\" \/>\n<script type=\"application\/ld+json\" class=\"yoast-schema-graph\">{\"@context\":\"https:\/\/schema.org\",\"@graph\":[{\"@type\":\"WebPage\",\"@id\":\"https:\/\/tienda.rigelec.com.ar\/?product=conjunto-clamp-lateral-mutipanel-drill-seg5351\",\"url\":\"https:\/\/tienda.rigelec.com.ar\/?product=conjunto-clamp-lateral-mutipanel-drill-seg5351\",\"name\":\"CONJUNTO CLAMP LATERAL MUTIPANEL DRILL SEG5351 - Tienda Rigelec\",\"isPartOf\":{\"@id\":\"https:\/\/tienda.rigelec.com.ar\/#website\"},\"primaryImageOfPage\":{\"@id\":\"https:\/\/tienda.rigelec.com.ar\/?product=conjunto-clamp-lateral-mutipanel-drill-seg5351#primaryimage\"},\"image\":{\"@id\":\"https:\/\/tienda.rigelec.com.ar\/?product=conjunto-clamp-lateral-mutipanel-drill-seg5351#primaryimage\"},\"thumbnailUrl\":\"https:\/\/tienda.rigelec.com.ar\/wp-content\/uploads\/2026\/04\/CONJUNTOCLAMPLATERALMUTIPANELDRILL.jpg\",\"datePublished\":\"2026-04-04T23:27:01+00:00\",\"dateModified\":\"2026-04-17T19:08:06+00:00\",\"breadcrumb\":{\"@id\":\"https:\/\/tienda.rigelec.com.ar\/?product=conjunto-clamp-lateral-mutipanel-drill-seg5351#breadcrumb\"},\"inLanguage\":\"es-AR\",\"potentialAction\":[{\"@type\":\"ReadAction\",\"target\":[\"https:\/\/tienda.rigelec.com.ar\/?product=conjunto-clamp-lateral-mutipanel-drill-seg5351\"]}]},{\"@type\":\"ImageObject\",\"inLanguage\":\"es-AR\",\"@id\":\"https:\/\/tienda.rigelec.com.ar\/?product=conjunto-clamp-lateral-mutipanel-drill-seg5351#primaryimage\",\"url\":\"https:\/\/tienda.rigelec.com.ar\/wp-content\/uploads\/2026\/04\/CONJUNTOCLAMPLATERALMUTIPANELDRILL.jpg\",\"contentUrl\":\"https:\/\/tienda.rigelec.com.ar\/wp-content\/uploads\/2026\/04\/CONJUNTOCLAMPLATERALMUTIPANELDRILL.jpg\",\"width\":494,\"height\":469},{\"@type\":\"BreadcrumbList\",\"@id\":\"https:\/\/tienda.rigelec.com.ar\/?product=conjunto-clamp-lateral-mutipanel-drill-seg5351#breadcrumb\",\"itemListElement\":[{\"@type\":\"ListItem\",\"position\":1,\"name\":\"Inicio\",\"item\":\"https:\/\/tienda.rigelec.com.ar\/\"},{\"@type\":\"ListItem\",\"position\":2,\"name\":\"Shop\",\"item\":\"https:\/\/tienda.rigelec.com.ar\/?page_id=12\"},{\"@type\":\"ListItem\",\"position\":3,\"name\":\"CONJUNTO CLAMP LATERAL MUTIPANEL DRILL SEG5351\"}]},{\"@type\":\"WebSite\",\"@id\":\"https:\/\/tienda.rigelec.com.ar\/#website\",\"url\":\"https:\/\/tienda.rigelec.com.ar\/\",\"name\":\"Tienda Rigelec\",\"description\":\"Energia en movimiento\",\"publisher\":{\"@id\":\"https:\/\/tienda.rigelec.com.ar\/#organization\"},\"potentialAction\":[{\"@type\":\"SearchAction\",\"target\":{\"@type\":\"EntryPoint\",\"urlTemplate\":\"https:\/\/tienda.rigelec.com.ar\/?s={search_term_string}\"},\"query-input\":{\"@type\":\"PropertyValueSpecification\",\"valueRequired\":true,\"valueName\":\"search_term_string\"}}],\"inLanguage\":\"es-AR\"},{\"@type\":\"Organization\",\"@id\":\"https:\/\/tienda.rigelec.com.ar\/#organization\",\"name\":\"Tienda Rigelec\",\"url\":\"https:\/\/tienda.rigelec.com.ar\/\",\"logo\":{\"@type\":\"ImageObject\",\"inLanguage\":\"es-AR\",\"@id\":\"https:\/\/tienda.rigelec.com.ar\/#\/schema\/logo\/image\/\",\"url\":\"https:\/\/tienda.rigelec.com.ar\/wp-content\/uploads\/2024\/09\/isologo-blanco-rigelec.png\",\"contentUrl\":\"https:\/\/tienda.rigelec.com.ar\/wp-content\/uploads\/2024\/09\/isologo-blanco-rigelec.png\",\"width\":94,\"height\":97,\"caption\":\"Tienda Rigelec\"},\"image\":{\"@id\":\"https:\/\/tienda.rigelec.com.ar\/#\/schema\/logo\/image\/\"}}]}<\/script>\n<!-- \/ Yoast SEO plugin. -->","yoast_head_json":{"title":"CONJUNTO CLAMP LATERAL MUTIPANEL DRILL SEG5351 - Tienda Rigelec","robots":{"index":"index","follow":"follow","max-snippet":"max-snippet:-1","max-image-preview":"max-image-preview:large","max-video-preview":"max-video-preview:-1"},"canonical":"https:\/\/tienda.rigelec.com.ar\/?product=conjunto-clamp-lateral-mutipanel-drill-seg5351","og_locale":"es_ES","og_type":"article","og_title":"CONJUNTO CLAMP LATERAL MUTIPANEL DRILL SEG5351 - Tienda Rigelec","og_description":"Plaza de sujecion central que une los paneles entre si. Las estructuras Tonka Solar son ideales para la instalaci\u00f3n de paneles solares en cualquier superficie o terreno. Menor costo por Wp. Soluci\u00f3n integral de estructura y fijaci\u00f3n a piso. R\u00e1pido y f\u00e1cil armado. Aptas para cualquier tipo de panel solar. M\u00e1xima duraci\u00f3n bajo condiciones ambientales exigentes.","og_url":"https:\/\/tienda.rigelec.com.ar\/?product=conjunto-clamp-lateral-mutipanel-drill-seg5351","og_site_name":"Tienda Rigelec","article_modified_time":"2026-04-17T19:08:06+00:00","twitter_card":"summary_large_image","schema":{"@context":"https:\/\/schema.org","@graph":[{"@type":"WebPage","@id":"https:\/\/tienda.rigelec.com.ar\/?product=conjunto-clamp-lateral-mutipanel-drill-seg5351","url":"https:\/\/tienda.rigelec.com.ar\/?product=conjunto-clamp-lateral-mutipanel-drill-seg5351","name":"CONJUNTO CLAMP LATERAL MUTIPANEL DRILL SEG5351 - Tienda Rigelec","isPartOf":{"@id":"https:\/\/tienda.rigelec.com.ar\/#website"},"primaryImageOfPage":{"@id":"https:\/\/tienda.rigelec.com.ar\/?product=conjunto-clamp-lateral-mutipanel-drill-seg5351#primaryimage"},"image":{"@id":"https:\/\/tienda.rigelec.com.ar\/?product=conjunto-clamp-lateral-mutipanel-drill-seg5351#primaryimage"},"thumbnailUrl":"https:\/\/tienda.rigelec.com.ar\/wp-content\/uploads\/2026\/04\/CONJUNTOCLAMPLATERALMUTIPANELDRILL.jpg","datePublished":"2026-04-04T23:27:01+00:00","dateModified":"2026-04-17T19:08:06+00:00","breadcrumb":{"@id":"https:\/\/tienda.rigelec.com.ar\/?product=conjunto-clamp-lateral-mutipanel-drill-seg5351#breadcrumb"},"inLanguage":"es-AR","potentialAction":[{"@type":"ReadAction","target":["https:\/\/tienda.rigelec.com.ar\/?product=conjunto-clamp-lateral-mutipanel-drill-seg5351"]}]},{"@type":"ImageObject","inLanguage":"es-AR","@id":"https:\/\/tienda.rigelec.com.ar\/?product=conjunto-clamp-lateral-mutipanel-drill-seg5351#primaryimage","url":"https:\/\/tienda.rigelec.com.ar\/wp-content\/uploads\/2026\/04\/CONJUNTOCLAMPLATERALMUTIPANELDRILL.jpg","contentUrl":"https:\/\/tienda.rigelec.com.ar\/wp-content\/uploads\/2026\/04\/CONJUNTOCLAMPLATERALMUTIPANELDRILL.jpg","width":494,"height":469},{"@type":"BreadcrumbList","@id":"https:\/\/tienda.rigelec.com.ar\/?product=conjunto-clamp-lateral-mutipanel-drill-seg5351#breadcrumb","itemListElement":[{"@type":"ListItem","position":1,"name":"Inicio","item":"https:\/\/tienda.rigelec.com.ar\/"},{"@type":"ListItem","position":2,"name":"Shop","item":"https:\/\/tienda.rigelec.com.ar\/?page_id=12"},{"@type":"ListItem","position":3,"name":"CONJUNTO CLAMP LATERAL MUTIPANEL DRILL SEG5351"}]},{"@type":"WebSite","@id":"https:\/\/tienda.rigelec.com.ar\/#website","url":"https:\/\/tienda.rigelec.com.ar\/","name":"Tienda Rigelec","description":"Energia en movimiento","publisher":{"@id":"https:\/\/tienda.rigelec.com.ar\/#organization"},"potentialAction":[{"@type":"SearchAction","target":{"@type":"EntryPoint","urlTemplate":"https:\/\/tienda.rigelec.com.ar\/?s={search_term_string}"},"query-input":{"@type":"PropertyValueSpecification","valueRequired":true,"valueName":"search_term_string"}}],"inLanguage":"es-AR"},{"@type":"Organization","@id":"https:\/\/tienda.rigelec.com.ar\/#organization","name":"Tienda Rigelec","url":"https:\/\/tienda.rigelec.com.ar\/","logo":{"@type":"ImageObject","inLanguage":"es-AR","@id":"https:\/\/tienda.rigelec.com.ar\/#\/schema\/logo\/image\/","url":"https:\/\/tienda.rigelec.com.ar\/wp-content\/uploads\/2024\/09\/isologo-blanco-rigelec.png","contentUrl":"https:\/\/tienda.rigelec.com.ar\/wp-content\/uploads\/2024\/09\/isologo-blanco-rigelec.png","width":94,"height":97,"caption":"Tienda Rigelec"},"image":{"@id":"https:\/\/tienda.rigelec.com.ar\/#\/schema\/logo\/image\/"}}]}},"jetpack_sharing_enabled":true,"_links":{"self":[{"href":"https:\/\/tienda.rigelec.com.ar\/index.php?rest_route=\/wp\/v2\/product\/37176","targetHints":{"allow":["GET"]}}],"collection":[{"href":"https:\/\/tienda.rigelec.com.ar\/index.php?rest_route=\/wp\/v2\/product"}],"about":[{"href":"https:\/\/tienda.rigelec.com.ar\/index.php?rest_route=\/wp\/v2\/types\/product"}],"replies":[{"embeddable":true,"href":"https:\/\/tienda.rigelec.com.ar\/index.php?rest_route=%2Fwp%2Fv2%2Fcomments&post=37176"}],"wp:featuredmedia":[{"embeddable":true,"href":"https:\/\/tienda.rigelec.com.ar\/index.php?rest_route=\/wp\/v2\/media\/37177"}],"wp:attachment":[{"href":"https:\/\/tienda.rigelec.com.ar\/index.php?rest_route=%2Fwp%2Fv2%2Fmedia&parent=37176"}],"wp:term":[{"taxonomy":"product_brand","embeddable":true,"href":"https:\/\/tienda.rigelec.com.ar\/index.php?rest_route=%2Fwp%2Fv2%2Fproduct_brand&post=37176"},{"taxonomy":"product_cat","embeddable":true,"href":"https:\/\/tienda.rigelec.com.ar\/index.php?rest_route=%2Fwp%2Fv2%2Fproduct_cat&post=37176"},{"taxonomy":"product_tag","embeddable":true,"href":"https:\/\/tienda.rigelec.com.ar\/index.php?rest_route=%2Fwp%2Fv2%2Fproduct_tag&post=37176"}],"curies":[{"name":"wp","href":"https:\/\/api.w.org\/{rel}","templated":true}]}}