{"id":37198,"date":"2026-04-09T21:00:28","date_gmt":"2026-04-10T00:00:28","guid":{"rendered":"https:\/\/tienda.rigelec.com.ar\/?product=cargador-de-bateria-jdby1a071-4-12-24v-7a"},"modified":"2026-04-30T01:32:38","modified_gmt":"2026-04-30T04:32:38","slug":"cargador-de-bateria-jdby1a071-4-12-24v-7a","status":"publish","type":"product","link":"https:\/\/tienda.rigelec.com.ar\/?product=cargador-de-bateria-jdby1a071-4-12-24v-7a","title":{"rendered":"CARGADOR DE BATERIA JDBY1A071-4 12\/24V &#8211; 7A"},"content":{"rendered":"<p>CARGADOR DE BATERIA<\/p>\n","protected":false},"excerpt":{"rendered":"<p>Caracter\u00edsticas.<br \/>\n* Voltaje de entrada: 220-240V (ENCHUFE IRAM)<br \/>\n* Frecuencia: 50\/60Hz<br \/>\n* Voltaje de carga: 12\/24V<br \/>\n* Corriente nominal: 7\/3.5A<br \/>\n* Pantalla LCD<br \/>\n* Alta frecuencia y totalmente autom\u00e1tico.<br \/>\n* Protecci\u00f3n contra cortocircuito, polaridad inversa, sobrecarga, sobrecalentamiento.<br \/>\n* Capacidad de referencia (Ah): m\u00e1x. 200Ah<br \/>\n* Peso (Kg): 0.7<\/p>\n","protected":false},"featured_media":37199,"comment_status":"open","ping_status":"closed","template":"","meta":{"_monsterinsights_skip_tracking":false,"_monsterinsights_sitenote_active":false,"_monsterinsights_sitenote_note":"","_monsterinsights_sitenote_category":0},"product_brand":[],"product_cat":[366],"product_tag":[452],"class_list":{"0":"post-37198","1":"product","2":"type-product","3":"status-publish","4":"has-post-thumbnail","6":"product_cat-b-electricas","7":"product_tag-jadever","9":"first","10":"outofstock","11":"shipping-taxable","12":"purchasable","13":"product-type-simple"},"yoast_head":"<!-- This site is optimized with the Yoast SEO plugin v25.3.1 - https:\/\/yoast.com\/wordpress\/plugins\/seo\/ -->\n<title>CARGADOR DE BATERIA JDBY1A071-4 12\/24V - 7A - Tienda Rigelec<\/title>\n<meta name=\"robots\" content=\"index, follow, max-snippet:-1, max-image-preview:large, max-video-preview:-1\" \/>\n<link rel=\"canonical\" href=\"https:\/\/tienda.rigelec.com.ar\/?product=cargador-de-bateria-jdby1a071-4-12-24v-7a\" \/>\n<meta property=\"og:locale\" content=\"es_ES\" \/>\n<meta property=\"og:type\" content=\"article\" \/>\n<meta property=\"og:title\" content=\"CARGADOR DE BATERIA JDBY1A071-4 12\/24V - 7A - Tienda Rigelec\" \/>\n<meta property=\"og:description\" content=\"Caracter\u00edsticas. * Voltaje de entrada: 220-240V (ENCHUFE IRAM) * Frecuencia: 50\/60Hz * Voltaje de carga: 12\/24V * Corriente nominal: 7\/3.5A * Pantalla LCD * Alta frecuencia y totalmente autom\u00e1tico. * Protecci\u00f3n contra cortocircuito, polaridad inversa, sobrecarga, sobrecalentamiento. * Capacidad de referencia (Ah): m\u00e1x. 200Ah * Peso (Kg): 0.7\" \/>\n<meta property=\"og:url\" content=\"https:\/\/tienda.rigelec.com.ar\/?product=cargador-de-bateria-jdby1a071-4-12-24v-7a\" \/>\n<meta property=\"og:site_name\" content=\"Tienda Rigelec\" \/>\n<meta property=\"article:modified_time\" content=\"2026-04-30T04:32:38+00:00\" \/>\n<meta name=\"twitter:card\" content=\"summary_large_image\" \/>\n<script type=\"application\/ld+json\" class=\"yoast-schema-graph\">{\"@context\":\"https:\/\/schema.org\",\"@graph\":[{\"@type\":\"WebPage\",\"@id\":\"https:\/\/tienda.rigelec.com.ar\/?product=cargador-de-bateria-jdby1a071-4-12-24v-7a\",\"url\":\"https:\/\/tienda.rigelec.com.ar\/?product=cargador-de-bateria-jdby1a071-4-12-24v-7a\",\"name\":\"CARGADOR DE BATERIA JDBY1A071-4 12\/24V - 7A - Tienda Rigelec\",\"isPartOf\":{\"@id\":\"https:\/\/tienda.rigelec.com.ar\/#website\"},\"primaryImageOfPage\":{\"@id\":\"https:\/\/tienda.rigelec.com.ar\/?product=cargador-de-bateria-jdby1a071-4-12-24v-7a#primaryimage\"},\"image\":{\"@id\":\"https:\/\/tienda.rigelec.com.ar\/?product=cargador-de-bateria-jdby1a071-4-12-24v-7a#primaryimage\"},\"thumbnailUrl\":\"https:\/\/tienda.rigelec.com.ar\/wp-content\/uploads\/2026\/04\/CARGADORDEBATERIA.jpg\",\"datePublished\":\"2026-04-10T00:00:28+00:00\",\"dateModified\":\"2026-04-30T04:32:38+00:00\",\"breadcrumb\":{\"@id\":\"https:\/\/tienda.rigelec.com.ar\/?product=cargador-de-bateria-jdby1a071-4-12-24v-7a#breadcrumb\"},\"inLanguage\":\"es-AR\",\"potentialAction\":[{\"@type\":\"ReadAction\",\"target\":[\"https:\/\/tienda.rigelec.com.ar\/?product=cargador-de-bateria-jdby1a071-4-12-24v-7a\"]}]},{\"@type\":\"ImageObject\",\"inLanguage\":\"es-AR\",\"@id\":\"https:\/\/tienda.rigelec.com.ar\/?product=cargador-de-bateria-jdby1a071-4-12-24v-7a#primaryimage\",\"url\":\"https:\/\/tienda.rigelec.com.ar\/wp-content\/uploads\/2026\/04\/CARGADORDEBATERIA.jpg\",\"contentUrl\":\"https:\/\/tienda.rigelec.com.ar\/wp-content\/uploads\/2026\/04\/CARGADORDEBATERIA.jpg\",\"width\":1512,\"height\":1512},{\"@type\":\"BreadcrumbList\",\"@id\":\"https:\/\/tienda.rigelec.com.ar\/?product=cargador-de-bateria-jdby1a071-4-12-24v-7a#breadcrumb\",\"itemListElement\":[{\"@type\":\"ListItem\",\"position\":1,\"name\":\"Inicio\",\"item\":\"https:\/\/tienda.rigelec.com.ar\/\"},{\"@type\":\"ListItem\",\"position\":2,\"name\":\"Shop\",\"item\":\"https:\/\/tienda.rigelec.com.ar\/?page_id=12\"},{\"@type\":\"ListItem\",\"position\":3,\"name\":\"CARGADOR DE BATERIA JDBY1A071-4 12\/24V &#8211; 7A\"}]},{\"@type\":\"WebSite\",\"@id\":\"https:\/\/tienda.rigelec.com.ar\/#website\",\"url\":\"https:\/\/tienda.rigelec.com.ar\/\",\"name\":\"Tienda Rigelec\",\"description\":\"Energia en movimiento\",\"publisher\":{\"@id\":\"https:\/\/tienda.rigelec.com.ar\/#organization\"},\"potentialAction\":[{\"@type\":\"SearchAction\",\"target\":{\"@type\":\"EntryPoint\",\"urlTemplate\":\"https:\/\/tienda.rigelec.com.ar\/?s={search_term_string}\"},\"query-input\":{\"@type\":\"PropertyValueSpecification\",\"valueRequired\":true,\"valueName\":\"search_term_string\"}}],\"inLanguage\":\"es-AR\"},{\"@type\":\"Organization\",\"@id\":\"https:\/\/tienda.rigelec.com.ar\/#organization\",\"name\":\"Tienda Rigelec\",\"url\":\"https:\/\/tienda.rigelec.com.ar\/\",\"logo\":{\"@type\":\"ImageObject\",\"inLanguage\":\"es-AR\",\"@id\":\"https:\/\/tienda.rigelec.com.ar\/#\/schema\/logo\/image\/\",\"url\":\"https:\/\/tienda.rigelec.com.ar\/wp-content\/uploads\/2024\/09\/isologo-blanco-rigelec.png\",\"contentUrl\":\"https:\/\/tienda.rigelec.com.ar\/wp-content\/uploads\/2024\/09\/isologo-blanco-rigelec.png\",\"width\":94,\"height\":97,\"caption\":\"Tienda Rigelec\"},\"image\":{\"@id\":\"https:\/\/tienda.rigelec.com.ar\/#\/schema\/logo\/image\/\"}}]}<\/script>\n<!-- \/ Yoast SEO plugin. -->","yoast_head_json":{"title":"CARGADOR DE BATERIA JDBY1A071-4 12\/24V - 7A - Tienda Rigelec","robots":{"index":"index","follow":"follow","max-snippet":"max-snippet:-1","max-image-preview":"max-image-preview:large","max-video-preview":"max-video-preview:-1"},"canonical":"https:\/\/tienda.rigelec.com.ar\/?product=cargador-de-bateria-jdby1a071-4-12-24v-7a","og_locale":"es_ES","og_type":"article","og_title":"CARGADOR DE BATERIA JDBY1A071-4 12\/24V - 7A - Tienda Rigelec","og_description":"Caracter\u00edsticas. * Voltaje de entrada: 220-240V (ENCHUFE IRAM) * Frecuencia: 50\/60Hz * Voltaje de carga: 12\/24V * Corriente nominal: 7\/3.5A * Pantalla LCD * Alta frecuencia y totalmente autom\u00e1tico. * Protecci\u00f3n contra cortocircuito, polaridad inversa, sobrecarga, sobrecalentamiento. * Capacidad de referencia (Ah): m\u00e1x. 200Ah * Peso (Kg): 0.7","og_url":"https:\/\/tienda.rigelec.com.ar\/?product=cargador-de-bateria-jdby1a071-4-12-24v-7a","og_site_name":"Tienda Rigelec","article_modified_time":"2026-04-30T04:32:38+00:00","twitter_card":"summary_large_image","schema":{"@context":"https:\/\/schema.org","@graph":[{"@type":"WebPage","@id":"https:\/\/tienda.rigelec.com.ar\/?product=cargador-de-bateria-jdby1a071-4-12-24v-7a","url":"https:\/\/tienda.rigelec.com.ar\/?product=cargador-de-bateria-jdby1a071-4-12-24v-7a","name":"CARGADOR DE BATERIA JDBY1A071-4 12\/24V - 7A - Tienda Rigelec","isPartOf":{"@id":"https:\/\/tienda.rigelec.com.ar\/#website"},"primaryImageOfPage":{"@id":"https:\/\/tienda.rigelec.com.ar\/?product=cargador-de-bateria-jdby1a071-4-12-24v-7a#primaryimage"},"image":{"@id":"https:\/\/tienda.rigelec.com.ar\/?product=cargador-de-bateria-jdby1a071-4-12-24v-7a#primaryimage"},"thumbnailUrl":"https:\/\/tienda.rigelec.com.ar\/wp-content\/uploads\/2026\/04\/CARGADORDEBATERIA.jpg","datePublished":"2026-04-10T00:00:28+00:00","dateModified":"2026-04-30T04:32:38+00:00","breadcrumb":{"@id":"https:\/\/tienda.rigelec.com.ar\/?product=cargador-de-bateria-jdby1a071-4-12-24v-7a#breadcrumb"},"inLanguage":"es-AR","potentialAction":[{"@type":"ReadAction","target":["https:\/\/tienda.rigelec.com.ar\/?product=cargador-de-bateria-jdby1a071-4-12-24v-7a"]}]},{"@type":"ImageObject","inLanguage":"es-AR","@id":"https:\/\/tienda.rigelec.com.ar\/?product=cargador-de-bateria-jdby1a071-4-12-24v-7a#primaryimage","url":"https:\/\/tienda.rigelec.com.ar\/wp-content\/uploads\/2026\/04\/CARGADORDEBATERIA.jpg","contentUrl":"https:\/\/tienda.rigelec.com.ar\/wp-content\/uploads\/2026\/04\/CARGADORDEBATERIA.jpg","width":1512,"height":1512},{"@type":"BreadcrumbList","@id":"https:\/\/tienda.rigelec.com.ar\/?product=cargador-de-bateria-jdby1a071-4-12-24v-7a#breadcrumb","itemListElement":[{"@type":"ListItem","position":1,"name":"Inicio","item":"https:\/\/tienda.rigelec.com.ar\/"},{"@type":"ListItem","position":2,"name":"Shop","item":"https:\/\/tienda.rigelec.com.ar\/?page_id=12"},{"@type":"ListItem","position":3,"name":"CARGADOR DE BATERIA JDBY1A071-4 12\/24V &#8211; 7A"}]},{"@type":"WebSite","@id":"https:\/\/tienda.rigelec.com.ar\/#website","url":"https:\/\/tienda.rigelec.com.ar\/","name":"Tienda Rigelec","description":"Energia en movimiento","publisher":{"@id":"https:\/\/tienda.rigelec.com.ar\/#organization"},"potentialAction":[{"@type":"SearchAction","target":{"@type":"EntryPoint","urlTemplate":"https:\/\/tienda.rigelec.com.ar\/?s={search_term_string}"},"query-input":{"@type":"PropertyValueSpecification","valueRequired":true,"valueName":"search_term_string"}}],"inLanguage":"es-AR"},{"@type":"Organization","@id":"https:\/\/tienda.rigelec.com.ar\/#organization","name":"Tienda Rigelec","url":"https:\/\/tienda.rigelec.com.ar\/","logo":{"@type":"ImageObject","inLanguage":"es-AR","@id":"https:\/\/tienda.rigelec.com.ar\/#\/schema\/logo\/image\/","url":"https:\/\/tienda.rigelec.com.ar\/wp-content\/uploads\/2024\/09\/isologo-blanco-rigelec.png","contentUrl":"https:\/\/tienda.rigelec.com.ar\/wp-content\/uploads\/2024\/09\/isologo-blanco-rigelec.png","width":94,"height":97,"caption":"Tienda Rigelec"},"image":{"@id":"https:\/\/tienda.rigelec.com.ar\/#\/schema\/logo\/image\/"}}]}},"jetpack_sharing_enabled":true,"_links":{"self":[{"href":"https:\/\/tienda.rigelec.com.ar\/index.php?rest_route=\/wp\/v2\/product\/37198","targetHints":{"allow":["GET"]}}],"collection":[{"href":"https:\/\/tienda.rigelec.com.ar\/index.php?rest_route=\/wp\/v2\/product"}],"about":[{"href":"https:\/\/tienda.rigelec.com.ar\/index.php?rest_route=\/wp\/v2\/types\/product"}],"replies":[{"embeddable":true,"href":"https:\/\/tienda.rigelec.com.ar\/index.php?rest_route=%2Fwp%2Fv2%2Fcomments&post=37198"}],"wp:featuredmedia":[{"embeddable":true,"href":"https:\/\/tienda.rigelec.com.ar\/index.php?rest_route=\/wp\/v2\/media\/37199"}],"wp:attachment":[{"href":"https:\/\/tienda.rigelec.com.ar\/index.php?rest_route=%2Fwp%2Fv2%2Fmedia&parent=37198"}],"wp:term":[{"taxonomy":"product_brand","embeddable":true,"href":"https:\/\/tienda.rigelec.com.ar\/index.php?rest_route=%2Fwp%2Fv2%2Fproduct_brand&post=37198"},{"taxonomy":"product_cat","embeddable":true,"href":"https:\/\/tienda.rigelec.com.ar\/index.php?rest_route=%2Fwp%2Fv2%2Fproduct_cat&post=37198"},{"taxonomy":"product_tag","embeddable":true,"href":"https:\/\/tienda.rigelec.com.ar\/index.php?rest_route=%2Fwp%2Fv2%2Fproduct_tag&post=37198"}],"curies":[{"name":"wp","href":"https:\/\/api.w.org\/{rel}","templated":true}]}}