{"id":37217,"date":"2026-04-16T13:23:44","date_gmt":"2026-04-16T16:23:44","guid":{"rendered":"https:\/\/tienda.rigelec.com.ar\/?product=contactor-ac3-tesys-deca-3p-18a-400v-1na-1-nc"},"modified":"2026-05-01T04:38:45","modified_gmt":"2026-05-01T07:38:45","slug":"contactor-ac3-tesys-deca-3p-18a-400v-1na-1-nc","status":"publish","type":"product","link":"https:\/\/tienda.rigelec.com.ar\/?product=contactor-ac3-tesys-deca-3p-18a-400v-1na-1-nc","title":{"rendered":"CONTACTOR AC3 TESYS DECA 3P &#8211; 18A &#8211; 400V- 1NA + 1 NC"},"content":{"rendered":"<p>CONTACTOR AC3<\/p>\n","protected":false},"excerpt":{"rendered":"<p>El contactor de la nueva generaci\u00f3n de la serie TeSys Deca ofrece una soluci\u00f3n confiable y robusta para acelerar el tiempo de llegada al mercado de las m\u00e1quinas. Este producto tiene 3 (NO) polos y est\u00e1 destinado para aplicaciones de control de motores hasta 18A\/690V AC-3\/3e (7.5kW\/400V). Dispone de bobina 24-60V AC\/DC 50\/60Hz con contactos auxiliares incorporados 1NO+1NC (certificados NC espejo) y conexi\u00f3n mediante terminales de abrazadera de tornillo. Este contactor garantiza sencillez y facilidad de instalaci\u00f3n, es muy resistente y compacto (120mm de ancho). Tiene un rango de operaci\u00f3n de 3.600 ciclos\/hora en ambientes de hasta 60\u00b0C, proporcionando alta confiabilidad y durabilidad. Adem\u00e1s, tiene protecci\u00f3n IP20 y montaje en riel DIN o fijaci\u00f3n por tornillos. Este producto tiene certificaci\u00f3n multiest\u00e1ndar (IEC, UL, CSA, CCC, EAC, Marine). Los contactores Tesys Deca cuentan con la etiqueta Green PremiumTM, la cual promete el cumplimiento de las reglamentaciones m\u00e1s recientes, transparencia sobre los impactos medioambientales, productos circulares y de bajo nivel de CO2.<\/p>\n","protected":false},"featured_media":37218,"comment_status":"open","ping_status":"closed","template":"","meta":{"_monsterinsights_skip_tracking":false,"_monsterinsights_sitenote_active":false,"_monsterinsights_sitenote_note":"","_monsterinsights_sitenote_category":0},"product_brand":[],"product_cat":[332],"product_tag":[450],"class_list":{"0":"post-37217","1":"product","2":"type-product","3":"status-publish","4":"has-post-thumbnail","6":"product_cat-a-contactores","7":"product_tag-schneider","9":"first","10":"outofstock","11":"shipping-taxable","12":"purchasable","13":"product-type-simple"},"yoast_head":"<!-- This site is optimized with the Yoast SEO plugin v25.3.1 - https:\/\/yoast.com\/wordpress\/plugins\/seo\/ -->\n<title>CONTACTOR AC3 TESYS DECA 3P - 18A - 400V- 1NA + 1 NC - Tienda Rigelec<\/title>\n<meta name=\"robots\" content=\"index, follow, max-snippet:-1, max-image-preview:large, max-video-preview:-1\" \/>\n<link rel=\"canonical\" href=\"https:\/\/tienda.rigelec.com.ar\/?product=contactor-ac3-tesys-deca-3p-18a-400v-1na-1-nc\" \/>\n<meta property=\"og:locale\" content=\"es_ES\" \/>\n<meta property=\"og:type\" content=\"article\" \/>\n<meta property=\"og:title\" content=\"CONTACTOR AC3 TESYS DECA 3P - 18A - 400V- 1NA + 1 NC - Tienda Rigelec\" \/>\n<meta property=\"og:description\" content=\"El contactor de la nueva generaci\u00f3n de la serie TeSys Deca ofrece una soluci\u00f3n confiable y robusta para acelerar el tiempo de llegada al mercado de las m\u00e1quinas. Este producto tiene 3 (NO) polos y est\u00e1 destinado para aplicaciones de control de motores hasta 18A\/690V AC-3\/3e (7.5kW\/400V). Dispone de bobina 24-60V AC\/DC 50\/60Hz con contactos auxiliares incorporados 1NO+1NC (certificados NC espejo) y conexi\u00f3n mediante terminales de abrazadera de tornillo. Este contactor garantiza sencillez y facilidad de instalaci\u00f3n, es muy resistente y compacto (120mm de ancho). Tiene un rango de operaci\u00f3n de 3.600 ciclos\/hora en ambientes de hasta 60\u00b0C, proporcionando alta confiabilidad y durabilidad. Adem\u00e1s, tiene protecci\u00f3n IP20 y montaje en riel DIN o fijaci\u00f3n por tornillos. Este producto tiene certificaci\u00f3n multiest\u00e1ndar (IEC, UL, CSA, CCC, EAC, Marine). Los contactores Tesys Deca cuentan con la etiqueta Green PremiumTM, la cual promete el cumplimiento de las reglamentaciones m\u00e1s recientes, transparencia sobre los impactos medioambientales, productos circulares y de bajo nivel de CO2.\" \/>\n<meta property=\"og:url\" content=\"https:\/\/tienda.rigelec.com.ar\/?product=contactor-ac3-tesys-deca-3p-18a-400v-1na-1-nc\" \/>\n<meta property=\"og:site_name\" content=\"Tienda Rigelec\" \/>\n<meta property=\"article:modified_time\" content=\"2026-05-01T07:38:45+00:00\" \/>\n<meta name=\"twitter:card\" content=\"summary_large_image\" \/>\n<script type=\"application\/ld+json\" class=\"yoast-schema-graph\">{\"@context\":\"https:\/\/schema.org\",\"@graph\":[{\"@type\":\"WebPage\",\"@id\":\"https:\/\/tienda.rigelec.com.ar\/?product=contactor-ac3-tesys-deca-3p-18a-400v-1na-1-nc\",\"url\":\"https:\/\/tienda.rigelec.com.ar\/?product=contactor-ac3-tesys-deca-3p-18a-400v-1na-1-nc\",\"name\":\"CONTACTOR AC3 TESYS DECA 3P - 18A - 400V- 1NA + 1 NC - Tienda Rigelec\",\"isPartOf\":{\"@id\":\"https:\/\/tienda.rigelec.com.ar\/#website\"},\"primaryImageOfPage\":{\"@id\":\"https:\/\/tienda.rigelec.com.ar\/?product=contactor-ac3-tesys-deca-3p-18a-400v-1na-1-nc#primaryimage\"},\"image\":{\"@id\":\"https:\/\/tienda.rigelec.com.ar\/?product=contactor-ac3-tesys-deca-3p-18a-400v-1na-1-nc#primaryimage\"},\"thumbnailUrl\":\"https:\/\/tienda.rigelec.com.ar\/wp-content\/uploads\/2026\/04\/CONTACTORAC3.jpg\",\"datePublished\":\"2026-04-16T16:23:44+00:00\",\"dateModified\":\"2026-05-01T07:38:45+00:00\",\"breadcrumb\":{\"@id\":\"https:\/\/tienda.rigelec.com.ar\/?product=contactor-ac3-tesys-deca-3p-18a-400v-1na-1-nc#breadcrumb\"},\"inLanguage\":\"es-AR\",\"potentialAction\":[{\"@type\":\"ReadAction\",\"target\":[\"https:\/\/tienda.rigelec.com.ar\/?product=contactor-ac3-tesys-deca-3p-18a-400v-1na-1-nc\"]}]},{\"@type\":\"ImageObject\",\"inLanguage\":\"es-AR\",\"@id\":\"https:\/\/tienda.rigelec.com.ar\/?product=contactor-ac3-tesys-deca-3p-18a-400v-1na-1-nc#primaryimage\",\"url\":\"https:\/\/tienda.rigelec.com.ar\/wp-content\/uploads\/2026\/04\/CONTACTORAC3.jpg\",\"contentUrl\":\"https:\/\/tienda.rigelec.com.ar\/wp-content\/uploads\/2026\/04\/CONTACTORAC3.jpg\",\"width\":1512,\"height\":1512},{\"@type\":\"BreadcrumbList\",\"@id\":\"https:\/\/tienda.rigelec.com.ar\/?product=contactor-ac3-tesys-deca-3p-18a-400v-1na-1-nc#breadcrumb\",\"itemListElement\":[{\"@type\":\"ListItem\",\"position\":1,\"name\":\"Inicio\",\"item\":\"https:\/\/tienda.rigelec.com.ar\/\"},{\"@type\":\"ListItem\",\"position\":2,\"name\":\"Shop\",\"item\":\"https:\/\/tienda.rigelec.com.ar\/?page_id=12\"},{\"@type\":\"ListItem\",\"position\":3,\"name\":\"CONTACTOR AC3 TESYS DECA 3P &#8211; 18A &#8211; 400V- 1NA + 1 NC\"}]},{\"@type\":\"WebSite\",\"@id\":\"https:\/\/tienda.rigelec.com.ar\/#website\",\"url\":\"https:\/\/tienda.rigelec.com.ar\/\",\"name\":\"Tienda Rigelec\",\"description\":\"Energia en movimiento\",\"publisher\":{\"@id\":\"https:\/\/tienda.rigelec.com.ar\/#organization\"},\"potentialAction\":[{\"@type\":\"SearchAction\",\"target\":{\"@type\":\"EntryPoint\",\"urlTemplate\":\"https:\/\/tienda.rigelec.com.ar\/?s={search_term_string}\"},\"query-input\":{\"@type\":\"PropertyValueSpecification\",\"valueRequired\":true,\"valueName\":\"search_term_string\"}}],\"inLanguage\":\"es-AR\"},{\"@type\":\"Organization\",\"@id\":\"https:\/\/tienda.rigelec.com.ar\/#organization\",\"name\":\"Tienda Rigelec\",\"url\":\"https:\/\/tienda.rigelec.com.ar\/\",\"logo\":{\"@type\":\"ImageObject\",\"inLanguage\":\"es-AR\",\"@id\":\"https:\/\/tienda.rigelec.com.ar\/#\/schema\/logo\/image\/\",\"url\":\"https:\/\/tienda.rigelec.com.ar\/wp-content\/uploads\/2024\/09\/isologo-blanco-rigelec.png\",\"contentUrl\":\"https:\/\/tienda.rigelec.com.ar\/wp-content\/uploads\/2024\/09\/isologo-blanco-rigelec.png\",\"width\":94,\"height\":97,\"caption\":\"Tienda Rigelec\"},\"image\":{\"@id\":\"https:\/\/tienda.rigelec.com.ar\/#\/schema\/logo\/image\/\"}}]}<\/script>\n<!-- \/ Yoast SEO plugin. -->","yoast_head_json":{"title":"CONTACTOR AC3 TESYS DECA 3P - 18A - 400V- 1NA + 1 NC - Tienda Rigelec","robots":{"index":"index","follow":"follow","max-snippet":"max-snippet:-1","max-image-preview":"max-image-preview:large","max-video-preview":"max-video-preview:-1"},"canonical":"https:\/\/tienda.rigelec.com.ar\/?product=contactor-ac3-tesys-deca-3p-18a-400v-1na-1-nc","og_locale":"es_ES","og_type":"article","og_title":"CONTACTOR AC3 TESYS DECA 3P - 18A - 400V- 1NA + 1 NC - Tienda Rigelec","og_description":"El contactor de la nueva generaci\u00f3n de la serie TeSys Deca ofrece una soluci\u00f3n confiable y robusta para acelerar el tiempo de llegada al mercado de las m\u00e1quinas. Este producto tiene 3 (NO) polos y est\u00e1 destinado para aplicaciones de control de motores hasta 18A\/690V AC-3\/3e (7.5kW\/400V). Dispone de bobina 24-60V AC\/DC 50\/60Hz con contactos auxiliares incorporados 1NO+1NC (certificados NC espejo) y conexi\u00f3n mediante terminales de abrazadera de tornillo. Este contactor garantiza sencillez y facilidad de instalaci\u00f3n, es muy resistente y compacto (120mm de ancho). Tiene un rango de operaci\u00f3n de 3.600 ciclos\/hora en ambientes de hasta 60\u00b0C, proporcionando alta confiabilidad y durabilidad. Adem\u00e1s, tiene protecci\u00f3n IP20 y montaje en riel DIN o fijaci\u00f3n por tornillos. Este producto tiene certificaci\u00f3n multiest\u00e1ndar (IEC, UL, CSA, CCC, EAC, Marine). Los contactores Tesys Deca cuentan con la etiqueta Green PremiumTM, la cual promete el cumplimiento de las reglamentaciones m\u00e1s recientes, transparencia sobre los impactos medioambientales, productos circulares y de bajo nivel de CO2.","og_url":"https:\/\/tienda.rigelec.com.ar\/?product=contactor-ac3-tesys-deca-3p-18a-400v-1na-1-nc","og_site_name":"Tienda Rigelec","article_modified_time":"2026-05-01T07:38:45+00:00","twitter_card":"summary_large_image","schema":{"@context":"https:\/\/schema.org","@graph":[{"@type":"WebPage","@id":"https:\/\/tienda.rigelec.com.ar\/?product=contactor-ac3-tesys-deca-3p-18a-400v-1na-1-nc","url":"https:\/\/tienda.rigelec.com.ar\/?product=contactor-ac3-tesys-deca-3p-18a-400v-1na-1-nc","name":"CONTACTOR AC3 TESYS DECA 3P - 18A - 400V- 1NA + 1 NC - Tienda Rigelec","isPartOf":{"@id":"https:\/\/tienda.rigelec.com.ar\/#website"},"primaryImageOfPage":{"@id":"https:\/\/tienda.rigelec.com.ar\/?product=contactor-ac3-tesys-deca-3p-18a-400v-1na-1-nc#primaryimage"},"image":{"@id":"https:\/\/tienda.rigelec.com.ar\/?product=contactor-ac3-tesys-deca-3p-18a-400v-1na-1-nc#primaryimage"},"thumbnailUrl":"https:\/\/tienda.rigelec.com.ar\/wp-content\/uploads\/2026\/04\/CONTACTORAC3.jpg","datePublished":"2026-04-16T16:23:44+00:00","dateModified":"2026-05-01T07:38:45+00:00","breadcrumb":{"@id":"https:\/\/tienda.rigelec.com.ar\/?product=contactor-ac3-tesys-deca-3p-18a-400v-1na-1-nc#breadcrumb"},"inLanguage":"es-AR","potentialAction":[{"@type":"ReadAction","target":["https:\/\/tienda.rigelec.com.ar\/?product=contactor-ac3-tesys-deca-3p-18a-400v-1na-1-nc"]}]},{"@type":"ImageObject","inLanguage":"es-AR","@id":"https:\/\/tienda.rigelec.com.ar\/?product=contactor-ac3-tesys-deca-3p-18a-400v-1na-1-nc#primaryimage","url":"https:\/\/tienda.rigelec.com.ar\/wp-content\/uploads\/2026\/04\/CONTACTORAC3.jpg","contentUrl":"https:\/\/tienda.rigelec.com.ar\/wp-content\/uploads\/2026\/04\/CONTACTORAC3.jpg","width":1512,"height":1512},{"@type":"BreadcrumbList","@id":"https:\/\/tienda.rigelec.com.ar\/?product=contactor-ac3-tesys-deca-3p-18a-400v-1na-1-nc#breadcrumb","itemListElement":[{"@type":"ListItem","position":1,"name":"Inicio","item":"https:\/\/tienda.rigelec.com.ar\/"},{"@type":"ListItem","position":2,"name":"Shop","item":"https:\/\/tienda.rigelec.com.ar\/?page_id=12"},{"@type":"ListItem","position":3,"name":"CONTACTOR AC3 TESYS DECA 3P &#8211; 18A &#8211; 400V- 1NA + 1 NC"}]},{"@type":"WebSite","@id":"https:\/\/tienda.rigelec.com.ar\/#website","url":"https:\/\/tienda.rigelec.com.ar\/","name":"Tienda Rigelec","description":"Energia en movimiento","publisher":{"@id":"https:\/\/tienda.rigelec.com.ar\/#organization"},"potentialAction":[{"@type":"SearchAction","target":{"@type":"EntryPoint","urlTemplate":"https:\/\/tienda.rigelec.com.ar\/?s={search_term_string}"},"query-input":{"@type":"PropertyValueSpecification","valueRequired":true,"valueName":"search_term_string"}}],"inLanguage":"es-AR"},{"@type":"Organization","@id":"https:\/\/tienda.rigelec.com.ar\/#organization","name":"Tienda Rigelec","url":"https:\/\/tienda.rigelec.com.ar\/","logo":{"@type":"ImageObject","inLanguage":"es-AR","@id":"https:\/\/tienda.rigelec.com.ar\/#\/schema\/logo\/image\/","url":"https:\/\/tienda.rigelec.com.ar\/wp-content\/uploads\/2024\/09\/isologo-blanco-rigelec.png","contentUrl":"https:\/\/tienda.rigelec.com.ar\/wp-content\/uploads\/2024\/09\/isologo-blanco-rigelec.png","width":94,"height":97,"caption":"Tienda Rigelec"},"image":{"@id":"https:\/\/tienda.rigelec.com.ar\/#\/schema\/logo\/image\/"}}]}},"jetpack_sharing_enabled":true,"_links":{"self":[{"href":"https:\/\/tienda.rigelec.com.ar\/index.php?rest_route=\/wp\/v2\/product\/37217","targetHints":{"allow":["GET"]}}],"collection":[{"href":"https:\/\/tienda.rigelec.com.ar\/index.php?rest_route=\/wp\/v2\/product"}],"about":[{"href":"https:\/\/tienda.rigelec.com.ar\/index.php?rest_route=\/wp\/v2\/types\/product"}],"replies":[{"embeddable":true,"href":"https:\/\/tienda.rigelec.com.ar\/index.php?rest_route=%2Fwp%2Fv2%2Fcomments&post=37217"}],"wp:featuredmedia":[{"embeddable":true,"href":"https:\/\/tienda.rigelec.com.ar\/index.php?rest_route=\/wp\/v2\/media\/37218"}],"wp:attachment":[{"href":"https:\/\/tienda.rigelec.com.ar\/index.php?rest_route=%2Fwp%2Fv2%2Fmedia&parent=37217"}],"wp:term":[{"taxonomy":"product_brand","embeddable":true,"href":"https:\/\/tienda.rigelec.com.ar\/index.php?rest_route=%2Fwp%2Fv2%2Fproduct_brand&post=37217"},{"taxonomy":"product_cat","embeddable":true,"href":"https:\/\/tienda.rigelec.com.ar\/index.php?rest_route=%2Fwp%2Fv2%2Fproduct_cat&post=37217"},{"taxonomy":"product_tag","embeddable":true,"href":"https:\/\/tienda.rigelec.com.ar\/index.php?rest_route=%2Fwp%2Fv2%2Fproduct_tag&post=37217"}],"curies":[{"name":"wp","href":"https:\/\/api.w.org\/{rel}","templated":true}]}}