{"id":37315,"date":"2026-04-17T16:14:49","date_gmt":"2026-04-17T19:14:49","guid":{"rendered":"https:\/\/tienda.rigelec.com.ar\/?product=diferencial-2x40a-iid-63-30ma-230v-6ka"},"modified":"2026-04-29T12:04:33","modified_gmt":"2026-04-29T15:04:33","slug":"diferencial-2x40a-iid-63-30ma-230v-6ka","status":"publish","type":"product","link":"https:\/\/tienda.rigelec.com.ar\/?product=diferencial-2x40a-iid-63-30ma-230v-6ka","title":{"rendered":"DIFERENCIAL 2X40A IID-63 30MA &#8211; 230V &#8211; 6KA"},"content":{"rendered":"<p>DIFERENCIAL 2X40A<\/p>\n","protected":false},"excerpt":{"rendered":"<p>Las t\u00e9rmicas diferenciales el\u00e9ctricas son dispositivos de protecci\u00f3n dise\u00f1ados para detectar fugas de corriente hacia tierra y desconectar el suministro el\u00e9ctrico de forma inmediata.<br \/>\nSu funci\u00f3n principal es resguardar la seguridad de las personas frente a posibles descargas el\u00e9ctricas, adem\u00e1s de proteger instalaciones y equipos contra fallas de aislamiento.<\/p>\n<p>Caracter\u00edsticas.<br \/>\n* Clase: AC<br \/>\n* Polos: 1P + N<br \/>\n* IN (A): 40A<br \/>\n* Ui (V): 500V<br \/>\n* mA: 30<br \/>\n* ICU (kA): 6<br \/>\n* Tension (V): 230V<br \/>\n* Norma: IEC 61008-1<\/p>\n","protected":false},"featured_media":37316,"comment_status":"open","ping_status":"closed","template":"","meta":{"_monsterinsights_skip_tracking":false,"_monsterinsights_sitenote_active":false,"_monsterinsights_sitenote_note":"","_monsterinsights_sitenote_category":0},"product_brand":[],"product_cat":[267],"product_tag":[528],"class_list":{"0":"post-37315","1":"product","2":"type-product","3":"status-publish","4":"has-post-thumbnail","6":"product_cat-b-diferencial","7":"product_tag-inteck","9":"first","10":"outofstock","11":"shipping-taxable","12":"purchasable","13":"product-type-simple"},"yoast_head":"<!-- This site is optimized with the Yoast SEO plugin v25.3.1 - https:\/\/yoast.com\/wordpress\/plugins\/seo\/ -->\n<title>DIFERENCIAL 2X40A IID-63 30MA - 230V - 6KA - Tienda Rigelec<\/title>\n<meta name=\"robots\" content=\"index, follow, max-snippet:-1, max-image-preview:large, max-video-preview:-1\" \/>\n<link rel=\"canonical\" href=\"https:\/\/tienda.rigelec.com.ar\/?product=diferencial-2x40a-iid-63-30ma-230v-6ka\" \/>\n<meta property=\"og:locale\" content=\"es_ES\" \/>\n<meta property=\"og:type\" content=\"article\" \/>\n<meta property=\"og:title\" content=\"DIFERENCIAL 2X40A IID-63 30MA - 230V - 6KA - Tienda Rigelec\" \/>\n<meta property=\"og:description\" content=\"Las t\u00e9rmicas diferenciales el\u00e9ctricas son dispositivos de protecci\u00f3n dise\u00f1ados para detectar fugas de corriente hacia tierra y desconectar el suministro el\u00e9ctrico de forma inmediata. Su funci\u00f3n principal es resguardar la seguridad de las personas frente a posibles descargas el\u00e9ctricas, adem\u00e1s de proteger instalaciones y equipos contra fallas de aislamiento.  Caracter\u00edsticas. * Clase: AC * Polos: 1P + N * IN (A): 40A * Ui (V): 500V * mA: 30 * ICU (kA): 6 * Tension (V): 230V * Norma: IEC 61008-1\" \/>\n<meta property=\"og:url\" content=\"https:\/\/tienda.rigelec.com.ar\/?product=diferencial-2x40a-iid-63-30ma-230v-6ka\" \/>\n<meta property=\"og:site_name\" content=\"Tienda Rigelec\" \/>\n<meta property=\"article:modified_time\" content=\"2026-04-29T15:04:33+00:00\" \/>\n<meta name=\"twitter:card\" content=\"summary_large_image\" \/>\n<script type=\"application\/ld+json\" class=\"yoast-schema-graph\">{\"@context\":\"https:\/\/schema.org\",\"@graph\":[{\"@type\":\"WebPage\",\"@id\":\"https:\/\/tienda.rigelec.com.ar\/?product=diferencial-2x40a-iid-63-30ma-230v-6ka\",\"url\":\"https:\/\/tienda.rigelec.com.ar\/?product=diferencial-2x40a-iid-63-30ma-230v-6ka\",\"name\":\"DIFERENCIAL 2X40A IID-63 30MA - 230V - 6KA - Tienda Rigelec\",\"isPartOf\":{\"@id\":\"https:\/\/tienda.rigelec.com.ar\/#website\"},\"primaryImageOfPage\":{\"@id\":\"https:\/\/tienda.rigelec.com.ar\/?product=diferencial-2x40a-iid-63-30ma-230v-6ka#primaryimage\"},\"image\":{\"@id\":\"https:\/\/tienda.rigelec.com.ar\/?product=diferencial-2x40a-iid-63-30ma-230v-6ka#primaryimage\"},\"thumbnailUrl\":\"https:\/\/tienda.rigelec.com.ar\/wp-content\/uploads\/2026\/04\/DIFERENCIAL2X40A.jpg\",\"datePublished\":\"2026-04-17T19:14:49+00:00\",\"dateModified\":\"2026-04-29T15:04:33+00:00\",\"breadcrumb\":{\"@id\":\"https:\/\/tienda.rigelec.com.ar\/?product=diferencial-2x40a-iid-63-30ma-230v-6ka#breadcrumb\"},\"inLanguage\":\"es-AR\",\"potentialAction\":[{\"@type\":\"ReadAction\",\"target\":[\"https:\/\/tienda.rigelec.com.ar\/?product=diferencial-2x40a-iid-63-30ma-230v-6ka\"]}]},{\"@type\":\"ImageObject\",\"inLanguage\":\"es-AR\",\"@id\":\"https:\/\/tienda.rigelec.com.ar\/?product=diferencial-2x40a-iid-63-30ma-230v-6ka#primaryimage\",\"url\":\"https:\/\/tienda.rigelec.com.ar\/wp-content\/uploads\/2026\/04\/DIFERENCIAL2X40A.jpg\",\"contentUrl\":\"https:\/\/tienda.rigelec.com.ar\/wp-content\/uploads\/2026\/04\/DIFERENCIAL2X40A.jpg\",\"width\":1080,\"height\":1080},{\"@type\":\"BreadcrumbList\",\"@id\":\"https:\/\/tienda.rigelec.com.ar\/?product=diferencial-2x40a-iid-63-30ma-230v-6ka#breadcrumb\",\"itemListElement\":[{\"@type\":\"ListItem\",\"position\":1,\"name\":\"Inicio\",\"item\":\"https:\/\/tienda.rigelec.com.ar\/\"},{\"@type\":\"ListItem\",\"position\":2,\"name\":\"Shop\",\"item\":\"https:\/\/tienda.rigelec.com.ar\/?page_id=12\"},{\"@type\":\"ListItem\",\"position\":3,\"name\":\"DIFERENCIAL 2X40A IID-63 30MA &#8211; 230V &#8211; 6KA\"}]},{\"@type\":\"WebSite\",\"@id\":\"https:\/\/tienda.rigelec.com.ar\/#website\",\"url\":\"https:\/\/tienda.rigelec.com.ar\/\",\"name\":\"Tienda Rigelec\",\"description\":\"Energia en movimiento\",\"publisher\":{\"@id\":\"https:\/\/tienda.rigelec.com.ar\/#organization\"},\"potentialAction\":[{\"@type\":\"SearchAction\",\"target\":{\"@type\":\"EntryPoint\",\"urlTemplate\":\"https:\/\/tienda.rigelec.com.ar\/?s={search_term_string}\"},\"query-input\":{\"@type\":\"PropertyValueSpecification\",\"valueRequired\":true,\"valueName\":\"search_term_string\"}}],\"inLanguage\":\"es-AR\"},{\"@type\":\"Organization\",\"@id\":\"https:\/\/tienda.rigelec.com.ar\/#organization\",\"name\":\"Tienda Rigelec\",\"url\":\"https:\/\/tienda.rigelec.com.ar\/\",\"logo\":{\"@type\":\"ImageObject\",\"inLanguage\":\"es-AR\",\"@id\":\"https:\/\/tienda.rigelec.com.ar\/#\/schema\/logo\/image\/\",\"url\":\"https:\/\/tienda.rigelec.com.ar\/wp-content\/uploads\/2024\/09\/isologo-blanco-rigelec.png\",\"contentUrl\":\"https:\/\/tienda.rigelec.com.ar\/wp-content\/uploads\/2024\/09\/isologo-blanco-rigelec.png\",\"width\":94,\"height\":97,\"caption\":\"Tienda Rigelec\"},\"image\":{\"@id\":\"https:\/\/tienda.rigelec.com.ar\/#\/schema\/logo\/image\/\"}}]}<\/script>\n<!-- \/ Yoast SEO plugin. -->","yoast_head_json":{"title":"DIFERENCIAL 2X40A IID-63 30MA - 230V - 6KA - Tienda Rigelec","robots":{"index":"index","follow":"follow","max-snippet":"max-snippet:-1","max-image-preview":"max-image-preview:large","max-video-preview":"max-video-preview:-1"},"canonical":"https:\/\/tienda.rigelec.com.ar\/?product=diferencial-2x40a-iid-63-30ma-230v-6ka","og_locale":"es_ES","og_type":"article","og_title":"DIFERENCIAL 2X40A IID-63 30MA - 230V - 6KA - Tienda Rigelec","og_description":"Las t\u00e9rmicas diferenciales el\u00e9ctricas son dispositivos de protecci\u00f3n dise\u00f1ados para detectar fugas de corriente hacia tierra y desconectar el suministro el\u00e9ctrico de forma inmediata. Su funci\u00f3n principal es resguardar la seguridad de las personas frente a posibles descargas el\u00e9ctricas, adem\u00e1s de proteger instalaciones y equipos contra fallas de aislamiento.  Caracter\u00edsticas. * Clase: AC * Polos: 1P + N * IN (A): 40A * Ui (V): 500V * mA: 30 * ICU (kA): 6 * Tension (V): 230V * Norma: IEC 61008-1","og_url":"https:\/\/tienda.rigelec.com.ar\/?product=diferencial-2x40a-iid-63-30ma-230v-6ka","og_site_name":"Tienda Rigelec","article_modified_time":"2026-04-29T15:04:33+00:00","twitter_card":"summary_large_image","schema":{"@context":"https:\/\/schema.org","@graph":[{"@type":"WebPage","@id":"https:\/\/tienda.rigelec.com.ar\/?product=diferencial-2x40a-iid-63-30ma-230v-6ka","url":"https:\/\/tienda.rigelec.com.ar\/?product=diferencial-2x40a-iid-63-30ma-230v-6ka","name":"DIFERENCIAL 2X40A IID-63 30MA - 230V - 6KA - Tienda Rigelec","isPartOf":{"@id":"https:\/\/tienda.rigelec.com.ar\/#website"},"primaryImageOfPage":{"@id":"https:\/\/tienda.rigelec.com.ar\/?product=diferencial-2x40a-iid-63-30ma-230v-6ka#primaryimage"},"image":{"@id":"https:\/\/tienda.rigelec.com.ar\/?product=diferencial-2x40a-iid-63-30ma-230v-6ka#primaryimage"},"thumbnailUrl":"https:\/\/tienda.rigelec.com.ar\/wp-content\/uploads\/2026\/04\/DIFERENCIAL2X40A.jpg","datePublished":"2026-04-17T19:14:49+00:00","dateModified":"2026-04-29T15:04:33+00:00","breadcrumb":{"@id":"https:\/\/tienda.rigelec.com.ar\/?product=diferencial-2x40a-iid-63-30ma-230v-6ka#breadcrumb"},"inLanguage":"es-AR","potentialAction":[{"@type":"ReadAction","target":["https:\/\/tienda.rigelec.com.ar\/?product=diferencial-2x40a-iid-63-30ma-230v-6ka"]}]},{"@type":"ImageObject","inLanguage":"es-AR","@id":"https:\/\/tienda.rigelec.com.ar\/?product=diferencial-2x40a-iid-63-30ma-230v-6ka#primaryimage","url":"https:\/\/tienda.rigelec.com.ar\/wp-content\/uploads\/2026\/04\/DIFERENCIAL2X40A.jpg","contentUrl":"https:\/\/tienda.rigelec.com.ar\/wp-content\/uploads\/2026\/04\/DIFERENCIAL2X40A.jpg","width":1080,"height":1080},{"@type":"BreadcrumbList","@id":"https:\/\/tienda.rigelec.com.ar\/?product=diferencial-2x40a-iid-63-30ma-230v-6ka#breadcrumb","itemListElement":[{"@type":"ListItem","position":1,"name":"Inicio","item":"https:\/\/tienda.rigelec.com.ar\/"},{"@type":"ListItem","position":2,"name":"Shop","item":"https:\/\/tienda.rigelec.com.ar\/?page_id=12"},{"@type":"ListItem","position":3,"name":"DIFERENCIAL 2X40A IID-63 30MA &#8211; 230V &#8211; 6KA"}]},{"@type":"WebSite","@id":"https:\/\/tienda.rigelec.com.ar\/#website","url":"https:\/\/tienda.rigelec.com.ar\/","name":"Tienda Rigelec","description":"Energia en movimiento","publisher":{"@id":"https:\/\/tienda.rigelec.com.ar\/#organization"},"potentialAction":[{"@type":"SearchAction","target":{"@type":"EntryPoint","urlTemplate":"https:\/\/tienda.rigelec.com.ar\/?s={search_term_string}"},"query-input":{"@type":"PropertyValueSpecification","valueRequired":true,"valueName":"search_term_string"}}],"inLanguage":"es-AR"},{"@type":"Organization","@id":"https:\/\/tienda.rigelec.com.ar\/#organization","name":"Tienda Rigelec","url":"https:\/\/tienda.rigelec.com.ar\/","logo":{"@type":"ImageObject","inLanguage":"es-AR","@id":"https:\/\/tienda.rigelec.com.ar\/#\/schema\/logo\/image\/","url":"https:\/\/tienda.rigelec.com.ar\/wp-content\/uploads\/2024\/09\/isologo-blanco-rigelec.png","contentUrl":"https:\/\/tienda.rigelec.com.ar\/wp-content\/uploads\/2024\/09\/isologo-blanco-rigelec.png","width":94,"height":97,"caption":"Tienda Rigelec"},"image":{"@id":"https:\/\/tienda.rigelec.com.ar\/#\/schema\/logo\/image\/"}}]}},"jetpack_sharing_enabled":true,"_links":{"self":[{"href":"https:\/\/tienda.rigelec.com.ar\/index.php?rest_route=\/wp\/v2\/product\/37315","targetHints":{"allow":["GET"]}}],"collection":[{"href":"https:\/\/tienda.rigelec.com.ar\/index.php?rest_route=\/wp\/v2\/product"}],"about":[{"href":"https:\/\/tienda.rigelec.com.ar\/index.php?rest_route=\/wp\/v2\/types\/product"}],"replies":[{"embeddable":true,"href":"https:\/\/tienda.rigelec.com.ar\/index.php?rest_route=%2Fwp%2Fv2%2Fcomments&post=37315"}],"wp:featuredmedia":[{"embeddable":true,"href":"https:\/\/tienda.rigelec.com.ar\/index.php?rest_route=\/wp\/v2\/media\/37316"}],"wp:attachment":[{"href":"https:\/\/tienda.rigelec.com.ar\/index.php?rest_route=%2Fwp%2Fv2%2Fmedia&parent=37315"}],"wp:term":[{"taxonomy":"product_brand","embeddable":true,"href":"https:\/\/tienda.rigelec.com.ar\/index.php?rest_route=%2Fwp%2Fv2%2Fproduct_brand&post=37315"},{"taxonomy":"product_cat","embeddable":true,"href":"https:\/\/tienda.rigelec.com.ar\/index.php?rest_route=%2Fwp%2Fv2%2Fproduct_cat&post=37315"},{"taxonomy":"product_tag","embeddable":true,"href":"https:\/\/tienda.rigelec.com.ar\/index.php?rest_route=%2Fwp%2Fv2%2Fproduct_tag&post=37315"}],"curies":[{"name":"wp","href":"https:\/\/api.w.org\/{rel}","templated":true}]}}