{"id":37345,"date":"2026-04-21T14:35:04","date_gmt":"2026-04-21T17:35:04","guid":{"rendered":"https:\/\/tienda.rigelec.com.ar\/?product=descargador-de-sobretension-clase-i-30kv-10ka"},"modified":"2026-05-01T04:46:18","modified_gmt":"2026-05-01T07:46:18","slug":"descargador-de-sobretension-clase-i-30kv-10ka","status":"publish","type":"product","link":"https:\/\/tienda.rigelec.com.ar\/?product=descargador-de-sobretension-clase-i-30kv-10ka","title":{"rendered":"DESCARGADOR DE SOBRETENSION CLASE I 30KV &#8211; 10KA"},"content":{"rendered":"<p>DESCARGADOR DE SOBRETENSION<\/p>\n","protected":false},"excerpt":{"rendered":"<p>Tipo de producto: Protecci\u00f3n contra sobretensiones<br \/>\nNumero de polos: 1.<br \/>\nTensi\u00f3n nominal: 30KV<br \/>\nCorriente nominal: 10kA.<\/p>\n<p>Certificaciones:<br \/>\nFabricados y ensayados segun norma IEC 60099-4<\/p>\n<p>El nucleo activo de los descargadores de sobretensi\u00f3n LEYDEN est\u00e1 formado<br \/>\npor pastillas seleccionadas de \u00f3xidos met\u00e1licos (principalmente \u00f3xido de zinc). Estas pastillas est\u00e1n empaquetadas en una atm\u00f3sfera de vac\u00edo y bajo presi\u00f3n mec\u00e1nica, dentro de una malla de fibra de vidrio y resina cicloalif\u00e1tica. A continuaci\u00f3n se moldea sobre el paquete una envoltura elastom\u00e9rica de EP (etileno-propileno) y caucho de silicona, eliminando as\u00ed cualquier posible oclusi\u00f3n de aire. Por otra parte, el estrecho contacto entre las pastillas de \u00f3xido met\u00e1lico y la envoltura externa facilita la disipaci\u00f3n de calor y, por ende, aumenta la vida \u00fatil del descargador. M\u00e1s importante a\u00fan, la cubierta elastom\u00e9rica es antivand\u00e1lica y tamoco representa riesgos para las personas en caso de explosi\u00f3n del descargador, ya que simplemente se abre y libera la presi\u00f3n acumulada, sin producir peligrosas esquirlas<\/p>\n","protected":false},"featured_media":37346,"comment_status":"open","ping_status":"closed","template":"","meta":{"_monsterinsights_skip_tracking":false,"_monsterinsights_sitenote_active":false,"_monsterinsights_sitenote_note":"","_monsterinsights_sitenote_category":0},"product_brand":[],"product_cat":[327],"product_tag":[529],"class_list":{"0":"post-37345","1":"product","2":"type-product","3":"status-publish","4":"has-post-thumbnail","6":"product_cat-c-descargadores","7":"product_tag-leyden","9":"first","10":"outofstock","11":"shipping-taxable","12":"purchasable","13":"product-type-simple"},"yoast_head":"<!-- This site is optimized with the Yoast SEO plugin v25.3.1 - https:\/\/yoast.com\/wordpress\/plugins\/seo\/ -->\n<title>DESCARGADOR DE SOBRETENSION CLASE I 30KV - 10KA - Tienda Rigelec<\/title>\n<meta name=\"robots\" content=\"index, follow, max-snippet:-1, max-image-preview:large, max-video-preview:-1\" \/>\n<link rel=\"canonical\" href=\"https:\/\/tienda.rigelec.com.ar\/?product=descargador-de-sobretension-clase-i-30kv-10ka\" \/>\n<meta property=\"og:locale\" content=\"es_ES\" \/>\n<meta property=\"og:type\" content=\"article\" \/>\n<meta property=\"og:title\" content=\"DESCARGADOR DE SOBRETENSION CLASE I 30KV - 10KA - Tienda Rigelec\" \/>\n<meta property=\"og:description\" content=\"Tipo de producto: Protecci\u00f3n contra sobretensiones Numero de polos: 1. Tensi\u00f3n nominal: 30KV  Corriente nominal: 10kA.  Certificaciones: Fabricados y ensayados segun norma IEC 60099-4  El nucleo activo de los descargadores de sobretensi\u00f3n LEYDEN est\u00e1 formado por pastillas seleccionadas de \u00f3xidos met\u00e1licos (principalmente \u00f3xido de zinc). Estas pastillas est\u00e1n empaquetadas en una atm\u00f3sfera de vac\u00edo y bajo presi\u00f3n mec\u00e1nica, dentro de una malla de fibra de vidrio y resina cicloalif\u00e1tica. A continuaci\u00f3n se moldea sobre el paquete una envoltura elastom\u00e9rica de EP (etileno-propileno) y caucho de silicona, eliminando as\u00ed cualquier posible oclusi\u00f3n de aire. Por otra parte, el estrecho contacto entre las pastillas de \u00f3xido met\u00e1lico y la envoltura externa facilita la disipaci\u00f3n de calor y, por ende, aumenta la vida \u00fatil del descargador. M\u00e1s importante a\u00fan, la cubierta elastom\u00e9rica es antivand\u00e1lica y tamoco representa riesgos para las personas en caso de explosi\u00f3n del descargador, ya que simplemente se abre y libera la presi\u00f3n acumulada, sin producir peligrosas esquirlas\" \/>\n<meta property=\"og:url\" content=\"https:\/\/tienda.rigelec.com.ar\/?product=descargador-de-sobretension-clase-i-30kv-10ka\" \/>\n<meta property=\"og:site_name\" content=\"Tienda Rigelec\" \/>\n<meta property=\"article:modified_time\" content=\"2026-05-01T07:46:18+00:00\" \/>\n<meta name=\"twitter:card\" content=\"summary_large_image\" \/>\n<script type=\"application\/ld+json\" class=\"yoast-schema-graph\">{\"@context\":\"https:\/\/schema.org\",\"@graph\":[{\"@type\":\"WebPage\",\"@id\":\"https:\/\/tienda.rigelec.com.ar\/?product=descargador-de-sobretension-clase-i-30kv-10ka\",\"url\":\"https:\/\/tienda.rigelec.com.ar\/?product=descargador-de-sobretension-clase-i-30kv-10ka\",\"name\":\"DESCARGADOR DE SOBRETENSION CLASE I 30KV - 10KA - Tienda Rigelec\",\"isPartOf\":{\"@id\":\"https:\/\/tienda.rigelec.com.ar\/#website\"},\"primaryImageOfPage\":{\"@id\":\"https:\/\/tienda.rigelec.com.ar\/?product=descargador-de-sobretension-clase-i-30kv-10ka#primaryimage\"},\"image\":{\"@id\":\"https:\/\/tienda.rigelec.com.ar\/?product=descargador-de-sobretension-clase-i-30kv-10ka#primaryimage\"},\"thumbnailUrl\":\"https:\/\/tienda.rigelec.com.ar\/wp-content\/uploads\/2026\/04\/DESCARGADORDESOBRETENSION.jpg\",\"datePublished\":\"2026-04-21T17:35:04+00:00\",\"dateModified\":\"2026-05-01T07:46:18+00:00\",\"breadcrumb\":{\"@id\":\"https:\/\/tienda.rigelec.com.ar\/?product=descargador-de-sobretension-clase-i-30kv-10ka#breadcrumb\"},\"inLanguage\":\"es-AR\",\"potentialAction\":[{\"@type\":\"ReadAction\",\"target\":[\"https:\/\/tienda.rigelec.com.ar\/?product=descargador-de-sobretension-clase-i-30kv-10ka\"]}]},{\"@type\":\"ImageObject\",\"inLanguage\":\"es-AR\",\"@id\":\"https:\/\/tienda.rigelec.com.ar\/?product=descargador-de-sobretension-clase-i-30kv-10ka#primaryimage\",\"url\":\"https:\/\/tienda.rigelec.com.ar\/wp-content\/uploads\/2026\/04\/DESCARGADORDESOBRETENSION.jpg\",\"contentUrl\":\"https:\/\/tienda.rigelec.com.ar\/wp-content\/uploads\/2026\/04\/DESCARGADORDESOBRETENSION.jpg\",\"width\":1512,\"height\":1512},{\"@type\":\"BreadcrumbList\",\"@id\":\"https:\/\/tienda.rigelec.com.ar\/?product=descargador-de-sobretension-clase-i-30kv-10ka#breadcrumb\",\"itemListElement\":[{\"@type\":\"ListItem\",\"position\":1,\"name\":\"Inicio\",\"item\":\"https:\/\/tienda.rigelec.com.ar\/\"},{\"@type\":\"ListItem\",\"position\":2,\"name\":\"Shop\",\"item\":\"https:\/\/tienda.rigelec.com.ar\/?page_id=12\"},{\"@type\":\"ListItem\",\"position\":3,\"name\":\"DESCARGADOR DE SOBRETENSION CLASE I 30KV &#8211; 10KA\"}]},{\"@type\":\"WebSite\",\"@id\":\"https:\/\/tienda.rigelec.com.ar\/#website\",\"url\":\"https:\/\/tienda.rigelec.com.ar\/\",\"name\":\"Tienda Rigelec\",\"description\":\"Energia en movimiento\",\"publisher\":{\"@id\":\"https:\/\/tienda.rigelec.com.ar\/#organization\"},\"potentialAction\":[{\"@type\":\"SearchAction\",\"target\":{\"@type\":\"EntryPoint\",\"urlTemplate\":\"https:\/\/tienda.rigelec.com.ar\/?s={search_term_string}\"},\"query-input\":{\"@type\":\"PropertyValueSpecification\",\"valueRequired\":true,\"valueName\":\"search_term_string\"}}],\"inLanguage\":\"es-AR\"},{\"@type\":\"Organization\",\"@id\":\"https:\/\/tienda.rigelec.com.ar\/#organization\",\"name\":\"Tienda Rigelec\",\"url\":\"https:\/\/tienda.rigelec.com.ar\/\",\"logo\":{\"@type\":\"ImageObject\",\"inLanguage\":\"es-AR\",\"@id\":\"https:\/\/tienda.rigelec.com.ar\/#\/schema\/logo\/image\/\",\"url\":\"https:\/\/tienda.rigelec.com.ar\/wp-content\/uploads\/2024\/09\/isologo-blanco-rigelec.png\",\"contentUrl\":\"https:\/\/tienda.rigelec.com.ar\/wp-content\/uploads\/2024\/09\/isologo-blanco-rigelec.png\",\"width\":94,\"height\":97,\"caption\":\"Tienda Rigelec\"},\"image\":{\"@id\":\"https:\/\/tienda.rigelec.com.ar\/#\/schema\/logo\/image\/\"}}]}<\/script>\n<!-- \/ Yoast SEO plugin. -->","yoast_head_json":{"title":"DESCARGADOR DE SOBRETENSION CLASE I 30KV - 10KA - Tienda Rigelec","robots":{"index":"index","follow":"follow","max-snippet":"max-snippet:-1","max-image-preview":"max-image-preview:large","max-video-preview":"max-video-preview:-1"},"canonical":"https:\/\/tienda.rigelec.com.ar\/?product=descargador-de-sobretension-clase-i-30kv-10ka","og_locale":"es_ES","og_type":"article","og_title":"DESCARGADOR DE SOBRETENSION CLASE I 30KV - 10KA - Tienda Rigelec","og_description":"Tipo de producto: Protecci\u00f3n contra sobretensiones Numero de polos: 1. Tensi\u00f3n nominal: 30KV  Corriente nominal: 10kA.  Certificaciones: Fabricados y ensayados segun norma IEC 60099-4  El nucleo activo de los descargadores de sobretensi\u00f3n LEYDEN est\u00e1 formado por pastillas seleccionadas de \u00f3xidos met\u00e1licos (principalmente \u00f3xido de zinc). Estas pastillas est\u00e1n empaquetadas en una atm\u00f3sfera de vac\u00edo y bajo presi\u00f3n mec\u00e1nica, dentro de una malla de fibra de vidrio y resina cicloalif\u00e1tica. A continuaci\u00f3n se moldea sobre el paquete una envoltura elastom\u00e9rica de EP (etileno-propileno) y caucho de silicona, eliminando as\u00ed cualquier posible oclusi\u00f3n de aire. Por otra parte, el estrecho contacto entre las pastillas de \u00f3xido met\u00e1lico y la envoltura externa facilita la disipaci\u00f3n de calor y, por ende, aumenta la vida \u00fatil del descargador. M\u00e1s importante a\u00fan, la cubierta elastom\u00e9rica es antivand\u00e1lica y tamoco representa riesgos para las personas en caso de explosi\u00f3n del descargador, ya que simplemente se abre y libera la presi\u00f3n acumulada, sin producir peligrosas esquirlas","og_url":"https:\/\/tienda.rigelec.com.ar\/?product=descargador-de-sobretension-clase-i-30kv-10ka","og_site_name":"Tienda Rigelec","article_modified_time":"2026-05-01T07:46:18+00:00","twitter_card":"summary_large_image","schema":{"@context":"https:\/\/schema.org","@graph":[{"@type":"WebPage","@id":"https:\/\/tienda.rigelec.com.ar\/?product=descargador-de-sobretension-clase-i-30kv-10ka","url":"https:\/\/tienda.rigelec.com.ar\/?product=descargador-de-sobretension-clase-i-30kv-10ka","name":"DESCARGADOR DE SOBRETENSION CLASE I 30KV - 10KA - Tienda Rigelec","isPartOf":{"@id":"https:\/\/tienda.rigelec.com.ar\/#website"},"primaryImageOfPage":{"@id":"https:\/\/tienda.rigelec.com.ar\/?product=descargador-de-sobretension-clase-i-30kv-10ka#primaryimage"},"image":{"@id":"https:\/\/tienda.rigelec.com.ar\/?product=descargador-de-sobretension-clase-i-30kv-10ka#primaryimage"},"thumbnailUrl":"https:\/\/tienda.rigelec.com.ar\/wp-content\/uploads\/2026\/04\/DESCARGADORDESOBRETENSION.jpg","datePublished":"2026-04-21T17:35:04+00:00","dateModified":"2026-05-01T07:46:18+00:00","breadcrumb":{"@id":"https:\/\/tienda.rigelec.com.ar\/?product=descargador-de-sobretension-clase-i-30kv-10ka#breadcrumb"},"inLanguage":"es-AR","potentialAction":[{"@type":"ReadAction","target":["https:\/\/tienda.rigelec.com.ar\/?product=descargador-de-sobretension-clase-i-30kv-10ka"]}]},{"@type":"ImageObject","inLanguage":"es-AR","@id":"https:\/\/tienda.rigelec.com.ar\/?product=descargador-de-sobretension-clase-i-30kv-10ka#primaryimage","url":"https:\/\/tienda.rigelec.com.ar\/wp-content\/uploads\/2026\/04\/DESCARGADORDESOBRETENSION.jpg","contentUrl":"https:\/\/tienda.rigelec.com.ar\/wp-content\/uploads\/2026\/04\/DESCARGADORDESOBRETENSION.jpg","width":1512,"height":1512},{"@type":"BreadcrumbList","@id":"https:\/\/tienda.rigelec.com.ar\/?product=descargador-de-sobretension-clase-i-30kv-10ka#breadcrumb","itemListElement":[{"@type":"ListItem","position":1,"name":"Inicio","item":"https:\/\/tienda.rigelec.com.ar\/"},{"@type":"ListItem","position":2,"name":"Shop","item":"https:\/\/tienda.rigelec.com.ar\/?page_id=12"},{"@type":"ListItem","position":3,"name":"DESCARGADOR DE SOBRETENSION CLASE I 30KV &#8211; 10KA"}]},{"@type":"WebSite","@id":"https:\/\/tienda.rigelec.com.ar\/#website","url":"https:\/\/tienda.rigelec.com.ar\/","name":"Tienda Rigelec","description":"Energia en movimiento","publisher":{"@id":"https:\/\/tienda.rigelec.com.ar\/#organization"},"potentialAction":[{"@type":"SearchAction","target":{"@type":"EntryPoint","urlTemplate":"https:\/\/tienda.rigelec.com.ar\/?s={search_term_string}"},"query-input":{"@type":"PropertyValueSpecification","valueRequired":true,"valueName":"search_term_string"}}],"inLanguage":"es-AR"},{"@type":"Organization","@id":"https:\/\/tienda.rigelec.com.ar\/#organization","name":"Tienda Rigelec","url":"https:\/\/tienda.rigelec.com.ar\/","logo":{"@type":"ImageObject","inLanguage":"es-AR","@id":"https:\/\/tienda.rigelec.com.ar\/#\/schema\/logo\/image\/","url":"https:\/\/tienda.rigelec.com.ar\/wp-content\/uploads\/2024\/09\/isologo-blanco-rigelec.png","contentUrl":"https:\/\/tienda.rigelec.com.ar\/wp-content\/uploads\/2024\/09\/isologo-blanco-rigelec.png","width":94,"height":97,"caption":"Tienda Rigelec"},"image":{"@id":"https:\/\/tienda.rigelec.com.ar\/#\/schema\/logo\/image\/"}}]}},"jetpack_sharing_enabled":true,"_links":{"self":[{"href":"https:\/\/tienda.rigelec.com.ar\/index.php?rest_route=\/wp\/v2\/product\/37345","targetHints":{"allow":["GET"]}}],"collection":[{"href":"https:\/\/tienda.rigelec.com.ar\/index.php?rest_route=\/wp\/v2\/product"}],"about":[{"href":"https:\/\/tienda.rigelec.com.ar\/index.php?rest_route=\/wp\/v2\/types\/product"}],"replies":[{"embeddable":true,"href":"https:\/\/tienda.rigelec.com.ar\/index.php?rest_route=%2Fwp%2Fv2%2Fcomments&post=37345"}],"wp:featuredmedia":[{"embeddable":true,"href":"https:\/\/tienda.rigelec.com.ar\/index.php?rest_route=\/wp\/v2\/media\/37346"}],"wp:attachment":[{"href":"https:\/\/tienda.rigelec.com.ar\/index.php?rest_route=%2Fwp%2Fv2%2Fmedia&parent=37345"}],"wp:term":[{"taxonomy":"product_brand","embeddable":true,"href":"https:\/\/tienda.rigelec.com.ar\/index.php?rest_route=%2Fwp%2Fv2%2Fproduct_brand&post=37345"},{"taxonomy":"product_cat","embeddable":true,"href":"https:\/\/tienda.rigelec.com.ar\/index.php?rest_route=%2Fwp%2Fv2%2Fproduct_cat&post=37345"},{"taxonomy":"product_tag","embeddable":true,"href":"https:\/\/tienda.rigelec.com.ar\/index.php?rest_route=%2Fwp%2Fv2%2Fproduct_tag&post=37345"}],"curies":[{"name":"wp","href":"https:\/\/api.w.org\/{rel}","templated":true}]}}