{"id":37396,"date":"2026-04-25T13:10:39","date_gmt":"2026-04-25T16:10:39","guid":{"rendered":"https:\/\/tienda.rigelec.com.ar\/?product=reflector-led-luz-fria-galponeras-highbay-classic-100w-13000lm"},"modified":"2026-04-30T15:16:00","modified_gmt":"2026-04-30T18:16:00","slug":"reflector-led-luz-fria-galponeras-highbay-classic-100w-13000lm","status":"publish","type":"product","link":"https:\/\/tienda.rigelec.com.ar\/?product=reflector-led-luz-fria-galponeras-highbay-classic-100w-13000lm","title":{"rendered":"REFLECTOR LED LUZ FRIA GALPONERAS &#8211; HIGHBAY CLASSIC 100W &#8211; 13000LM"},"content":{"rendered":"<p>REFLECTOR LED LUZ FRIA<\/p>\n","protected":false},"excerpt":{"rendered":"<p>Caracterpisticas el\u00e9ctricas.<br \/>\n* Entrada: AC180-240V | 50-60Hz | 450mA<br \/>\n* Potencia: 100W<br \/>\n* Factor de potencia: 0.9<br \/>\n* Vida \u00fatil: 50.000h<br \/>\n* Corriente irrupci\u00f3n: 6.1A<\/p>\n<p>Caracter\u00edsticas lum\u00ednicas.<br \/>\n* Tipo de blanco: Blanco fr\u00edo<br \/>\n* Temperatura de color: 6500K<br \/>\n* Flujo luminoso: 13.000LM<br \/>\n* \u00c1ngulo de apertura: 90\u00b0<\/p>\n<p>Caracter\u00edsticas materiales.<br \/>\n* Color cuerpo: Gris oscuro<br \/>\n* Dimensiones: 235x235x30mm<br \/>\n* Protecci\u00f3n IP: IP65<br \/>\n* Material del cuerpo: Aluminio.<br \/>\n* Protecci\u00f3n IK: IK08<\/p>\n","protected":false},"featured_media":37397,"comment_status":"open","ping_status":"closed","template":"","meta":{"_monsterinsights_skip_tracking":false,"_monsterinsights_sitenote_active":false,"_monsterinsights_sitenote_note":"","_monsterinsights_sitenote_category":0},"product_brand":[],"product_cat":[193],"product_tag":[146],"class_list":{"0":"post-37396","1":"product","2":"type-product","3":"status-publish","4":"has-post-thumbnail","6":"product_cat-1-led","7":"product_tag-macroled","9":"first","10":"outofstock","11":"shipping-taxable","12":"purchasable","13":"product-type-simple"},"yoast_head":"<!-- This site is optimized with the Yoast SEO plugin v25.3.1 - https:\/\/yoast.com\/wordpress\/plugins\/seo\/ -->\n<title>REFLECTOR LED LUZ FRIA GALPONERAS - HIGHBAY CLASSIC 100W - 13000LM - Tienda Rigelec<\/title>\n<meta name=\"robots\" content=\"index, follow, max-snippet:-1, max-image-preview:large, max-video-preview:-1\" \/>\n<link rel=\"canonical\" href=\"https:\/\/tienda.rigelec.com.ar\/?product=reflector-led-luz-fria-galponeras-highbay-classic-100w-13000lm\" \/>\n<meta property=\"og:locale\" content=\"es_ES\" \/>\n<meta property=\"og:type\" content=\"article\" \/>\n<meta property=\"og:title\" content=\"REFLECTOR LED LUZ FRIA GALPONERAS - HIGHBAY CLASSIC 100W - 13000LM - Tienda Rigelec\" \/>\n<meta property=\"og:description\" content=\"Caracterpisticas el\u00e9ctricas. * Entrada: AC180-240V | 50-60Hz | 450mA * Potencia: 100W * Factor de potencia: 0.9 * Vida \u00fatil: 50.000h * Corriente irrupci\u00f3n: 6.1A  Caracter\u00edsticas lum\u00ednicas. * Tipo de blanco: Blanco fr\u00edo * Temperatura de color: 6500K * Flujo luminoso: 13.000LM * \u00c1ngulo de apertura: 90\u00b0  Caracter\u00edsticas materiales. * Color cuerpo: Gris oscuro * Dimensiones: 235x235x30mm * Protecci\u00f3n IP: IP65 * Material del cuerpo: Aluminio. * Protecci\u00f3n IK: IK08\" \/>\n<meta property=\"og:url\" content=\"https:\/\/tienda.rigelec.com.ar\/?product=reflector-led-luz-fria-galponeras-highbay-classic-100w-13000lm\" \/>\n<meta property=\"og:site_name\" content=\"Tienda Rigelec\" \/>\n<meta property=\"article:modified_time\" content=\"2026-04-30T18:16:00+00:00\" \/>\n<meta name=\"twitter:card\" content=\"summary_large_image\" \/>\n<script type=\"application\/ld+json\" class=\"yoast-schema-graph\">{\"@context\":\"https:\/\/schema.org\",\"@graph\":[{\"@type\":\"WebPage\",\"@id\":\"https:\/\/tienda.rigelec.com.ar\/?product=reflector-led-luz-fria-galponeras-highbay-classic-100w-13000lm\",\"url\":\"https:\/\/tienda.rigelec.com.ar\/?product=reflector-led-luz-fria-galponeras-highbay-classic-100w-13000lm\",\"name\":\"REFLECTOR LED LUZ FRIA GALPONERAS - HIGHBAY CLASSIC 100W - 13000LM - Tienda Rigelec\",\"isPartOf\":{\"@id\":\"https:\/\/tienda.rigelec.com.ar\/#website\"},\"primaryImageOfPage\":{\"@id\":\"https:\/\/tienda.rigelec.com.ar\/?product=reflector-led-luz-fria-galponeras-highbay-classic-100w-13000lm#primaryimage\"},\"image\":{\"@id\":\"https:\/\/tienda.rigelec.com.ar\/?product=reflector-led-luz-fria-galponeras-highbay-classic-100w-13000lm#primaryimage\"},\"thumbnailUrl\":\"https:\/\/tienda.rigelec.com.ar\/wp-content\/uploads\/2026\/04\/REFLECTORLEDLUZFRIA.jpg\",\"datePublished\":\"2026-04-25T16:10:39+00:00\",\"dateModified\":\"2026-04-30T18:16:00+00:00\",\"breadcrumb\":{\"@id\":\"https:\/\/tienda.rigelec.com.ar\/?product=reflector-led-luz-fria-galponeras-highbay-classic-100w-13000lm#breadcrumb\"},\"inLanguage\":\"es-AR\",\"potentialAction\":[{\"@type\":\"ReadAction\",\"target\":[\"https:\/\/tienda.rigelec.com.ar\/?product=reflector-led-luz-fria-galponeras-highbay-classic-100w-13000lm\"]}]},{\"@type\":\"ImageObject\",\"inLanguage\":\"es-AR\",\"@id\":\"https:\/\/tienda.rigelec.com.ar\/?product=reflector-led-luz-fria-galponeras-highbay-classic-100w-13000lm#primaryimage\",\"url\":\"https:\/\/tienda.rigelec.com.ar\/wp-content\/uploads\/2026\/04\/REFLECTORLEDLUZFRIA.jpg\",\"contentUrl\":\"https:\/\/tienda.rigelec.com.ar\/wp-content\/uploads\/2026\/04\/REFLECTORLEDLUZFRIA.jpg\",\"width\":1512,\"height\":1512},{\"@type\":\"BreadcrumbList\",\"@id\":\"https:\/\/tienda.rigelec.com.ar\/?product=reflector-led-luz-fria-galponeras-highbay-classic-100w-13000lm#breadcrumb\",\"itemListElement\":[{\"@type\":\"ListItem\",\"position\":1,\"name\":\"Inicio\",\"item\":\"https:\/\/tienda.rigelec.com.ar\/\"},{\"@type\":\"ListItem\",\"position\":2,\"name\":\"Shop\",\"item\":\"https:\/\/tienda.rigelec.com.ar\/?page_id=12\"},{\"@type\":\"ListItem\",\"position\":3,\"name\":\"REFLECTOR LED LUZ FRIA GALPONERAS &#8211; HIGHBAY CLASSIC 100W &#8211; 13000LM\"}]},{\"@type\":\"WebSite\",\"@id\":\"https:\/\/tienda.rigelec.com.ar\/#website\",\"url\":\"https:\/\/tienda.rigelec.com.ar\/\",\"name\":\"Tienda Rigelec\",\"description\":\"Energia en movimiento\",\"publisher\":{\"@id\":\"https:\/\/tienda.rigelec.com.ar\/#organization\"},\"potentialAction\":[{\"@type\":\"SearchAction\",\"target\":{\"@type\":\"EntryPoint\",\"urlTemplate\":\"https:\/\/tienda.rigelec.com.ar\/?s={search_term_string}\"},\"query-input\":{\"@type\":\"PropertyValueSpecification\",\"valueRequired\":true,\"valueName\":\"search_term_string\"}}],\"inLanguage\":\"es-AR\"},{\"@type\":\"Organization\",\"@id\":\"https:\/\/tienda.rigelec.com.ar\/#organization\",\"name\":\"Tienda Rigelec\",\"url\":\"https:\/\/tienda.rigelec.com.ar\/\",\"logo\":{\"@type\":\"ImageObject\",\"inLanguage\":\"es-AR\",\"@id\":\"https:\/\/tienda.rigelec.com.ar\/#\/schema\/logo\/image\/\",\"url\":\"https:\/\/tienda.rigelec.com.ar\/wp-content\/uploads\/2024\/09\/isologo-blanco-rigelec.png\",\"contentUrl\":\"https:\/\/tienda.rigelec.com.ar\/wp-content\/uploads\/2024\/09\/isologo-blanco-rigelec.png\",\"width\":94,\"height\":97,\"caption\":\"Tienda Rigelec\"},\"image\":{\"@id\":\"https:\/\/tienda.rigelec.com.ar\/#\/schema\/logo\/image\/\"}}]}<\/script>\n<!-- \/ Yoast SEO plugin. -->","yoast_head_json":{"title":"REFLECTOR LED LUZ FRIA GALPONERAS - HIGHBAY CLASSIC 100W - 13000LM - Tienda Rigelec","robots":{"index":"index","follow":"follow","max-snippet":"max-snippet:-1","max-image-preview":"max-image-preview:large","max-video-preview":"max-video-preview:-1"},"canonical":"https:\/\/tienda.rigelec.com.ar\/?product=reflector-led-luz-fria-galponeras-highbay-classic-100w-13000lm","og_locale":"es_ES","og_type":"article","og_title":"REFLECTOR LED LUZ FRIA GALPONERAS - HIGHBAY CLASSIC 100W - 13000LM - Tienda Rigelec","og_description":"Caracterpisticas el\u00e9ctricas. * Entrada: AC180-240V | 50-60Hz | 450mA * Potencia: 100W * Factor de potencia: 0.9 * Vida \u00fatil: 50.000h * Corriente irrupci\u00f3n: 6.1A  Caracter\u00edsticas lum\u00ednicas. * Tipo de blanco: Blanco fr\u00edo * Temperatura de color: 6500K * Flujo luminoso: 13.000LM * \u00c1ngulo de apertura: 90\u00b0  Caracter\u00edsticas materiales. * Color cuerpo: Gris oscuro * Dimensiones: 235x235x30mm * Protecci\u00f3n IP: IP65 * Material del cuerpo: Aluminio. * Protecci\u00f3n IK: IK08","og_url":"https:\/\/tienda.rigelec.com.ar\/?product=reflector-led-luz-fria-galponeras-highbay-classic-100w-13000lm","og_site_name":"Tienda Rigelec","article_modified_time":"2026-04-30T18:16:00+00:00","twitter_card":"summary_large_image","schema":{"@context":"https:\/\/schema.org","@graph":[{"@type":"WebPage","@id":"https:\/\/tienda.rigelec.com.ar\/?product=reflector-led-luz-fria-galponeras-highbay-classic-100w-13000lm","url":"https:\/\/tienda.rigelec.com.ar\/?product=reflector-led-luz-fria-galponeras-highbay-classic-100w-13000lm","name":"REFLECTOR LED LUZ FRIA GALPONERAS - HIGHBAY CLASSIC 100W - 13000LM - Tienda Rigelec","isPartOf":{"@id":"https:\/\/tienda.rigelec.com.ar\/#website"},"primaryImageOfPage":{"@id":"https:\/\/tienda.rigelec.com.ar\/?product=reflector-led-luz-fria-galponeras-highbay-classic-100w-13000lm#primaryimage"},"image":{"@id":"https:\/\/tienda.rigelec.com.ar\/?product=reflector-led-luz-fria-galponeras-highbay-classic-100w-13000lm#primaryimage"},"thumbnailUrl":"https:\/\/tienda.rigelec.com.ar\/wp-content\/uploads\/2026\/04\/REFLECTORLEDLUZFRIA.jpg","datePublished":"2026-04-25T16:10:39+00:00","dateModified":"2026-04-30T18:16:00+00:00","breadcrumb":{"@id":"https:\/\/tienda.rigelec.com.ar\/?product=reflector-led-luz-fria-galponeras-highbay-classic-100w-13000lm#breadcrumb"},"inLanguage":"es-AR","potentialAction":[{"@type":"ReadAction","target":["https:\/\/tienda.rigelec.com.ar\/?product=reflector-led-luz-fria-galponeras-highbay-classic-100w-13000lm"]}]},{"@type":"ImageObject","inLanguage":"es-AR","@id":"https:\/\/tienda.rigelec.com.ar\/?product=reflector-led-luz-fria-galponeras-highbay-classic-100w-13000lm#primaryimage","url":"https:\/\/tienda.rigelec.com.ar\/wp-content\/uploads\/2026\/04\/REFLECTORLEDLUZFRIA.jpg","contentUrl":"https:\/\/tienda.rigelec.com.ar\/wp-content\/uploads\/2026\/04\/REFLECTORLEDLUZFRIA.jpg","width":1512,"height":1512},{"@type":"BreadcrumbList","@id":"https:\/\/tienda.rigelec.com.ar\/?product=reflector-led-luz-fria-galponeras-highbay-classic-100w-13000lm#breadcrumb","itemListElement":[{"@type":"ListItem","position":1,"name":"Inicio","item":"https:\/\/tienda.rigelec.com.ar\/"},{"@type":"ListItem","position":2,"name":"Shop","item":"https:\/\/tienda.rigelec.com.ar\/?page_id=12"},{"@type":"ListItem","position":3,"name":"REFLECTOR LED LUZ FRIA GALPONERAS &#8211; HIGHBAY CLASSIC 100W &#8211; 13000LM"}]},{"@type":"WebSite","@id":"https:\/\/tienda.rigelec.com.ar\/#website","url":"https:\/\/tienda.rigelec.com.ar\/","name":"Tienda Rigelec","description":"Energia en movimiento","publisher":{"@id":"https:\/\/tienda.rigelec.com.ar\/#organization"},"potentialAction":[{"@type":"SearchAction","target":{"@type":"EntryPoint","urlTemplate":"https:\/\/tienda.rigelec.com.ar\/?s={search_term_string}"},"query-input":{"@type":"PropertyValueSpecification","valueRequired":true,"valueName":"search_term_string"}}],"inLanguage":"es-AR"},{"@type":"Organization","@id":"https:\/\/tienda.rigelec.com.ar\/#organization","name":"Tienda Rigelec","url":"https:\/\/tienda.rigelec.com.ar\/","logo":{"@type":"ImageObject","inLanguage":"es-AR","@id":"https:\/\/tienda.rigelec.com.ar\/#\/schema\/logo\/image\/","url":"https:\/\/tienda.rigelec.com.ar\/wp-content\/uploads\/2024\/09\/isologo-blanco-rigelec.png","contentUrl":"https:\/\/tienda.rigelec.com.ar\/wp-content\/uploads\/2024\/09\/isologo-blanco-rigelec.png","width":94,"height":97,"caption":"Tienda Rigelec"},"image":{"@id":"https:\/\/tienda.rigelec.com.ar\/#\/schema\/logo\/image\/"}}]}},"jetpack_sharing_enabled":true,"_links":{"self":[{"href":"https:\/\/tienda.rigelec.com.ar\/index.php?rest_route=\/wp\/v2\/product\/37396","targetHints":{"allow":["GET"]}}],"collection":[{"href":"https:\/\/tienda.rigelec.com.ar\/index.php?rest_route=\/wp\/v2\/product"}],"about":[{"href":"https:\/\/tienda.rigelec.com.ar\/index.php?rest_route=\/wp\/v2\/types\/product"}],"replies":[{"embeddable":true,"href":"https:\/\/tienda.rigelec.com.ar\/index.php?rest_route=%2Fwp%2Fv2%2Fcomments&post=37396"}],"wp:featuredmedia":[{"embeddable":true,"href":"https:\/\/tienda.rigelec.com.ar\/index.php?rest_route=\/wp\/v2\/media\/37397"}],"wp:attachment":[{"href":"https:\/\/tienda.rigelec.com.ar\/index.php?rest_route=%2Fwp%2Fv2%2Fmedia&parent=37396"}],"wp:term":[{"taxonomy":"product_brand","embeddable":true,"href":"https:\/\/tienda.rigelec.com.ar\/index.php?rest_route=%2Fwp%2Fv2%2Fproduct_brand&post=37396"},{"taxonomy":"product_cat","embeddable":true,"href":"https:\/\/tienda.rigelec.com.ar\/index.php?rest_route=%2Fwp%2Fv2%2Fproduct_cat&post=37396"},{"taxonomy":"product_tag","embeddable":true,"href":"https:\/\/tienda.rigelec.com.ar\/index.php?rest_route=%2Fwp%2Fv2%2Fproduct_tag&post=37396"}],"curies":[{"name":"wp","href":"https:\/\/api.w.org\/{rel}","templated":true}]}}