{"id":37416,"date":"2026-04-27T19:28:33","date_gmt":"2026-04-27T22:28:33","guid":{"rendered":"https:\/\/tienda.rigelec.com.ar\/?product=metro-cable-subterraneo-aluminio-clase-2-3x501x25mm-2"},"modified":"2026-04-28T09:01:53","modified_gmt":"2026-04-28T12:01:53","slug":"metro-cable-subterraneo-aluminio-clase-2-3x501x25mm-2","status":"publish","type":"product","link":"https:\/\/tienda.rigelec.com.ar\/?product=metro-cable-subterraneo-aluminio-clase-2-3x501x25mm-2","title":{"rendered":"METRO CABLE SUBTERRANEO ALUMINIO CLASE 2 3X50+1X25MM"},"content":{"rendered":"<p>METRO CABLE SUBTERRANEO ALUMINIO<\/p>\n","protected":false},"excerpt":{"rendered":"<p>Cable subterr\u00e1neo aluminio. Estos cables est\u00e1n conformados por un conductor de aluminio, aislado con Poli cloruro de vinilo (PVC 90\u00b0C), retardante a la llama, color negro resistente a la acci\u00f3n de la interperie; adicionalmente poseen una cubierta de nylon(poliamida) que los hace resistentes a la abrasi\u00f3n. Normas: IEC 60228_IEC 60502_1_UL 44_ UL 83_HD 603_1. Cable subterr\u00e1neo aluminio: En EfeBE tenemos una meta clara: lograr la excelencia en todo lo que hacemos. Nuestros productos cumplen los m\u00e1s altos est\u00e1ndares de calidad, lo que hace que no dejemos ning\u00fan detalle librado al azar. Desde hace 20 a\u00f1os, EfeBE se especializa en la fabricaci\u00f3n de cables de cobre y, posteriormente, se convirti\u00f3 tambi\u00e9n en comercializadora de apliques de luz led. El compromiso con nuestros clientes nos lleva a ofrecer solo productos de primera calidad a un precio competitivo, asesoramiento permanente y soporte t\u00e9cnico.<\/p>\n","protected":false},"featured_media":37417,"comment_status":"open","ping_status":"closed","template":"","meta":{"_monsterinsights_skip_tracking":false,"_monsterinsights_sitenote_active":false,"_monsterinsights_sitenote_note":"","_monsterinsights_sitenote_category":0},"product_brand":[],"product_cat":[222],"product_tag":[530],"class_list":{"0":"post-37416","1":"product","2":"type-product","3":"status-publish","4":"has-post-thumbnail","6":"product_cat-d-subterraneo","7":"product_tag-cables-fb","9":"first","10":"outofstock","11":"shipping-taxable","12":"purchasable","13":"product-type-simple"},"yoast_head":"<!-- This site is optimized with the Yoast SEO plugin v25.3.1 - https:\/\/yoast.com\/wordpress\/plugins\/seo\/ -->\n<title>METRO CABLE SUBTERRANEO ALUMINIO CLASE 2 3X50+1X25MM - Tienda Rigelec<\/title>\n<meta name=\"robots\" content=\"index, follow, max-snippet:-1, max-image-preview:large, max-video-preview:-1\" \/>\n<link rel=\"canonical\" href=\"https:\/\/tienda.rigelec.com.ar\/?product=metro-cable-subterraneo-aluminio-clase-2-3x501x25mm-2\" \/>\n<meta property=\"og:locale\" content=\"es_ES\" \/>\n<meta property=\"og:type\" content=\"article\" \/>\n<meta property=\"og:title\" content=\"METRO CABLE SUBTERRANEO ALUMINIO CLASE 2 3X50+1X25MM - Tienda Rigelec\" \/>\n<meta property=\"og:description\" content=\"Cable subterr\u00e1neo aluminio. Estos cables est\u00e1n conformados por un conductor de aluminio, aislado con Poli cloruro de vinilo (PVC 90\u00b0C), retardante a la llama, color negro resistente a la acci\u00f3n de la interperie; adicionalmente poseen una cubierta de nylon(poliamida) que los hace resistentes a la abrasi\u00f3n. Normas: IEC 60228_IEC 60502_1_UL 44_ UL 83_HD 603_1. Cable subterr\u00e1neo aluminio: En EfeBE tenemos una meta clara: lograr la excelencia en todo lo que hacemos. Nuestros productos cumplen los m\u00e1s altos est\u00e1ndares de calidad, lo que hace que no dejemos ning\u00fan detalle librado al azar. Desde hace 20 a\u00f1os, EfeBE se especializa en la fabricaci\u00f3n de cables de cobre y, posteriormente, se convirti\u00f3 tambi\u00e9n en comercializadora de apliques de luz led. El compromiso con nuestros clientes nos lleva a ofrecer solo productos de primera calidad a un precio competitivo, asesoramiento permanente y soporte t\u00e9cnico.\" \/>\n<meta property=\"og:url\" content=\"https:\/\/tienda.rigelec.com.ar\/?product=metro-cable-subterraneo-aluminio-clase-2-3x501x25mm-2\" \/>\n<meta property=\"og:site_name\" content=\"Tienda Rigelec\" \/>\n<meta property=\"article:modified_time\" content=\"2026-04-28T12:01:53+00:00\" \/>\n<meta name=\"twitter:card\" content=\"summary_large_image\" \/>\n<script type=\"application\/ld+json\" class=\"yoast-schema-graph\">{\"@context\":\"https:\/\/schema.org\",\"@graph\":[{\"@type\":\"WebPage\",\"@id\":\"https:\/\/tienda.rigelec.com.ar\/?product=metro-cable-subterraneo-aluminio-clase-2-3x501x25mm-2\",\"url\":\"https:\/\/tienda.rigelec.com.ar\/?product=metro-cable-subterraneo-aluminio-clase-2-3x501x25mm-2\",\"name\":\"METRO CABLE SUBTERRANEO ALUMINIO CLASE 2 3X50+1X25MM - Tienda Rigelec\",\"isPartOf\":{\"@id\":\"https:\/\/tienda.rigelec.com.ar\/#website\"},\"primaryImageOfPage\":{\"@id\":\"https:\/\/tienda.rigelec.com.ar\/?product=metro-cable-subterraneo-aluminio-clase-2-3x501x25mm-2#primaryimage\"},\"image\":{\"@id\":\"https:\/\/tienda.rigelec.com.ar\/?product=metro-cable-subterraneo-aluminio-clase-2-3x501x25mm-2#primaryimage\"},\"thumbnailUrl\":\"https:\/\/tienda.rigelec.com.ar\/wp-content\/uploads\/2026\/04\/METROCABLESUBTERRANEOALUMINIO-7.jpg\",\"datePublished\":\"2026-04-27T22:28:33+00:00\",\"dateModified\":\"2026-04-28T12:01:53+00:00\",\"breadcrumb\":{\"@id\":\"https:\/\/tienda.rigelec.com.ar\/?product=metro-cable-subterraneo-aluminio-clase-2-3x501x25mm-2#breadcrumb\"},\"inLanguage\":\"es-AR\",\"potentialAction\":[{\"@type\":\"ReadAction\",\"target\":[\"https:\/\/tienda.rigelec.com.ar\/?product=metro-cable-subterraneo-aluminio-clase-2-3x501x25mm-2\"]}]},{\"@type\":\"ImageObject\",\"inLanguage\":\"es-AR\",\"@id\":\"https:\/\/tienda.rigelec.com.ar\/?product=metro-cable-subterraneo-aluminio-clase-2-3x501x25mm-2#primaryimage\",\"url\":\"https:\/\/tienda.rigelec.com.ar\/wp-content\/uploads\/2026\/04\/METROCABLESUBTERRANEOALUMINIO-7.jpg\",\"contentUrl\":\"https:\/\/tienda.rigelec.com.ar\/wp-content\/uploads\/2026\/04\/METROCABLESUBTERRANEOALUMINIO-7.jpg\",\"width\":1512,\"height\":1512},{\"@type\":\"BreadcrumbList\",\"@id\":\"https:\/\/tienda.rigelec.com.ar\/?product=metro-cable-subterraneo-aluminio-clase-2-3x501x25mm-2#breadcrumb\",\"itemListElement\":[{\"@type\":\"ListItem\",\"position\":1,\"name\":\"Inicio\",\"item\":\"https:\/\/tienda.rigelec.com.ar\/\"},{\"@type\":\"ListItem\",\"position\":2,\"name\":\"Shop\",\"item\":\"https:\/\/tienda.rigelec.com.ar\/?page_id=12\"},{\"@type\":\"ListItem\",\"position\":3,\"name\":\"METRO CABLE SUBTERRANEO ALUMINIO CLASE 2 3X50+1X25MM\"}]},{\"@type\":\"WebSite\",\"@id\":\"https:\/\/tienda.rigelec.com.ar\/#website\",\"url\":\"https:\/\/tienda.rigelec.com.ar\/\",\"name\":\"Tienda Rigelec\",\"description\":\"Energia en movimiento\",\"publisher\":{\"@id\":\"https:\/\/tienda.rigelec.com.ar\/#organization\"},\"potentialAction\":[{\"@type\":\"SearchAction\",\"target\":{\"@type\":\"EntryPoint\",\"urlTemplate\":\"https:\/\/tienda.rigelec.com.ar\/?s={search_term_string}\"},\"query-input\":{\"@type\":\"PropertyValueSpecification\",\"valueRequired\":true,\"valueName\":\"search_term_string\"}}],\"inLanguage\":\"es-AR\"},{\"@type\":\"Organization\",\"@id\":\"https:\/\/tienda.rigelec.com.ar\/#organization\",\"name\":\"Tienda Rigelec\",\"url\":\"https:\/\/tienda.rigelec.com.ar\/\",\"logo\":{\"@type\":\"ImageObject\",\"inLanguage\":\"es-AR\",\"@id\":\"https:\/\/tienda.rigelec.com.ar\/#\/schema\/logo\/image\/\",\"url\":\"https:\/\/tienda.rigelec.com.ar\/wp-content\/uploads\/2024\/09\/isologo-blanco-rigelec.png\",\"contentUrl\":\"https:\/\/tienda.rigelec.com.ar\/wp-content\/uploads\/2024\/09\/isologo-blanco-rigelec.png\",\"width\":94,\"height\":97,\"caption\":\"Tienda Rigelec\"},\"image\":{\"@id\":\"https:\/\/tienda.rigelec.com.ar\/#\/schema\/logo\/image\/\"}}]}<\/script>\n<!-- \/ Yoast SEO plugin. -->","yoast_head_json":{"title":"METRO CABLE SUBTERRANEO ALUMINIO CLASE 2 3X50+1X25MM - Tienda Rigelec","robots":{"index":"index","follow":"follow","max-snippet":"max-snippet:-1","max-image-preview":"max-image-preview:large","max-video-preview":"max-video-preview:-1"},"canonical":"https:\/\/tienda.rigelec.com.ar\/?product=metro-cable-subterraneo-aluminio-clase-2-3x501x25mm-2","og_locale":"es_ES","og_type":"article","og_title":"METRO CABLE SUBTERRANEO ALUMINIO CLASE 2 3X50+1X25MM - Tienda Rigelec","og_description":"Cable subterr\u00e1neo aluminio. Estos cables est\u00e1n conformados por un conductor de aluminio, aislado con Poli cloruro de vinilo (PVC 90\u00b0C), retardante a la llama, color negro resistente a la acci\u00f3n de la interperie; adicionalmente poseen una cubierta de nylon(poliamida) que los hace resistentes a la abrasi\u00f3n. Normas: IEC 60228_IEC 60502_1_UL 44_ UL 83_HD 603_1. Cable subterr\u00e1neo aluminio: En EfeBE tenemos una meta clara: lograr la excelencia en todo lo que hacemos. Nuestros productos cumplen los m\u00e1s altos est\u00e1ndares de calidad, lo que hace que no dejemos ning\u00fan detalle librado al azar. Desde hace 20 a\u00f1os, EfeBE se especializa en la fabricaci\u00f3n de cables de cobre y, posteriormente, se convirti\u00f3 tambi\u00e9n en comercializadora de apliques de luz led. El compromiso con nuestros clientes nos lleva a ofrecer solo productos de primera calidad a un precio competitivo, asesoramiento permanente y soporte t\u00e9cnico.","og_url":"https:\/\/tienda.rigelec.com.ar\/?product=metro-cable-subterraneo-aluminio-clase-2-3x501x25mm-2","og_site_name":"Tienda Rigelec","article_modified_time":"2026-04-28T12:01:53+00:00","twitter_card":"summary_large_image","schema":{"@context":"https:\/\/schema.org","@graph":[{"@type":"WebPage","@id":"https:\/\/tienda.rigelec.com.ar\/?product=metro-cable-subterraneo-aluminio-clase-2-3x501x25mm-2","url":"https:\/\/tienda.rigelec.com.ar\/?product=metro-cable-subterraneo-aluminio-clase-2-3x501x25mm-2","name":"METRO CABLE SUBTERRANEO ALUMINIO CLASE 2 3X50+1X25MM - Tienda Rigelec","isPartOf":{"@id":"https:\/\/tienda.rigelec.com.ar\/#website"},"primaryImageOfPage":{"@id":"https:\/\/tienda.rigelec.com.ar\/?product=metro-cable-subterraneo-aluminio-clase-2-3x501x25mm-2#primaryimage"},"image":{"@id":"https:\/\/tienda.rigelec.com.ar\/?product=metro-cable-subterraneo-aluminio-clase-2-3x501x25mm-2#primaryimage"},"thumbnailUrl":"https:\/\/tienda.rigelec.com.ar\/wp-content\/uploads\/2026\/04\/METROCABLESUBTERRANEOALUMINIO-7.jpg","datePublished":"2026-04-27T22:28:33+00:00","dateModified":"2026-04-28T12:01:53+00:00","breadcrumb":{"@id":"https:\/\/tienda.rigelec.com.ar\/?product=metro-cable-subterraneo-aluminio-clase-2-3x501x25mm-2#breadcrumb"},"inLanguage":"es-AR","potentialAction":[{"@type":"ReadAction","target":["https:\/\/tienda.rigelec.com.ar\/?product=metro-cable-subterraneo-aluminio-clase-2-3x501x25mm-2"]}]},{"@type":"ImageObject","inLanguage":"es-AR","@id":"https:\/\/tienda.rigelec.com.ar\/?product=metro-cable-subterraneo-aluminio-clase-2-3x501x25mm-2#primaryimage","url":"https:\/\/tienda.rigelec.com.ar\/wp-content\/uploads\/2026\/04\/METROCABLESUBTERRANEOALUMINIO-7.jpg","contentUrl":"https:\/\/tienda.rigelec.com.ar\/wp-content\/uploads\/2026\/04\/METROCABLESUBTERRANEOALUMINIO-7.jpg","width":1512,"height":1512},{"@type":"BreadcrumbList","@id":"https:\/\/tienda.rigelec.com.ar\/?product=metro-cable-subterraneo-aluminio-clase-2-3x501x25mm-2#breadcrumb","itemListElement":[{"@type":"ListItem","position":1,"name":"Inicio","item":"https:\/\/tienda.rigelec.com.ar\/"},{"@type":"ListItem","position":2,"name":"Shop","item":"https:\/\/tienda.rigelec.com.ar\/?page_id=12"},{"@type":"ListItem","position":3,"name":"METRO CABLE SUBTERRANEO ALUMINIO CLASE 2 3X50+1X25MM"}]},{"@type":"WebSite","@id":"https:\/\/tienda.rigelec.com.ar\/#website","url":"https:\/\/tienda.rigelec.com.ar\/","name":"Tienda Rigelec","description":"Energia en movimiento","publisher":{"@id":"https:\/\/tienda.rigelec.com.ar\/#organization"},"potentialAction":[{"@type":"SearchAction","target":{"@type":"EntryPoint","urlTemplate":"https:\/\/tienda.rigelec.com.ar\/?s={search_term_string}"},"query-input":{"@type":"PropertyValueSpecification","valueRequired":true,"valueName":"search_term_string"}}],"inLanguage":"es-AR"},{"@type":"Organization","@id":"https:\/\/tienda.rigelec.com.ar\/#organization","name":"Tienda Rigelec","url":"https:\/\/tienda.rigelec.com.ar\/","logo":{"@type":"ImageObject","inLanguage":"es-AR","@id":"https:\/\/tienda.rigelec.com.ar\/#\/schema\/logo\/image\/","url":"https:\/\/tienda.rigelec.com.ar\/wp-content\/uploads\/2024\/09\/isologo-blanco-rigelec.png","contentUrl":"https:\/\/tienda.rigelec.com.ar\/wp-content\/uploads\/2024\/09\/isologo-blanco-rigelec.png","width":94,"height":97,"caption":"Tienda Rigelec"},"image":{"@id":"https:\/\/tienda.rigelec.com.ar\/#\/schema\/logo\/image\/"}}]}},"jetpack_sharing_enabled":true,"_links":{"self":[{"href":"https:\/\/tienda.rigelec.com.ar\/index.php?rest_route=\/wp\/v2\/product\/37416","targetHints":{"allow":["GET"]}}],"collection":[{"href":"https:\/\/tienda.rigelec.com.ar\/index.php?rest_route=\/wp\/v2\/product"}],"about":[{"href":"https:\/\/tienda.rigelec.com.ar\/index.php?rest_route=\/wp\/v2\/types\/product"}],"replies":[{"embeddable":true,"href":"https:\/\/tienda.rigelec.com.ar\/index.php?rest_route=%2Fwp%2Fv2%2Fcomments&post=37416"}],"wp:featuredmedia":[{"embeddable":true,"href":"https:\/\/tienda.rigelec.com.ar\/index.php?rest_route=\/wp\/v2\/media\/37417"}],"wp:attachment":[{"href":"https:\/\/tienda.rigelec.com.ar\/index.php?rest_route=%2Fwp%2Fv2%2Fmedia&parent=37416"}],"wp:term":[{"taxonomy":"product_brand","embeddable":true,"href":"https:\/\/tienda.rigelec.com.ar\/index.php?rest_route=%2Fwp%2Fv2%2Fproduct_brand&post=37416"},{"taxonomy":"product_cat","embeddable":true,"href":"https:\/\/tienda.rigelec.com.ar\/index.php?rest_route=%2Fwp%2Fv2%2Fproduct_cat&post=37416"},{"taxonomy":"product_tag","embeddable":true,"href":"https:\/\/tienda.rigelec.com.ar\/index.php?rest_route=%2Fwp%2Fv2%2Fproduct_tag&post=37416"}],"curies":[{"name":"wp","href":"https:\/\/api.w.org\/{rel}","templated":true}]}}