{"id":37505,"date":"2026-05-04T14:29:30","date_gmt":"2026-05-04T17:29:30","guid":{"rendered":"https:\/\/tienda.rigelec.com.ar\/?product=rele-auxiliar-nxj-a24v-2z1d-24vca-5a-2-inversores"},"modified":"2026-05-06T07:26:12","modified_gmt":"2026-05-06T10:26:12","slug":"rele-auxiliar-nxj-a24v-2z1d-24vca-5a-2-inversores","status":"publish","type":"product","link":"https:\/\/tienda.rigelec.com.ar\/?product=rele-auxiliar-nxj-a24v-2z1d-24vca-5a-2-inversores","title":{"rendered":"RELE AUXILIAR NXJ-A24V-2Z1D 24VCA &#8211; 5A &#8211; 2 INVERSORES"},"content":{"rendered":"<p>RELE AUXILIAR<\/p>\n","protected":false},"excerpt":{"rendered":"<p>&#8211; Bob: 24VCA + indicador de estado<\/p>\n<p>Informaci\u00f3n f\u00edsica.<br \/>\n* Tensi\u00f3n: 24VCA<br \/>\n* Corriente: 5A<br \/>\n* Grado de protecci\u00f3n: IP20<br \/>\n* En cumplimiento con norma: IEC 61810-1<br \/>\n* Cantidad de inversores: 2<br \/>\n* Ciclos mec\u00e1nicos: 2&#215;10^7<br \/>\n* Ciclos \u00e9lectricos: 1,2&#215;10^5<\/p>\n","protected":false},"featured_media":37506,"comment_status":"open","ping_status":"closed","template":"","meta":{"_monsterinsights_skip_tracking":false,"_monsterinsights_sitenote_active":false,"_monsterinsights_sitenote_note":"","_monsterinsights_sitenote_category":0},"product_brand":[],"product_cat":[335],"product_tag":[430],"class_list":{"0":"post-37505","1":"product","2":"type-product","3":"status-publish","4":"has-post-thumbnail","6":"product_cat-i-relevo","7":"product_tag-chint","9":"first","10":"outofstock","11":"shipping-taxable","12":"purchasable","13":"product-type-simple"},"yoast_head":"<!-- This site is optimized with the Yoast SEO plugin v25.3.1 - https:\/\/yoast.com\/wordpress\/plugins\/seo\/ -->\n<title>RELE AUXILIAR NXJ-A24V-2Z1D 24VCA - 5A - 2 INVERSORES - Tienda Rigelec<\/title>\n<meta name=\"robots\" content=\"index, follow, max-snippet:-1, max-image-preview:large, max-video-preview:-1\" \/>\n<link rel=\"canonical\" href=\"https:\/\/tienda.rigelec.com.ar\/?product=rele-auxiliar-nxj-a24v-2z1d-24vca-5a-2-inversores\" \/>\n<meta property=\"og:locale\" content=\"es_ES\" \/>\n<meta property=\"og:type\" content=\"article\" \/>\n<meta property=\"og:title\" content=\"RELE AUXILIAR NXJ-A24V-2Z1D 24VCA - 5A - 2 INVERSORES - Tienda Rigelec\" \/>\n<meta property=\"og:description\" content=\"- Bob: 24VCA + indicador de estado  Informaci\u00f3n f\u00edsica. * Tensi\u00f3n: 24VCA * Corriente: 5A * Grado de protecci\u00f3n: IP20 * En cumplimiento con norma: IEC 61810-1 * Cantidad de inversores: 2  * Ciclos mec\u00e1nicos: 2x10^7 * Ciclos \u00e9lectricos: 1,2x10^5\" \/>\n<meta property=\"og:url\" content=\"https:\/\/tienda.rigelec.com.ar\/?product=rele-auxiliar-nxj-a24v-2z1d-24vca-5a-2-inversores\" \/>\n<meta property=\"og:site_name\" content=\"Tienda Rigelec\" \/>\n<meta property=\"article:modified_time\" content=\"2026-05-06T10:26:12+00:00\" \/>\n<meta name=\"twitter:card\" content=\"summary_large_image\" \/>\n<script type=\"application\/ld+json\" class=\"yoast-schema-graph\">{\"@context\":\"https:\/\/schema.org\",\"@graph\":[{\"@type\":\"WebPage\",\"@id\":\"https:\/\/tienda.rigelec.com.ar\/?product=rele-auxiliar-nxj-a24v-2z1d-24vca-5a-2-inversores\",\"url\":\"https:\/\/tienda.rigelec.com.ar\/?product=rele-auxiliar-nxj-a24v-2z1d-24vca-5a-2-inversores\",\"name\":\"RELE AUXILIAR NXJ-A24V-2Z1D 24VCA - 5A - 2 INVERSORES - Tienda Rigelec\",\"isPartOf\":{\"@id\":\"https:\/\/tienda.rigelec.com.ar\/#website\"},\"primaryImageOfPage\":{\"@id\":\"https:\/\/tienda.rigelec.com.ar\/?product=rele-auxiliar-nxj-a24v-2z1d-24vca-5a-2-inversores#primaryimage\"},\"image\":{\"@id\":\"https:\/\/tienda.rigelec.com.ar\/?product=rele-auxiliar-nxj-a24v-2z1d-24vca-5a-2-inversores#primaryimage\"},\"thumbnailUrl\":\"https:\/\/tienda.rigelec.com.ar\/wp-content\/uploads\/2026\/05\/RELEAUXILIAR-6.jpg\",\"datePublished\":\"2026-05-04T17:29:30+00:00\",\"dateModified\":\"2026-05-06T10:26:12+00:00\",\"breadcrumb\":{\"@id\":\"https:\/\/tienda.rigelec.com.ar\/?product=rele-auxiliar-nxj-a24v-2z1d-24vca-5a-2-inversores#breadcrumb\"},\"inLanguage\":\"es-AR\",\"potentialAction\":[{\"@type\":\"ReadAction\",\"target\":[\"https:\/\/tienda.rigelec.com.ar\/?product=rele-auxiliar-nxj-a24v-2z1d-24vca-5a-2-inversores\"]}]},{\"@type\":\"ImageObject\",\"inLanguage\":\"es-AR\",\"@id\":\"https:\/\/tienda.rigelec.com.ar\/?product=rele-auxiliar-nxj-a24v-2z1d-24vca-5a-2-inversores#primaryimage\",\"url\":\"https:\/\/tienda.rigelec.com.ar\/wp-content\/uploads\/2026\/05\/RELEAUXILIAR-6.jpg\",\"contentUrl\":\"https:\/\/tienda.rigelec.com.ar\/wp-content\/uploads\/2026\/05\/RELEAUXILIAR-6.jpg\",\"width\":1512,\"height\":1512},{\"@type\":\"BreadcrumbList\",\"@id\":\"https:\/\/tienda.rigelec.com.ar\/?product=rele-auxiliar-nxj-a24v-2z1d-24vca-5a-2-inversores#breadcrumb\",\"itemListElement\":[{\"@type\":\"ListItem\",\"position\":1,\"name\":\"Inicio\",\"item\":\"https:\/\/tienda.rigelec.com.ar\/\"},{\"@type\":\"ListItem\",\"position\":2,\"name\":\"Shop\",\"item\":\"https:\/\/tienda.rigelec.com.ar\/?page_id=12\"},{\"@type\":\"ListItem\",\"position\":3,\"name\":\"RELE AUXILIAR NXJ-A24V-2Z1D 24VCA &#8211; 5A &#8211; 2 INVERSORES\"}]},{\"@type\":\"WebSite\",\"@id\":\"https:\/\/tienda.rigelec.com.ar\/#website\",\"url\":\"https:\/\/tienda.rigelec.com.ar\/\",\"name\":\"Tienda Rigelec\",\"description\":\"Energia en movimiento\",\"publisher\":{\"@id\":\"https:\/\/tienda.rigelec.com.ar\/#organization\"},\"potentialAction\":[{\"@type\":\"SearchAction\",\"target\":{\"@type\":\"EntryPoint\",\"urlTemplate\":\"https:\/\/tienda.rigelec.com.ar\/?s={search_term_string}\"},\"query-input\":{\"@type\":\"PropertyValueSpecification\",\"valueRequired\":true,\"valueName\":\"search_term_string\"}}],\"inLanguage\":\"es-AR\"},{\"@type\":\"Organization\",\"@id\":\"https:\/\/tienda.rigelec.com.ar\/#organization\",\"name\":\"Tienda Rigelec\",\"url\":\"https:\/\/tienda.rigelec.com.ar\/\",\"logo\":{\"@type\":\"ImageObject\",\"inLanguage\":\"es-AR\",\"@id\":\"https:\/\/tienda.rigelec.com.ar\/#\/schema\/logo\/image\/\",\"url\":\"https:\/\/tienda.rigelec.com.ar\/wp-content\/uploads\/2024\/09\/isologo-blanco-rigelec.png\",\"contentUrl\":\"https:\/\/tienda.rigelec.com.ar\/wp-content\/uploads\/2024\/09\/isologo-blanco-rigelec.png\",\"width\":94,\"height\":97,\"caption\":\"Tienda Rigelec\"},\"image\":{\"@id\":\"https:\/\/tienda.rigelec.com.ar\/#\/schema\/logo\/image\/\"}}]}<\/script>\n<!-- \/ Yoast SEO plugin. -->","yoast_head_json":{"title":"RELE AUXILIAR NXJ-A24V-2Z1D 24VCA - 5A - 2 INVERSORES - Tienda Rigelec","robots":{"index":"index","follow":"follow","max-snippet":"max-snippet:-1","max-image-preview":"max-image-preview:large","max-video-preview":"max-video-preview:-1"},"canonical":"https:\/\/tienda.rigelec.com.ar\/?product=rele-auxiliar-nxj-a24v-2z1d-24vca-5a-2-inversores","og_locale":"es_ES","og_type":"article","og_title":"RELE AUXILIAR NXJ-A24V-2Z1D 24VCA - 5A - 2 INVERSORES - Tienda Rigelec","og_description":"- Bob: 24VCA + indicador de estado  Informaci\u00f3n f\u00edsica. * Tensi\u00f3n: 24VCA * Corriente: 5A * Grado de protecci\u00f3n: IP20 * En cumplimiento con norma: IEC 61810-1 * Cantidad de inversores: 2  * Ciclos mec\u00e1nicos: 2x10^7 * Ciclos \u00e9lectricos: 1,2x10^5","og_url":"https:\/\/tienda.rigelec.com.ar\/?product=rele-auxiliar-nxj-a24v-2z1d-24vca-5a-2-inversores","og_site_name":"Tienda Rigelec","article_modified_time":"2026-05-06T10:26:12+00:00","twitter_card":"summary_large_image","schema":{"@context":"https:\/\/schema.org","@graph":[{"@type":"WebPage","@id":"https:\/\/tienda.rigelec.com.ar\/?product=rele-auxiliar-nxj-a24v-2z1d-24vca-5a-2-inversores","url":"https:\/\/tienda.rigelec.com.ar\/?product=rele-auxiliar-nxj-a24v-2z1d-24vca-5a-2-inversores","name":"RELE AUXILIAR NXJ-A24V-2Z1D 24VCA - 5A - 2 INVERSORES - Tienda Rigelec","isPartOf":{"@id":"https:\/\/tienda.rigelec.com.ar\/#website"},"primaryImageOfPage":{"@id":"https:\/\/tienda.rigelec.com.ar\/?product=rele-auxiliar-nxj-a24v-2z1d-24vca-5a-2-inversores#primaryimage"},"image":{"@id":"https:\/\/tienda.rigelec.com.ar\/?product=rele-auxiliar-nxj-a24v-2z1d-24vca-5a-2-inversores#primaryimage"},"thumbnailUrl":"https:\/\/tienda.rigelec.com.ar\/wp-content\/uploads\/2026\/05\/RELEAUXILIAR-6.jpg","datePublished":"2026-05-04T17:29:30+00:00","dateModified":"2026-05-06T10:26:12+00:00","breadcrumb":{"@id":"https:\/\/tienda.rigelec.com.ar\/?product=rele-auxiliar-nxj-a24v-2z1d-24vca-5a-2-inversores#breadcrumb"},"inLanguage":"es-AR","potentialAction":[{"@type":"ReadAction","target":["https:\/\/tienda.rigelec.com.ar\/?product=rele-auxiliar-nxj-a24v-2z1d-24vca-5a-2-inversores"]}]},{"@type":"ImageObject","inLanguage":"es-AR","@id":"https:\/\/tienda.rigelec.com.ar\/?product=rele-auxiliar-nxj-a24v-2z1d-24vca-5a-2-inversores#primaryimage","url":"https:\/\/tienda.rigelec.com.ar\/wp-content\/uploads\/2026\/05\/RELEAUXILIAR-6.jpg","contentUrl":"https:\/\/tienda.rigelec.com.ar\/wp-content\/uploads\/2026\/05\/RELEAUXILIAR-6.jpg","width":1512,"height":1512},{"@type":"BreadcrumbList","@id":"https:\/\/tienda.rigelec.com.ar\/?product=rele-auxiliar-nxj-a24v-2z1d-24vca-5a-2-inversores#breadcrumb","itemListElement":[{"@type":"ListItem","position":1,"name":"Inicio","item":"https:\/\/tienda.rigelec.com.ar\/"},{"@type":"ListItem","position":2,"name":"Shop","item":"https:\/\/tienda.rigelec.com.ar\/?page_id=12"},{"@type":"ListItem","position":3,"name":"RELE AUXILIAR NXJ-A24V-2Z1D 24VCA &#8211; 5A &#8211; 2 INVERSORES"}]},{"@type":"WebSite","@id":"https:\/\/tienda.rigelec.com.ar\/#website","url":"https:\/\/tienda.rigelec.com.ar\/","name":"Tienda Rigelec","description":"Energia en movimiento","publisher":{"@id":"https:\/\/tienda.rigelec.com.ar\/#organization"},"potentialAction":[{"@type":"SearchAction","target":{"@type":"EntryPoint","urlTemplate":"https:\/\/tienda.rigelec.com.ar\/?s={search_term_string}"},"query-input":{"@type":"PropertyValueSpecification","valueRequired":true,"valueName":"search_term_string"}}],"inLanguage":"es-AR"},{"@type":"Organization","@id":"https:\/\/tienda.rigelec.com.ar\/#organization","name":"Tienda Rigelec","url":"https:\/\/tienda.rigelec.com.ar\/","logo":{"@type":"ImageObject","inLanguage":"es-AR","@id":"https:\/\/tienda.rigelec.com.ar\/#\/schema\/logo\/image\/","url":"https:\/\/tienda.rigelec.com.ar\/wp-content\/uploads\/2024\/09\/isologo-blanco-rigelec.png","contentUrl":"https:\/\/tienda.rigelec.com.ar\/wp-content\/uploads\/2024\/09\/isologo-blanco-rigelec.png","width":94,"height":97,"caption":"Tienda Rigelec"},"image":{"@id":"https:\/\/tienda.rigelec.com.ar\/#\/schema\/logo\/image\/"}}]}},"jetpack_sharing_enabled":true,"_links":{"self":[{"href":"https:\/\/tienda.rigelec.com.ar\/index.php?rest_route=\/wp\/v2\/product\/37505","targetHints":{"allow":["GET"]}}],"collection":[{"href":"https:\/\/tienda.rigelec.com.ar\/index.php?rest_route=\/wp\/v2\/product"}],"about":[{"href":"https:\/\/tienda.rigelec.com.ar\/index.php?rest_route=\/wp\/v2\/types\/product"}],"replies":[{"embeddable":true,"href":"https:\/\/tienda.rigelec.com.ar\/index.php?rest_route=%2Fwp%2Fv2%2Fcomments&post=37505"}],"wp:featuredmedia":[{"embeddable":true,"href":"https:\/\/tienda.rigelec.com.ar\/index.php?rest_route=\/wp\/v2\/media\/37506"}],"wp:attachment":[{"href":"https:\/\/tienda.rigelec.com.ar\/index.php?rest_route=%2Fwp%2Fv2%2Fmedia&parent=37505"}],"wp:term":[{"taxonomy":"product_brand","embeddable":true,"href":"https:\/\/tienda.rigelec.com.ar\/index.php?rest_route=%2Fwp%2Fv2%2Fproduct_brand&post=37505"},{"taxonomy":"product_cat","embeddable":true,"href":"https:\/\/tienda.rigelec.com.ar\/index.php?rest_route=%2Fwp%2Fv2%2Fproduct_cat&post=37505"},{"taxonomy":"product_tag","embeddable":true,"href":"https:\/\/tienda.rigelec.com.ar\/index.php?rest_route=%2Fwp%2Fv2%2Fproduct_tag&post=37505"}],"curies":[{"name":"wp","href":"https:\/\/api.w.org\/{rel}","templated":true}]}}