{"id":37521,"date":"2026-05-07T10:49:40","date_gmt":"2026-05-07T13:49:40","guid":{"rendered":"https:\/\/tienda.rigelec.com.ar\/?product=conmutador-bajo-carga-4x1250-nh40-1250-4sz-4x1250a-3na"},"modified":"2026-05-12T13:52:14","modified_gmt":"2026-05-12T16:52:14","slug":"conmutador-bajo-carga-4x1250-nh40-1250-4sz-4x1250a-3na","status":"publish","type":"product","link":"https:\/\/tienda.rigelec.com.ar\/?product=conmutador-bajo-carga-4x1250-nh40-1250-4sz-4x1250a-3na","title":{"rendered":"CONMUTADOR BAJO CARGA &#8211; 4X1250 NH40-1250\/4SZ 4X1250A &#8211; 3NA"},"content":{"rendered":"<p>CONMUTADOR BAJO CARGA<\/p>\n","protected":false},"excerpt":{"rendered":"<p>Informaci\u00f3n f\u00edsica.<br \/>\n* Tensi\u00f3n: 690VCA<br \/>\n* Corriente: 1250A<br \/>\n* N\u00b0 de polos: 4P<br \/>\n* Tipo de montaje: Conmutador rotativo motorizado<br \/>\n* Contactos auxiliares: 3NA<br \/>\n* Categor\u00eda de empleo: AC22B<br \/>\n* En cumplimiento con norma: IEC\/EN 60947-3<\/p>\n","protected":false},"featured_media":37522,"comment_status":"open","ping_status":"closed","template":"","meta":{"_monsterinsights_skip_tracking":false,"_monsterinsights_sitenote_active":false,"_monsterinsights_sitenote_note":"","_monsterinsights_sitenote_category":0},"product_brand":[],"product_cat":[291],"product_tag":[430],"class_list":{"0":"post-37521","1":"product","2":"type-product","3":"status-publish","4":"has-post-thumbnail","6":"product_cat-g-comando-y-senalizacion","7":"product_tag-chint","9":"first","10":"outofstock","11":"shipping-taxable","12":"purchasable","13":"product-type-simple"},"yoast_head":"<!-- This site is optimized with the Yoast SEO plugin v25.3.1 - https:\/\/yoast.com\/wordpress\/plugins\/seo\/ -->\n<title>CONMUTADOR BAJO CARGA - 4X1250 NH40-1250\/4SZ 4X1250A - 3NA - Tienda Rigelec<\/title>\n<meta name=\"robots\" content=\"index, follow, max-snippet:-1, max-image-preview:large, max-video-preview:-1\" \/>\n<link rel=\"canonical\" href=\"https:\/\/tienda.rigelec.com.ar\/?product=conmutador-bajo-carga-4x1250-nh40-1250-4sz-4x1250a-3na\" \/>\n<meta property=\"og:locale\" content=\"es_ES\" \/>\n<meta property=\"og:type\" content=\"article\" \/>\n<meta property=\"og:title\" content=\"CONMUTADOR BAJO CARGA - 4X1250 NH40-1250\/4SZ 4X1250A - 3NA - Tienda Rigelec\" \/>\n<meta property=\"og:description\" content=\"Informaci\u00f3n f\u00edsica. * Tensi\u00f3n: 690VCA * Corriente: 1250A * N\u00b0 de polos: 4P * Tipo de montaje: Conmutador rotativo motorizado * Contactos auxiliares: 3NA * Categor\u00eda de empleo: AC22B * En cumplimiento con norma: IEC\/EN 60947-3\" \/>\n<meta property=\"og:url\" content=\"https:\/\/tienda.rigelec.com.ar\/?product=conmutador-bajo-carga-4x1250-nh40-1250-4sz-4x1250a-3na\" \/>\n<meta property=\"og:site_name\" content=\"Tienda Rigelec\" \/>\n<meta property=\"article:modified_time\" content=\"2026-05-12T16:52:14+00:00\" \/>\n<meta name=\"twitter:card\" content=\"summary_large_image\" \/>\n<script type=\"application\/ld+json\" class=\"yoast-schema-graph\">{\"@context\":\"https:\/\/schema.org\",\"@graph\":[{\"@type\":\"WebPage\",\"@id\":\"https:\/\/tienda.rigelec.com.ar\/?product=conmutador-bajo-carga-4x1250-nh40-1250-4sz-4x1250a-3na\",\"url\":\"https:\/\/tienda.rigelec.com.ar\/?product=conmutador-bajo-carga-4x1250-nh40-1250-4sz-4x1250a-3na\",\"name\":\"CONMUTADOR BAJO CARGA - 4X1250 NH40-1250\/4SZ 4X1250A - 3NA - Tienda Rigelec\",\"isPartOf\":{\"@id\":\"https:\/\/tienda.rigelec.com.ar\/#website\"},\"primaryImageOfPage\":{\"@id\":\"https:\/\/tienda.rigelec.com.ar\/?product=conmutador-bajo-carga-4x1250-nh40-1250-4sz-4x1250a-3na#primaryimage\"},\"image\":{\"@id\":\"https:\/\/tienda.rigelec.com.ar\/?product=conmutador-bajo-carga-4x1250-nh40-1250-4sz-4x1250a-3na#primaryimage\"},\"thumbnailUrl\":\"https:\/\/tienda.rigelec.com.ar\/wp-content\/uploads\/2026\/05\/CONMUTADORBAJOCARGA-4X1250.jpg\",\"datePublished\":\"2026-05-07T13:49:40+00:00\",\"dateModified\":\"2026-05-12T16:52:14+00:00\",\"breadcrumb\":{\"@id\":\"https:\/\/tienda.rigelec.com.ar\/?product=conmutador-bajo-carga-4x1250-nh40-1250-4sz-4x1250a-3na#breadcrumb\"},\"inLanguage\":\"es-AR\",\"potentialAction\":[{\"@type\":\"ReadAction\",\"target\":[\"https:\/\/tienda.rigelec.com.ar\/?product=conmutador-bajo-carga-4x1250-nh40-1250-4sz-4x1250a-3na\"]}]},{\"@type\":\"ImageObject\",\"inLanguage\":\"es-AR\",\"@id\":\"https:\/\/tienda.rigelec.com.ar\/?product=conmutador-bajo-carga-4x1250-nh40-1250-4sz-4x1250a-3na#primaryimage\",\"url\":\"https:\/\/tienda.rigelec.com.ar\/wp-content\/uploads\/2026\/05\/CONMUTADORBAJOCARGA-4X1250.jpg\",\"contentUrl\":\"https:\/\/tienda.rigelec.com.ar\/wp-content\/uploads\/2026\/05\/CONMUTADORBAJOCARGA-4X1250.jpg\",\"width\":1080,\"height\":1080},{\"@type\":\"BreadcrumbList\",\"@id\":\"https:\/\/tienda.rigelec.com.ar\/?product=conmutador-bajo-carga-4x1250-nh40-1250-4sz-4x1250a-3na#breadcrumb\",\"itemListElement\":[{\"@type\":\"ListItem\",\"position\":1,\"name\":\"Inicio\",\"item\":\"https:\/\/tienda.rigelec.com.ar\/\"},{\"@type\":\"ListItem\",\"position\":2,\"name\":\"Shop\",\"item\":\"https:\/\/tienda.rigelec.com.ar\/?page_id=12\"},{\"@type\":\"ListItem\",\"position\":3,\"name\":\"CONMUTADOR BAJO CARGA &#8211; 4X1250 NH40-1250\/4SZ 4X1250A &#8211; 3NA\"}]},{\"@type\":\"WebSite\",\"@id\":\"https:\/\/tienda.rigelec.com.ar\/#website\",\"url\":\"https:\/\/tienda.rigelec.com.ar\/\",\"name\":\"Tienda Rigelec\",\"description\":\"Energia en movimiento\",\"publisher\":{\"@id\":\"https:\/\/tienda.rigelec.com.ar\/#organization\"},\"potentialAction\":[{\"@type\":\"SearchAction\",\"target\":{\"@type\":\"EntryPoint\",\"urlTemplate\":\"https:\/\/tienda.rigelec.com.ar\/?s={search_term_string}\"},\"query-input\":{\"@type\":\"PropertyValueSpecification\",\"valueRequired\":true,\"valueName\":\"search_term_string\"}}],\"inLanguage\":\"es-AR\"},{\"@type\":\"Organization\",\"@id\":\"https:\/\/tienda.rigelec.com.ar\/#organization\",\"name\":\"Tienda Rigelec\",\"url\":\"https:\/\/tienda.rigelec.com.ar\/\",\"logo\":{\"@type\":\"ImageObject\",\"inLanguage\":\"es-AR\",\"@id\":\"https:\/\/tienda.rigelec.com.ar\/#\/schema\/logo\/image\/\",\"url\":\"https:\/\/tienda.rigelec.com.ar\/wp-content\/uploads\/2024\/09\/isologo-blanco-rigelec.png\",\"contentUrl\":\"https:\/\/tienda.rigelec.com.ar\/wp-content\/uploads\/2024\/09\/isologo-blanco-rigelec.png\",\"width\":94,\"height\":97,\"caption\":\"Tienda Rigelec\"},\"image\":{\"@id\":\"https:\/\/tienda.rigelec.com.ar\/#\/schema\/logo\/image\/\"}}]}<\/script>\n<!-- \/ Yoast SEO plugin. -->","yoast_head_json":{"title":"CONMUTADOR BAJO CARGA - 4X1250 NH40-1250\/4SZ 4X1250A - 3NA - Tienda Rigelec","robots":{"index":"index","follow":"follow","max-snippet":"max-snippet:-1","max-image-preview":"max-image-preview:large","max-video-preview":"max-video-preview:-1"},"canonical":"https:\/\/tienda.rigelec.com.ar\/?product=conmutador-bajo-carga-4x1250-nh40-1250-4sz-4x1250a-3na","og_locale":"es_ES","og_type":"article","og_title":"CONMUTADOR BAJO CARGA - 4X1250 NH40-1250\/4SZ 4X1250A - 3NA - Tienda Rigelec","og_description":"Informaci\u00f3n f\u00edsica. * Tensi\u00f3n: 690VCA * Corriente: 1250A * N\u00b0 de polos: 4P * Tipo de montaje: Conmutador rotativo motorizado * Contactos auxiliares: 3NA * Categor\u00eda de empleo: AC22B * En cumplimiento con norma: IEC\/EN 60947-3","og_url":"https:\/\/tienda.rigelec.com.ar\/?product=conmutador-bajo-carga-4x1250-nh40-1250-4sz-4x1250a-3na","og_site_name":"Tienda Rigelec","article_modified_time":"2026-05-12T16:52:14+00:00","twitter_card":"summary_large_image","schema":{"@context":"https:\/\/schema.org","@graph":[{"@type":"WebPage","@id":"https:\/\/tienda.rigelec.com.ar\/?product=conmutador-bajo-carga-4x1250-nh40-1250-4sz-4x1250a-3na","url":"https:\/\/tienda.rigelec.com.ar\/?product=conmutador-bajo-carga-4x1250-nh40-1250-4sz-4x1250a-3na","name":"CONMUTADOR BAJO CARGA - 4X1250 NH40-1250\/4SZ 4X1250A - 3NA - Tienda Rigelec","isPartOf":{"@id":"https:\/\/tienda.rigelec.com.ar\/#website"},"primaryImageOfPage":{"@id":"https:\/\/tienda.rigelec.com.ar\/?product=conmutador-bajo-carga-4x1250-nh40-1250-4sz-4x1250a-3na#primaryimage"},"image":{"@id":"https:\/\/tienda.rigelec.com.ar\/?product=conmutador-bajo-carga-4x1250-nh40-1250-4sz-4x1250a-3na#primaryimage"},"thumbnailUrl":"https:\/\/tienda.rigelec.com.ar\/wp-content\/uploads\/2026\/05\/CONMUTADORBAJOCARGA-4X1250.jpg","datePublished":"2026-05-07T13:49:40+00:00","dateModified":"2026-05-12T16:52:14+00:00","breadcrumb":{"@id":"https:\/\/tienda.rigelec.com.ar\/?product=conmutador-bajo-carga-4x1250-nh40-1250-4sz-4x1250a-3na#breadcrumb"},"inLanguage":"es-AR","potentialAction":[{"@type":"ReadAction","target":["https:\/\/tienda.rigelec.com.ar\/?product=conmutador-bajo-carga-4x1250-nh40-1250-4sz-4x1250a-3na"]}]},{"@type":"ImageObject","inLanguage":"es-AR","@id":"https:\/\/tienda.rigelec.com.ar\/?product=conmutador-bajo-carga-4x1250-nh40-1250-4sz-4x1250a-3na#primaryimage","url":"https:\/\/tienda.rigelec.com.ar\/wp-content\/uploads\/2026\/05\/CONMUTADORBAJOCARGA-4X1250.jpg","contentUrl":"https:\/\/tienda.rigelec.com.ar\/wp-content\/uploads\/2026\/05\/CONMUTADORBAJOCARGA-4X1250.jpg","width":1080,"height":1080},{"@type":"BreadcrumbList","@id":"https:\/\/tienda.rigelec.com.ar\/?product=conmutador-bajo-carga-4x1250-nh40-1250-4sz-4x1250a-3na#breadcrumb","itemListElement":[{"@type":"ListItem","position":1,"name":"Inicio","item":"https:\/\/tienda.rigelec.com.ar\/"},{"@type":"ListItem","position":2,"name":"Shop","item":"https:\/\/tienda.rigelec.com.ar\/?page_id=12"},{"@type":"ListItem","position":3,"name":"CONMUTADOR BAJO CARGA &#8211; 4X1250 NH40-1250\/4SZ 4X1250A &#8211; 3NA"}]},{"@type":"WebSite","@id":"https:\/\/tienda.rigelec.com.ar\/#website","url":"https:\/\/tienda.rigelec.com.ar\/","name":"Tienda Rigelec","description":"Energia en movimiento","publisher":{"@id":"https:\/\/tienda.rigelec.com.ar\/#organization"},"potentialAction":[{"@type":"SearchAction","target":{"@type":"EntryPoint","urlTemplate":"https:\/\/tienda.rigelec.com.ar\/?s={search_term_string}"},"query-input":{"@type":"PropertyValueSpecification","valueRequired":true,"valueName":"search_term_string"}}],"inLanguage":"es-AR"},{"@type":"Organization","@id":"https:\/\/tienda.rigelec.com.ar\/#organization","name":"Tienda Rigelec","url":"https:\/\/tienda.rigelec.com.ar\/","logo":{"@type":"ImageObject","inLanguage":"es-AR","@id":"https:\/\/tienda.rigelec.com.ar\/#\/schema\/logo\/image\/","url":"https:\/\/tienda.rigelec.com.ar\/wp-content\/uploads\/2024\/09\/isologo-blanco-rigelec.png","contentUrl":"https:\/\/tienda.rigelec.com.ar\/wp-content\/uploads\/2024\/09\/isologo-blanco-rigelec.png","width":94,"height":97,"caption":"Tienda Rigelec"},"image":{"@id":"https:\/\/tienda.rigelec.com.ar\/#\/schema\/logo\/image\/"}}]}},"jetpack_sharing_enabled":true,"_links":{"self":[{"href":"https:\/\/tienda.rigelec.com.ar\/index.php?rest_route=\/wp\/v2\/product\/37521","targetHints":{"allow":["GET"]}}],"collection":[{"href":"https:\/\/tienda.rigelec.com.ar\/index.php?rest_route=\/wp\/v2\/product"}],"about":[{"href":"https:\/\/tienda.rigelec.com.ar\/index.php?rest_route=\/wp\/v2\/types\/product"}],"replies":[{"embeddable":true,"href":"https:\/\/tienda.rigelec.com.ar\/index.php?rest_route=%2Fwp%2Fv2%2Fcomments&post=37521"}],"wp:featuredmedia":[{"embeddable":true,"href":"https:\/\/tienda.rigelec.com.ar\/index.php?rest_route=\/wp\/v2\/media\/37522"}],"wp:attachment":[{"href":"https:\/\/tienda.rigelec.com.ar\/index.php?rest_route=%2Fwp%2Fv2%2Fmedia&parent=37521"}],"wp:term":[{"taxonomy":"product_brand","embeddable":true,"href":"https:\/\/tienda.rigelec.com.ar\/index.php?rest_route=%2Fwp%2Fv2%2Fproduct_brand&post=37521"},{"taxonomy":"product_cat","embeddable":true,"href":"https:\/\/tienda.rigelec.com.ar\/index.php?rest_route=%2Fwp%2Fv2%2Fproduct_cat&post=37521"},{"taxonomy":"product_tag","embeddable":true,"href":"https:\/\/tienda.rigelec.com.ar\/index.php?rest_route=%2Fwp%2Fv2%2Fproduct_tag&post=37521"}],"curies":[{"name":"wp","href":"https:\/\/api.w.org\/{rel}","templated":true}]}}