{"id":37536,"date":"2026-05-08T14:09:52","date_gmt":"2026-05-08T17:09:52","guid":{"rendered":"https:\/\/tienda.rigelec.com.ar\/?product=cupla-de-union-lisa-uso-exterior-3-4-50mm"},"modified":"2026-05-09T03:48:30","modified_gmt":"2026-05-09T06:48:30","slug":"cupla-de-union-lisa-uso-exterior-3-4-50mm","status":"publish","type":"product","link":"https:\/\/tienda.rigelec.com.ar\/?product=cupla-de-union-lisa-uso-exterior-3-4-50mm","title":{"rendered":"CUPLA DE UNION LISA USO EXTERIOR 3\/4&#8243; &#8211; 50MM"},"content":{"rendered":"<p>CUPLA DE UNION LISA<\/p>\n","protected":false},"excerpt":{"rendered":"<p>Aplicaciones:<br \/>\n* Dise\u00f1ados para realizar empalmes, acoples u obturaciones en instalaciones electricas industriales en \u00e1reas clasificadas.<br \/>\n* Son aptos para uso a la intemperie y en ambientes con presencia de polvo<\/p>\n<p>Caracteristicas<br \/>\n* Rosca NTP 27 o 3\/4&#8243;<br \/>\n* Longitud de 50mm<br \/>\n* Tubo sin costura de acero al carbono<br \/>\n* Terminacion de zincado electrol\u00edtico}<br \/>\n* Grado de proteccion IP 54<\/p>\n<p>Certificaciones:<br \/>\nGAS: Zona 1 y Zona 2 seg\u00fan IEC 60079-14 (Ed.5) Certificados como: Ex d IIC Gb seg\u00fan IEC 60079-0 (Ed.5) e IEC 60079-1 (Ed. 6).<\/p>\n","protected":false},"featured_media":37537,"comment_status":"open","ping_status":"closed","template":"","meta":{"_monsterinsights_skip_tracking":false,"_monsterinsights_sitenote_active":false,"_monsterinsights_sitenote_note":"","_monsterinsights_sitenote_category":0},"product_brand":[],"product_cat":[388],"product_tag":[535],"class_list":{"0":"post-37536","1":"product","2":"type-product","3":"status-publish","4":"has-post-thumbnail","6":"product_cat-vi-accesorios","7":"product_tag-delga","9":"first","10":"outofstock","11":"shipping-taxable","12":"purchasable","13":"product-type-simple"},"yoast_head":"<!-- This site is optimized with the Yoast SEO plugin v25.3.1 - https:\/\/yoast.com\/wordpress\/plugins\/seo\/ -->\n<title>CUPLA DE UNION LISA USO EXTERIOR 3\/4&quot; - 50MM - Tienda Rigelec<\/title>\n<meta name=\"robots\" content=\"index, follow, max-snippet:-1, max-image-preview:large, max-video-preview:-1\" \/>\n<link rel=\"canonical\" href=\"https:\/\/tienda.rigelec.com.ar\/?product=cupla-de-union-lisa-uso-exterior-3-4-50mm\" \/>\n<meta property=\"og:locale\" content=\"es_ES\" \/>\n<meta property=\"og:type\" content=\"article\" \/>\n<meta property=\"og:title\" content=\"CUPLA DE UNION LISA USO EXTERIOR 3\/4&quot; - 50MM - Tienda Rigelec\" \/>\n<meta property=\"og:description\" content=\"Aplicaciones: * Dise\u00f1ados para realizar empalmes, acoples u obturaciones en instalaciones electricas industriales en \u00e1reas clasificadas. * Son aptos para uso a la intemperie y en ambientes con presencia de polvo  Caracteristicas * Rosca NTP 27 o 3\/4&quot; * Longitud de 50mm * Tubo sin costura de acero al carbono * Terminacion de zincado electrol\u00edtico} * Grado de proteccion IP 54  Certificaciones: GAS: Zona 1 y Zona 2 seg\u00fan IEC 60079-14 (Ed.5) Certificados como: Ex d IIC Gb seg\u00fan IEC 60079-0 (Ed.5) e IEC 60079-1 (Ed. 6).\" \/>\n<meta property=\"og:url\" content=\"https:\/\/tienda.rigelec.com.ar\/?product=cupla-de-union-lisa-uso-exterior-3-4-50mm\" \/>\n<meta property=\"og:site_name\" content=\"Tienda Rigelec\" \/>\n<meta property=\"article:modified_time\" content=\"2026-05-09T06:48:30+00:00\" \/>\n<meta name=\"twitter:card\" content=\"summary_large_image\" \/>\n<script type=\"application\/ld+json\" class=\"yoast-schema-graph\">{\"@context\":\"https:\/\/schema.org\",\"@graph\":[{\"@type\":\"WebPage\",\"@id\":\"https:\/\/tienda.rigelec.com.ar\/?product=cupla-de-union-lisa-uso-exterior-3-4-50mm\",\"url\":\"https:\/\/tienda.rigelec.com.ar\/?product=cupla-de-union-lisa-uso-exterior-3-4-50mm\",\"name\":\"CUPLA DE UNION LISA USO EXTERIOR 3\/4\\\" - 50MM - Tienda Rigelec\",\"isPartOf\":{\"@id\":\"https:\/\/tienda.rigelec.com.ar\/#website\"},\"primaryImageOfPage\":{\"@id\":\"https:\/\/tienda.rigelec.com.ar\/?product=cupla-de-union-lisa-uso-exterior-3-4-50mm#primaryimage\"},\"image\":{\"@id\":\"https:\/\/tienda.rigelec.com.ar\/?product=cupla-de-union-lisa-uso-exterior-3-4-50mm#primaryimage\"},\"thumbnailUrl\":\"https:\/\/tienda.rigelec.com.ar\/wp-content\/uploads\/2026\/05\/CUPLADEUNIONLISA-1.jpg\",\"datePublished\":\"2026-05-08T17:09:52+00:00\",\"dateModified\":\"2026-05-09T06:48:30+00:00\",\"breadcrumb\":{\"@id\":\"https:\/\/tienda.rigelec.com.ar\/?product=cupla-de-union-lisa-uso-exterior-3-4-50mm#breadcrumb\"},\"inLanguage\":\"es-AR\",\"potentialAction\":[{\"@type\":\"ReadAction\",\"target\":[\"https:\/\/tienda.rigelec.com.ar\/?product=cupla-de-union-lisa-uso-exterior-3-4-50mm\"]}]},{\"@type\":\"ImageObject\",\"inLanguage\":\"es-AR\",\"@id\":\"https:\/\/tienda.rigelec.com.ar\/?product=cupla-de-union-lisa-uso-exterior-3-4-50mm#primaryimage\",\"url\":\"https:\/\/tienda.rigelec.com.ar\/wp-content\/uploads\/2026\/05\/CUPLADEUNIONLISA-1.jpg\",\"contentUrl\":\"https:\/\/tienda.rigelec.com.ar\/wp-content\/uploads\/2026\/05\/CUPLADEUNIONLISA-1.jpg\",\"width\":1512,\"height\":1512},{\"@type\":\"BreadcrumbList\",\"@id\":\"https:\/\/tienda.rigelec.com.ar\/?product=cupla-de-union-lisa-uso-exterior-3-4-50mm#breadcrumb\",\"itemListElement\":[{\"@type\":\"ListItem\",\"position\":1,\"name\":\"Inicio\",\"item\":\"https:\/\/tienda.rigelec.com.ar\/\"},{\"@type\":\"ListItem\",\"position\":2,\"name\":\"Shop\",\"item\":\"https:\/\/tienda.rigelec.com.ar\/?page_id=12\"},{\"@type\":\"ListItem\",\"position\":3,\"name\":\"CUPLA DE UNION LISA USO EXTERIOR 3\/4&#8243; &#8211; 50MM\"}]},{\"@type\":\"WebSite\",\"@id\":\"https:\/\/tienda.rigelec.com.ar\/#website\",\"url\":\"https:\/\/tienda.rigelec.com.ar\/\",\"name\":\"Tienda Rigelec\",\"description\":\"Energia en movimiento\",\"publisher\":{\"@id\":\"https:\/\/tienda.rigelec.com.ar\/#organization\"},\"potentialAction\":[{\"@type\":\"SearchAction\",\"target\":{\"@type\":\"EntryPoint\",\"urlTemplate\":\"https:\/\/tienda.rigelec.com.ar\/?s={search_term_string}\"},\"query-input\":{\"@type\":\"PropertyValueSpecification\",\"valueRequired\":true,\"valueName\":\"search_term_string\"}}],\"inLanguage\":\"es-AR\"},{\"@type\":\"Organization\",\"@id\":\"https:\/\/tienda.rigelec.com.ar\/#organization\",\"name\":\"Tienda Rigelec\",\"url\":\"https:\/\/tienda.rigelec.com.ar\/\",\"logo\":{\"@type\":\"ImageObject\",\"inLanguage\":\"es-AR\",\"@id\":\"https:\/\/tienda.rigelec.com.ar\/#\/schema\/logo\/image\/\",\"url\":\"https:\/\/tienda.rigelec.com.ar\/wp-content\/uploads\/2024\/09\/isologo-blanco-rigelec.png\",\"contentUrl\":\"https:\/\/tienda.rigelec.com.ar\/wp-content\/uploads\/2024\/09\/isologo-blanco-rigelec.png\",\"width\":94,\"height\":97,\"caption\":\"Tienda Rigelec\"},\"image\":{\"@id\":\"https:\/\/tienda.rigelec.com.ar\/#\/schema\/logo\/image\/\"}}]}<\/script>\n<!-- \/ Yoast SEO plugin. -->","yoast_head_json":{"title":"CUPLA DE UNION LISA USO EXTERIOR 3\/4\" - 50MM - Tienda Rigelec","robots":{"index":"index","follow":"follow","max-snippet":"max-snippet:-1","max-image-preview":"max-image-preview:large","max-video-preview":"max-video-preview:-1"},"canonical":"https:\/\/tienda.rigelec.com.ar\/?product=cupla-de-union-lisa-uso-exterior-3-4-50mm","og_locale":"es_ES","og_type":"article","og_title":"CUPLA DE UNION LISA USO EXTERIOR 3\/4\" - 50MM - Tienda Rigelec","og_description":"Aplicaciones: * Dise\u00f1ados para realizar empalmes, acoples u obturaciones en instalaciones electricas industriales en \u00e1reas clasificadas. * Son aptos para uso a la intemperie y en ambientes con presencia de polvo  Caracteristicas * Rosca NTP 27 o 3\/4\" * Longitud de 50mm * Tubo sin costura de acero al carbono * Terminacion de zincado electrol\u00edtico} * Grado de proteccion IP 54  Certificaciones: GAS: Zona 1 y Zona 2 seg\u00fan IEC 60079-14 (Ed.5) Certificados como: Ex d IIC Gb seg\u00fan IEC 60079-0 (Ed.5) e IEC 60079-1 (Ed. 6).","og_url":"https:\/\/tienda.rigelec.com.ar\/?product=cupla-de-union-lisa-uso-exterior-3-4-50mm","og_site_name":"Tienda Rigelec","article_modified_time":"2026-05-09T06:48:30+00:00","twitter_card":"summary_large_image","schema":{"@context":"https:\/\/schema.org","@graph":[{"@type":"WebPage","@id":"https:\/\/tienda.rigelec.com.ar\/?product=cupla-de-union-lisa-uso-exterior-3-4-50mm","url":"https:\/\/tienda.rigelec.com.ar\/?product=cupla-de-union-lisa-uso-exterior-3-4-50mm","name":"CUPLA DE UNION LISA USO EXTERIOR 3\/4\" - 50MM - Tienda Rigelec","isPartOf":{"@id":"https:\/\/tienda.rigelec.com.ar\/#website"},"primaryImageOfPage":{"@id":"https:\/\/tienda.rigelec.com.ar\/?product=cupla-de-union-lisa-uso-exterior-3-4-50mm#primaryimage"},"image":{"@id":"https:\/\/tienda.rigelec.com.ar\/?product=cupla-de-union-lisa-uso-exterior-3-4-50mm#primaryimage"},"thumbnailUrl":"https:\/\/tienda.rigelec.com.ar\/wp-content\/uploads\/2026\/05\/CUPLADEUNIONLISA-1.jpg","datePublished":"2026-05-08T17:09:52+00:00","dateModified":"2026-05-09T06:48:30+00:00","breadcrumb":{"@id":"https:\/\/tienda.rigelec.com.ar\/?product=cupla-de-union-lisa-uso-exterior-3-4-50mm#breadcrumb"},"inLanguage":"es-AR","potentialAction":[{"@type":"ReadAction","target":["https:\/\/tienda.rigelec.com.ar\/?product=cupla-de-union-lisa-uso-exterior-3-4-50mm"]}]},{"@type":"ImageObject","inLanguage":"es-AR","@id":"https:\/\/tienda.rigelec.com.ar\/?product=cupla-de-union-lisa-uso-exterior-3-4-50mm#primaryimage","url":"https:\/\/tienda.rigelec.com.ar\/wp-content\/uploads\/2026\/05\/CUPLADEUNIONLISA-1.jpg","contentUrl":"https:\/\/tienda.rigelec.com.ar\/wp-content\/uploads\/2026\/05\/CUPLADEUNIONLISA-1.jpg","width":1512,"height":1512},{"@type":"BreadcrumbList","@id":"https:\/\/tienda.rigelec.com.ar\/?product=cupla-de-union-lisa-uso-exterior-3-4-50mm#breadcrumb","itemListElement":[{"@type":"ListItem","position":1,"name":"Inicio","item":"https:\/\/tienda.rigelec.com.ar\/"},{"@type":"ListItem","position":2,"name":"Shop","item":"https:\/\/tienda.rigelec.com.ar\/?page_id=12"},{"@type":"ListItem","position":3,"name":"CUPLA DE UNION LISA USO EXTERIOR 3\/4&#8243; &#8211; 50MM"}]},{"@type":"WebSite","@id":"https:\/\/tienda.rigelec.com.ar\/#website","url":"https:\/\/tienda.rigelec.com.ar\/","name":"Tienda Rigelec","description":"Energia en movimiento","publisher":{"@id":"https:\/\/tienda.rigelec.com.ar\/#organization"},"potentialAction":[{"@type":"SearchAction","target":{"@type":"EntryPoint","urlTemplate":"https:\/\/tienda.rigelec.com.ar\/?s={search_term_string}"},"query-input":{"@type":"PropertyValueSpecification","valueRequired":true,"valueName":"search_term_string"}}],"inLanguage":"es-AR"},{"@type":"Organization","@id":"https:\/\/tienda.rigelec.com.ar\/#organization","name":"Tienda Rigelec","url":"https:\/\/tienda.rigelec.com.ar\/","logo":{"@type":"ImageObject","inLanguage":"es-AR","@id":"https:\/\/tienda.rigelec.com.ar\/#\/schema\/logo\/image\/","url":"https:\/\/tienda.rigelec.com.ar\/wp-content\/uploads\/2024\/09\/isologo-blanco-rigelec.png","contentUrl":"https:\/\/tienda.rigelec.com.ar\/wp-content\/uploads\/2024\/09\/isologo-blanco-rigelec.png","width":94,"height":97,"caption":"Tienda Rigelec"},"image":{"@id":"https:\/\/tienda.rigelec.com.ar\/#\/schema\/logo\/image\/"}}]}},"jetpack_sharing_enabled":true,"_links":{"self":[{"href":"https:\/\/tienda.rigelec.com.ar\/index.php?rest_route=\/wp\/v2\/product\/37536","targetHints":{"allow":["GET"]}}],"collection":[{"href":"https:\/\/tienda.rigelec.com.ar\/index.php?rest_route=\/wp\/v2\/product"}],"about":[{"href":"https:\/\/tienda.rigelec.com.ar\/index.php?rest_route=\/wp\/v2\/types\/product"}],"replies":[{"embeddable":true,"href":"https:\/\/tienda.rigelec.com.ar\/index.php?rest_route=%2Fwp%2Fv2%2Fcomments&post=37536"}],"wp:featuredmedia":[{"embeddable":true,"href":"https:\/\/tienda.rigelec.com.ar\/index.php?rest_route=\/wp\/v2\/media\/37537"}],"wp:attachment":[{"href":"https:\/\/tienda.rigelec.com.ar\/index.php?rest_route=%2Fwp%2Fv2%2Fmedia&parent=37536"}],"wp:term":[{"taxonomy":"product_brand","embeddable":true,"href":"https:\/\/tienda.rigelec.com.ar\/index.php?rest_route=%2Fwp%2Fv2%2Fproduct_brand&post=37536"},{"taxonomy":"product_cat","embeddable":true,"href":"https:\/\/tienda.rigelec.com.ar\/index.php?rest_route=%2Fwp%2Fv2%2Fproduct_cat&post=37536"},{"taxonomy":"product_tag","embeddable":true,"href":"https:\/\/tienda.rigelec.com.ar\/index.php?rest_route=%2Fwp%2Fv2%2Fproduct_tag&post=37536"}],"curies":[{"name":"wp","href":"https:\/\/api.w.org\/{rel}","templated":true}]}}