{"id":37540,"date":"2026-05-08T14:09:55","date_gmt":"2026-05-08T17:09:55","guid":{"rendered":"https:\/\/tienda.rigelec.com.ar\/?product=cano-rigido-galvanizado-xgc27-3-4-o26-7x3000mm"},"modified":"2026-05-09T03:48:31","modified_gmt":"2026-05-09T06:48:31","slug":"cano-rigido-galvanizado-xgc27-3-4-o26-7x3000mm","status":"publish","type":"product","link":"https:\/\/tienda.rigelec.com.ar\/?product=cano-rigido-galvanizado-xgc27-3-4-o26-7x3000mm","title":{"rendered":"CA\u00d1O RIGIDO GALVANIZADO XGC27 3\/4&#8243; &#8211; \u00d826.7X3000MM"},"content":{"rendered":"<p>CA\u00d1O RIGIDO GALVANIZADO<\/p>\n","protected":false},"excerpt":{"rendered":"<p>Dise\u00f1ado para el pasaje de conductores el\u00e9ctricos en instalaciones industriales, apto para \u00e1reas clasificadas, para utilizar a la intemperie, en ambientes con presencia de polvos o gases combustibles.<\/p>\n<p>Caracteristicas principales:<br \/>\n* Ca\u00f1os conduit UL6 \/ ANSI C80.1.<br \/>\n* Dimensiones seg\u00fan ASTM A53 grado A SCH40.<br \/>\n* Ca\u00f1o de acero con costura borrada, galvanizado por inmersi\u00f3n en caliente (cuenta con 35\/40 micrones, equivale a 250 g\/m\u00b2=<br \/>\n* Extremos con rosca macho. Rosca est\u00e1ndar 3\/4&#8243; NPT.<br \/>\n* Se proveen con protector pl\u00e1stico en un extremo y cupla en el otro.<br \/>\n* Longitud de 3m<br \/>\n* Peso: 1.825kg\/m<\/p>\n","protected":false},"featured_media":37541,"comment_status":"open","ping_status":"closed","template":"","meta":{"_monsterinsights_skip_tracking":false,"_monsterinsights_sitenote_active":false,"_monsterinsights_sitenote_note":"","_monsterinsights_sitenote_category":0},"product_brand":[],"product_cat":[344],"product_tag":[535],"class_list":{"0":"post-37540","1":"product","2":"type-product","3":"status-publish","4":"has-post-thumbnail","6":"product_cat-2-canos-rigidos","7":"product_tag-delga","9":"first","10":"outofstock","11":"shipping-taxable","12":"purchasable","13":"product-type-simple"},"yoast_head":"<!-- This site is optimized with the Yoast SEO plugin v25.3.1 - https:\/\/yoast.com\/wordpress\/plugins\/seo\/ -->\n<title>CA\u00d1O RIGIDO GALVANIZADO XGC27 3\/4&quot; - \u00d826.7X3000MM - Tienda Rigelec<\/title>\n<meta name=\"robots\" content=\"index, follow, max-snippet:-1, max-image-preview:large, max-video-preview:-1\" \/>\n<link rel=\"canonical\" href=\"https:\/\/tienda.rigelec.com.ar\/?product=cano-rigido-galvanizado-xgc27-3-4-o26-7x3000mm\" \/>\n<meta property=\"og:locale\" content=\"es_ES\" \/>\n<meta property=\"og:type\" content=\"article\" \/>\n<meta property=\"og:title\" content=\"CA\u00d1O RIGIDO GALVANIZADO XGC27 3\/4&quot; - \u00d826.7X3000MM - Tienda Rigelec\" \/>\n<meta property=\"og:description\" content=\"Dise\u00f1ado para el pasaje de conductores el\u00e9ctricos en instalaciones industriales, apto para \u00e1reas clasificadas, para utilizar a la intemperie, en ambientes con presencia de polvos o gases combustibles.  Caracteristicas principales: * Ca\u00f1os conduit UL6 \/ ANSI C80.1. * Dimensiones seg\u00fan ASTM A53 grado A SCH40. * Ca\u00f1o de acero con costura borrada, galvanizado por inmersi\u00f3n en caliente (cuenta con 35\/40 micrones, equivale a 250 g\/m\u00b2= * Extremos con rosca macho. Rosca est\u00e1ndar 3\/4&quot; NPT. * Se proveen con protector pl\u00e1stico en un extremo y cupla en el otro. * Longitud de 3m * Peso: 1.825kg\/m\" \/>\n<meta property=\"og:url\" content=\"https:\/\/tienda.rigelec.com.ar\/?product=cano-rigido-galvanizado-xgc27-3-4-o26-7x3000mm\" \/>\n<meta property=\"og:site_name\" content=\"Tienda Rigelec\" \/>\n<meta property=\"article:modified_time\" content=\"2026-05-09T06:48:31+00:00\" \/>\n<meta name=\"twitter:card\" content=\"summary_large_image\" \/>\n<script type=\"application\/ld+json\" class=\"yoast-schema-graph\">{\"@context\":\"https:\/\/schema.org\",\"@graph\":[{\"@type\":\"WebPage\",\"@id\":\"https:\/\/tienda.rigelec.com.ar\/?product=cano-rigido-galvanizado-xgc27-3-4-o26-7x3000mm\",\"url\":\"https:\/\/tienda.rigelec.com.ar\/?product=cano-rigido-galvanizado-xgc27-3-4-o26-7x3000mm\",\"name\":\"CA\u00d1O RIGIDO GALVANIZADO XGC27 3\/4\\\" - \u00d826.7X3000MM - Tienda Rigelec\",\"isPartOf\":{\"@id\":\"https:\/\/tienda.rigelec.com.ar\/#website\"},\"primaryImageOfPage\":{\"@id\":\"https:\/\/tienda.rigelec.com.ar\/?product=cano-rigido-galvanizado-xgc27-3-4-o26-7x3000mm#primaryimage\"},\"image\":{\"@id\":\"https:\/\/tienda.rigelec.com.ar\/?product=cano-rigido-galvanizado-xgc27-3-4-o26-7x3000mm#primaryimage\"},\"thumbnailUrl\":\"https:\/\/tienda.rigelec.com.ar\/wp-content\/uploads\/2026\/05\/CANORIGIDOGALVANIZADO-1.jpg\",\"datePublished\":\"2026-05-08T17:09:55+00:00\",\"dateModified\":\"2026-05-09T06:48:31+00:00\",\"breadcrumb\":{\"@id\":\"https:\/\/tienda.rigelec.com.ar\/?product=cano-rigido-galvanizado-xgc27-3-4-o26-7x3000mm#breadcrumb\"},\"inLanguage\":\"es-AR\",\"potentialAction\":[{\"@type\":\"ReadAction\",\"target\":[\"https:\/\/tienda.rigelec.com.ar\/?product=cano-rigido-galvanizado-xgc27-3-4-o26-7x3000mm\"]}]},{\"@type\":\"ImageObject\",\"inLanguage\":\"es-AR\",\"@id\":\"https:\/\/tienda.rigelec.com.ar\/?product=cano-rigido-galvanizado-xgc27-3-4-o26-7x3000mm#primaryimage\",\"url\":\"https:\/\/tienda.rigelec.com.ar\/wp-content\/uploads\/2026\/05\/CANORIGIDOGALVANIZADO-1.jpg\",\"contentUrl\":\"https:\/\/tienda.rigelec.com.ar\/wp-content\/uploads\/2026\/05\/CANORIGIDOGALVANIZADO-1.jpg\",\"width\":1512,\"height\":1512},{\"@type\":\"BreadcrumbList\",\"@id\":\"https:\/\/tienda.rigelec.com.ar\/?product=cano-rigido-galvanizado-xgc27-3-4-o26-7x3000mm#breadcrumb\",\"itemListElement\":[{\"@type\":\"ListItem\",\"position\":1,\"name\":\"Inicio\",\"item\":\"https:\/\/tienda.rigelec.com.ar\/\"},{\"@type\":\"ListItem\",\"position\":2,\"name\":\"Shop\",\"item\":\"https:\/\/tienda.rigelec.com.ar\/?page_id=12\"},{\"@type\":\"ListItem\",\"position\":3,\"name\":\"CA\u00d1O RIGIDO GALVANIZADO XGC27 3\/4&#8243; &#8211; \u00d826.7X3000MM\"}]},{\"@type\":\"WebSite\",\"@id\":\"https:\/\/tienda.rigelec.com.ar\/#website\",\"url\":\"https:\/\/tienda.rigelec.com.ar\/\",\"name\":\"Tienda Rigelec\",\"description\":\"Energia en movimiento\",\"publisher\":{\"@id\":\"https:\/\/tienda.rigelec.com.ar\/#organization\"},\"potentialAction\":[{\"@type\":\"SearchAction\",\"target\":{\"@type\":\"EntryPoint\",\"urlTemplate\":\"https:\/\/tienda.rigelec.com.ar\/?s={search_term_string}\"},\"query-input\":{\"@type\":\"PropertyValueSpecification\",\"valueRequired\":true,\"valueName\":\"search_term_string\"}}],\"inLanguage\":\"es-AR\"},{\"@type\":\"Organization\",\"@id\":\"https:\/\/tienda.rigelec.com.ar\/#organization\",\"name\":\"Tienda Rigelec\",\"url\":\"https:\/\/tienda.rigelec.com.ar\/\",\"logo\":{\"@type\":\"ImageObject\",\"inLanguage\":\"es-AR\",\"@id\":\"https:\/\/tienda.rigelec.com.ar\/#\/schema\/logo\/image\/\",\"url\":\"https:\/\/tienda.rigelec.com.ar\/wp-content\/uploads\/2024\/09\/isologo-blanco-rigelec.png\",\"contentUrl\":\"https:\/\/tienda.rigelec.com.ar\/wp-content\/uploads\/2024\/09\/isologo-blanco-rigelec.png\",\"width\":94,\"height\":97,\"caption\":\"Tienda Rigelec\"},\"image\":{\"@id\":\"https:\/\/tienda.rigelec.com.ar\/#\/schema\/logo\/image\/\"}}]}<\/script>\n<!-- \/ Yoast SEO plugin. -->","yoast_head_json":{"title":"CA\u00d1O RIGIDO GALVANIZADO XGC27 3\/4\" - \u00d826.7X3000MM - Tienda Rigelec","robots":{"index":"index","follow":"follow","max-snippet":"max-snippet:-1","max-image-preview":"max-image-preview:large","max-video-preview":"max-video-preview:-1"},"canonical":"https:\/\/tienda.rigelec.com.ar\/?product=cano-rigido-galvanizado-xgc27-3-4-o26-7x3000mm","og_locale":"es_ES","og_type":"article","og_title":"CA\u00d1O RIGIDO GALVANIZADO XGC27 3\/4\" - \u00d826.7X3000MM - Tienda Rigelec","og_description":"Dise\u00f1ado para el pasaje de conductores el\u00e9ctricos en instalaciones industriales, apto para \u00e1reas clasificadas, para utilizar a la intemperie, en ambientes con presencia de polvos o gases combustibles.  Caracteristicas principales: * Ca\u00f1os conduit UL6 \/ ANSI C80.1. * Dimensiones seg\u00fan ASTM A53 grado A SCH40. * Ca\u00f1o de acero con costura borrada, galvanizado por inmersi\u00f3n en caliente (cuenta con 35\/40 micrones, equivale a 250 g\/m\u00b2= * Extremos con rosca macho. Rosca est\u00e1ndar 3\/4\" NPT. * Se proveen con protector pl\u00e1stico en un extremo y cupla en el otro. * Longitud de 3m * Peso: 1.825kg\/m","og_url":"https:\/\/tienda.rigelec.com.ar\/?product=cano-rigido-galvanizado-xgc27-3-4-o26-7x3000mm","og_site_name":"Tienda Rigelec","article_modified_time":"2026-05-09T06:48:31+00:00","twitter_card":"summary_large_image","schema":{"@context":"https:\/\/schema.org","@graph":[{"@type":"WebPage","@id":"https:\/\/tienda.rigelec.com.ar\/?product=cano-rigido-galvanizado-xgc27-3-4-o26-7x3000mm","url":"https:\/\/tienda.rigelec.com.ar\/?product=cano-rigido-galvanizado-xgc27-3-4-o26-7x3000mm","name":"CA\u00d1O RIGIDO GALVANIZADO XGC27 3\/4\" - \u00d826.7X3000MM - Tienda Rigelec","isPartOf":{"@id":"https:\/\/tienda.rigelec.com.ar\/#website"},"primaryImageOfPage":{"@id":"https:\/\/tienda.rigelec.com.ar\/?product=cano-rigido-galvanizado-xgc27-3-4-o26-7x3000mm#primaryimage"},"image":{"@id":"https:\/\/tienda.rigelec.com.ar\/?product=cano-rigido-galvanizado-xgc27-3-4-o26-7x3000mm#primaryimage"},"thumbnailUrl":"https:\/\/tienda.rigelec.com.ar\/wp-content\/uploads\/2026\/05\/CANORIGIDOGALVANIZADO-1.jpg","datePublished":"2026-05-08T17:09:55+00:00","dateModified":"2026-05-09T06:48:31+00:00","breadcrumb":{"@id":"https:\/\/tienda.rigelec.com.ar\/?product=cano-rigido-galvanizado-xgc27-3-4-o26-7x3000mm#breadcrumb"},"inLanguage":"es-AR","potentialAction":[{"@type":"ReadAction","target":["https:\/\/tienda.rigelec.com.ar\/?product=cano-rigido-galvanizado-xgc27-3-4-o26-7x3000mm"]}]},{"@type":"ImageObject","inLanguage":"es-AR","@id":"https:\/\/tienda.rigelec.com.ar\/?product=cano-rigido-galvanizado-xgc27-3-4-o26-7x3000mm#primaryimage","url":"https:\/\/tienda.rigelec.com.ar\/wp-content\/uploads\/2026\/05\/CANORIGIDOGALVANIZADO-1.jpg","contentUrl":"https:\/\/tienda.rigelec.com.ar\/wp-content\/uploads\/2026\/05\/CANORIGIDOGALVANIZADO-1.jpg","width":1512,"height":1512},{"@type":"BreadcrumbList","@id":"https:\/\/tienda.rigelec.com.ar\/?product=cano-rigido-galvanizado-xgc27-3-4-o26-7x3000mm#breadcrumb","itemListElement":[{"@type":"ListItem","position":1,"name":"Inicio","item":"https:\/\/tienda.rigelec.com.ar\/"},{"@type":"ListItem","position":2,"name":"Shop","item":"https:\/\/tienda.rigelec.com.ar\/?page_id=12"},{"@type":"ListItem","position":3,"name":"CA\u00d1O RIGIDO GALVANIZADO XGC27 3\/4&#8243; &#8211; \u00d826.7X3000MM"}]},{"@type":"WebSite","@id":"https:\/\/tienda.rigelec.com.ar\/#website","url":"https:\/\/tienda.rigelec.com.ar\/","name":"Tienda Rigelec","description":"Energia en movimiento","publisher":{"@id":"https:\/\/tienda.rigelec.com.ar\/#organization"},"potentialAction":[{"@type":"SearchAction","target":{"@type":"EntryPoint","urlTemplate":"https:\/\/tienda.rigelec.com.ar\/?s={search_term_string}"},"query-input":{"@type":"PropertyValueSpecification","valueRequired":true,"valueName":"search_term_string"}}],"inLanguage":"es-AR"},{"@type":"Organization","@id":"https:\/\/tienda.rigelec.com.ar\/#organization","name":"Tienda Rigelec","url":"https:\/\/tienda.rigelec.com.ar\/","logo":{"@type":"ImageObject","inLanguage":"es-AR","@id":"https:\/\/tienda.rigelec.com.ar\/#\/schema\/logo\/image\/","url":"https:\/\/tienda.rigelec.com.ar\/wp-content\/uploads\/2024\/09\/isologo-blanco-rigelec.png","contentUrl":"https:\/\/tienda.rigelec.com.ar\/wp-content\/uploads\/2024\/09\/isologo-blanco-rigelec.png","width":94,"height":97,"caption":"Tienda Rigelec"},"image":{"@id":"https:\/\/tienda.rigelec.com.ar\/#\/schema\/logo\/image\/"}}]}},"jetpack_sharing_enabled":true,"_links":{"self":[{"href":"https:\/\/tienda.rigelec.com.ar\/index.php?rest_route=\/wp\/v2\/product\/37540","targetHints":{"allow":["GET"]}}],"collection":[{"href":"https:\/\/tienda.rigelec.com.ar\/index.php?rest_route=\/wp\/v2\/product"}],"about":[{"href":"https:\/\/tienda.rigelec.com.ar\/index.php?rest_route=\/wp\/v2\/types\/product"}],"replies":[{"embeddable":true,"href":"https:\/\/tienda.rigelec.com.ar\/index.php?rest_route=%2Fwp%2Fv2%2Fcomments&post=37540"}],"wp:featuredmedia":[{"embeddable":true,"href":"https:\/\/tienda.rigelec.com.ar\/index.php?rest_route=\/wp\/v2\/media\/37541"}],"wp:attachment":[{"href":"https:\/\/tienda.rigelec.com.ar\/index.php?rest_route=%2Fwp%2Fv2%2Fmedia&parent=37540"}],"wp:term":[{"taxonomy":"product_brand","embeddable":true,"href":"https:\/\/tienda.rigelec.com.ar\/index.php?rest_route=%2Fwp%2Fv2%2Fproduct_brand&post=37540"},{"taxonomy":"product_cat","embeddable":true,"href":"https:\/\/tienda.rigelec.com.ar\/index.php?rest_route=%2Fwp%2Fv2%2Fproduct_cat&post=37540"},{"taxonomy":"product_tag","embeddable":true,"href":"https:\/\/tienda.rigelec.com.ar\/index.php?rest_route=%2Fwp%2Fv2%2Fproduct_tag&post=37540"}],"curies":[{"name":"wp","href":"https:\/\/api.w.org\/{rel}","templated":true}]}}